{"id":5234,"date":"2022-01-19T10:41:12","date_gmt":"2022-01-19T09:41:12","guid":{"rendered":"https:\/\/www.campingbonport.com\/geen-onderdeel-van-een-categorie\/camping-saintes-maries-de-la-mer\/"},"modified":"2025-10-02T09:23:08","modified_gmt":"2025-10-02T07:23:08","slug":"kamperen-saintes-maries-de-la-mer","status":"publish","type":"page","link":"https:\/\/www.campingbonport.com\/nl\/kamperen-bouches-du-rhone\/kamperen-saintes-maries-de-la-mer\/","title":{"rendered":"Saintes Maries de la Mer"},"content":{"rendered":"<section id=\"section-61b20eccc6d4c\" class=\"section bg-white p-b-0\" ><div class=\"container extralarge\"><h1 class=\"element section-title center\">Saintes Maries de la Mer<\/h1><div class=\"element bloc-text center \">\n\t<p>Op zoek naar een <strong class=\"color1\">camping dichtbij Saintes Maries de la Mer<\/strong> ? Een kampeervakantie in de Bouches du Rh\u00f4ne of in de omgeving van de Languedoc Roussillon? Wilt u de geschiedenis en de tradities van de Grande Camargue ontdekken tijdens een rustpauze achter de stadswallen van Avignon? Dan is <a href=\"\/nl\/\">camping Bon Port in de Camargue<\/a> d\u00e9 plek om te zijn. Onze familiecamping in de H\u00e9rault, gelegen op de grens van de departementen Gard en Bouches du Rh\u00f4ne, in de buurt van de Vaucluse, is een ideale uitvalsbasis voor een bezoek aan de Camargue. Er is een mooi zwemparadijs met waterglijbanen voor u om van te genieten.<\/p>\n<\/div><\/div><\/section>\n\n<section id=\"section-61b20eccc6e82\" class=\"section home-fifth bg-white p-t-0\" ><div class=\"container extralarge\"><div class=\"colonnes-wrap valign-middle first-row\"><div class=\"element colonne \"><div class=\"element images\"><div class=\"image\"><img decoding=\"async\" src=\"https:\/\/www.campingbonport.com\/wp-content\/uploads\/2022\/03\/mobil-home-saintes-marie-de-la-mer.jpg\" alt=\"https:\/\/www.campingbonport.com\/wp-content\/uploads\/2022\/03\/mobil-home-saintes-marie-de-la-mer-100x94.jpg\" class=\"mobil-home saintes-marie-de-la-mer\" images_image\/><\/div><\/div><\/div><div class=\"element colonne p-5\"><h2 class=\"element section-title justify\">Stacaravans huren dichtbij Saintes Maries de la Mer<\/h2><div class=\"element bloc-text justify \">\n\t<p>U wilt een rustige vakantie, dan is het huren van een <strong class=\"color1\">stacaravan op camping Bon Port****<\/strong>, dichtbij Saintes Maries de la Mer d\u00e9 oplossing! Schaduwrijke plaatsen, een fijne familiecamping, dichtbij de stranden en de belangrijkste attracties van het Middellandse-Zeegebied camping Bon Port**** biedt u dit alles, want dankzij de centrale ligging bent u slechts 40 km verwijderd van Saintes Maries de la Mer. U vindt de juiste stacaravan voor uw familie of vriendengroep. Op camping Bon Port kunt u ook een kampeerplaats reserveren waar u in alle rust uw tent of caravan neer kunt zetten. Vindt meer informatie over de bijzonderheden en huurtarieven van onze tien moderne stacaravanmodellen in de aangewezen rubriek. Boek snel op onze <strong class=\"color1\">camping in de buurt van Saintes Maries de la Mer<\/strong>, goed uitgerust en comfortabel, om uw volgende vakantie voor te bereiden in het zuiden van Frankrijk!<\/p>\n<\/div><\/div><\/div><div class=\"element bloc-text\">\n\t<script>\r\n    window.ctoutvert = {\r\n\t\tid: 2791, \r\n\t\tlang: 'nl', \r\n\t\turl: 'https:\/\/bookingpremium.secureholiday.net\/widgets\/'\r\n    };\r\n    (function (w, d, s, ctv, r, js, fjs) {\r\n        r=new XMLHttpRequest();r.open('GET',w[ctv].url+'js\/src.json');\r\n        r.responseType='json';r.json=true;r.send();\r\n        r.onload=function(){w[ctv].src=r.responseType=='json'?r.response:JSON.parse(r.response);\r\n        js.src=w[ctv].src[0];fjs.parentNode.insertBefore(js, fjs);}\r\n        js=d.createElement(s),fjs=d.getElementsByTagName(s)[0];\r\n        js.id='ctvwidget';js.async=1;\r\n    }(window, document, 'script', 'ctoutvert'));\r\n<\/script>\r\n<ctv-product-list ><\/ctv-product-list><\/div><\/div><\/section>\n\n<section id=\"section-61b2128adf580\" class=\"section bg-white p-t-0 p-b-0\" ><div class=\"container full\"><div class=\"element images\"><div class=\"image\"><img decoding=\"async\" src=\"\" alt=\"\" class=\"louer un mobil-home Saintes Maries de la Mer\" images_image\/><\/div><div class=\"image\"><img decoding=\"async\" src=\"https:\/\/www.campingbonport.com\/wp-content\/uploads\/2022\/01\/camping-piscine-camargue.jpg\" alt=\"https:\/\/www.campingbonport.com\/wp-content\/uploads\/2022\/01\/camping-piscine-camargue-100x68.jpg\" class=\"camping \u00e0 Saintes Maries de la Mer\" images_image\/><\/div><div class=\"image\"><img decoding=\"async\" src=\"https:\/\/www.campingbonport.com\/wp-content\/uploads\/2022\/01\/camping-hebergement-lunel-3.jpg\" alt=\"https:\/\/www.campingbonport.com\/wp-content\/uploads\/2022\/01\/camping-hebergement-lunel-3-100x71.jpg\" class=\"location mobil-home Saintes Maries de la Mer\" images_image\/><\/div><\/div><\/div><\/section>\n\n<section id=\"section-61b20eccc70b6\" class=\"section neufFrame bg-color4 p-t-0 p-b-0\" ><div class=\"container full\"><div class=\"colonnes-wrap valign-middle \"><div class=\"element colonne p-x-10 p-y-6\"><h2 class=\"element section-title justify\">Bezienswaardigheden in Saintes Maries de la Mer<\/h2><div class=\"element bloc-text justify \">\n\t<p><strong class=\"color1\">Kamperen dichtbij Saintes Maries de la Mer <\/strong>is genieten van de rijke geschiedenis van de Camargue, die als een geurige bries door haar hoofdstad waait. Alles hier ademt zee, zelfs al ligt het hart van deze badplaats in het beroemde bedevaartsoord <strong data-start=\"732\" data-end=\"756\">Notre-Dame-de-la-Mer<\/strong>.<\/p>\n<p data-start=\"759\" data-end=\"1034\">Vanuit de smalle straatjes van het dorp leidt elke weg naar het strand, de duinen en de <strong data-start=\"847\" data-end=\"858\">manades<\/strong> \u2013 de traditionele kuddes stieren en paarden. Te voet of te paard ontdek je het indrukwekkende Regionale Natuurpark van de Camargue, een landschap van contrasten en schoonheid.<\/p>\n<p data-start=\"1036\" data-end=\"1329\">Van de uitgestrekte <strong data-start=\"1056\" data-end=\"1077\">\u00c9tang de Vaccar\u00e8s<\/strong>, genoemd naar de runderen die langs haar oevers grazen, tot aan de vuurtoren, het eindeloze strand en het dorp <strong data-start=\"1189\" data-end=\"1200\">Beauduc<\/strong> \u2013 via het bekende <strong data-start=\"1219\" data-end=\"1258\">ornithologisch park van Pont de Gau<\/strong> \u2013 nodigt elk pad je uit om de ziel van dit unieke gebied te verkennen<\/p>\n<p>&nbsp;<\/p>\n<p>&nbsp;<\/p>\n<\/div><\/div><div class=\"element colonne p-0\"><div class=\"element images\"><div class=\"image\"><img decoding=\"async\" src=\"https:\/\/www.campingbonport.com\/wp-content\/uploads\/2022\/03\/vacances-bouches-du-rhone.jpg\" alt=\"https:\/\/www.campingbonport.com\/wp-content\/uploads\/2022\/03\/vacances-bouches-du-rhone-100x68.jpg\" class=\"vacances saintes Marie de la mer\" images_image\/><\/div><\/div><\/div><\/div><div class=\"colonnes-wrap valign-middle \"><div class=\"element colonne p-0\"><div class=\"element bloc-text\">\n\t<iframe title=\"YouTube video player\" src=\"https:\/\/www.youtube.com\/embed\/7RO6HvM36y0\" width=\"100\" frameborder=\"0\" allowfullscreen=\"allowfullscreen\"><\/iframe><\/div><\/div><div class=\"element colonne p-x-10 p-y-6\"><div class=\"element bloc-text justify \">\n\t<p data-start=\"406\" data-end=\"630\">Overal zie je ze: de witgekalkte hutten van de <strong data-start=\"453\" data-end=\"465\">gardi\u00ebrs<\/strong>, stevig verankerd in de grond om bestand te zijn tegen de harde wind. Ze getuigen van de diepe, bijna vanzelfsprekende eenheid tussen mens en natuur in deze streek.<\/p>\n<p data-start=\"632\" data-end=\"907\">In de <strong data-start=\"638\" data-end=\"674\">bakermat van de Camargue-cultuur<\/strong> ontdekt u tradities die nergens anders bestaan. Zoals de <strong data-start=\"732\" data-end=\"754\">Course Camarguaise<\/strong>, een spectaculaire, maar diervriendelijke stierenwedstrijd waarbij <strong data-start=\"822\" data-end=\"835\">raseteurs<\/strong> proberen de rozetten van de stier te grijpen \u2013 zonder hem te verwonden.<\/p>\n<p data-start=\"909\" data-end=\"1073\">Mis ook het <strong data-start=\"921\" data-end=\"942\">Festo Vierginenco<\/strong> niet: een eeuwenoud feest waarbij jonge meisjes voor het eerst het elegante <strong data-start=\"1019\" data-end=\"1041\">Arl\u00e9sienne-kostuum<\/strong> dragen, vol symboliek en trots.<\/p>\n<p data-start=\"1075\" data-end=\"1216\">En na al die indrukken? Sluit uw dag af met een ontspannen middag op het uitgestrekte, zonovergoten <strong data-start=\"1175\" data-end=\"1189\">zandstrand<\/strong>. Pure rust, pure Camargue.<\/p>\n<p>&nbsp;<\/p>\n<p>&nbsp;<\/p>\n<p>&nbsp;<\/p>\n<\/div><\/div><\/div><\/div><\/section>\n\n<section id=\"section-61b20eccc71c8\" class=\"section p-b-25 bg-white p-t-0\" ><div class=\"container extralarge\"><h2 class=\"element section-title justify m-y-5\">Ontdek de steden rond Saintes Marie de la Mer<\/h2><ul class=\"liste-de-page\"><li class=\"element call-to-action carre call-to-action--style-1 call-to-action--big\"><a href=\"https:\/\/www.campingbonport.com\/nl\/kamperen-bouches-du-rhone\/\"  class=\"call-to-action_link\" title=\"Lees meer over les bouches du rh\u00f4ne\"><div class=\"call-to-action_image\"><img decoding=\"async\" src=\"https:\/\/www.campingbonport.com\/wp-content\/uploads\/2024\/01\/lavender-field-1595577_1280.jpg\" alt=\"https:\/\/www.campingbonport.com\/wp-content\/uploads\/2024\/01\/lavender-field-1595577_1280-100x67.jpg\" class=\"\" big\/><\/div><div class=\"call-to-action_contenu\"><div class=\"call-to-action_titre\">Les Bouches du Rh\u00f4ne<\/div><\/div><\/a><\/li><li class=\"element call-to-action carre call-to-action--style-1 call-to-action--big call-to-action--style-1 call-to-action--big\"><a href=\"https:\/\/www.campingbonport.com\/nl\/kamperen-bouches-du-rhone\/kamperen-arles\/\"  class=\"call-to-action_link\" title=\"Lees meer over arles\"><div class=\"call-to-action_image\"><img decoding=\"async\" src=\"https:\/\/www.campingbonport.com\/wp-content\/uploads\/2022\/01\/camping-arles.jpg\" alt=\"https:\/\/www.campingbonport.com\/wp-content\/uploads\/2022\/01\/camping-arles-100x37.jpg\" class=\"camping arles\" big\/><\/div><div class=\"call-to-action_contenu\"><div class=\"call-to-action_titre\">Arles<\/div><\/div><\/a><\/li><li class=\"element call-to-action carre call-to-action--style-1 call-to-action--big call-to-action--style-1 call-to-action--big call-to-action--style-1 call-to-action--big\"><a href=\"https:\/\/www.campingbonport.com\/nl\/kamperen-bouches-du-rhone\/kamperen-avignon\/\"  class=\"call-to-action_link\" title=\"Lees meer over avignon\"><div class=\"call-to-action_image\"><img decoding=\"async\" src=\"https:\/\/www.campingbonport.com\/wp-content\/uploads\/2022\/01\/camping-avignon.jpg\" alt=\"https:\/\/www.campingbonport.com\/wp-content\/uploads\/2022\/01\/camping-avignon-100x37.jpg\" class=\"camping avignon\" big\/><\/div><div class=\"call-to-action_contenu\"><div class=\"call-to-action_titre\">Avignon<\/div><\/div><\/a><\/li><\/ul><\/div><\/section>","protected":false},"excerpt":{"rendered":"","protected":false},"author":1,"featured_media":3494,"parent":6701,"menu_order":0,"comment_status":"closed","ping_status":"closed","template":"","meta":{"_acf_changed":false,"footnotes":""},"class_list":["post-5234","page","type-page","status-publish","has-post-thumbnail","hentry"],"acf":[],"yoast_head":"<!-- This site is optimized with the Yoast SEO plugin v25.3.1 - https:\/\/yoast.com\/wordpress\/plugins\/seo\/ -->\n<title>Kamperen Saintes Maries de la Mer - Stacaravan Ste Maries - \u1403 BON PORT ****<\/title>\n<meta name=\"description\" content=\"Als u op zoek bent naar een camping in Saintes Maries de la Mer, kies dan voor uw huuraccommodatie in een stacaravan op camping Bon Port **** en maak van de gelegenheid gebruik om de stad Saintes Maries te bezoeken!\" \/>\n<meta name=\"robots\" content=\"index, follow, max-snippet:-1, max-image-preview:large, max-video-preview:-1\" \/>\n<link rel=\"canonical\" href=\"https:\/\/www.campingbonport.com\/nl\/kamperen-bouches-du-rhone\/kamperen-saintes-maries-de-la-mer\/\" \/>\n<meta property=\"og:locale\" content=\"nl_NL\" \/>\n<meta property=\"og:type\" content=\"article\" \/>\n<meta property=\"og:title\" content=\"Kamperen Saintes Maries de la Mer - Stacaravan Ste Maries - \u1403 BON PORT ****\" \/>\n<meta property=\"og:description\" content=\"Als u op zoek bent naar een camping in Saintes Maries de la Mer, kies dan voor uw huuraccommodatie in een stacaravan op camping Bon Port **** en maak van de gelegenheid gebruik om de stad Saintes Maries te bezoeken!\" \/>\n<meta property=\"og:url\" content=\"https:\/\/www.campingbonport.com\/nl\/kamperen-bouches-du-rhone\/kamperen-saintes-maries-de-la-mer\/\" \/>\n<meta property=\"og:site_name\" content=\"Camping Bon Port\" \/>\n<meta property=\"article:modified_time\" content=\"2025-10-02T07:23:08+00:00\" \/>\n<meta property=\"og:image\" content=\"https:\/\/www.campingbonport.com\/wp-content\/uploads\/2022\/01\/camping-saintes-maries-de-la-mer-1.jpg\" \/>\n\t<meta property=\"og:image:width\" content=\"1900\" \/>\n\t<meta property=\"og:image:height\" content=\"700\" \/>\n\t<meta property=\"og:image:type\" content=\"image\/jpeg\" \/>\n<meta name=\"twitter:card\" content=\"summary_large_image\" \/>\n<meta name=\"twitter:label1\" content=\"Geschatte leestijd\" \/>\n\t<meta name=\"twitter:data1\" content=\"1 minuut\" \/>\n<script type=\"application\/ld+json\" class=\"yoast-schema-graph\">{\"@context\":\"https:\/\/schema.org\",\"@graph\":[{\"@type\":\"WebPage\",\"@id\":\"https:\/\/www.campingbonport.com\/nl\/kamperen-bouches-du-rhone\/kamperen-saintes-maries-de-la-mer\/\",\"url\":\"https:\/\/www.campingbonport.com\/nl\/kamperen-bouches-du-rhone\/kamperen-saintes-maries-de-la-mer\/\",\"name\":\"Kamperen Saintes Maries de la Mer - Stacaravan Ste Maries - \u1403 BON PORT ****\",\"isPartOf\":{\"@id\":\"https:\/\/www.campingbonport.com\/nl\/#website\"},\"primaryImageOfPage\":{\"@id\":\"https:\/\/www.campingbonport.com\/nl\/kamperen-bouches-du-rhone\/kamperen-saintes-maries-de-la-mer\/#primaryimage\"},\"image\":{\"@id\":\"https:\/\/www.campingbonport.com\/nl\/kamperen-bouches-du-rhone\/kamperen-saintes-maries-de-la-mer\/#primaryimage\"},\"thumbnailUrl\":\"https:\/\/www.campingbonport.com\/wp-content\/uploads\/2022\/01\/camping-saintes-maries-de-la-mer-1.jpg\",\"datePublished\":\"2022-01-19T09:41:12+00:00\",\"dateModified\":\"2025-10-02T07:23:08+00:00\",\"description\":\"Als u op zoek bent naar een camping in Saintes Maries de la Mer, kies dan voor uw huuraccommodatie in een stacaravan op camping Bon Port **** en maak van de gelegenheid gebruik om de stad Saintes Maries te bezoeken!\",\"breadcrumb\":{\"@id\":\"https:\/\/www.campingbonport.com\/nl\/kamperen-bouches-du-rhone\/kamperen-saintes-maries-de-la-mer\/#breadcrumb\"},\"inLanguage\":\"nl-NL\",\"potentialAction\":[{\"@type\":\"ReadAction\",\"target\":[\"https:\/\/www.campingbonport.com\/nl\/kamperen-bouches-du-rhone\/kamperen-saintes-maries-de-la-mer\/\"]}]},{\"@type\":\"ImageObject\",\"inLanguage\":\"nl-NL\",\"@id\":\"https:\/\/www.campingbonport.com\/nl\/kamperen-bouches-du-rhone\/kamperen-saintes-maries-de-la-mer\/#primaryimage\",\"url\":\"https:\/\/www.campingbonport.com\/wp-content\/uploads\/2022\/01\/camping-saintes-maries-de-la-mer-1.jpg\",\"contentUrl\":\"https:\/\/www.campingbonport.com\/wp-content\/uploads\/2022\/01\/camping-saintes-maries-de-la-mer-1.jpg\",\"width\":1900,\"height\":700,\"caption\":\"camping saintes maries de la mer\"},{\"@type\":\"BreadcrumbList\",\"@id\":\"https:\/\/www.campingbonport.com\/nl\/kamperen-bouches-du-rhone\/kamperen-saintes-maries-de-la-mer\/#breadcrumb\",\"itemListElement\":[{\"@type\":\"ListItem\",\"position\":1,\"name\":\"Camping Camargue\",\"item\":\"https:\/\/www.campingbonport.com\/nl\/\"},{\"@type\":\"ListItem\",\"position\":2,\"name\":\"Kamperen in de Bouches du Rh\u00f4ne\",\"item\":\"https:\/\/www.campingbonport.com\/nl\/kamperen-bouches-du-rhone\/\"},{\"@type\":\"ListItem\",\"position\":3,\"name\":\"Saintes Maries de la Mer\"}]},{\"@type\":\"WebSite\",\"@id\":\"https:\/\/www.campingbonport.com\/nl\/#website\",\"url\":\"https:\/\/www.campingbonport.com\/nl\/\",\"name\":\"Camping Bon Port\",\"description\":\"\",\"publisher\":{\"@id\":\"https:\/\/www.campingbonport.com\/nl\/#organization\"},\"potentialAction\":[{\"@type\":\"SearchAction\",\"target\":{\"@type\":\"EntryPoint\",\"urlTemplate\":\"https:\/\/www.campingbonport.com\/nl\/?s={search_term_string}\"},\"query-input\":{\"@type\":\"PropertyValueSpecification\",\"valueRequired\":true,\"valueName\":\"search_term_string\"}}],\"inLanguage\":\"nl-NL\"},{\"@type\":\"Organization\",\"@id\":\"https:\/\/www.campingbonport.com\/nl\/#organization\",\"name\":\"Camping Bon Port\",\"url\":\"https:\/\/www.campingbonport.com\/nl\/\",\"logo\":{\"@type\":\"ImageObject\",\"inLanguage\":\"nl-NL\",\"@id\":\"https:\/\/www.campingbonport.com\/nl\/#\/schema\/logo\/image\/\",\"url\":\"https:\/\/www.campingbonport.com\/wp-content\/uploads\/2021\/11\/logo-bon-port.jpg\",\"contentUrl\":\"https:\/\/www.campingbonport.com\/wp-content\/uploads\/2021\/11\/logo-bon-port.jpg\",\"width\":736,\"height\":917,\"caption\":\"Camping Bon Port\"},\"image\":{\"@id\":\"https:\/\/www.campingbonport.com\/nl\/#\/schema\/logo\/image\/\"}}]}<\/script>\n<!-- \/ Yoast SEO plugin. -->","yoast_head_json":{"title":"Kamperen Saintes Maries de la Mer - Stacaravan Ste Maries - \u1403 BON PORT ****","description":"Als u op zoek bent naar een camping in Saintes Maries de la Mer, kies dan voor uw huuraccommodatie in een stacaravan op camping Bon Port **** en maak van de gelegenheid gebruik om de stad Saintes Maries te bezoeken!","robots":{"index":"index","follow":"follow","max-snippet":"max-snippet:-1","max-image-preview":"max-image-preview:large","max-video-preview":"max-video-preview:-1"},"canonical":"https:\/\/www.campingbonport.com\/nl\/kamperen-bouches-du-rhone\/kamperen-saintes-maries-de-la-mer\/","og_locale":"nl_NL","og_type":"article","og_title":"Kamperen Saintes Maries de la Mer - Stacaravan Ste Maries - \u1403 BON PORT ****","og_description":"Als u op zoek bent naar een camping in Saintes Maries de la Mer, kies dan voor uw huuraccommodatie in een stacaravan op camping Bon Port **** en maak van de gelegenheid gebruik om de stad Saintes Maries te bezoeken!","og_url":"https:\/\/www.campingbonport.com\/nl\/kamperen-bouches-du-rhone\/kamperen-saintes-maries-de-la-mer\/","og_site_name":"Camping Bon Port","article_modified_time":"2025-10-02T07:23:08+00:00","og_image":[{"width":1900,"height":700,"url":"https:\/\/www.campingbonport.com\/wp-content\/uploads\/2022\/01\/camping-saintes-maries-de-la-mer-1.jpg","type":"image\/jpeg"}],"twitter_card":"summary_large_image","twitter_misc":{"Geschatte leestijd":"1 minuut"},"schema":{"@context":"https:\/\/schema.org","@graph":[{"@type":"WebPage","@id":"https:\/\/www.campingbonport.com\/nl\/kamperen-bouches-du-rhone\/kamperen-saintes-maries-de-la-mer\/","url":"https:\/\/www.campingbonport.com\/nl\/kamperen-bouches-du-rhone\/kamperen-saintes-maries-de-la-mer\/","name":"Kamperen Saintes Maries de la Mer - Stacaravan Ste Maries - \u1403 BON PORT ****","isPartOf":{"@id":"https:\/\/www.campingbonport.com\/nl\/#website"},"primaryImageOfPage":{"@id":"https:\/\/www.campingbonport.com\/nl\/kamperen-bouches-du-rhone\/kamperen-saintes-maries-de-la-mer\/#primaryimage"},"image":{"@id":"https:\/\/www.campingbonport.com\/nl\/kamperen-bouches-du-rhone\/kamperen-saintes-maries-de-la-mer\/#primaryimage"},"thumbnailUrl":"https:\/\/www.campingbonport.com\/wp-content\/uploads\/2022\/01\/camping-saintes-maries-de-la-mer-1.jpg","datePublished":"2022-01-19T09:41:12+00:00","dateModified":"2025-10-02T07:23:08+00:00","description":"Als u op zoek bent naar een camping in Saintes Maries de la Mer, kies dan voor uw huuraccommodatie in een stacaravan op camping Bon Port **** en maak van de gelegenheid gebruik om de stad Saintes Maries te bezoeken!","breadcrumb":{"@id":"https:\/\/www.campingbonport.com\/nl\/kamperen-bouches-du-rhone\/kamperen-saintes-maries-de-la-mer\/#breadcrumb"},"inLanguage":"nl-NL","potentialAction":[{"@type":"ReadAction","target":["https:\/\/www.campingbonport.com\/nl\/kamperen-bouches-du-rhone\/kamperen-saintes-maries-de-la-mer\/"]}]},{"@type":"ImageObject","inLanguage":"nl-NL","@id":"https:\/\/www.campingbonport.com\/nl\/kamperen-bouches-du-rhone\/kamperen-saintes-maries-de-la-mer\/#primaryimage","url":"https:\/\/www.campingbonport.com\/wp-content\/uploads\/2022\/01\/camping-saintes-maries-de-la-mer-1.jpg","contentUrl":"https:\/\/www.campingbonport.com\/wp-content\/uploads\/2022\/01\/camping-saintes-maries-de-la-mer-1.jpg","width":1900,"height":700,"caption":"camping saintes maries de la mer"},{"@type":"BreadcrumbList","@id":"https:\/\/www.campingbonport.com\/nl\/kamperen-bouches-du-rhone\/kamperen-saintes-maries-de-la-mer\/#breadcrumb","itemListElement":[{"@type":"ListItem","position":1,"name":"Camping Camargue","item":"https:\/\/www.campingbonport.com\/nl\/"},{"@type":"ListItem","position":2,"name":"Kamperen in de Bouches du Rh\u00f4ne","item":"https:\/\/www.campingbonport.com\/nl\/kamperen-bouches-du-rhone\/"},{"@type":"ListItem","position":3,"name":"Saintes Maries de la Mer"}]},{"@type":"WebSite","@id":"https:\/\/www.campingbonport.com\/nl\/#website","url":"https:\/\/www.campingbonport.com\/nl\/","name":"Camping Bon Port","description":"","publisher":{"@id":"https:\/\/www.campingbonport.com\/nl\/#organization"},"potentialAction":[{"@type":"SearchAction","target":{"@type":"EntryPoint","urlTemplate":"https:\/\/www.campingbonport.com\/nl\/?s={search_term_string}"},"query-input":{"@type":"PropertyValueSpecification","valueRequired":true,"valueName":"search_term_string"}}],"inLanguage":"nl-NL"},{"@type":"Organization","@id":"https:\/\/www.campingbonport.com\/nl\/#organization","name":"Camping Bon Port","url":"https:\/\/www.campingbonport.com\/nl\/","logo":{"@type":"ImageObject","inLanguage":"nl-NL","@id":"https:\/\/www.campingbonport.com\/nl\/#\/schema\/logo\/image\/","url":"https:\/\/www.campingbonport.com\/wp-content\/uploads\/2021\/11\/logo-bon-port.jpg","contentUrl":"https:\/\/www.campingbonport.com\/wp-content\/uploads\/2021\/11\/logo-bon-port.jpg","width":736,"height":917,"caption":"Camping Bon Port"},"image":{"@id":"https:\/\/www.campingbonport.com\/nl\/#\/schema\/logo\/image\/"}}]}},"_links":{"self":[{"href":"https:\/\/www.campingbonport.com\/nl\/wp-json\/wp\/v2\/pages\/5234","targetHints":{"allow":["GET"]}}],"collection":[{"href":"https:\/\/www.campingbonport.com\/nl\/wp-json\/wp\/v2\/pages"}],"about":[{"href":"https:\/\/www.campingbonport.com\/nl\/wp-json\/wp\/v2\/types\/page"}],"author":[{"embeddable":true,"href":"https:\/\/www.campingbonport.com\/nl\/wp-json\/wp\/v2\/users\/1"}],"replies":[{"embeddable":true,"href":"https:\/\/www.campingbonport.com\/nl\/wp-json\/wp\/v2\/comments?post=5234"}],"version-history":[{"count":32,"href":"https:\/\/www.campingbonport.com\/nl\/wp-json\/wp\/v2\/pages\/5234\/revisions"}],"predecessor-version":[{"id":11635,"href":"https:\/\/www.campingbonport.com\/nl\/wp-json\/wp\/v2\/pages\/5234\/revisions\/11635"}],"up":[{"embeddable":true,"href":"https:\/\/www.campingbonport.com\/nl\/wp-json\/wp\/v2\/pages\/6701"}],"wp:featuredmedia":[{"embeddable":true,"href":"https:\/\/www.campingbonport.com\/nl\/wp-json\/wp\/v2\/media\/3494"}],"wp:attachment":[{"href":"https:\/\/www.campingbonport.com\/nl\/wp-json\/wp\/v2\/media?parent=5234"}],"curies":[{"name":"wp","href":"https:\/\/api.w.org\/{rel}","templated":true}]}}