{"id":5035,"date":"2022-01-19T11:53:13","date_gmt":"2022-01-19T10:53:13","guid":{"rendered":"https:\/\/www.campingbonport.com\/uncategorized\/camping-nimes\/"},"modified":"2022-04-01T12:19:26","modified_gmt":"2022-04-01T10:19:26","slug":"campsite-nimes","status":"publish","type":"page","link":"https:\/\/www.campingbonport.com\/en\/camping-gard\/campsite-nimes\/","title":{"rendered":"Campsite N\u00eemes"},"content":{"rendered":"<section id=\"section-61b20eccc6d4c\" class=\"section bg-white p-b-0\" ><div class=\"container extralarge\"><h1 class=\"element section-title center\">Campsite N\u00eemes<\/h1><div class=\"element bloc-text center \">\n\t<p>You are looking for a <strong class=\"color1\">campsite near Nimes<\/strong> in the heart of the vineyards, by the river in the middle of a pine forest, or simply the best place for a pleasant holiday in camping in the Gard ? Why not opt for a quiet and friendly place to relax between the hinterland and the coast? By staying in our camping 4 \u00e9toiles en Camargue, between the city of N\u00eemes and Montpellier, you won&#8217;t have to choose between a trip to N\u00eemes or a day at the beach, you can do both! You will enjoy the theme evenings of the establishment and the comfort of the camping pitches or a mobile home rental. Choose your camping pitch or your bungalow in our family campsite and discover the Gard department!<\/p>\n<p>Don&#8217;t miss <strong class=\"color1\">discover the city of N\u00eemes<\/strong> and Montpellier or Gallargues le Montueux nearby, as well as Grau du Roi or the Pont du Gard. The Roman monuments, by their majesty and their exceptional conservation, contribute amply to forge the identity of N\u00eemes. A few titles among the unmissable ones that have become great N\u00eemes classics, <strong class=\"color1\">Flamenco Festival, Biography Festival, Great Roman Games, F\u00e9rias, Jeudis de N\u00eemes<\/strong>.<\/p>\n<\/div><\/div><\/section>\n\n<section id=\"section-61b20eccc6e82\" class=\"section home-fifth bg-white p-t-0\" ><div class=\"container extralarge\"><div class=\"colonnes-wrap valign-middle first-row\"><div class=\"element colonne \"><div class=\"element images\"><div class=\"image\"><img decoding=\"async\" src=\"https:\/\/www.campingbonport.com\/wp-content\/uploads\/2022\/03\/mobil-home-arles.jpg\" alt=\"https:\/\/www.campingbonport.com\/wp-content\/uploads\/2022\/03\/mobil-home-arles-82x100.jpg\" class=\"mobil-home N\u00eemes\" images_image\/><\/div><\/div><\/div><div class=\"element colonne p-5\"><h2 class=\"element section-title justify\">Mobil home rental near N\u00eemes<\/h2><div class=\"element bloc-text justify \">\n\t<p>How to enjoy the Occitan coastline while easily offering a cultural and historical diversions on holiday <strong class=\"color1\">camping in N\u00eemes<\/strong> ? The answer is there: a <strong class=\"color1\">mobile home rental near Nimes at camping Bon Port****<\/strong>. It is about 30 minutes away from N\u00eemes by car. Here, the range of mobile homes for rent allows all types of families and groups to consider a stay. The mobile homes of our 4-star campsite can accommodate <strong class=\"color1\">from 4 to 8 persons, in 2 to 4 rooms<\/strong> and sometimes include a master suite with a baby bed. The ten different models on offer are equipped with a <strong class=\"color1\">covered or semi-covered terrace<\/strong>, one or two shower rooms and toilets. The services, entertainment, themed evenings and leisure facilities available on site will ensure you have a pleasant stay. Trade the riverbank for a <strong class=\"color1\">outdoor heated pool<\/strong> ! For your stay in Languedoc Roussillon, traditional camping on a pitch or mobile home? If you hesitate, you can consult the pages dedicated to pitches and mobile homes on our site to discover the specificities of each model and make your choice for your stay <strong class=\"color1\">campsite near Nimes<\/strong>.<\/p>\n<\/div><\/div><\/div><div class=\"element bloc-text\">\n\t<script>\r\n    window.ctoutvert = {\r\n\t\tid: 2791, \r\n\t\tlang: 'auto', \r\n\t\turl: 'https:\/\/bookingpremium.secureholiday.net\/widgets\/'\r\n    };\r\n    (function (w, d, s, ctv, r, js, fjs) {\r\n        r=new XMLHttpRequest();r.open('GET',w[ctv].url+'js\/src.json');\r\n        r.responseType='json';r.json=true;r.send();\r\n        r.onload=function(){w[ctv].src=r.responseType=='json'?r.response:JSON.parse(r.response);\r\n        js.src=w[ctv].src[0];fjs.parentNode.insertBefore(js, fjs);}\r\n        js=d.createElement(s),fjs=d.getElementsByTagName(s)[0];\r\n        js.id='ctvwidget';js.async=1;\r\n    }(window, document, 'script', 'ctoutvert'));\r\n<\/script>\r\n<ctv-product-list ><\/ctv-product-list><\/div><\/div><\/section>\n\n<section id=\"section-61b2128adf580\" class=\"section bg-white p-t-0 p-b-0\" ><div class=\"container full\"><div class=\"element images\"><div class=\"image\"><img decoding=\"async\" src=\"https:\/\/www.campingbonport.com\/wp-content\/uploads\/2022\/01\/2015_Life_exterieur_anis.jpg-800px.jpg\" alt=\"https:\/\/www.campingbonport.com\/wp-content\/uploads\/2022\/01\/2015_Life_exterieur_anis.jpg-800px-100x77.jpg\" class=\"louer un mobil-home N\u00eemes\" images_image\/><\/div><div class=\"image\"><img decoding=\"async\" src=\"https:\/\/www.campingbonport.com\/wp-content\/uploads\/2022\/01\/2016_LIFE_ch_parents.jpg-800px.jpg\" alt=\"https:\/\/www.campingbonport.com\/wp-content\/uploads\/2022\/01\/2016_LIFE_ch_parents.jpg-800px-100x81.jpg\" class=\"camping \u00e0 N\u00eemes\" images_image\/><\/div><div class=\"image\"><img decoding=\"async\" src=\"https:\/\/www.campingbonport.com\/wp-content\/uploads\/2022\/01\/camping-mobil-home-lunel-4.jpg\" alt=\"https:\/\/www.campingbonport.com\/wp-content\/uploads\/2022\/01\/camping-mobil-home-lunel-4-100x71.jpg\" class=\"location mobil-home N\u00eemes\" images_image\/><\/div><\/div><\/div><\/section>\n\n<section id=\"section-61b20eccc70b6\" class=\"section neufFrame bg-color4 p-t-0 p-b-0\" ><div class=\"container full\"><div class=\"colonnes-wrap valign-middle \"><div class=\"element colonne p-x-10 p-y-6\"><h2 class=\"element section-title justify\">Tourism and places of interest in N\u00eemes<\/h2><div class=\"element bloc-text justify \">\n\t<p>In the Languedoc Roussillon region camping and tourism go together. Near N\u00eemes at Le Bon Port, you only need half an hour to get to the heart of the city, almost as much as in <strong class=\"color1\">campsite in N\u00eemes<\/strong> on the banks of a river in the heart of a pine forest or in the heart of the vineyards.<\/p>\n<p>Don&#8217;t miss it, even if we all know the exceptional state of conservation of the <strong class=\"color1\">ancient city of Gard<\/strong>. Near Gallargues le Montueux, enjoy a moment of relaxation close to our campsites.<\/p>\n<p>Everything (or almost everything) dates back two thousand years and more in this <strong class=\"color1\">bastion of the great Roman Empire<\/strong>. Despite what you already know, you won&#8217;t believe your eyes! L\u2019<strong class=\"color1\">amphitheatre of the arena<\/strong> where concerts and bullfights are still held, the white <strong class=\"color1\">Maison Carr\u00e9e<\/strong> that the emperor Augustus dedicated to his grandsons Lucius and Julius Caesar, the <strong class=\"color1\">tower Magne<\/strong> and the <strong class=\"color1\">temple of Diana<\/strong> in the <strong class=\"color1\">Jardins de la Fontaine<\/strong> will take you back in time&#8230; before you come back to reality in front of the superb <strong class=\"color1\">Carr\u00e9 of Art<\/strong>, contemporary museum made of glass and steel.<\/p>\n<\/div><\/div><div class=\"element colonne p-0\"><div class=\"element images\"><div class=\"image\"><img decoding=\"async\" src=\"https:\/\/www.campingbonport.com\/wp-content\/uploads\/2022\/03\/camping-nimes.jpg\" alt=\"https:\/\/www.campingbonport.com\/wp-content\/uploads\/2022\/03\/camping-nimes-100x68.jpg\" class=\"vacances N\u00eemes\" images_image\/><\/div><\/div><\/div><\/div><div class=\"colonnes-wrap valign-middle \"><div class=\"element colonne p-0\"><div class=\"element bloc-text\">\n\t<iframe title=\"YouTube video player\" src=\"https:\/\/www.youtube.com\/embed\/4lfeG876OVA\" width=\"100\" frameborder=\"0\" allowfullscreen=\"allowfullscreen\"><\/iframe><\/div><\/div><div class=\"element colonne p-x-10 p-y-6\"><div class=\"element bloc-text justify \">\n\t<p>Don&#8217;t hesitate to make a small diversions to the <strong class=\"color1\">Halles market<\/strong> The city of N\u00eemes has a lot to offer, with a lot of regional specialities and delicacies, and a well-deserved break in the shade of the terraces of the Place aux Herbes in the centre of N\u00eemes.<\/p>\n<p>On the outskirts of the city, still standing despite its 20 centuries of existence, take the time to admire the three floors of the <strong class=\"color1\">Pont of Gard<\/strong> known throughout the world and classified as a Unesco World Heritage Site, and take a walk along the Gardon river, a must-do activity during a stay in <strong class=\"color1\">campsite Nimes<\/strong>. During your holidays in the Gard, you can also stroll along the Mediterranean coastline and go to the C\u00e9vennes National Park for a pleasant walk or hike. This is the perfect combination of culture, nature and the Mediterranean Sea for a great family holiday in the South of France!<\/p>\n<\/div><\/div><\/div><\/div><\/section>\n\n<section id=\"section-61b20eccc71c8\" class=\"section p-b-25 bg-white p-t-0\" ><div class=\"container extralarge\"><h2 class=\"element section-title justify m-y-5\">Discover the towns around N\u00eemes<\/h2><ul class=\"liste-de-page\"><li class=\"element call-to-action carre call-to-action--style-1 call-to-action--big\"><a href=\"https:\/\/www.campingbonport.com\/en\/camping-gard\/campsite-aigues-mortes\/\"  class=\"call-to-action_link\" title=\"Read more about aigues mortes\"><div class=\"call-to-action_image\"><img decoding=\"async\" src=\"https:\/\/www.campingbonport.com\/wp-content\/uploads\/2022\/01\/camping-aigues-mortes.jpg\" alt=\"https:\/\/www.campingbonport.com\/wp-content\/uploads\/2022\/01\/camping-aigues-mortes-100x37.jpg\" class=\"camping aigues mortes\" big\/><\/div><div class=\"call-to-action_contenu\"><div class=\"call-to-action_titre\">Aigues Mortes<\/div><\/div><\/a><\/li><li class=\"element call-to-action carre call-to-action--style-1 call-to-action--big call-to-action--style-1 call-to-action--big\"><a href=\"https:\/\/www.campingbonport.com\/en\/camping-gard\/campsite-sommieres\/\"  class=\"call-to-action_link\" title=\"Read more about sommi\u00e8res\"><div class=\"call-to-action_image\"><img decoding=\"async\" src=\"https:\/\/www.campingbonport.com\/wp-content\/uploads\/2022\/01\/camping-sommieres.jpg\" alt=\"https:\/\/www.campingbonport.com\/wp-content\/uploads\/2022\/01\/camping-sommieres-100x37.jpg\" class=\"camping sommieres\" big\/><\/div><div class=\"call-to-action_contenu\"><div class=\"call-to-action_titre\">Sommi\u00e8res<\/div><\/div><\/a><\/li><li class=\"element call-to-action carre call-to-action--style-1 call-to-action--big call-to-action--style-1 call-to-action--big call-to-action--style-1 call-to-action--big\"><a href=\"https:\/\/www.campingbonport.com\/en\/camping-gard\/campsite-grau-du-roi\/\"  class=\"call-to-action_link\" title=\"Read more about le grau-du-roi\"><div class=\"call-to-action_image\"><img decoding=\"async\" src=\"https:\/\/www.campingbonport.com\/wp-content\/uploads\/2022\/01\/camping-grau-du-roi.jpg\" alt=\"https:\/\/www.campingbonport.com\/wp-content\/uploads\/2022\/01\/camping-grau-du-roi-100x37.jpg\" class=\"camping grau du roi\" big\/><\/div><div class=\"call-to-action_contenu\"><div class=\"call-to-action_titre\">Le Grau-du-Roi<\/div><\/div><\/a><\/li><\/ul><\/div><\/section>","protected":false},"excerpt":{"rendered":"","protected":false},"author":1,"featured_media":3323,"parent":6667,"menu_order":0,"comment_status":"closed","ping_status":"closed","template":"","meta":{"_acf_changed":false,"footnotes":""},"class_list":["post-5035","page","type-page","status-publish","has-post-thumbnail","hentry"],"acf":[],"yoast_head":"<!-- This site is optimized with the Yoast SEO plugin v25.3.1 - https:\/\/yoast.com\/wordpress\/plugins\/seo\/ -->\n<title>Campsite Nimes - Mobile home rental Nimes - \u1403 BON PORT ****<\/title>\n<meta name=\"description\" content=\"Looking for a campsite in Nimes? Choose your mobile home rental at the Bon Port campsite **** and take the opportunity to visit the city of N\u00eemes!\" \/>\n<meta name=\"robots\" content=\"index, follow, max-snippet:-1, max-image-preview:large, max-video-preview:-1\" \/>\n<link rel=\"canonical\" href=\"https:\/\/www.campingbonport.com\/en\/camping-gard\/campsite-nimes\/\" \/>\n<meta property=\"og:locale\" content=\"en_US\" \/>\n<meta property=\"og:type\" content=\"article\" \/>\n<meta property=\"og:title\" content=\"Campsite Nimes - Mobile home rental Nimes - \u1403 BON PORT ****\" \/>\n<meta property=\"og:description\" content=\"Looking for a campsite in Nimes? Choose your mobile home rental at the Bon Port campsite **** and take the opportunity to visit the city of N\u00eemes!\" \/>\n<meta property=\"og:url\" content=\"https:\/\/www.campingbonport.com\/en\/camping-gard\/campsite-nimes\/\" \/>\n<meta property=\"og:site_name\" content=\"Camping Bon Port\" \/>\n<meta property=\"article:modified_time\" content=\"2022-04-01T10:19:26+00:00\" \/>\n<meta property=\"og:image\" content=\"https:\/\/www.campingbonport.com\/wp-content\/uploads\/2022\/01\/camping-nimes.jpg\" \/>\n\t<meta property=\"og:image:width\" content=\"1900\" \/>\n\t<meta property=\"og:image:height\" content=\"700\" \/>\n\t<meta property=\"og:image:type\" content=\"image\/jpeg\" \/>\n<meta name=\"twitter:card\" content=\"summary_large_image\" \/>\n<script type=\"application\/ld+json\" class=\"yoast-schema-graph\">{\"@context\":\"https:\/\/schema.org\",\"@graph\":[{\"@type\":\"WebPage\",\"@id\":\"https:\/\/www.campingbonport.com\/en\/camping-gard\/campsite-nimes\/\",\"url\":\"https:\/\/www.campingbonport.com\/en\/camping-gard\/campsite-nimes\/\",\"name\":\"Campsite Nimes - Mobile home rental Nimes - \u1403 BON PORT ****\",\"isPartOf\":{\"@id\":\"https:\/\/www.campingbonport.com\/en\/#website\"},\"primaryImageOfPage\":{\"@id\":\"https:\/\/www.campingbonport.com\/en\/camping-gard\/campsite-nimes\/#primaryimage\"},\"image\":{\"@id\":\"https:\/\/www.campingbonport.com\/en\/camping-gard\/campsite-nimes\/#primaryimage\"},\"thumbnailUrl\":\"https:\/\/www.campingbonport.com\/wp-content\/uploads\/2022\/01\/camping-nimes.jpg\",\"datePublished\":\"2022-01-19T10:53:13+00:00\",\"dateModified\":\"2022-04-01T10:19:26+00:00\",\"description\":\"Looking for a campsite in Nimes? Choose your mobile home rental at the Bon Port campsite **** and take the opportunity to visit the city of N\u00eemes!\",\"breadcrumb\":{\"@id\":\"https:\/\/www.campingbonport.com\/en\/camping-gard\/campsite-nimes\/#breadcrumb\"},\"inLanguage\":\"en-US\",\"potentialAction\":[{\"@type\":\"ReadAction\",\"target\":[\"https:\/\/www.campingbonport.com\/en\/camping-gard\/campsite-nimes\/\"]}]},{\"@type\":\"ImageObject\",\"inLanguage\":\"en-US\",\"@id\":\"https:\/\/www.campingbonport.com\/en\/camping-gard\/campsite-nimes\/#primaryimage\",\"url\":\"https:\/\/www.campingbonport.com\/wp-content\/uploads\/2022\/01\/camping-nimes.jpg\",\"contentUrl\":\"https:\/\/www.campingbonport.com\/wp-content\/uploads\/2022\/01\/camping-nimes.jpg\",\"width\":1900,\"height\":700,\"caption\":\"camping nimes\"},{\"@type\":\"BreadcrumbList\",\"@id\":\"https:\/\/www.campingbonport.com\/en\/camping-gard\/campsite-nimes\/#breadcrumb\",\"itemListElement\":[{\"@type\":\"ListItem\",\"position\":1,\"name\":\"Camping Camargue\",\"item\":\"https:\/\/www.campingbonport.com\/en\/\"},{\"@type\":\"ListItem\",\"position\":2,\"name\":\"Camping in the Gard\",\"item\":\"https:\/\/www.campingbonport.com\/en\/camping-gard\/\"},{\"@type\":\"ListItem\",\"position\":3,\"name\":\"Campsite N\u00eemes\"}]},{\"@type\":\"WebSite\",\"@id\":\"https:\/\/www.campingbonport.com\/en\/#website\",\"url\":\"https:\/\/www.campingbonport.com\/en\/\",\"name\":\"Camping Bon Port\",\"description\":\"\",\"publisher\":{\"@id\":\"https:\/\/www.campingbonport.com\/en\/#organization\"},\"potentialAction\":[{\"@type\":\"SearchAction\",\"target\":{\"@type\":\"EntryPoint\",\"urlTemplate\":\"https:\/\/www.campingbonport.com\/en\/?s={search_term_string}\"},\"query-input\":{\"@type\":\"PropertyValueSpecification\",\"valueRequired\":true,\"valueName\":\"search_term_string\"}}],\"inLanguage\":\"en-US\"},{\"@type\":\"Organization\",\"@id\":\"https:\/\/www.campingbonport.com\/en\/#organization\",\"name\":\"Camping Bon Port\",\"url\":\"https:\/\/www.campingbonport.com\/en\/\",\"logo\":{\"@type\":\"ImageObject\",\"inLanguage\":\"en-US\",\"@id\":\"https:\/\/www.campingbonport.com\/en\/#\/schema\/logo\/image\/\",\"url\":\"https:\/\/www.campingbonport.com\/wp-content\/uploads\/2021\/11\/logo-bon-port.jpg\",\"contentUrl\":\"https:\/\/www.campingbonport.com\/wp-content\/uploads\/2021\/11\/logo-bon-port.jpg\",\"width\":736,\"height\":917,\"caption\":\"Camping Bon Port\"},\"image\":{\"@id\":\"https:\/\/www.campingbonport.com\/en\/#\/schema\/logo\/image\/\"}}]}<\/script>\n<!-- \/ Yoast SEO plugin. -->","yoast_head_json":{"title":"Campsite Nimes - Mobile home rental Nimes - \u1403 BON PORT ****","description":"Looking for a campsite in Nimes? Choose your mobile home rental at the Bon Port campsite **** and take the opportunity to visit the city of N\u00eemes!","robots":{"index":"index","follow":"follow","max-snippet":"max-snippet:-1","max-image-preview":"max-image-preview:large","max-video-preview":"max-video-preview:-1"},"canonical":"https:\/\/www.campingbonport.com\/en\/camping-gard\/campsite-nimes\/","og_locale":"en_US","og_type":"article","og_title":"Campsite Nimes - Mobile home rental Nimes - \u1403 BON PORT ****","og_description":"Looking for a campsite in Nimes? Choose your mobile home rental at the Bon Port campsite **** and take the opportunity to visit the city of N\u00eemes!","og_url":"https:\/\/www.campingbonport.com\/en\/camping-gard\/campsite-nimes\/","og_site_name":"Camping Bon Port","article_modified_time":"2022-04-01T10:19:26+00:00","og_image":[{"width":1900,"height":700,"url":"https:\/\/www.campingbonport.com\/wp-content\/uploads\/2022\/01\/camping-nimes.jpg","type":"image\/jpeg"}],"twitter_card":"summary_large_image","schema":{"@context":"https:\/\/schema.org","@graph":[{"@type":"WebPage","@id":"https:\/\/www.campingbonport.com\/en\/camping-gard\/campsite-nimes\/","url":"https:\/\/www.campingbonport.com\/en\/camping-gard\/campsite-nimes\/","name":"Campsite Nimes - Mobile home rental Nimes - \u1403 BON PORT ****","isPartOf":{"@id":"https:\/\/www.campingbonport.com\/en\/#website"},"primaryImageOfPage":{"@id":"https:\/\/www.campingbonport.com\/en\/camping-gard\/campsite-nimes\/#primaryimage"},"image":{"@id":"https:\/\/www.campingbonport.com\/en\/camping-gard\/campsite-nimes\/#primaryimage"},"thumbnailUrl":"https:\/\/www.campingbonport.com\/wp-content\/uploads\/2022\/01\/camping-nimes.jpg","datePublished":"2022-01-19T10:53:13+00:00","dateModified":"2022-04-01T10:19:26+00:00","description":"Looking for a campsite in Nimes? Choose your mobile home rental at the Bon Port campsite **** and take the opportunity to visit the city of N\u00eemes!","breadcrumb":{"@id":"https:\/\/www.campingbonport.com\/en\/camping-gard\/campsite-nimes\/#breadcrumb"},"inLanguage":"en-US","potentialAction":[{"@type":"ReadAction","target":["https:\/\/www.campingbonport.com\/en\/camping-gard\/campsite-nimes\/"]}]},{"@type":"ImageObject","inLanguage":"en-US","@id":"https:\/\/www.campingbonport.com\/en\/camping-gard\/campsite-nimes\/#primaryimage","url":"https:\/\/www.campingbonport.com\/wp-content\/uploads\/2022\/01\/camping-nimes.jpg","contentUrl":"https:\/\/www.campingbonport.com\/wp-content\/uploads\/2022\/01\/camping-nimes.jpg","width":1900,"height":700,"caption":"camping nimes"},{"@type":"BreadcrumbList","@id":"https:\/\/www.campingbonport.com\/en\/camping-gard\/campsite-nimes\/#breadcrumb","itemListElement":[{"@type":"ListItem","position":1,"name":"Camping Camargue","item":"https:\/\/www.campingbonport.com\/en\/"},{"@type":"ListItem","position":2,"name":"Camping in the Gard","item":"https:\/\/www.campingbonport.com\/en\/camping-gard\/"},{"@type":"ListItem","position":3,"name":"Campsite N\u00eemes"}]},{"@type":"WebSite","@id":"https:\/\/www.campingbonport.com\/en\/#website","url":"https:\/\/www.campingbonport.com\/en\/","name":"Camping Bon Port","description":"","publisher":{"@id":"https:\/\/www.campingbonport.com\/en\/#organization"},"potentialAction":[{"@type":"SearchAction","target":{"@type":"EntryPoint","urlTemplate":"https:\/\/www.campingbonport.com\/en\/?s={search_term_string}"},"query-input":{"@type":"PropertyValueSpecification","valueRequired":true,"valueName":"search_term_string"}}],"inLanguage":"en-US"},{"@type":"Organization","@id":"https:\/\/www.campingbonport.com\/en\/#organization","name":"Camping Bon Port","url":"https:\/\/www.campingbonport.com\/en\/","logo":{"@type":"ImageObject","inLanguage":"en-US","@id":"https:\/\/www.campingbonport.com\/en\/#\/schema\/logo\/image\/","url":"https:\/\/www.campingbonport.com\/wp-content\/uploads\/2021\/11\/logo-bon-port.jpg","contentUrl":"https:\/\/www.campingbonport.com\/wp-content\/uploads\/2021\/11\/logo-bon-port.jpg","width":736,"height":917,"caption":"Camping Bon Port"},"image":{"@id":"https:\/\/www.campingbonport.com\/en\/#\/schema\/logo\/image\/"}}]}},"_links":{"self":[{"href":"https:\/\/www.campingbonport.com\/en\/wp-json\/wp\/v2\/pages\/5035","targetHints":{"allow":["GET"]}}],"collection":[{"href":"https:\/\/www.campingbonport.com\/en\/wp-json\/wp\/v2\/pages"}],"about":[{"href":"https:\/\/www.campingbonport.com\/en\/wp-json\/wp\/v2\/types\/page"}],"author":[{"embeddable":true,"href":"https:\/\/www.campingbonport.com\/en\/wp-json\/wp\/v2\/users\/1"}],"replies":[{"embeddable":true,"href":"https:\/\/www.campingbonport.com\/en\/wp-json\/wp\/v2\/comments?post=5035"}],"version-history":[{"count":8,"href":"https:\/\/www.campingbonport.com\/en\/wp-json\/wp\/v2\/pages\/5035\/revisions"}],"predecessor-version":[{"id":6792,"href":"https:\/\/www.campingbonport.com\/en\/wp-json\/wp\/v2\/pages\/5035\/revisions\/6792"}],"up":[{"embeddable":true,"href":"https:\/\/www.campingbonport.com\/en\/wp-json\/wp\/v2\/pages\/6667"}],"wp:featuredmedia":[{"embeddable":true,"href":"https:\/\/www.campingbonport.com\/en\/wp-json\/wp\/v2\/media\/3323"}],"wp:attachment":[{"href":"https:\/\/www.campingbonport.com\/en\/wp-json\/wp\/v2\/media?parent=5035"}],"curies":[{"name":"wp","href":"https:\/\/api.w.org\/{rel}","templated":true}]}}