{"id":4925,"date":"2022-01-19T14:03:25","date_gmt":"2022-01-19T13:03:25","guid":{"rendered":"https:\/\/www.campingbonport.com\/uncategorized\/camping-carnon\/"},"modified":"2022-04-01T13:49:33","modified_gmt":"2022-04-01T11:49:33","slug":"campsite-carnon","status":"publish","type":"page","link":"https:\/\/www.campingbonport.com\/en\/campsite-herault\/campsite-carnon\/","title":{"rendered":"Campsite Carnon"},"content":{"rendered":"<section id=\"section-61b20eccc6d4c\" class=\"section bg-white p-b-0\" ><div class=\"container extralarge\"><h1 class=\"element section-title center\">Campsite Carnon<\/h1><div class=\"element bloc-text center \">\n\t<p>Your destination campsite in H\u00e9rault could well be the Bon Port****, our <strong class=\"color1\">campsite near Carnon<\/strong>. Both quiet and close to the beach, our <a href=\"\/en\/\">campsite in petite camargue<\/a> will be an excellent starting point to all the seaside resorts you want to see in the H\u00e9rault and Gard departments, including the town of <a href=\"https:\/\/www.mauguiocarnontourisme.com\/\" target=\"_blank\" rel=\"noopener\">Carnon<\/a>.<\/p>\n<\/div><\/div><\/section>\n\n<section id=\"section-61b20eccc6e82\" class=\"section home-fifth bg-white p-t-0\" ><div class=\"container extralarge\"><div class=\"colonnes-wrap valign-middle first-row\"><div class=\"element colonne \"><div class=\"element images\"><div class=\"image\"><img decoding=\"async\" src=\"https:\/\/www.campingbonport.com\/wp-content\/uploads\/2022\/03\/mobil-home-saintes-marie-de-la-mer.jpg\" alt=\"https:\/\/www.campingbonport.com\/wp-content\/uploads\/2022\/03\/mobil-home-saintes-marie-de-la-mer-100x94.jpg\" class=\"mobil-home Carnon\" images_image\/><\/div><\/div><\/div><div class=\"element colonne p-5\"><h2 class=\"element section-title justify\">Mobile home rental near in Carnon<\/h2><div class=\"element bloc-text justify \">\n\t<p>You would like to <strong class=\"color1\">rent a mobile home near Carnon<\/strong> for your next family holiday in the South of France? Located about ten kilometres from the beach and less than 30 kilometres from Carnon, the Bon Port campsite**** has a lot to offer. <\/p>\n<p>In our wooded park, a range of about ten models of recent mobile homes with all comforts are at your disposal. Ten models because at least one of them has to meet your specific needs. Our mobile homes can accommodate from 4 to 8 people and are all air-conditioned. For example, the Family mobile home has 3 separate bedrooms for up to 6 people and an elevated, covered terrace. <\/p>\n<p>A popular model for large families. We also have spacious camping pitches for tents and motorhomes. Finally, Camping Bon Port**** offers a full range of daily services, a bar-restaurant, games and a pool area, as well as an entertainment programme for young and old that is sure to tempt those looking for a fun-filled holiday. <strong class=\"color1\">campsite in Carnon<\/strong> or in the surrounding area.<\/p>\n<\/div><\/div><\/div><div class=\"element bloc-text\">\n\t<script>\r\n    window.ctoutvert = {\r\n\t\tid: 2791, \r\n\t\tlang: 'auto', \r\n\t\turl: 'https:\/\/bookingpremium.secureholiday.net\/widgets\/'\r\n    };\r\n    (function (w, d, s, ctv, r, js, fjs) {\r\n        r=new XMLHttpRequest();r.open('GET',w[ctv].url+'js\/src.json');\r\n        r.responseType='json';r.json=true;r.send();\r\n        r.onload=function(){w[ctv].src=r.responseType=='json'?r.response:JSON.parse(r.response);\r\n        js.src=w[ctv].src[0];fjs.parentNode.insertBefore(js, fjs);}\r\n        js=d.createElement(s),fjs=d.getElementsByTagName(s)[0];\r\n        js.id='ctvwidget';js.async=1;\r\n    }(window, document, 'script', 'ctoutvert'));\r\n<\/script>\r\n<ctv-product-list ><\/ctv-product-list><\/div><\/div><\/section>\n\n<section id=\"section-61b2128adf580\" class=\"section bg-white p-t-0 p-b-0\" ><div class=\"container full\"><div class=\"element images\"><div class=\"image\"><img decoding=\"async\" src=\"https:\/\/www.campingbonport.com\/wp-content\/uploads\/2022\/01\/camping-mobil-home-camargue-3.jpg\" alt=\"https:\/\/www.campingbonport.com\/wp-content\/uploads\/2022\/01\/camping-mobil-home-camargue-3-100x71.jpg\" class=\"louer un mobil-home Carnon\" images_image\/><\/div><div class=\"image\"><img decoding=\"async\" src=\"https:\/\/www.campingbonport.com\/wp-content\/uploads\/2021\/12\/piscine-famille-camping-bon-port.jpg\" alt=\"https:\/\/www.campingbonport.com\/wp-content\/uploads\/2021\/12\/piscine-famille-camping-bon-port-100x67.jpg\" class=\"camping \u00e0 Carnon\" images_image\/><\/div><div class=\"image\"><img decoding=\"async\" src=\"https:\/\/www.campingbonport.com\/wp-content\/uploads\/2021\/12\/animation-camping-enfant.jpg\" alt=\"https:\/\/www.campingbonport.com\/wp-content\/uploads\/2021\/12\/animation-camping-enfant-100x66.jpg\" class=\"location mobil-home Carnon\" images_image\/><\/div><\/div><\/div><\/section>\n\n<section id=\"section-61b20eccc70b6\" class=\"section neufFrame bg-color4 p-t-0 p-b-0\" ><div class=\"container full\"><div class=\"colonnes-wrap valign-middle \"><div class=\"element colonne p-x-10 p-y-6\"><h2 class=\"element section-title justify\">Tourism and places of interest in Carnon<\/h2><div class=\"element bloc-text justify \">\n\t<p>You have chosen to spend a pleasant holiday in <strong class=\"color1\">campsite by the sea in Carnon<\/strong> ? Take advantage of the sun and the Occitan coastline to discover the kingdom of water sports.<\/p>\n<p>This seaside resort gives you access to all the pleasures of the Mediterranean Sea, the Petite Camargue and river sailing.<\/p>\n<p>Ideal for swimming, Carnon&#8217;s large sandy beach is gently sloping, making it easy for the whole family to swim. The beach in the centre, called Grand Travers, is supervised and has playgrounds and a children&#8217;s club. Ideal for a family day out.<\/p>\n<\/div><\/div><div class=\"element colonne p-0\"><div class=\"element bloc-text\">\n\t<iframe src=\"https:\/\/www.google.com\/maps\/embed?pb=!1m28!1m12!1m3!1d190406.49557471558!2d4.006944423818428!3d43.57725465563994!2m3!1f0!2f0!3f0!3m2!1i1024!2i768!4f13.1!4m13!3e0!4m5!1s0x12b69ea2ce72dfad%3A0xc8b6560e21bf3c97!2sCamping%20Bon%20Port%20-%20Petite%20Camargue%2C%20Chemin%20du%20Mas%20de%20Saint-Ange%2C%20Lunel!3m2!1d43.656118!2d4.1420842!4m5!1s0x12b6bb4323d2abcd%3A0x2f1cdecb734b927b!2sCarnon%2C%20Mauguio!3m2!1d43.5488256!2d3.9799374999999997!5e0!3m2!1sfr!2sfr!4v1643706061292!5m2!1sfr!2sfr\" style=\"border:0;\" allowfullscreen=\"\" loading=\"lazy\"><\/iframe><\/div><\/div><\/div><div class=\"colonnes-wrap valign-middle \"><div class=\"element colonne p-0\"><div class=\"element bloc-text\">\n\t<iframe title=\"YouTube video player\" src=\"https:\/\/www.youtube.com\/embed\/ZWQv9G6sXxc\" width=\"100\" frameborder=\"0\" allowfullscreen=\"allowfullscreen\"><\/iframe><\/div><\/div><div class=\"element colonne p-x-10 p-y-6\"><div class=\"element bloc-text justify \">\n\t<p>On the 7 km of fine sand, there are many sports activities such as windsurfing, kite-surfing, kayaking and paddle boarding.<\/p>\n<p>From the resort, you can enjoy long bike rides, quad biking or horseback riding in the Petite Camargue. Between the Mediterranean Sea and the Etang de l&#8217;Or, you can discover the salins du Midi and the strong character of the Languedoc Roussillon region.<\/p>\n<p>It is also the departure point for river cruises. Many holidaymakers take advantage of this opportunity to enjoy the natural beauty of the region and the charm of its villages in a different way by hiring boats without a licence to sail down the Canal du Rh\u00f4ne \u00e0 S\u00e8te. An original getaway during your stay in <strong class=\"color1\">campsite Carnon<\/strong>.<\/p>\n<\/div><\/div><\/div><\/div><\/section>\n\n<section id=\"section-61b20eccc71c8\" class=\"section p-b-25 bg-white p-t-0\" ><div class=\"container extralarge\"><h2 class=\"element section-title justify m-y-5\">Discover the cities around Carnon<\/h2><ul class=\"liste-de-page\"><li class=\"element call-to-action carre call-to-action--style-1 call-to-action--big\"><a href=\"https:\/\/www.campingbonport.com\/en\/campsite-herault\/campsite-montpellier\/\"  class=\"call-to-action_link\" title=\"Read more about montpellier\"><div class=\"call-to-action_image\"><img decoding=\"async\" src=\"https:\/\/www.campingbonport.com\/wp-content\/uploads\/2022\/01\/camping-montpellier.jpg\" alt=\"https:\/\/www.campingbonport.com\/wp-content\/uploads\/2022\/01\/camping-montpellier-100x37.jpg\" class=\"camping montpellier\" big\/><\/div><div class=\"call-to-action_contenu\"><div class=\"call-to-action_titre\">Montpellier<\/div><\/div><\/a><\/li><li class=\"element call-to-action carre call-to-action--style-1 call-to-action--big call-to-action--style-1 call-to-action--big\"><a href=\"https:\/\/www.campingbonport.com\/en\/campsite-herault\/campsite-mauguio\/\"  class=\"call-to-action_link\" title=\"Read more about mauguio\"><div class=\"call-to-action_image\"><img decoding=\"async\" src=\"https:\/\/www.campingbonport.com\/wp-content\/uploads\/2022\/01\/camping-mauguio.jpg\" alt=\"https:\/\/www.campingbonport.com\/wp-content\/uploads\/2022\/01\/camping-mauguio-100x37.jpg\" class=\"camping mauguio\" big\/><\/div><div class=\"call-to-action_contenu\"><div class=\"call-to-action_titre\">Mauguio<\/div><\/div><\/a><\/li><li class=\"element call-to-action carre call-to-action--style-1 call-to-action--big call-to-action--style-1 call-to-action--big call-to-action--style-1 call-to-action--big\"><a href=\"https:\/\/www.campingbonport.com\/en\/campsite-herault\/campsite-lattes\/\"  class=\"call-to-action_link\" title=\"Read more about lattes\"><div class=\"call-to-action_image\"><img decoding=\"async\" src=\"https:\/\/www.campingbonport.com\/wp-content\/uploads\/2022\/01\/camping-lattes.jpg\" alt=\"https:\/\/www.campingbonport.com\/wp-content\/uploads\/2022\/01\/camping-lattes-100x37.jpg\" class=\"camping lattes\" big\/><\/div><div class=\"call-to-action_contenu\"><div class=\"call-to-action_titre\">Lattes<\/div><\/div><\/a><\/li><\/ul><\/div><\/section>","protected":false},"excerpt":{"rendered":"","protected":false},"author":1,"featured_media":3416,"parent":6668,"menu_order":0,"comment_status":"closed","ping_status":"closed","template":"","meta":{"_acf_changed":false,"footnotes":""},"class_list":["post-4925","page","type-page","status-publish","has-post-thumbnail","hentry"],"acf":[],"yoast_head":"<!-- This site is optimized with the Yoast SEO plugin v25.3.1 - https:\/\/yoast.com\/wordpress\/plugins\/seo\/ -->\n<title>Campsite Carnon - Carnon rental mobile home - \u1403 BON PORT ****<\/title>\n<meta name=\"description\" content=\"Looking for a campsite in Carnon? Choose your accommodation in a mobile home at Bon Port campsite **** and take the opportunity to visit the town of Carnon!\" \/>\n<meta name=\"robots\" content=\"index, follow, max-snippet:-1, max-image-preview:large, max-video-preview:-1\" \/>\n<link rel=\"canonical\" href=\"https:\/\/www.campingbonport.com\/en\/campsite-herault\/campsite-carnon\/\" \/>\n<meta property=\"og:locale\" content=\"en_US\" \/>\n<meta property=\"og:type\" content=\"article\" \/>\n<meta property=\"og:title\" content=\"Campsite Carnon - Carnon rental mobile home - \u1403 BON PORT ****\" \/>\n<meta property=\"og:description\" content=\"Looking for a campsite in Carnon? Choose your accommodation in a mobile home at Bon Port campsite **** and take the opportunity to visit the town of Carnon!\" \/>\n<meta property=\"og:url\" content=\"https:\/\/www.campingbonport.com\/en\/campsite-herault\/campsite-carnon\/\" \/>\n<meta property=\"og:site_name\" content=\"Camping Bon Port\" \/>\n<meta property=\"article:modified_time\" content=\"2022-04-01T11:49:33+00:00\" \/>\n<meta property=\"og:image\" content=\"https:\/\/www.campingbonport.com\/wp-content\/uploads\/2022\/01\/camping-carnon.jpg\" \/>\n\t<meta property=\"og:image:width\" content=\"1900\" \/>\n\t<meta property=\"og:image:height\" content=\"700\" \/>\n\t<meta property=\"og:image:type\" content=\"image\/jpeg\" \/>\n<meta name=\"twitter:card\" content=\"summary_large_image\" \/>\n<script type=\"application\/ld+json\" class=\"yoast-schema-graph\">{\"@context\":\"https:\/\/schema.org\",\"@graph\":[{\"@type\":\"WebPage\",\"@id\":\"https:\/\/www.campingbonport.com\/en\/campsite-herault\/campsite-carnon\/\",\"url\":\"https:\/\/www.campingbonport.com\/en\/campsite-herault\/campsite-carnon\/\",\"name\":\"Campsite Carnon - Carnon rental mobile home - \u1403 BON PORT ****\",\"isPartOf\":{\"@id\":\"https:\/\/www.campingbonport.com\/en\/#website\"},\"primaryImageOfPage\":{\"@id\":\"https:\/\/www.campingbonport.com\/en\/campsite-herault\/campsite-carnon\/#primaryimage\"},\"image\":{\"@id\":\"https:\/\/www.campingbonport.com\/en\/campsite-herault\/campsite-carnon\/#primaryimage\"},\"thumbnailUrl\":\"https:\/\/www.campingbonport.com\/wp-content\/uploads\/2022\/01\/camping-carnon.jpg\",\"datePublished\":\"2022-01-19T13:03:25+00:00\",\"dateModified\":\"2022-04-01T11:49:33+00:00\",\"description\":\"Looking for a campsite in Carnon? Choose your accommodation in a mobile home at Bon Port campsite **** and take the opportunity to visit the town of Carnon!\",\"breadcrumb\":{\"@id\":\"https:\/\/www.campingbonport.com\/en\/campsite-herault\/campsite-carnon\/#breadcrumb\"},\"inLanguage\":\"en-US\",\"potentialAction\":[{\"@type\":\"ReadAction\",\"target\":[\"https:\/\/www.campingbonport.com\/en\/campsite-herault\/campsite-carnon\/\"]}]},{\"@type\":\"ImageObject\",\"inLanguage\":\"en-US\",\"@id\":\"https:\/\/www.campingbonport.com\/en\/campsite-herault\/campsite-carnon\/#primaryimage\",\"url\":\"https:\/\/www.campingbonport.com\/wp-content\/uploads\/2022\/01\/camping-carnon.jpg\",\"contentUrl\":\"https:\/\/www.campingbonport.com\/wp-content\/uploads\/2022\/01\/camping-carnon.jpg\",\"width\":1900,\"height\":700,\"caption\":\"camping carnon\"},{\"@type\":\"BreadcrumbList\",\"@id\":\"https:\/\/www.campingbonport.com\/en\/campsite-herault\/campsite-carnon\/#breadcrumb\",\"itemListElement\":[{\"@type\":\"ListItem\",\"position\":1,\"name\":\"Camping Camargue\",\"item\":\"https:\/\/www.campingbonport.com\/en\/\"},{\"@type\":\"ListItem\",\"position\":2,\"name\":\"Camp in the H\u00e9rault\",\"item\":\"https:\/\/www.campingbonport.com\/en\/campsite-herault\/\"},{\"@type\":\"ListItem\",\"position\":3,\"name\":\"Campsite Carnon\"}]},{\"@type\":\"WebSite\",\"@id\":\"https:\/\/www.campingbonport.com\/en\/#website\",\"url\":\"https:\/\/www.campingbonport.com\/en\/\",\"name\":\"Camping Bon Port\",\"description\":\"\",\"publisher\":{\"@id\":\"https:\/\/www.campingbonport.com\/en\/#organization\"},\"potentialAction\":[{\"@type\":\"SearchAction\",\"target\":{\"@type\":\"EntryPoint\",\"urlTemplate\":\"https:\/\/www.campingbonport.com\/en\/?s={search_term_string}\"},\"query-input\":{\"@type\":\"PropertyValueSpecification\",\"valueRequired\":true,\"valueName\":\"search_term_string\"}}],\"inLanguage\":\"en-US\"},{\"@type\":\"Organization\",\"@id\":\"https:\/\/www.campingbonport.com\/en\/#organization\",\"name\":\"Camping Bon Port\",\"url\":\"https:\/\/www.campingbonport.com\/en\/\",\"logo\":{\"@type\":\"ImageObject\",\"inLanguage\":\"en-US\",\"@id\":\"https:\/\/www.campingbonport.com\/en\/#\/schema\/logo\/image\/\",\"url\":\"https:\/\/www.campingbonport.com\/wp-content\/uploads\/2021\/11\/logo-bon-port.jpg\",\"contentUrl\":\"https:\/\/www.campingbonport.com\/wp-content\/uploads\/2021\/11\/logo-bon-port.jpg\",\"width\":736,\"height\":917,\"caption\":\"Camping Bon Port\"},\"image\":{\"@id\":\"https:\/\/www.campingbonport.com\/en\/#\/schema\/logo\/image\/\"}}]}<\/script>\n<!-- \/ Yoast SEO plugin. -->","yoast_head_json":{"title":"Campsite Carnon - Carnon rental mobile home - \u1403 BON PORT ****","description":"Looking for a campsite in Carnon? Choose your accommodation in a mobile home at Bon Port campsite **** and take the opportunity to visit the town of Carnon!","robots":{"index":"index","follow":"follow","max-snippet":"max-snippet:-1","max-image-preview":"max-image-preview:large","max-video-preview":"max-video-preview:-1"},"canonical":"https:\/\/www.campingbonport.com\/en\/campsite-herault\/campsite-carnon\/","og_locale":"en_US","og_type":"article","og_title":"Campsite Carnon - Carnon rental mobile home - \u1403 BON PORT ****","og_description":"Looking for a campsite in Carnon? Choose your accommodation in a mobile home at Bon Port campsite **** and take the opportunity to visit the town of Carnon!","og_url":"https:\/\/www.campingbonport.com\/en\/campsite-herault\/campsite-carnon\/","og_site_name":"Camping Bon Port","article_modified_time":"2022-04-01T11:49:33+00:00","og_image":[{"width":1900,"height":700,"url":"https:\/\/www.campingbonport.com\/wp-content\/uploads\/2022\/01\/camping-carnon.jpg","type":"image\/jpeg"}],"twitter_card":"summary_large_image","schema":{"@context":"https:\/\/schema.org","@graph":[{"@type":"WebPage","@id":"https:\/\/www.campingbonport.com\/en\/campsite-herault\/campsite-carnon\/","url":"https:\/\/www.campingbonport.com\/en\/campsite-herault\/campsite-carnon\/","name":"Campsite Carnon - Carnon rental mobile home - \u1403 BON PORT ****","isPartOf":{"@id":"https:\/\/www.campingbonport.com\/en\/#website"},"primaryImageOfPage":{"@id":"https:\/\/www.campingbonport.com\/en\/campsite-herault\/campsite-carnon\/#primaryimage"},"image":{"@id":"https:\/\/www.campingbonport.com\/en\/campsite-herault\/campsite-carnon\/#primaryimage"},"thumbnailUrl":"https:\/\/www.campingbonport.com\/wp-content\/uploads\/2022\/01\/camping-carnon.jpg","datePublished":"2022-01-19T13:03:25+00:00","dateModified":"2022-04-01T11:49:33+00:00","description":"Looking for a campsite in Carnon? Choose your accommodation in a mobile home at Bon Port campsite **** and take the opportunity to visit the town of Carnon!","breadcrumb":{"@id":"https:\/\/www.campingbonport.com\/en\/campsite-herault\/campsite-carnon\/#breadcrumb"},"inLanguage":"en-US","potentialAction":[{"@type":"ReadAction","target":["https:\/\/www.campingbonport.com\/en\/campsite-herault\/campsite-carnon\/"]}]},{"@type":"ImageObject","inLanguage":"en-US","@id":"https:\/\/www.campingbonport.com\/en\/campsite-herault\/campsite-carnon\/#primaryimage","url":"https:\/\/www.campingbonport.com\/wp-content\/uploads\/2022\/01\/camping-carnon.jpg","contentUrl":"https:\/\/www.campingbonport.com\/wp-content\/uploads\/2022\/01\/camping-carnon.jpg","width":1900,"height":700,"caption":"camping carnon"},{"@type":"BreadcrumbList","@id":"https:\/\/www.campingbonport.com\/en\/campsite-herault\/campsite-carnon\/#breadcrumb","itemListElement":[{"@type":"ListItem","position":1,"name":"Camping Camargue","item":"https:\/\/www.campingbonport.com\/en\/"},{"@type":"ListItem","position":2,"name":"Camp in the H\u00e9rault","item":"https:\/\/www.campingbonport.com\/en\/campsite-herault\/"},{"@type":"ListItem","position":3,"name":"Campsite Carnon"}]},{"@type":"WebSite","@id":"https:\/\/www.campingbonport.com\/en\/#website","url":"https:\/\/www.campingbonport.com\/en\/","name":"Camping Bon Port","description":"","publisher":{"@id":"https:\/\/www.campingbonport.com\/en\/#organization"},"potentialAction":[{"@type":"SearchAction","target":{"@type":"EntryPoint","urlTemplate":"https:\/\/www.campingbonport.com\/en\/?s={search_term_string}"},"query-input":{"@type":"PropertyValueSpecification","valueRequired":true,"valueName":"search_term_string"}}],"inLanguage":"en-US"},{"@type":"Organization","@id":"https:\/\/www.campingbonport.com\/en\/#organization","name":"Camping Bon Port","url":"https:\/\/www.campingbonport.com\/en\/","logo":{"@type":"ImageObject","inLanguage":"en-US","@id":"https:\/\/www.campingbonport.com\/en\/#\/schema\/logo\/image\/","url":"https:\/\/www.campingbonport.com\/wp-content\/uploads\/2021\/11\/logo-bon-port.jpg","contentUrl":"https:\/\/www.campingbonport.com\/wp-content\/uploads\/2021\/11\/logo-bon-port.jpg","width":736,"height":917,"caption":"Camping Bon Port"},"image":{"@id":"https:\/\/www.campingbonport.com\/en\/#\/schema\/logo\/image\/"}}]}},"_links":{"self":[{"href":"https:\/\/www.campingbonport.com\/en\/wp-json\/wp\/v2\/pages\/4925","targetHints":{"allow":["GET"]}}],"collection":[{"href":"https:\/\/www.campingbonport.com\/en\/wp-json\/wp\/v2\/pages"}],"about":[{"href":"https:\/\/www.campingbonport.com\/en\/wp-json\/wp\/v2\/types\/page"}],"author":[{"embeddable":true,"href":"https:\/\/www.campingbonport.com\/en\/wp-json\/wp\/v2\/users\/1"}],"replies":[{"embeddable":true,"href":"https:\/\/www.campingbonport.com\/en\/wp-json\/wp\/v2\/comments?post=4925"}],"version-history":[{"count":12,"href":"https:\/\/www.campingbonport.com\/en\/wp-json\/wp\/v2\/pages\/4925\/revisions"}],"predecessor-version":[{"id":6834,"href":"https:\/\/www.campingbonport.com\/en\/wp-json\/wp\/v2\/pages\/4925\/revisions\/6834"}],"up":[{"embeddable":true,"href":"https:\/\/www.campingbonport.com\/en\/wp-json\/wp\/v2\/pages\/6668"}],"wp:featuredmedia":[{"embeddable":true,"href":"https:\/\/www.campingbonport.com\/en\/wp-json\/wp\/v2\/media\/3416"}],"wp:attachment":[{"href":"https:\/\/www.campingbonport.com\/en\/wp-json\/wp\/v2\/media?parent=4925"}],"curies":[{"name":"wp","href":"https:\/\/api.w.org\/{rel}","templated":true}]}}