{"id":6774,"date":"2022-01-19T11:26:08","date_gmt":"2022-01-19T10:26:08","guid":{"rendered":"https:\/\/www.campingbonport.com\/campingplatz-gard\/camping-aigues-mortes\/"},"modified":"2022-04-01T12:10:31","modified_gmt":"2022-04-01T10:10:31","slug":"campingplatz-aigues-mortes","status":"publish","type":"page","link":"https:\/\/www.campingbonport.com\/de\/campingplatz-gard\/campingplatz-aigues-mortes\/","title":{"rendered":"Campingplatz Aigues Mortes"},"content":{"rendered":"<section id=\"section-61b20eccc6d4c\" class=\"section bg-white p-b-0\" ><div class=\"container extralarge\"><h1 class=\"element section-title center\">Campingplatz Aigues Mortes<\/h1><div class=\"element bloc-text center \">\n\t<p>Sie haben Lust auf einen Familienurlaub unter der Sonne S\u00fcdfrankreichs, am liebsten auf einem Campingplatz im Gard oder in der Umgebung von <a href=\"https:\/\/ot-aiguesmortes.com\/de\/\" target=\"_blank\" rel=\"noopener\">Aigues Mortes<\/a>? Sie sind am richtigen Ort im <a href=\"\/de\/\">campingplatz Bon Port****<\/a>, <span style=\"font-weight: 400;\">in Petite Camargue Region Languedoc Roussillon!<\/span> Unter <strong class=\"color1\"><span style=\"font-weight: 400;\">die <strong class=\"color1\">verschiedene Campingpl\u00e4tze in der Gegend<\/strong><\/span><\/strong>, le Bon Port ist ideal gelegen f\u00fcr alle Ihre Ausfl\u00fcge in die Departements H\u00e9rault und Gard. Vom Dorf aus streckt Ihnen die Petite Camargue ihre Arme entgegen. Der Pont du Gard, Saint Laurent d&#8217;Aigouze im Herzen der Camargue oder Grau du Roi erwarten Sie.<\/p>\n<\/div><\/div><\/section>\n\n<section id=\"section-61b20eccc6e82\" class=\"section home-fifth bg-white p-t-0\" ><div class=\"container extralarge\"><div class=\"colonnes-wrap valign-middle first-row\"><div class=\"element colonne \"><div class=\"element images\"><div class=\"image\"><img decoding=\"async\" src=\"https:\/\/www.campingbonport.com\/wp-content\/uploads\/2022\/03\/mobil-home-arles.jpg\" alt=\"https:\/\/www.campingbonport.com\/wp-content\/uploads\/2022\/03\/mobil-home-arles-82x100.jpg\" class=\"mobil-home Aigues Mortes\" images_image\/><\/div><\/div><\/div><div class=\"element colonne p-5\"><h2 class=\"element section-title justify\">Mobilheim mieten in der N\u00e4he von Aigues Mortes<\/h2><div class=\"element bloc-text justify \">\n\t<p>In den <strong class=\"color1\">campingpl\u00e4tze in Aigues Mortes<\/strong> traditioneller Campingplatz und Vermietung von Mobilheimen warten auf Sie. Le Bon Port, ein 4-Sterne-Campingplatz, empf\u00e4ngt Sie nur 17 km entfernt. Mit unserer Kollektion an modernen und qualitativ hochwertigen Mobilheimen finden Sie Ihren <strong class=\"color1\">Vermietung Mobilheim Aigues Mortes<\/strong>ideal. Als Familie mit zwei Kindern k\u00f6nnen Sie sich beispielsweise f\u00fcr ein preisg\u00fcnstiges Modell mit zwei Schlafzimmern, einer voll ausgestatteten K\u00fcche, einem Wohnzimmer, einem Badezimmer und einem WC entscheiden, das \u00fcber eine integrierte Terrasse verf\u00fcgt. Unser komplettes Angebot umfasst <strong class=\"color1\">ein Dutzend Mobilheime<\/strong> mit unterschiedlichem Stil und Layout, <strong class=\"color1\">die 4 bis 8 Personen beherbergen<\/strong>, darunter ein Modell <strong class=\"color1\">f\u00fcr Menschen mit Behinderungen geeignet<\/strong>. Ob Sie Ihren Urlaub auf den Campingpl\u00e4tzen Aigues Mortes mit der Familie oder mit Freunden verbringen m\u00f6chten, wir haben bestimmt die richtige Unterkunft f\u00fcr Sie. Neben der Vermietung von abwechslungsreichen Mobilheimen, <strong class=\"color1\">der Campingplatz verf\u00fcgt au\u00dferdem \u00fcber eine breite Palette an Dienstleistungen<\/strong>, darunter Fahrradverleih, Kinderspielpl\u00e4tze im Freien, ein Kinderspielzimmer, ein Restaurant und ein Animationsteam, das auch Spiele f\u00fcr Kinder anbietet, was ihn zu einem beliebten Ziel macht, wenn Sie die <strong class=\"color1\">Campingpl\u00e4tze in Aigues Mortes<\/strong>. Und wenn f\u00fcr Sie Campingurlaub gleichbedeutend mit Stellplatz ist, entdecken Sie auch unsere gro\u00dfen Campingpl\u00e4tze f\u00fcr Wohnmobile und Zelte! Der Vorteil von Le Bon Port ist, dass Sie w\u00e4hrend Ihres Campingurlaubs die Petite Camargue und Grau du Roi leicht besichtigen k\u00f6nnen.<\/p>\n<\/div><\/div><\/div><div class=\"element bloc-text\">\n\t<script>\r\n    window.ctoutvert = {\r\n\t\tid: 2791, \r\n\t\tlang: 'auto', \r\n\t\turl: 'https:\/\/bookingpremium.secureholiday.net\/widgets\/'\r\n    };\r\n    (function (w, d, s, ctv, r, js, fjs) {\r\n        r=new XMLHttpRequest();r.open('GET',w[ctv].url+'js\/src.json');\r\n        r.responseType='json';r.json=true;r.send();\r\n        r.onload=function(){w[ctv].src=r.responseType=='json'?r.response:JSON.parse(r.response);\r\n        js.src=w[ctv].src[0];fjs.parentNode.insertBefore(js, fjs);}\r\n        js=d.createElement(s),fjs=d.getElementsByTagName(s)[0];\r\n        js.id='ctvwidget';js.async=1;\r\n    }(window, document, 'script', 'ctoutvert'));\r\n<\/script>\r\n<ctv-product-list ><\/ctv-product-list><\/div><\/div><\/section>\n\n<section id=\"section-61b2128adf580\" class=\"section bg-white p-t-0 p-b-0\" ><div class=\"container full\"><div class=\"element images\"><div class=\"image\"><img decoding=\"async\" src=\"https:\/\/www.campingbonport.com\/wp-content\/uploads\/2022\/01\/camping-piscine-lunel.jpg\" alt=\"https:\/\/www.campingbonport.com\/wp-content\/uploads\/2022\/01\/camping-piscine-lunel-100x68.jpg\" class=\"louer un mobil-home Aigues Mortes\" images_image\/><\/div><div class=\"image\"><img decoding=\"async\" src=\"https:\/\/www.campingbonport.com\/wp-content\/uploads\/2022\/01\/piscine-toboggans.jpg\" alt=\"https:\/\/www.campingbonport.com\/wp-content\/uploads\/2022\/01\/piscine-toboggans-100x68.jpg\" class=\"camping \u00e0 Aigues Mortes\" images_image\/><\/div><div class=\"image\"><img decoding=\"async\" src=\"https:\/\/www.campingbonport.com\/wp-content\/uploads\/2022\/01\/location-draps-serviettes.jpg\" alt=\"https:\/\/www.campingbonport.com\/wp-content\/uploads\/2022\/01\/location-draps-serviettes-100x80.jpg\" class=\"location mobil-home Aigues Mortes\" images_image\/><\/div><\/div><\/div><\/section>\n\n<section id=\"section-61b20eccc70b6\" class=\"section neufFrame bg-color4 p-t-0 p-b-0\" ><div class=\"container full\"><div class=\"colonnes-wrap valign-middle \"><div class=\"element colonne p-x-10 p-y-6\"><h2 class=\"element section-title justify\">Tourismus und Sehensw\u00fcrdigkeiten in Aigues Mortes<\/h2><div class=\"element bloc-text justify \">\n\t<p>Wenn Sie sich in <strong class=\"color1\">Campingplatz in Aigues Mortes<\/strong>, haben Sie die Chance, eine der historischen Hochburgen Okzitaniens und ein h\u00fcbsches <strong class=\"color1\">Jachthafen<\/strong>.<\/p>\n<p>Als Vorposten auf dem Rh\u00f4nedelta ist die <strong class=\"color1\">Die mittelalterliche Stadt<\/strong> \u00fcberrascht mit einer Mischung aus sehr gut erhaltenen milit\u00e4rischen Befestigungen und der Raffinesse ihrer gotischen Architektur. Von den Stadtmauern aus bietet sie einen <strong class=\"color1\">atemberaubender Ausblick auf die Salzg\u00e4rten und das Mittelmeer<\/strong>. NICHT vers\u00e4umen, einen Spaziergang am Strand oder auf der Uferpromenade zu machen!<\/p>\n<p>Als Ausgangspunkt f\u00fcr die Kreuzz\u00fcge von K\u00f6nig Saint-Louis zeugen der heutige Jachthafen und die mittelalterliche Stadt von den Auswirkungen der Religionskriege und der Revolution auf die Region, mit dem<strong class=\"color1\">Kirche Notre Dame des Sablons<\/strong> und die <strong class=\"color1\">Kapellen der Bruderschaften der grauen und wei\u00dfen B\u00fc\u00dfer<\/strong>. Entscheiden Sie sich f\u00fcr einen Fahrradverleih oder erkunden Sie die Umgebung zu Fu\u00df.<\/p>\n<\/div><\/div><div class=\"element colonne p-0\"><div class=\"element images\"><div class=\"image\"><img decoding=\"async\" src=\"https:\/\/www.campingbonport.com\/wp-content\/uploads\/2022\/03\/camping-aigues-mortes.jpg\" alt=\"https:\/\/www.campingbonport.com\/wp-content\/uploads\/2022\/03\/camping-aigues-mortes-100x71.jpg\" class=\"vacances Aigues Mortes\" images_image\/><\/div><\/div><\/div><\/div><div class=\"colonnes-wrap valign-middle \"><div class=\"element colonne p-0\"><div class=\"element bloc-text\">\n\t<iframe title=\"YouTube video player\" src=\"https:\/\/www.youtube.com\/embed\/P-uSHXXD138?start=16\" width=\"100\" frameborder=\"0\" allowfullscreen=\"allowfullscreen\"><\/iframe><\/div><\/div><div class=\"element colonne p-x-10 p-y-6\"><div class=\"element bloc-text justify \">\n\t<p>Im Dorf wird auch die kleine Camargue hervorgehoben. Zun\u00e4chst mit dem <strong class=\"color1\">Blumenpark der 5 Kontinente<\/strong>, in dem fast 2000 Pflanzenarten in aller Ruhe wachsen und zu Elixieren verarbeitet werden. Zweitens werden Entdeckungssafaris durch die wilde Camargue angeboten, die weit entfernt von den klassischen Touristenrouten liegen und von echten Manadiers geleitet werden. Man kann die Salzfelder mit dem kleinen Zug durchqueren und im Salzmuseum Halt machen oder den Entdeckungspfad der <strong class=\"color1\">Teich von La Marette<\/strong> und halten in seinem <strong class=\"color1\">\u00d6komuseum<\/strong>. J\u00fcngere Kinder freuen sich \u00fcber die Schatzsuche, die in der Stadt organisiert wird und bei der sie einen Teil des Templerschatzes mit nach Hause nehmen k\u00f6nnen! Sehensw\u00fcrdigkeiten in der Umgebung w\u00e4hrend Ihres Campingurlaubs im Herzen der Camargue sind Saint Laurent d&#8217;Aigouze, Le Grau du Roi und nat\u00fcrlich der Pont du Gard! In Aigues Mortes gehen Camping und Tourismus Hand in Hand, denn beim Camping hat die kleine Camargue noch mehr Charme!<\/p>\n<\/div><\/div><\/div><\/div><\/section>\n\n<section id=\"section-61b20eccc71c8\" class=\"section p-b-25 bg-white p-t-0\" ><div class=\"container extralarge\"><h2 class=\"element section-title justify m-y-5\">Entdecken Sie die St\u00e4dte in der Umgebung von Aigues Mortes<\/h2><ul class=\"liste-de-page\"><li class=\"element call-to-action carre call-to-action--style-1 call-to-action--big\"><a href=\"https:\/\/www.campingbonport.com\/de\/campingplatz-gard\/campingplatz-grau-du-roi\/\"  class=\"call-to-action_link\" title=\"Mehr \u00fcber die grau-du-roi\"><div class=\"call-to-action_image\"><img decoding=\"async\" src=\"https:\/\/www.campingbonport.com\/wp-content\/uploads\/2022\/01\/camping-grau-du-roi.jpg\" alt=\"https:\/\/www.campingbonport.com\/wp-content\/uploads\/2022\/01\/camping-grau-du-roi-100x37.jpg\" class=\"camping grau du roi\" big\/><\/div><div class=\"call-to-action_contenu\"><div class=\"call-to-action_titre\">Die Grau-du-Roi<\/div><\/div><\/a><\/li><li class=\"element call-to-action carre call-to-action--style-1 call-to-action--big call-to-action--style-1 call-to-action--big\"><a href=\"https:\/\/www.campingbonport.com\/de\/campingplatz-gard\/campingplatz-nimes\/\"  class=\"call-to-action_link\" title=\"Mehr \u00fcber n\u00eemes\"><div class=\"call-to-action_image\"><img decoding=\"async\" src=\"https:\/\/www.campingbonport.com\/wp-content\/uploads\/2022\/01\/camping-nimes.jpg\" alt=\"https:\/\/www.campingbonport.com\/wp-content\/uploads\/2022\/01\/camping-nimes-100x37.jpg\" class=\"camping nimes\" big\/><\/div><div class=\"call-to-action_contenu\"><div class=\"call-to-action_titre\">N\u00eemes<\/div><\/div><\/a><\/li><li class=\"element call-to-action carre call-to-action--style-1 call-to-action--big call-to-action--style-1 call-to-action--big call-to-action--style-1 call-to-action--big\"><a href=\"https:\/\/www.campingbonport.com\/de\/campingplatz-gard\/campingplatz-sommieres\/\"  class=\"call-to-action_link\" title=\"Mehr \u00fcber sommi\u00e8res\"><div class=\"call-to-action_image\"><img decoding=\"async\" src=\"https:\/\/www.campingbonport.com\/wp-content\/uploads\/2022\/01\/camping-sommieres.jpg\" alt=\"https:\/\/www.campingbonport.com\/wp-content\/uploads\/2022\/01\/camping-sommieres-100x37.jpg\" class=\"camping sommieres\" big\/><\/div><div class=\"call-to-action_contenu\"><div class=\"call-to-action_titre\">Sommi\u00e8res<\/div><\/div><\/a><\/li><\/ul><\/div><\/section>","protected":false},"excerpt":{"rendered":"","protected":false},"author":1,"featured_media":3336,"parent":6684,"menu_order":0,"comment_status":"closed","ping_status":"closed","template":"","meta":{"_acf_changed":false,"footnotes":""},"class_list":["post-6774","page","type-page","status-publish","has-post-thumbnail","hentry"],"acf":[],"yoast_head":"<!-- This site is optimized with the Yoast SEO plugin v25.3.1 - https:\/\/yoast.com\/wordpress\/plugins\/seo\/ -->\n<title>Camping Aigues Mortes - Mobilheimvermietung in Aigues Mortes<\/title>\n<meta name=\"description\" content=\"Sind Sie auf der Suche nach einem Campingplatz in Aigues Mortes? W\u00e4hlen Sie Ihre Mobilheimmiete auf dem Campingplatz Bon Port **** und nutzen Sie die Gelegenheit, die Stadt Aigues Mortes zu besichtigen!\" \/>\n<meta name=\"robots\" content=\"index, follow, max-snippet:-1, max-image-preview:large, max-video-preview:-1\" \/>\n<link rel=\"canonical\" href=\"https:\/\/www.campingbonport.com\/de\/campingplatz-gard\/campingplatz-aigues-mortes\/\" \/>\n<meta property=\"og:locale\" content=\"de_DE\" \/>\n<meta property=\"og:type\" content=\"article\" \/>\n<meta property=\"og:title\" content=\"Camping Aigues Mortes - Mobilheimvermietung in Aigues Mortes\" \/>\n<meta property=\"og:description\" content=\"Sind Sie auf der Suche nach einem Campingplatz in Aigues Mortes? W\u00e4hlen Sie Ihre Mobilheimmiete auf dem Campingplatz Bon Port **** und nutzen Sie die Gelegenheit, die Stadt Aigues Mortes zu besichtigen!\" \/>\n<meta property=\"og:url\" content=\"https:\/\/www.campingbonport.com\/de\/campingplatz-gard\/campingplatz-aigues-mortes\/\" \/>\n<meta property=\"og:site_name\" content=\"Camping Bon Port\" \/>\n<meta property=\"article:modified_time\" content=\"2022-04-01T10:10:31+00:00\" \/>\n<meta property=\"og:image\" content=\"https:\/\/www.campingbonport.com\/wp-content\/uploads\/2022\/01\/camping-aigues-mortes.jpg\" \/>\n\t<meta property=\"og:image:width\" content=\"1900\" \/>\n\t<meta property=\"og:image:height\" content=\"700\" \/>\n\t<meta property=\"og:image:type\" content=\"image\/jpeg\" \/>\n<meta name=\"twitter:card\" content=\"summary_large_image\" \/>\n<script type=\"application\/ld+json\" class=\"yoast-schema-graph\">{\"@context\":\"https:\/\/schema.org\",\"@graph\":[{\"@type\":\"WebPage\",\"@id\":\"https:\/\/www.campingbonport.com\/de\/campingplatz-gard\/campingplatz-aigues-mortes\/\",\"url\":\"https:\/\/www.campingbonport.com\/de\/campingplatz-gard\/campingplatz-aigues-mortes\/\",\"name\":\"Camping Aigues Mortes - Mobilheimvermietung in Aigues Mortes\",\"isPartOf\":{\"@id\":\"https:\/\/www.campingbonport.com\/de\/#website\"},\"primaryImageOfPage\":{\"@id\":\"https:\/\/www.campingbonport.com\/de\/campingplatz-gard\/campingplatz-aigues-mortes\/#primaryimage\"},\"image\":{\"@id\":\"https:\/\/www.campingbonport.com\/de\/campingplatz-gard\/campingplatz-aigues-mortes\/#primaryimage\"},\"thumbnailUrl\":\"https:\/\/www.campingbonport.com\/wp-content\/uploads\/2022\/01\/camping-aigues-mortes.jpg\",\"datePublished\":\"2022-01-19T10:26:08+00:00\",\"dateModified\":\"2022-04-01T10:10:31+00:00\",\"description\":\"Sind Sie auf der Suche nach einem Campingplatz in Aigues Mortes? W\u00e4hlen Sie Ihre Mobilheimmiete auf dem Campingplatz Bon Port **** und nutzen Sie die Gelegenheit, die Stadt Aigues Mortes zu besichtigen!\",\"breadcrumb\":{\"@id\":\"https:\/\/www.campingbonport.com\/de\/campingplatz-gard\/campingplatz-aigues-mortes\/#breadcrumb\"},\"inLanguage\":\"de\",\"potentialAction\":[{\"@type\":\"ReadAction\",\"target\":[\"https:\/\/www.campingbonport.com\/de\/campingplatz-gard\/campingplatz-aigues-mortes\/\"]}]},{\"@type\":\"ImageObject\",\"inLanguage\":\"de\",\"@id\":\"https:\/\/www.campingbonport.com\/de\/campingplatz-gard\/campingplatz-aigues-mortes\/#primaryimage\",\"url\":\"https:\/\/www.campingbonport.com\/wp-content\/uploads\/2022\/01\/camping-aigues-mortes.jpg\",\"contentUrl\":\"https:\/\/www.campingbonport.com\/wp-content\/uploads\/2022\/01\/camping-aigues-mortes.jpg\",\"width\":1900,\"height\":700,\"caption\":\"camping aigues mortes\"},{\"@type\":\"BreadcrumbList\",\"@id\":\"https:\/\/www.campingbonport.com\/de\/campingplatz-gard\/campingplatz-aigues-mortes\/#breadcrumb\",\"itemListElement\":[{\"@type\":\"ListItem\",\"position\":1,\"name\":\"Camping Camargue\",\"item\":\"https:\/\/www.campingbonport.com\/de\/\"},{\"@type\":\"ListItem\",\"position\":2,\"name\":\"Zelten im Gard\",\"item\":\"https:\/\/www.campingbonport.com\/de\/campingplatz-gard\/\"},{\"@type\":\"ListItem\",\"position\":3,\"name\":\"Zelten Sie in Aigues Mortes\"}]},{\"@type\":\"WebSite\",\"@id\":\"https:\/\/www.campingbonport.com\/de\/#website\",\"url\":\"https:\/\/www.campingbonport.com\/de\/\",\"name\":\"Camping Bon Port\",\"description\":\"\",\"publisher\":{\"@id\":\"https:\/\/www.campingbonport.com\/de\/#organization\"},\"potentialAction\":[{\"@type\":\"SearchAction\",\"target\":{\"@type\":\"EntryPoint\",\"urlTemplate\":\"https:\/\/www.campingbonport.com\/de\/?s={search_term_string}\"},\"query-input\":{\"@type\":\"PropertyValueSpecification\",\"valueRequired\":true,\"valueName\":\"search_term_string\"}}],\"inLanguage\":\"de\"},{\"@type\":\"Organization\",\"@id\":\"https:\/\/www.campingbonport.com\/de\/#organization\",\"name\":\"Camping Bon Port\",\"url\":\"https:\/\/www.campingbonport.com\/de\/\",\"logo\":{\"@type\":\"ImageObject\",\"inLanguage\":\"de\",\"@id\":\"https:\/\/www.campingbonport.com\/de\/#\/schema\/logo\/image\/\",\"url\":\"https:\/\/www.campingbonport.com\/wp-content\/uploads\/2021\/11\/logo-bon-port.jpg\",\"contentUrl\":\"https:\/\/www.campingbonport.com\/wp-content\/uploads\/2021\/11\/logo-bon-port.jpg\",\"width\":736,\"height\":917,\"caption\":\"Camping Bon Port\"},\"image\":{\"@id\":\"https:\/\/www.campingbonport.com\/de\/#\/schema\/logo\/image\/\"}}]}<\/script>\n<!-- \/ Yoast SEO plugin. -->","yoast_head_json":{"title":"Camping Aigues Mortes - Mobilheimvermietung in Aigues Mortes","description":"Sind Sie auf der Suche nach einem Campingplatz in Aigues Mortes? W\u00e4hlen Sie Ihre Mobilheimmiete auf dem Campingplatz Bon Port **** und nutzen Sie die Gelegenheit, die Stadt Aigues Mortes zu besichtigen!","robots":{"index":"index","follow":"follow","max-snippet":"max-snippet:-1","max-image-preview":"max-image-preview:large","max-video-preview":"max-video-preview:-1"},"canonical":"https:\/\/www.campingbonport.com\/de\/campingplatz-gard\/campingplatz-aigues-mortes\/","og_locale":"de_DE","og_type":"article","og_title":"Camping Aigues Mortes - Mobilheimvermietung in Aigues Mortes","og_description":"Sind Sie auf der Suche nach einem Campingplatz in Aigues Mortes? W\u00e4hlen Sie Ihre Mobilheimmiete auf dem Campingplatz Bon Port **** und nutzen Sie die Gelegenheit, die Stadt Aigues Mortes zu besichtigen!","og_url":"https:\/\/www.campingbonport.com\/de\/campingplatz-gard\/campingplatz-aigues-mortes\/","og_site_name":"Camping Bon Port","article_modified_time":"2022-04-01T10:10:31+00:00","og_image":[{"width":1900,"height":700,"url":"https:\/\/www.campingbonport.com\/wp-content\/uploads\/2022\/01\/camping-aigues-mortes.jpg","type":"image\/jpeg"}],"twitter_card":"summary_large_image","schema":{"@context":"https:\/\/schema.org","@graph":[{"@type":"WebPage","@id":"https:\/\/www.campingbonport.com\/de\/campingplatz-gard\/campingplatz-aigues-mortes\/","url":"https:\/\/www.campingbonport.com\/de\/campingplatz-gard\/campingplatz-aigues-mortes\/","name":"Camping Aigues Mortes - Mobilheimvermietung in Aigues Mortes","isPartOf":{"@id":"https:\/\/www.campingbonport.com\/de\/#website"},"primaryImageOfPage":{"@id":"https:\/\/www.campingbonport.com\/de\/campingplatz-gard\/campingplatz-aigues-mortes\/#primaryimage"},"image":{"@id":"https:\/\/www.campingbonport.com\/de\/campingplatz-gard\/campingplatz-aigues-mortes\/#primaryimage"},"thumbnailUrl":"https:\/\/www.campingbonport.com\/wp-content\/uploads\/2022\/01\/camping-aigues-mortes.jpg","datePublished":"2022-01-19T10:26:08+00:00","dateModified":"2022-04-01T10:10:31+00:00","description":"Sind Sie auf der Suche nach einem Campingplatz in Aigues Mortes? W\u00e4hlen Sie Ihre Mobilheimmiete auf dem Campingplatz Bon Port **** und nutzen Sie die Gelegenheit, die Stadt Aigues Mortes zu besichtigen!","breadcrumb":{"@id":"https:\/\/www.campingbonport.com\/de\/campingplatz-gard\/campingplatz-aigues-mortes\/#breadcrumb"},"inLanguage":"de","potentialAction":[{"@type":"ReadAction","target":["https:\/\/www.campingbonport.com\/de\/campingplatz-gard\/campingplatz-aigues-mortes\/"]}]},{"@type":"ImageObject","inLanguage":"de","@id":"https:\/\/www.campingbonport.com\/de\/campingplatz-gard\/campingplatz-aigues-mortes\/#primaryimage","url":"https:\/\/www.campingbonport.com\/wp-content\/uploads\/2022\/01\/camping-aigues-mortes.jpg","contentUrl":"https:\/\/www.campingbonport.com\/wp-content\/uploads\/2022\/01\/camping-aigues-mortes.jpg","width":1900,"height":700,"caption":"camping aigues mortes"},{"@type":"BreadcrumbList","@id":"https:\/\/www.campingbonport.com\/de\/campingplatz-gard\/campingplatz-aigues-mortes\/#breadcrumb","itemListElement":[{"@type":"ListItem","position":1,"name":"Camping Camargue","item":"https:\/\/www.campingbonport.com\/de\/"},{"@type":"ListItem","position":2,"name":"Zelten im Gard","item":"https:\/\/www.campingbonport.com\/de\/campingplatz-gard\/"},{"@type":"ListItem","position":3,"name":"Zelten Sie in Aigues Mortes"}]},{"@type":"WebSite","@id":"https:\/\/www.campingbonport.com\/de\/#website","url":"https:\/\/www.campingbonport.com\/de\/","name":"Camping Bon Port","description":"","publisher":{"@id":"https:\/\/www.campingbonport.com\/de\/#organization"},"potentialAction":[{"@type":"SearchAction","target":{"@type":"EntryPoint","urlTemplate":"https:\/\/www.campingbonport.com\/de\/?s={search_term_string}"},"query-input":{"@type":"PropertyValueSpecification","valueRequired":true,"valueName":"search_term_string"}}],"inLanguage":"de"},{"@type":"Organization","@id":"https:\/\/www.campingbonport.com\/de\/#organization","name":"Camping Bon Port","url":"https:\/\/www.campingbonport.com\/de\/","logo":{"@type":"ImageObject","inLanguage":"de","@id":"https:\/\/www.campingbonport.com\/de\/#\/schema\/logo\/image\/","url":"https:\/\/www.campingbonport.com\/wp-content\/uploads\/2021\/11\/logo-bon-port.jpg","contentUrl":"https:\/\/www.campingbonport.com\/wp-content\/uploads\/2021\/11\/logo-bon-port.jpg","width":736,"height":917,"caption":"Camping Bon Port"},"image":{"@id":"https:\/\/www.campingbonport.com\/de\/#\/schema\/logo\/image\/"}}]}},"_links":{"self":[{"href":"https:\/\/www.campingbonport.com\/de\/wp-json\/wp\/v2\/pages\/6774","targetHints":{"allow":["GET"]}}],"collection":[{"href":"https:\/\/www.campingbonport.com\/de\/wp-json\/wp\/v2\/pages"}],"about":[{"href":"https:\/\/www.campingbonport.com\/de\/wp-json\/wp\/v2\/types\/page"}],"author":[{"embeddable":true,"href":"https:\/\/www.campingbonport.com\/de\/wp-json\/wp\/v2\/users\/1"}],"replies":[{"embeddable":true,"href":"https:\/\/www.campingbonport.com\/de\/wp-json\/wp\/v2\/comments?post=6774"}],"version-history":[{"count":2,"href":"https:\/\/www.campingbonport.com\/de\/wp-json\/wp\/v2\/pages\/6774\/revisions"}],"predecessor-version":[{"id":6777,"href":"https:\/\/www.campingbonport.com\/de\/wp-json\/wp\/v2\/pages\/6774\/revisions\/6777"}],"up":[{"embeddable":true,"href":"https:\/\/www.campingbonport.com\/de\/wp-json\/wp\/v2\/pages\/6684"}],"wp:featuredmedia":[{"embeddable":true,"href":"https:\/\/www.campingbonport.com\/de\/wp-json\/wp\/v2\/media\/3336"}],"wp:attachment":[{"href":"https:\/\/www.campingbonport.com\/de\/wp-json\/wp\/v2\/media?parent=6774"}],"curies":[{"name":"wp","href":"https:\/\/api.w.org\/{rel}","templated":true}]}}