{"id":6686,"date":"2022-03-25T11:32:30","date_gmt":"2022-03-25T10:32:30","guid":{"rendered":"https:\/\/www.campingbonport.com\/camping-herault\/"},"modified":"2022-04-01T11:24:25","modified_gmt":"2022-04-01T09:24:25","slug":"campingplatz-herault","status":"publish","type":"page","link":"https:\/\/www.campingbonport.com\/de\/campingplatz-herault\/","title":{"rendered":"Camping H\u00e9rault"},"content":{"rendered":"<section id=\"section-61b20eccc6d4c\" class=\"section bg-white p-b-0\" ><div class=\"container extralarge\"><h1 class=\"element section-title center\">Campingplatz H\u00e9rault<\/h1><div class=\"element bloc-text center \">\n\t<p>Auf dem Campingplatz Bon Port, <strong class=\"bold color1\">4-Sterne-Campingplatz im H\u00e9rault<\/strong> in der Region Languedoc-Roussillon, zwischen dem Mittelmeer und den H\u00e4ngen der C\u00f4teaux, genie\u00dfen Sie gerne ein Glas Muscat de Lunel auf der \u00fcberdachten Terrasse Ihres Mobilheims.<\/p>\n<\/div><\/div><\/section>\n\n<section id=\"section-61b20eccc6e82\" class=\"section home-fifth bg-white p-t-0\" ><div class=\"container extralarge\"><div class=\"colonnes-wrap valign-middle first-row\"><div class=\"element colonne \"><div class=\"element images\"><div class=\"image\"><img decoding=\"async\" src=\"https:\/\/www.campingbonport.com\/wp-content\/uploads\/2022\/03\/camping-herault.jpg\" alt=\"https:\/\/www.campingbonport.com\/wp-content\/uploads\/2022\/03\/camping-herault-100x59.jpg\" class=\"camping h\u00e9rault\" images_image\/><\/div><\/div><div class=\"element bloc-text\">\n\t<iframe width=\"619\" src=\"https:\/\/www.youtube.com\/embed\/kEW9r3CXxSE\" title=\"YouTube video player\" frameborder=\"0\" allow=\"accelerometer; autoplay; clipboard-write; encrypted-media; gyroscope; picture-in-picture\" allowfullscreen><\/iframe><\/div><\/div><div class=\"element colonne p-5\"><h2 class=\"element section-title justify\">Campingplatz am Meer im S\u00fcden des H\u00e9rault<\/h2><div class=\"element bloc-text justify \">\n\t<p>In Lunel selbst werden Sie gerne einen Spaziergang zum r\u00f6mischen Ambrussum machen, die ber\u00fchmten Weinberge und das historische Zentrum besuchen und am Pescalune-Fest im Juli teilnehmen. W\u00e4hrend Ihres Aufenthalts <a href=\"\/de\/\">zelten in der Petite Camargue<\/a>, werden Sie sicherlich die Meeresk\u00fcste in Cap d&#8217;Agde genie\u00dfen, einem originellen Badeort, der am Fu\u00dfe eines Vulkans gepflanzt wurde, oder am feinen Sandstrand von Les Aresquiers in der h\u00fcbschen Stadt Frontignan.<\/p>\n<p>Nur 20 Min. entfernt, <strong class=\"bold color1\">die ganze Familie wird staunen<\/strong> vor den ockerfarbenen und roten Ufern des riesigen \u00c9tang de Thau, wo Austernparks, Angeln und Kitesurfen gut zusammenpassen.<br \/>\nWenn Sie S\u00fc\u00dfwasser suchen, sollten Sie sich weiter n\u00f6rdlich zum Lac du Salagou begeben. Wenn Sie an der K\u00fcste des H\u00e9rault bleiben, fahren Sie nach S\u00e8te, wo die Poesie der Orte \u00fcberwiegt.<br \/>\nIn dieser von Brassens geliebten Stadt sollte man den sch\u00f6nen Seefriedhof durchstreifen, auf dem Paul Val\u00e9ry und Jean Vilar, der Vater des Festivals von Avignon, begraben liegen.<\/p>\n<p>Die H\u00e9rault beherbergt auch einige unumg\u00e4ngliche unterirdische Ressourcen, wie die H\u00f6hle von Clamouse. Hier kann man grandiose R\u00e4ume besichtigen, in denen die Kristalle glitzern. Man kann die H\u00f6hle mit Spielen wie dem Escape Cave Science Game oder dem Speleo Game erkunden, die einen in ihren Bann ziehen werden. <strong class=\"bold color1\">sch\u00f6ne Erinnerungen f\u00fcr Ihre Kinder<\/strong>. All das innerhalb eines Aufenthalts <strong class=\"bold color1\">campingplatz in H\u00e9rault<\/strong>.<\/p>\n<\/div><\/div><\/div><\/div><\/section>\n\n<section id=\"section-61b2128adf580\" class=\"section bg-white p-t-0 p-b-0\" ><div class=\"container full\"><div class=\"element images\"><div class=\"image\"><img decoding=\"async\" src=\"https:\/\/www.campingbonport.com\/wp-content\/uploads\/2022\/01\/camping-location-lunel-5.jpg\" alt=\"https:\/\/www.campingbonport.com\/wp-content\/uploads\/2022\/01\/camping-location-lunel-5-100x71.jpg\" class=\"mobil-home h\u00e9rault\" images_image\/><\/div><div class=\"image\"><img decoding=\"async\" src=\"\" alt=\"\" class=\"location dans l'h\u00e9rault\" images_image\/><\/div><div class=\"image\"><img decoding=\"async\" src=\"https:\/\/www.campingbonport.com\/wp-content\/uploads\/2021\/12\/camping-aire-jeux-herault.jpg\" alt=\"https:\/\/www.campingbonport.com\/wp-content\/uploads\/2021\/12\/camping-aire-jeux-herault-100x67.jpg\" class=\"activit\u00e9 dans l'h\u00e9rault\" images_image\/><\/div><\/div><\/div><\/section>\n\n<section id=\"section-61b20eccc70b6\" class=\"section bg-color4 p-t-0 p-b-0\" ><div class=\"container full\"><div class=\"colonnes-wrap valign-middle \"><div class=\"element colonne p-x-10 p-y-6\"><h2 class=\"element section-title justify\">Campingplatz im Departement H\u00e9rault, 30 km von Montpellier entfernt<\/h2><div class=\"element bloc-text justify \">\n\t<p>Verbringen Sie Ihren Urlaub in <strong class=\"bold color1\">Campingplatz Bon Port**** im H\u00e9rault<\/strong>, bedeutet, die Gelegenheit zu haben, das sch\u00f6ne Montpellier unter all seinen Aspekten zu entdecken.<br \/>\nNat\u00fcrlich machen Sie angenehme Spazierg\u00e4nge durch das mittelalterliche Zentrum mit seinen Kapellen, Brunnen und Basreliefs, vorbei an den G\u00e4rten der K\u00f6nigin und dem Turm La Babote, dem letzten \u00dcberbleibsel der alten Stadtmauern. Nat\u00fcrlich machen Sie auch eine Pause am Place de la Com\u00e9die und gehen die lange Promenade du Peyrou entlang, von der aus Sie einen atemberaubenden Blick auf die Stadt haben. Jugendliche werden von einem Ausflug zum Planet Oc\u00e9an begeistert sein, wo sie mithilfe der neuesten Spieltechnologien den Meeresgrund und den Sternenhimmel entdecken k\u00f6nnen.<\/p>\n<p>Sie sollten auch die Landschaft des H\u00e9rault erkunden, angefangen mit dem Massif de la Gardiole, das in der Jurazeit geformt wurde und wo Sie sch\u00f6ne Spazierg\u00e4nge zwischen W\u00e4ldern und dem Mittelmeer unternehmen k\u00f6nnen. Halten Sie am Ch\u00e2teau de Flaugergues, einem eleganten Herrenhaus aus dem 18. Jahrhundert, an, dessen G\u00e4rten ebenfalls einen Besuch wert sind. Interessieren Sie sich f\u00fcr das Hinterland des H\u00e9rault, das Garrigues, Olivenhaine und ber\u00fchmte Weinberge beherbergt. Oliven\u00f6lproduzenten und Weinbauern lassen sich hier leicht besuchen. Und schlie\u00dflich werden sich Feinschmecker auf einen Aufenthalt freuen <strong class=\"bold color1\">campingplatz in H\u00e9rault<\/strong> zwischen Gastronomie und der Verkostung von sehr gesch\u00e4tzten Weinen.<\/p>\n<p>Wenn Sie die Naturlandschaften der Petite Camargue im Departement H\u00e9rault sch\u00e4tzen, k\u00f6nnen Sie vom Familiencampingplatz Bon Port **** aus ganz einfach Ihre Besuche im regionalen Naturpark Camargue in den benachbarten Departements Gard und Bouches-du-Rh\u00f4ne fortsetzen. Auf dem Campingplatz finden Sie verschiedene Dienstleistungen und Einrichtungen, darunter einen Kinderspielplatz und ein Schwimmbad mit Wasserrutschen f\u00fcr Ihren Urlaub in S\u00fcdfrankreich!<\/p>\n<\/div><\/div><div class=\"element colonne p-0\"><div class=\"element images\"><div class=\"image\"><img decoding=\"async\" src=\"https:\/\/www.campingbonport.com\/wp-content\/uploads\/2022\/03\/camping-montpellier.jpg\" alt=\"https:\/\/www.campingbonport.com\/wp-content\/uploads\/2022\/03\/camping-montpellier-100x74.jpg\" class=\"camping Montpellier\" images_image\/><\/div><\/div><\/div><\/div><\/div><\/section>\n\n<section id=\"section-61b20eccc71c8\" class=\"section p-b-25 bg-white p-t-0\" ><div class=\"container extralarge\"><h2 class=\"element section-title center m-y-5\">Die besten Reiseziele im H\u00e9rault<\/h2><ul class=\"liste-de-page\"><li class=\"element call-to-action carre call-to-action--style-1 call-to-action--big\"><a href=\"https:\/\/www.campingbonport.com\/de\/campingplatz-herault\/campingplatz-carnon\/\"  class=\"call-to-action_link\" title=\"Mehr \u00fcber carnon\"><div class=\"call-to-action_image\"><img decoding=\"async\" src=\"https:\/\/www.campingbonport.com\/wp-content\/uploads\/2022\/01\/camping-carnon.jpg\" alt=\"https:\/\/www.campingbonport.com\/wp-content\/uploads\/2022\/01\/camping-carnon-100x37.jpg\" class=\"camping carnon\" big\/><\/div><div class=\"call-to-action_contenu\"><div class=\"call-to-action_titre\">Carnon<\/div><\/div><\/a><\/li><li class=\"element call-to-action carre call-to-action--style-1 call-to-action--big call-to-action--style-1 call-to-action--big\"><a href=\"https:\/\/www.campingbonport.com\/de\/campingplatz-herault\/campingplatz-teich-von-thau\/\"  class=\"call-to-action_link\" title=\"Mehr \u00fcber teich von thau\"><div class=\"call-to-action_image\"><img decoding=\"async\" src=\"https:\/\/www.campingbonport.com\/wp-content\/uploads\/2022\/01\/camping-etang-de-thau.jpg\" alt=\"https:\/\/www.campingbonport.com\/wp-content\/uploads\/2022\/01\/camping-etang-de-thau-100x37.jpg\" class=\"camping etang de thau\" big\/><\/div><div class=\"call-to-action_contenu\"><div class=\"call-to-action_titre\">Teich von Thau<\/div><\/div><\/a><\/li><li class=\"element call-to-action carre call-to-action--style-1 call-to-action--big call-to-action--style-1 call-to-action--big call-to-action--style-1 call-to-action--big\"><a href=\"https:\/\/www.campingbonport.com\/de\/campingplatz-herault\/campingplatz-beziers\/\"  class=\"call-to-action_link\" title=\"Mehr \u00fcber b\u00e9ziers\"><div class=\"call-to-action_image\"><img decoding=\"async\" src=\"https:\/\/www.campingbonport.com\/wp-content\/uploads\/2022\/01\/camping-beziers.jpg\" alt=\"https:\/\/www.campingbonport.com\/wp-content\/uploads\/2022\/01\/camping-beziers-100x37.jpg\" class=\"camping beziers\" big\/><\/div><div class=\"call-to-action_contenu\"><div class=\"call-to-action_titre\">B\u00e9ziers<\/div><\/div><\/a><\/li><li class=\"element call-to-action carre call-to-action--style-1 call-to-action--big call-to-action--style-1 call-to-action--big call-to-action--style-1 call-to-action--big call-to-action--style-1 call-to-action--big\"><a href=\"https:\/\/www.campingbonport.com\/de\/campingplatz-herault\/campingplatz-palavas-die-flots\/\"  class=\"call-to-action_link\" title=\"Mehr \u00fcber palavas die flots\"><div class=\"call-to-action_image\"><img decoding=\"async\" src=\"https:\/\/www.campingbonport.com\/wp-content\/uploads\/2022\/01\/camping-palavas-les-flots.jpg\" alt=\"https:\/\/www.campingbonport.com\/wp-content\/uploads\/2022\/01\/camping-palavas-les-flots-100x37.jpg\" class=\"camping palavas les flots\" big\/><\/div><div class=\"call-to-action_contenu\"><div class=\"call-to-action_titre\">Palavas die Flots<\/div><\/div><\/a><\/li><li class=\"element call-to-action carre call-to-action--style-1 call-to-action--big call-to-action--style-1 call-to-action--big call-to-action--style-1 call-to-action--big call-to-action--style-1 call-to-action--big call-to-action--style-1 call-to-action--big\"><a href=\"https:\/\/www.campingbonport.com\/de\/campingplatz-herault\/campingplatz-montpellier\/\"  class=\"call-to-action_link\" title=\"Mehr \u00fcber montpellier\"><div class=\"call-to-action_image\"><img decoding=\"async\" src=\"https:\/\/www.campingbonport.com\/wp-content\/uploads\/2022\/01\/camping-montpellier.jpg\" alt=\"https:\/\/www.campingbonport.com\/wp-content\/uploads\/2022\/01\/camping-montpellier-100x37.jpg\" class=\"camping montpellier\" big\/><\/div><div class=\"call-to-action_contenu\"><div class=\"call-to-action_titre\">Montpellier<\/div><\/div><\/a><\/li><li class=\"element call-to-action carre call-to-action--style-1 call-to-action--big call-to-action--style-1 call-to-action--big call-to-action--style-1 call-to-action--big call-to-action--style-1 call-to-action--big call-to-action--style-1 call-to-action--big call-to-action--style-1 call-to-action--big\"><a href=\"https:\/\/www.campingbonport.com\/de\/campingplatz-herault\/campingplatz-mauguio\/\"  class=\"call-to-action_link\" title=\"Mehr \u00fcber mauguio\"><div class=\"call-to-action_image\"><img decoding=\"async\" src=\"https:\/\/www.campingbonport.com\/wp-content\/uploads\/2022\/01\/camping-mauguio.jpg\" alt=\"https:\/\/www.campingbonport.com\/wp-content\/uploads\/2022\/01\/camping-mauguio-100x37.jpg\" class=\"camping mauguio\" big\/><\/div><div class=\"call-to-action_contenu\"><div class=\"call-to-action_titre\">Mauguio<\/div><\/div><\/a><\/li><li class=\"element call-to-action carre call-to-action--style-1 call-to-action--big call-to-action--style-1 call-to-action--big call-to-action--style-1 call-to-action--big call-to-action--style-1 call-to-action--big call-to-action--style-1 call-to-action--big call-to-action--style-1 call-to-action--big call-to-action--style-1 call-to-action--big\"><a href=\"https:\/\/www.campingbonport.com\/de\/campingplatz-herault\/campingplatz-lattes\/\"  class=\"call-to-action_link\" title=\"Mehr \u00fcber lattes\"><div class=\"call-to-action_image\"><img decoding=\"async\" src=\"https:\/\/www.campingbonport.com\/wp-content\/uploads\/2022\/01\/camping-lattes.jpg\" alt=\"https:\/\/www.campingbonport.com\/wp-content\/uploads\/2022\/01\/camping-lattes-100x37.jpg\" class=\"camping lattes\" big\/><\/div><div class=\"call-to-action_contenu\"><div class=\"call-to-action_titre\">Lattes<\/div><\/div><\/a><\/li><li class=\"element call-to-action carre call-to-action--style-1 call-to-action--big call-to-action--style-1 call-to-action--big call-to-action--style-1 call-to-action--big call-to-action--style-1 call-to-action--big call-to-action--style-1 call-to-action--big call-to-action--style-1 call-to-action--big call-to-action--style-1 call-to-action--big call-to-action--style-1 call-to-action--big\"><a href=\"https:\/\/www.campingbonport.com\/de\/campingplatz-herault\/campingplatz-die-grande-motte\/\"  class=\"call-to-action_link\" title=\"Mehr \u00fcber die grande motte\"><div class=\"call-to-action_image\"><img decoding=\"async\" src=\"https:\/\/www.campingbonport.com\/wp-content\/uploads\/2022\/01\/camping-la-grande-motte.jpg\" alt=\"https:\/\/www.campingbonport.com\/wp-content\/uploads\/2022\/01\/camping-la-grande-motte-100x37.jpg\" class=\"camping la grande motte\" big\/><\/div><div class=\"call-to-action_contenu\"><div class=\"call-to-action_titre\">Die Grande Motte<\/div><\/div><\/a><\/li><\/ul><\/div><\/section>","protected":false},"excerpt":{"rendered":"","protected":false},"author":1,"featured_media":8960,"parent":0,"menu_order":0,"comment_status":"closed","ping_status":"closed","template":"","meta":{"_acf_changed":false,"footnotes":""},"class_list":["post-6686","page","type-page","status-publish","has-post-thumbnail","hentry"],"acf":[],"yoast_head":"<!-- This site is optimized with the Yoast SEO plugin v25.3.1 - https:\/\/yoast.com\/wordpress\/plugins\/seo\/ -->\n<title>Campingplatz Herault | 4-Sterne-Campingplatz mit Pool im S\u00fcden des Herault<\/title>\n<meta name=\"description\" content=\"Auf der Suche nach einem Campingplatz im Departement H\u00e9rault? Willkommen auf dem Campingplatz Bon Port, Ihrem 4-Sterne-Campingplatz Herault mit Pool in Meeresn\u00e4he in der Petite Camargue.\" \/>\n<meta name=\"robots\" content=\"index, follow, max-snippet:-1, max-image-preview:large, max-video-preview:-1\" \/>\n<link rel=\"canonical\" href=\"https:\/\/www.campingbonport.com\/de\/campingplatz-herault\/\" \/>\n<meta property=\"og:locale\" content=\"de_DE\" \/>\n<meta property=\"og:type\" content=\"article\" \/>\n<meta property=\"og:title\" content=\"Campingplatz Herault | 4-Sterne-Campingplatz mit Pool im S\u00fcden des Herault\" \/>\n<meta property=\"og:description\" content=\"Auf der Suche nach einem Campingplatz im Departement H\u00e9rault? Willkommen auf dem Campingplatz Bon Port, Ihrem 4-Sterne-Campingplatz Herault mit Pool in Meeresn\u00e4he in der Petite Camargue.\" \/>\n<meta property=\"og:url\" content=\"https:\/\/www.campingbonport.com\/de\/campingplatz-herault\/\" \/>\n<meta property=\"og:site_name\" content=\"Camping Bon Port\" \/>\n<meta property=\"article:modified_time\" content=\"2022-04-01T09:24:25+00:00\" \/>\n<meta property=\"og:image\" content=\"https:\/\/www.campingbonport.com\/wp-content\/uploads\/2022\/01\/camping-herault.jpg\" \/>\n\t<meta property=\"og:image:width\" content=\"1900\" \/>\n\t<meta property=\"og:image:height\" content=\"600\" \/>\n\t<meta property=\"og:image:type\" content=\"image\/jpeg\" \/>\n<meta name=\"twitter:card\" content=\"summary_large_image\" \/>\n<script type=\"application\/ld+json\" class=\"yoast-schema-graph\">{\"@context\":\"https:\/\/schema.org\",\"@graph\":[{\"@type\":\"WebPage\",\"@id\":\"https:\/\/www.campingbonport.com\/de\/campingplatz-herault\/\",\"url\":\"https:\/\/www.campingbonport.com\/de\/campingplatz-herault\/\",\"name\":\"Campingplatz Herault | 4-Sterne-Campingplatz mit Pool im S\u00fcden des Herault\",\"isPartOf\":{\"@id\":\"https:\/\/www.campingbonport.com\/de\/#website\"},\"primaryImageOfPage\":{\"@id\":\"https:\/\/www.campingbonport.com\/de\/campingplatz-herault\/#primaryimage\"},\"image\":{\"@id\":\"https:\/\/www.campingbonport.com\/de\/campingplatz-herault\/#primaryimage\"},\"thumbnailUrl\":\"https:\/\/www.campingbonport.com\/wp-content\/uploads\/2024\/01\/shellfish-3062011_1280.jpg\",\"datePublished\":\"2022-03-25T10:32:30+00:00\",\"dateModified\":\"2022-04-01T09:24:25+00:00\",\"description\":\"Auf der Suche nach einem Campingplatz im Departement H\u00e9rault? Willkommen auf dem Campingplatz Bon Port, Ihrem 4-Sterne-Campingplatz Herault mit Pool in Meeresn\u00e4he in der Petite Camargue.\",\"breadcrumb\":{\"@id\":\"https:\/\/www.campingbonport.com\/de\/campingplatz-herault\/#breadcrumb\"},\"inLanguage\":\"de\",\"potentialAction\":[{\"@type\":\"ReadAction\",\"target\":[\"https:\/\/www.campingbonport.com\/de\/campingplatz-herault\/\"]}]},{\"@type\":\"ImageObject\",\"inLanguage\":\"de\",\"@id\":\"https:\/\/www.campingbonport.com\/de\/campingplatz-herault\/#primaryimage\",\"url\":\"https:\/\/www.campingbonport.com\/wp-content\/uploads\/2024\/01\/shellfish-3062011_1280.jpg\",\"contentUrl\":\"https:\/\/www.campingbonport.com\/wp-content\/uploads\/2024\/01\/shellfish-3062011_1280.jpg\",\"width\":1280,\"height\":854},{\"@type\":\"BreadcrumbList\",\"@id\":\"https:\/\/www.campingbonport.com\/de\/campingplatz-herault\/#breadcrumb\",\"itemListElement\":[{\"@type\":\"ListItem\",\"position\":1,\"name\":\"Camping Camargue\",\"item\":\"https:\/\/www.campingbonport.com\/de\/\"},{\"@type\":\"ListItem\",\"position\":2,\"name\":\"Campen im H\u00e9rault\"}]},{\"@type\":\"WebSite\",\"@id\":\"https:\/\/www.campingbonport.com\/de\/#website\",\"url\":\"https:\/\/www.campingbonport.com\/de\/\",\"name\":\"Camping Bon Port\",\"description\":\"\",\"publisher\":{\"@id\":\"https:\/\/www.campingbonport.com\/de\/#organization\"},\"potentialAction\":[{\"@type\":\"SearchAction\",\"target\":{\"@type\":\"EntryPoint\",\"urlTemplate\":\"https:\/\/www.campingbonport.com\/de\/?s={search_term_string}\"},\"query-input\":{\"@type\":\"PropertyValueSpecification\",\"valueRequired\":true,\"valueName\":\"search_term_string\"}}],\"inLanguage\":\"de\"},{\"@type\":\"Organization\",\"@id\":\"https:\/\/www.campingbonport.com\/de\/#organization\",\"name\":\"Camping Bon Port\",\"url\":\"https:\/\/www.campingbonport.com\/de\/\",\"logo\":{\"@type\":\"ImageObject\",\"inLanguage\":\"de\",\"@id\":\"https:\/\/www.campingbonport.com\/de\/#\/schema\/logo\/image\/\",\"url\":\"https:\/\/www.campingbonport.com\/wp-content\/uploads\/2021\/11\/logo-bon-port.jpg\",\"contentUrl\":\"https:\/\/www.campingbonport.com\/wp-content\/uploads\/2021\/11\/logo-bon-port.jpg\",\"width\":736,\"height\":917,\"caption\":\"Camping Bon Port\"},\"image\":{\"@id\":\"https:\/\/www.campingbonport.com\/de\/#\/schema\/logo\/image\/\"}}]}<\/script>\n<!-- \/ Yoast SEO plugin. -->","yoast_head_json":{"title":"Campingplatz Herault | 4-Sterne-Campingplatz mit Pool im S\u00fcden des Herault","description":"Auf der Suche nach einem Campingplatz im Departement H\u00e9rault? Willkommen auf dem Campingplatz Bon Port, Ihrem 4-Sterne-Campingplatz Herault mit Pool in Meeresn\u00e4he in der Petite Camargue.","robots":{"index":"index","follow":"follow","max-snippet":"max-snippet:-1","max-image-preview":"max-image-preview:large","max-video-preview":"max-video-preview:-1"},"canonical":"https:\/\/www.campingbonport.com\/de\/campingplatz-herault\/","og_locale":"de_DE","og_type":"article","og_title":"Campingplatz Herault | 4-Sterne-Campingplatz mit Pool im S\u00fcden des Herault","og_description":"Auf der Suche nach einem Campingplatz im Departement H\u00e9rault? Willkommen auf dem Campingplatz Bon Port, Ihrem 4-Sterne-Campingplatz Herault mit Pool in Meeresn\u00e4he in der Petite Camargue.","og_url":"https:\/\/www.campingbonport.com\/de\/campingplatz-herault\/","og_site_name":"Camping Bon Port","article_modified_time":"2022-04-01T09:24:25+00:00","og_image":[{"width":1900,"height":600,"url":"https:\/\/www.campingbonport.com\/wp-content\/uploads\/2022\/01\/camping-herault.jpg","type":"image\/jpeg"}],"twitter_card":"summary_large_image","schema":{"@context":"https:\/\/schema.org","@graph":[{"@type":"WebPage","@id":"https:\/\/www.campingbonport.com\/de\/campingplatz-herault\/","url":"https:\/\/www.campingbonport.com\/de\/campingplatz-herault\/","name":"Campingplatz Herault | 4-Sterne-Campingplatz mit Pool im S\u00fcden des Herault","isPartOf":{"@id":"https:\/\/www.campingbonport.com\/de\/#website"},"primaryImageOfPage":{"@id":"https:\/\/www.campingbonport.com\/de\/campingplatz-herault\/#primaryimage"},"image":{"@id":"https:\/\/www.campingbonport.com\/de\/campingplatz-herault\/#primaryimage"},"thumbnailUrl":"https:\/\/www.campingbonport.com\/wp-content\/uploads\/2024\/01\/shellfish-3062011_1280.jpg","datePublished":"2022-03-25T10:32:30+00:00","dateModified":"2022-04-01T09:24:25+00:00","description":"Auf der Suche nach einem Campingplatz im Departement H\u00e9rault? Willkommen auf dem Campingplatz Bon Port, Ihrem 4-Sterne-Campingplatz Herault mit Pool in Meeresn\u00e4he in der Petite Camargue.","breadcrumb":{"@id":"https:\/\/www.campingbonport.com\/de\/campingplatz-herault\/#breadcrumb"},"inLanguage":"de","potentialAction":[{"@type":"ReadAction","target":["https:\/\/www.campingbonport.com\/de\/campingplatz-herault\/"]}]},{"@type":"ImageObject","inLanguage":"de","@id":"https:\/\/www.campingbonport.com\/de\/campingplatz-herault\/#primaryimage","url":"https:\/\/www.campingbonport.com\/wp-content\/uploads\/2024\/01\/shellfish-3062011_1280.jpg","contentUrl":"https:\/\/www.campingbonport.com\/wp-content\/uploads\/2024\/01\/shellfish-3062011_1280.jpg","width":1280,"height":854},{"@type":"BreadcrumbList","@id":"https:\/\/www.campingbonport.com\/de\/campingplatz-herault\/#breadcrumb","itemListElement":[{"@type":"ListItem","position":1,"name":"Camping Camargue","item":"https:\/\/www.campingbonport.com\/de\/"},{"@type":"ListItem","position":2,"name":"Campen im H\u00e9rault"}]},{"@type":"WebSite","@id":"https:\/\/www.campingbonport.com\/de\/#website","url":"https:\/\/www.campingbonport.com\/de\/","name":"Camping Bon Port","description":"","publisher":{"@id":"https:\/\/www.campingbonport.com\/de\/#organization"},"potentialAction":[{"@type":"SearchAction","target":{"@type":"EntryPoint","urlTemplate":"https:\/\/www.campingbonport.com\/de\/?s={search_term_string}"},"query-input":{"@type":"PropertyValueSpecification","valueRequired":true,"valueName":"search_term_string"}}],"inLanguage":"de"},{"@type":"Organization","@id":"https:\/\/www.campingbonport.com\/de\/#organization","name":"Camping Bon Port","url":"https:\/\/www.campingbonport.com\/de\/","logo":{"@type":"ImageObject","inLanguage":"de","@id":"https:\/\/www.campingbonport.com\/de\/#\/schema\/logo\/image\/","url":"https:\/\/www.campingbonport.com\/wp-content\/uploads\/2021\/11\/logo-bon-port.jpg","contentUrl":"https:\/\/www.campingbonport.com\/wp-content\/uploads\/2021\/11\/logo-bon-port.jpg","width":736,"height":917,"caption":"Camping Bon Port"},"image":{"@id":"https:\/\/www.campingbonport.com\/de\/#\/schema\/logo\/image\/"}}]}},"_links":{"self":[{"href":"https:\/\/www.campingbonport.com\/de\/wp-json\/wp\/v2\/pages\/6686","targetHints":{"allow":["GET"]}}],"collection":[{"href":"https:\/\/www.campingbonport.com\/de\/wp-json\/wp\/v2\/pages"}],"about":[{"href":"https:\/\/www.campingbonport.com\/de\/wp-json\/wp\/v2\/types\/page"}],"author":[{"embeddable":true,"href":"https:\/\/www.campingbonport.com\/de\/wp-json\/wp\/v2\/users\/1"}],"replies":[{"embeddable":true,"href":"https:\/\/www.campingbonport.com\/de\/wp-json\/wp\/v2\/comments?post=6686"}],"version-history":[{"count":2,"href":"https:\/\/www.campingbonport.com\/de\/wp-json\/wp\/v2\/pages\/6686\/revisions"}],"predecessor-version":[{"id":6697,"href":"https:\/\/www.campingbonport.com\/de\/wp-json\/wp\/v2\/pages\/6686\/revisions\/6697"}],"wp:featuredmedia":[{"embeddable":true,"href":"https:\/\/www.campingbonport.com\/de\/wp-json\/wp\/v2\/media\/8960"}],"wp:attachment":[{"href":"https:\/\/www.campingbonport.com\/de\/wp-json\/wp\/v2\/media?parent=6686"}],"curies":[{"name":"wp","href":"https:\/\/api.w.org\/{rel}","templated":true}]}}