{"id":6684,"date":"2022-03-25T11:25:47","date_gmt":"2022-03-25T10:25:47","guid":{"rendered":"https:\/\/www.campingbonport.com\/camping-gard\/"},"modified":"2023-05-17T15:40:36","modified_gmt":"2023-05-17T13:40:36","slug":"campingplatz-gard","status":"publish","type":"page","link":"https:\/\/www.campingbonport.com\/de\/campingplatz-gard\/","title":{"rendered":"Camping Gard"},"content":{"rendered":"<section id=\"section-61b20eccc6d4c\" class=\"section bg-white p-b-0\" ><div class=\"container extralarge\"><h1 class=\"element section-title center\">Camping Gard<\/h1><div class=\"element bloc-text center \">\n\t<p>Sie suchen einen <strong class=\"bold color1\">Zelten in der Gard<\/strong> ? Auf dem Campingplatz Bon Port****, der in der kleinen Camargue vor den Toren des <a href=\"https:\/\/www.gard.fr\/\" target=\"_blank\" rel=\"noopener\">Gard<\/a>, bequem in Ihrem gemieteten Mobilheim oder auf einem unserer Campingpl\u00e4tze f\u00fcr Zelte, Wohnwagen und Wohnmobile, genie\u00dfen Sie den Pool und die okzitanische Sonne.<\/p>\n<\/div><\/div><\/section>\n\n<section id=\"section-61b20eccc6e82\" class=\"section home-fifth bg-white p-t-0\" ><div class=\"container extralarge\"><div class=\"colonnes-wrap valign-middle first-row\"><div class=\"element colonne \"><div class=\"element images\"><div class=\"image\"><img decoding=\"async\" src=\"https:\/\/www.campingbonport.com\/wp-content\/uploads\/2022\/03\/location-gard.jpg\" alt=\"https:\/\/www.campingbonport.com\/wp-content\/uploads\/2022\/03\/location-gard-100x71.jpg\" class=\"location gard\" images_image\/><\/div><\/div><div class=\"element bloc-text\">\n\t<iframe width=\"100%\" src=\"https:\/\/www.youtube.com\/embed\/ETTymkt4hcY\" title=\"YouTube video player\" frameborder=\"0\" allow=\"accelerometer; autoplay; clipboard-write; encrypted-media; gyroscope; picture-in-picture\" allowfullscreen><\/iframe><\/div><\/div><div class=\"element colonne p-5\"><h2 class=\"element section-title justify\">Campingplatz 50km s\u00fcdlich der Gardasee-Cevennen<\/h2><div class=\"element bloc-text justify \">\n\t<p>Die Lage unseres Campingplatzes erm\u00f6glicht es Ihnen unter anderem, die reiche und unber\u00fchrte Natur in den Cevennen des Gardes zu entdecken. Nach dem Fr\u00fchst\u00fcck brauchen Sie weniger als eine Stunde, um nach Anduze zu gelangen und ein exotisches Abenteuer im nahe gelegenen Bambuswald von G\u00e9n\u00e9rargues zu erleben. Von dort aus erreichen Sie die H\u00f6hle von Trabuc, in der die Natur ein meisterhaftes Werk geschaffen hat. Sie werden staunend vor den Wasserf\u00e4llen, Orgeln und gedrehten Steinvorh\u00e4ngen stehen, die das Wasser \u00fcber Jahrtausende hinweg geformt hat. Ein unumg\u00e4ngliches Juwel der Cevennen.<\/p>\n<p>Die Jugendlichen lieben das Leben im Zelt und freuen sich \u00fcber Spa\u00df im Kinderclub, w\u00e4hrend Sie erholsame Nickerchen auf Ihrem Stellplatz mit B\u00e4umen genie\u00dfen.<br \/>\nAndere Tage bieten sich f\u00fcr Entdeckungstouren an. Nehmen Sie den Dampfzug der Cevennen, der zwischen Anduze und Saint-Jean-du-Gard verkehrt. Die Kinder werden die Atmosph\u00e4re eines alten Zuges erleben, der mit 30 km\/h pfeifend und rauchspuckend durch die Gegend f\u00e4hrt.<\/p>\n<p>Die Landschaft ist wundersch\u00f6n und Sie k\u00f6nnen im Schloss von Portes eine Mittagspause unter freiem Himmel einlegen. Vor 30 Jahren war sie eine Ruine, wurde von mutigen Freiwilligen renoviert und erstrahlt nun wieder im Glanz der Zeit, in der sie Pilger und Kreuzfahrer ins Heilige Land geleitete.<\/p>\n<\/div><\/div><\/div><\/div><\/section>\n\n<section id=\"section-61b2128adf580\" class=\"section bg-white p-t-0 p-b-0\" ><div class=\"container full\"><div class=\"element images\"><div class=\"image\"><img decoding=\"async\" src=\"https:\/\/www.campingbonport.com\/wp-content\/uploads\/2022\/01\/camping-piscine-camargue.jpg\" alt=\"https:\/\/www.campingbonport.com\/wp-content\/uploads\/2022\/01\/camping-piscine-camargue-100x68.jpg\" class=\"piscine camargue\" images_image\/><\/div><div class=\"image\"><img decoding=\"async\" src=\"https:\/\/www.campingbonport.com\/wp-content\/uploads\/2022\/01\/location-mobil-home-camargue.jpg\" alt=\"https:\/\/www.campingbonport.com\/wp-content\/uploads\/2022\/01\/location-mobil-home-camargue-100x68.jpg\" class=\"mobil-home camargue\" images_image\/><\/div><div class=\"image\"><img decoding=\"async\" src=\"https:\/\/www.campingbonport.com\/wp-content\/uploads\/2022\/01\/bar-camargue.jpg\" alt=\"https:\/\/www.campingbonport.com\/wp-content\/uploads\/2022\/01\/bar-camargue-100x67.jpg\" class=\"bar restaurant camargue\" images_image\/><\/div><\/div><\/div><\/section>\n\n<section id=\"section-61b20eccc70b6\" class=\"section bg-color4 p-t-0 p-b-0\" ><div class=\"container full\"><div class=\"colonnes-wrap valign-middle \"><div class=\"element colonne p-x-10 p-y-6\"><h2 class=\"element section-title justify\">Campingplatz 20 Minuten von Aigues Mortes und Grau du Roi entfernt<\/h2><div class=\"element bloc-text justify \">\n\t<p>Wenn Sie sich f\u00fcr die Anmietung eines Mobilheims in Lunel f\u00fcr Ihren n\u00e4chsten Urlaub auf einem Familiencampingplatz in der Region Languedoc Roussillon entscheiden, k\u00f6nnen Sie problemlos die Badeorte und historischen Orte des Gard genie\u00dfen.<br \/>\nVon unserem Campingplatz aus sind Sie nur 20 Minuten von Aigues-Mortes entfernt. Die gut erhaltenen Stadtmauern beherbergen h\u00fcbsche mittelalterliche Gassen und den zarten Tour de Constance aus dem 13.<\/p>\n<p>Aigues-Mortes ist ein Tor zur Camargue, einer Naturregion, die sich auch \u00fcber die Departements H\u00e9rault und Bouches-du-Rh\u00f4ne erstreckt. Nutzen Sie die Chance, in das Herz einer Manade einzutauchen, wo Pferde und Stiere laufen, folgen Sie den Manadiers, um V\u00f6gel (Reiher, Bienenfresser und Flamingos) zu beobachten und lernen Sie, Salicornia und den Meereslavendel, der hier Saladelle genannt wird, zu erkennen.<br \/>\nSie werden auch die Freuden des Wasserparks unseres <a href=\"\/de\/\">zelten in der Petite Camargue<\/a>, aber das ist kein Grund, auf die sch\u00f6nsten Str\u00e4nde des Mittelmeers und des Languedoc zu verzichten!<\/p>\n<p style=\"text-align: left\">In gleicher Entfernung liegt Le Grau du Roi mit seinen goldenen Sandstr\u00e4nden, zu denen auch der Strand von Espiguette geh\u00f6rt. Hier kommen sowohl badefreudige Kinder als auch Teenager, die alle neuen Wassersportarten ausprobieren m\u00f6chten, und Faulenzer auf ihre Kosten. Le Grau du Roi ist auch und vor allem ein typischer Fischerhafen mit gr\u00fcnen Kais, an denen es sich wunderbar spazieren gehen l\u00e4sst.<\/p>\n<\/div><\/div><div class=\"element colonne p-0\"><div class=\"element images\"><div class=\"image\"><img decoding=\"async\" src=\"https:\/\/www.campingbonport.com\/wp-content\/uploads\/2022\/03\/camping-aigues-mortes.jpg\" alt=\"https:\/\/www.campingbonport.com\/wp-content\/uploads\/2022\/03\/camping-aigues-mortes-100x71.jpg\" class=\"camargue plage\" images_image\/><\/div><\/div><\/div><\/div><\/div><\/section>\n\n<section id=\"section-61b20eccc71c8\" class=\"section p-b-25 bg-white p-t-0\" ><div class=\"container extralarge\"><h2 class=\"element section-title justify m-y-5\">Entdecken Sie die sehenswerten St\u00e4dte im Gard<\/h2><ul class=\"liste-de-page\"><li class=\"element call-to-action carre call-to-action--style-1 call-to-action--big\"><a href=\"https:\/\/www.campingbonport.com\/de\/campingplatz-gard\/campingplatz-grau-du-roi\/\"  class=\"call-to-action_link\" title=\"Mehr \u00fcber die grau-du-roi\"><div class=\"call-to-action_image\"><img decoding=\"async\" src=\"https:\/\/www.campingbonport.com\/wp-content\/uploads\/2022\/01\/camping-grau-du-roi.jpg\" alt=\"https:\/\/www.campingbonport.com\/wp-content\/uploads\/2022\/01\/camping-grau-du-roi-100x37.jpg\" class=\"camping grau du roi\" big\/><\/div><div class=\"call-to-action_contenu\"><div class=\"call-to-action_titre\">Die Grau-du-Roi<\/div><\/div><\/a><\/li><li class=\"element call-to-action carre call-to-action--style-1 call-to-action--big call-to-action--style-1 call-to-action--big\"><a href=\"https:\/\/www.campingbonport.com\/de\/campingplatz-gard\/campingplatz-aigues-mortes\/\"  class=\"call-to-action_link\" title=\"Mehr \u00fcber aigues mortes\"><div class=\"call-to-action_image\"><img decoding=\"async\" src=\"https:\/\/www.campingbonport.com\/wp-content\/uploads\/2022\/01\/camping-aigues-mortes.jpg\" alt=\"https:\/\/www.campingbonport.com\/wp-content\/uploads\/2022\/01\/camping-aigues-mortes-100x37.jpg\" class=\"camping aigues mortes\" big\/><\/div><div class=\"call-to-action_contenu\"><div class=\"call-to-action_titre\">Aigues Mortes<\/div><\/div><\/a><\/li><li class=\"element call-to-action carre call-to-action--style-1 call-to-action--big call-to-action--style-1 call-to-action--big call-to-action--style-1 call-to-action--big\"><a href=\"https:\/\/www.campingbonport.com\/de\/campingplatz-gard\/campingplatz-nimes\/\"  class=\"call-to-action_link\" title=\"Mehr \u00fcber n\u00eemes\"><div class=\"call-to-action_image\"><img decoding=\"async\" src=\"https:\/\/www.campingbonport.com\/wp-content\/uploads\/2022\/01\/camping-nimes.jpg\" alt=\"https:\/\/www.campingbonport.com\/wp-content\/uploads\/2022\/01\/camping-nimes-100x37.jpg\" class=\"camping nimes\" big\/><\/div><div class=\"call-to-action_contenu\"><div class=\"call-to-action_titre\">N\u00eemes<\/div><\/div><\/a><\/li><li class=\"element call-to-action carre call-to-action--style-1 call-to-action--big call-to-action--style-1 call-to-action--big call-to-action--style-1 call-to-action--big call-to-action--style-1 call-to-action--big\"><a href=\"https:\/\/www.campingbonport.com\/de\/campingplatz-gard\/campingplatz-sommieres\/\"  class=\"call-to-action_link\" title=\"Mehr \u00fcber sommi\u00e8res\"><div class=\"call-to-action_image\"><img decoding=\"async\" src=\"https:\/\/www.campingbonport.com\/wp-content\/uploads\/2022\/01\/camping-sommieres.jpg\" alt=\"https:\/\/www.campingbonport.com\/wp-content\/uploads\/2022\/01\/camping-sommieres-100x37.jpg\" class=\"camping sommieres\" big\/><\/div><div class=\"call-to-action_contenu\"><div class=\"call-to-action_titre\">Sommi\u00e8res<\/div><\/div><\/a><\/li><\/ul><\/div><\/section>","protected":false},"excerpt":{"rendered":"","protected":false},"author":1,"featured_media":8992,"parent":0,"menu_order":0,"comment_status":"closed","ping_status":"closed","template":"","meta":{"_acf_changed":false,"footnotes":""},"class_list":["post-6684","page","type-page","status-publish","has-post-thumbnail","hentry"],"acf":[],"yoast_head":"<!-- This site is optimized with the Yoast SEO plugin v25.3.1 - https:\/\/yoast.com\/wordpress\/plugins\/seo\/ -->\n<title>Campingplatz Gard | 4-Sterne-Campingplatz mit Pool s\u00fcdlich der Cevennen<\/title>\n<meta name=\"description\" content=\"Auf der Suche nach einem Campingplatz im Departement Gard? Willkommen auf dem Campingplatz Bon Port, Ihrem 4-Sterne-Campingplatz mit Swimmingpool im S\u00fcden der Cevennen!\" \/>\n<meta name=\"robots\" content=\"index, follow, max-snippet:-1, max-image-preview:large, max-video-preview:-1\" \/>\n<link rel=\"canonical\" href=\"https:\/\/www.campingbonport.com\/de\/campingplatz-gard\/\" \/>\n<meta property=\"og:locale\" content=\"de_DE\" \/>\n<meta property=\"og:type\" content=\"article\" \/>\n<meta property=\"og:title\" content=\"Campingplatz Gard | 4-Sterne-Campingplatz mit Pool s\u00fcdlich der Cevennen\" \/>\n<meta property=\"og:description\" content=\"Auf der Suche nach einem Campingplatz im Departement Gard? Willkommen auf dem Campingplatz Bon Port, Ihrem 4-Sterne-Campingplatz mit Swimmingpool im S\u00fcden der Cevennen!\" \/>\n<meta property=\"og:url\" content=\"https:\/\/www.campingbonport.com\/de\/campingplatz-gard\/\" \/>\n<meta property=\"og:site_name\" content=\"Camping Bon Port\" \/>\n<meta property=\"article:modified_time\" content=\"2023-05-17T13:40:36+00:00\" \/>\n<meta property=\"og:image\" content=\"https:\/\/www.campingbonport.com\/wp-content\/uploads\/2022\/01\/pont-du-gard-2.jpg\" \/>\n\t<meta property=\"og:image:width\" content=\"1900\" \/>\n\t<meta property=\"og:image:height\" content=\"600\" \/>\n\t<meta property=\"og:image:type\" content=\"image\/jpeg\" \/>\n<meta name=\"twitter:card\" content=\"summary_large_image\" \/>\n<script type=\"application\/ld+json\" class=\"yoast-schema-graph\">{\"@context\":\"https:\/\/schema.org\",\"@graph\":[{\"@type\":\"WebPage\",\"@id\":\"https:\/\/www.campingbonport.com\/de\/campingplatz-gard\/\",\"url\":\"https:\/\/www.campingbonport.com\/de\/campingplatz-gard\/\",\"name\":\"Campingplatz Gard | 4-Sterne-Campingplatz mit Pool s\u00fcdlich der Cevennen\",\"isPartOf\":{\"@id\":\"https:\/\/www.campingbonport.com\/de\/#website\"},\"primaryImageOfPage\":{\"@id\":\"https:\/\/www.campingbonport.com\/de\/campingplatz-gard\/#primaryimage\"},\"image\":{\"@id\":\"https:\/\/www.campingbonport.com\/de\/campingplatz-gard\/#primaryimage\"},\"thumbnailUrl\":\"https:\/\/www.campingbonport.com\/wp-content\/uploads\/2024\/01\/pont-du-gard-feu.jpg\",\"datePublished\":\"2022-03-25T10:25:47+00:00\",\"dateModified\":\"2023-05-17T13:40:36+00:00\",\"description\":\"Auf der Suche nach einem Campingplatz im Departement Gard? Willkommen auf dem Campingplatz Bon Port, Ihrem 4-Sterne-Campingplatz mit Swimmingpool im S\u00fcden der Cevennen!\",\"breadcrumb\":{\"@id\":\"https:\/\/www.campingbonport.com\/de\/campingplatz-gard\/#breadcrumb\"},\"inLanguage\":\"de\",\"potentialAction\":[{\"@type\":\"ReadAction\",\"target\":[\"https:\/\/www.campingbonport.com\/de\/campingplatz-gard\/\"]}]},{\"@type\":\"ImageObject\",\"inLanguage\":\"de\",\"@id\":\"https:\/\/www.campingbonport.com\/de\/campingplatz-gard\/#primaryimage\",\"url\":\"https:\/\/www.campingbonport.com\/wp-content\/uploads\/2024\/01\/pont-du-gard-feu.jpg\",\"contentUrl\":\"https:\/\/www.campingbonport.com\/wp-content\/uploads\/2024\/01\/pont-du-gard-feu.jpg\",\"width\":865,\"height\":554},{\"@type\":\"BreadcrumbList\",\"@id\":\"https:\/\/www.campingbonport.com\/de\/campingplatz-gard\/#breadcrumb\",\"itemListElement\":[{\"@type\":\"ListItem\",\"position\":1,\"name\":\"Camping Camargue\",\"item\":\"https:\/\/www.campingbonport.com\/de\/\"},{\"@type\":\"ListItem\",\"position\":2,\"name\":\"Zelten im Gard\"}]},{\"@type\":\"WebSite\",\"@id\":\"https:\/\/www.campingbonport.com\/de\/#website\",\"url\":\"https:\/\/www.campingbonport.com\/de\/\",\"name\":\"Camping Bon Port\",\"description\":\"\",\"publisher\":{\"@id\":\"https:\/\/www.campingbonport.com\/de\/#organization\"},\"potentialAction\":[{\"@type\":\"SearchAction\",\"target\":{\"@type\":\"EntryPoint\",\"urlTemplate\":\"https:\/\/www.campingbonport.com\/de\/?s={search_term_string}\"},\"query-input\":{\"@type\":\"PropertyValueSpecification\",\"valueRequired\":true,\"valueName\":\"search_term_string\"}}],\"inLanguage\":\"de\"},{\"@type\":\"Organization\",\"@id\":\"https:\/\/www.campingbonport.com\/de\/#organization\",\"name\":\"Camping Bon Port\",\"url\":\"https:\/\/www.campingbonport.com\/de\/\",\"logo\":{\"@type\":\"ImageObject\",\"inLanguage\":\"de\",\"@id\":\"https:\/\/www.campingbonport.com\/de\/#\/schema\/logo\/image\/\",\"url\":\"https:\/\/www.campingbonport.com\/wp-content\/uploads\/2021\/11\/logo-bon-port.jpg\",\"contentUrl\":\"https:\/\/www.campingbonport.com\/wp-content\/uploads\/2021\/11\/logo-bon-port.jpg\",\"width\":736,\"height\":917,\"caption\":\"Camping Bon Port\"},\"image\":{\"@id\":\"https:\/\/www.campingbonport.com\/de\/#\/schema\/logo\/image\/\"}}]}<\/script>\n<!-- \/ Yoast SEO plugin. -->","yoast_head_json":{"title":"Campingplatz Gard | 4-Sterne-Campingplatz mit Pool s\u00fcdlich der Cevennen","description":"Auf der Suche nach einem Campingplatz im Departement Gard? Willkommen auf dem Campingplatz Bon Port, Ihrem 4-Sterne-Campingplatz mit Swimmingpool im S\u00fcden der Cevennen!","robots":{"index":"index","follow":"follow","max-snippet":"max-snippet:-1","max-image-preview":"max-image-preview:large","max-video-preview":"max-video-preview:-1"},"canonical":"https:\/\/www.campingbonport.com\/de\/campingplatz-gard\/","og_locale":"de_DE","og_type":"article","og_title":"Campingplatz Gard | 4-Sterne-Campingplatz mit Pool s\u00fcdlich der Cevennen","og_description":"Auf der Suche nach einem Campingplatz im Departement Gard? Willkommen auf dem Campingplatz Bon Port, Ihrem 4-Sterne-Campingplatz mit Swimmingpool im S\u00fcden der Cevennen!","og_url":"https:\/\/www.campingbonport.com\/de\/campingplatz-gard\/","og_site_name":"Camping Bon Port","article_modified_time":"2023-05-17T13:40:36+00:00","og_image":[{"width":1900,"height":600,"url":"https:\/\/www.campingbonport.com\/wp-content\/uploads\/2022\/01\/pont-du-gard-2.jpg","type":"image\/jpeg"}],"twitter_card":"summary_large_image","schema":{"@context":"https:\/\/schema.org","@graph":[{"@type":"WebPage","@id":"https:\/\/www.campingbonport.com\/de\/campingplatz-gard\/","url":"https:\/\/www.campingbonport.com\/de\/campingplatz-gard\/","name":"Campingplatz Gard | 4-Sterne-Campingplatz mit Pool s\u00fcdlich der Cevennen","isPartOf":{"@id":"https:\/\/www.campingbonport.com\/de\/#website"},"primaryImageOfPage":{"@id":"https:\/\/www.campingbonport.com\/de\/campingplatz-gard\/#primaryimage"},"image":{"@id":"https:\/\/www.campingbonport.com\/de\/campingplatz-gard\/#primaryimage"},"thumbnailUrl":"https:\/\/www.campingbonport.com\/wp-content\/uploads\/2024\/01\/pont-du-gard-feu.jpg","datePublished":"2022-03-25T10:25:47+00:00","dateModified":"2023-05-17T13:40:36+00:00","description":"Auf der Suche nach einem Campingplatz im Departement Gard? Willkommen auf dem Campingplatz Bon Port, Ihrem 4-Sterne-Campingplatz mit Swimmingpool im S\u00fcden der Cevennen!","breadcrumb":{"@id":"https:\/\/www.campingbonport.com\/de\/campingplatz-gard\/#breadcrumb"},"inLanguage":"de","potentialAction":[{"@type":"ReadAction","target":["https:\/\/www.campingbonport.com\/de\/campingplatz-gard\/"]}]},{"@type":"ImageObject","inLanguage":"de","@id":"https:\/\/www.campingbonport.com\/de\/campingplatz-gard\/#primaryimage","url":"https:\/\/www.campingbonport.com\/wp-content\/uploads\/2024\/01\/pont-du-gard-feu.jpg","contentUrl":"https:\/\/www.campingbonport.com\/wp-content\/uploads\/2024\/01\/pont-du-gard-feu.jpg","width":865,"height":554},{"@type":"BreadcrumbList","@id":"https:\/\/www.campingbonport.com\/de\/campingplatz-gard\/#breadcrumb","itemListElement":[{"@type":"ListItem","position":1,"name":"Camping Camargue","item":"https:\/\/www.campingbonport.com\/de\/"},{"@type":"ListItem","position":2,"name":"Zelten im Gard"}]},{"@type":"WebSite","@id":"https:\/\/www.campingbonport.com\/de\/#website","url":"https:\/\/www.campingbonport.com\/de\/","name":"Camping Bon Port","description":"","publisher":{"@id":"https:\/\/www.campingbonport.com\/de\/#organization"},"potentialAction":[{"@type":"SearchAction","target":{"@type":"EntryPoint","urlTemplate":"https:\/\/www.campingbonport.com\/de\/?s={search_term_string}"},"query-input":{"@type":"PropertyValueSpecification","valueRequired":true,"valueName":"search_term_string"}}],"inLanguage":"de"},{"@type":"Organization","@id":"https:\/\/www.campingbonport.com\/de\/#organization","name":"Camping Bon Port","url":"https:\/\/www.campingbonport.com\/de\/","logo":{"@type":"ImageObject","inLanguage":"de","@id":"https:\/\/www.campingbonport.com\/de\/#\/schema\/logo\/image\/","url":"https:\/\/www.campingbonport.com\/wp-content\/uploads\/2021\/11\/logo-bon-port.jpg","contentUrl":"https:\/\/www.campingbonport.com\/wp-content\/uploads\/2021\/11\/logo-bon-port.jpg","width":736,"height":917,"caption":"Camping Bon Port"},"image":{"@id":"https:\/\/www.campingbonport.com\/de\/#\/schema\/logo\/image\/"}}]}},"_links":{"self":[{"href":"https:\/\/www.campingbonport.com\/de\/wp-json\/wp\/v2\/pages\/6684","targetHints":{"allow":["GET"]}}],"collection":[{"href":"https:\/\/www.campingbonport.com\/de\/wp-json\/wp\/v2\/pages"}],"about":[{"href":"https:\/\/www.campingbonport.com\/de\/wp-json\/wp\/v2\/types\/page"}],"author":[{"embeddable":true,"href":"https:\/\/www.campingbonport.com\/de\/wp-json\/wp\/v2\/users\/1"}],"replies":[{"embeddable":true,"href":"https:\/\/www.campingbonport.com\/de\/wp-json\/wp\/v2\/comments?post=6684"}],"version-history":[{"count":6,"href":"https:\/\/www.campingbonport.com\/de\/wp-json\/wp\/v2\/pages\/6684\/revisions"}],"predecessor-version":[{"id":8485,"href":"https:\/\/www.campingbonport.com\/de\/wp-json\/wp\/v2\/pages\/6684\/revisions\/8485"}],"wp:featuredmedia":[{"embeddable":true,"href":"https:\/\/www.campingbonport.com\/de\/wp-json\/wp\/v2\/media\/8992"}],"wp:attachment":[{"href":"https:\/\/www.campingbonport.com\/de\/wp-json\/wp\/v2\/media?parent=6684"}],"curies":[{"name":"wp","href":"https:\/\/api.w.org\/{rel}","templated":true}]}}