{"id":6683,"date":"2022-03-25T11:04:56","date_gmt":"2022-03-25T10:04:56","guid":{"rendered":"https:\/\/www.campingbonport.com\/camping-camargue\/"},"modified":"2023-11-27T16:15:00","modified_gmt":"2023-11-27T15:15:00","slug":"campingplatz-camargue","status":"publish","type":"page","link":"https:\/\/www.campingbonport.com\/de\/campingplatz-camargue\/","title":{"rendered":"Vacances en Camargue"},"content":{"rendered":"<section id=\"section-61b20eccc6d4c\" class=\"section bg-white p-b-0\" ><div class=\"container extralarge\"><h1 class=\"element section-title center\">Urlaub in Camargue<\/h1><div class=\"element bloc-text center \">\n\t<p>Um die Camargue zu entdecken, begeben Sie sich wahlweise in eines der drei Departements, aus denen sie sich zusammensetzt. So k\u00f6nnen Sie zwischen einem Campingplatz im H\u00e9rault, einem Campingplatz im Bouches du Rh\u00f4ne und einem Campingplatz im Gard w\u00e4hlen, um Ihren Urlaub in dieser wundersch\u00f6nen Region S\u00fcdfrankreichs zu verbringen.<\/p>\n<p>Die Wahl f\u00e4llt Ihnen schwer? Macht nichts, unser <a href=\"\/de\/\">campingplatz Bon Port<\/a> befindet sich an einem strategisch g\u00fcnstigen Ort in der ber\u00fchmten &#8222;kleinen&#8220; Camargue, von wo aus Sie die wichtigsten Sehensw\u00fcrdigkeiten all dieser Departements leicht besuchen k\u00f6nnen!<\/p>\n<\/div><\/div><\/section>\n\n<section id=\"section-61b20eccc6e82\" class=\"section home-fifth bg-white p-t-0\" ><div class=\"container extralarge\"><div class=\"colonnes-wrap valign-middle first-row\"><div class=\"element colonne \"><div class=\"element images\"><div class=\"image\"><img decoding=\"async\" src=\"https:\/\/www.campingbonport.com\/wp-content\/uploads\/2022\/03\/vacances-camargue.jpg\" alt=\"https:\/\/www.campingbonport.com\/wp-content\/uploads\/2022\/03\/vacances-camargue-100x79.jpg\" class=\"vacances Camargue\" images_image\/><\/div><\/div><\/div><div class=\"element colonne p-5\"><h2 class=\"element section-title justify\">Die Camargue besuchen<\/h2><div class=\"element bloc-text justify \">\n\t<p>\u00d6stlich von Lunel entdecken Sie Aigues-Mortes und durchstreifen die Stadt des Heiligen Ludwig und ihre Stadtmauern. Entdecken Sie einzigartige mittelalterliche Festungsanlagen und herrliche Aussichtspunkte auf die Stadt, den Teich, die Salinen und die Weinberge.<\/p>\n<p>Weiter westlich sollten Sie in der Hauptstadt der Camargue Halt machen: Les Saintes-Maries-de-la-Mer.<\/p>\n<p>Kleines Dorf, das in der Camargue zwischen der Rh\u00f4ne und dem Mittelmeer eingebettet ist. Land der Gastfreundschaft, der Pilgerfahrt und der Tradition. Das Dorf Saintes-Maries-de-la-Mer sorgt mit seinen wei\u00df get\u00fcnchten H\u00e4usern und den zahlreichen Restaurants, in denen man die Spezialit\u00e4ten der Region probieren kann, f\u00fcr einen v\u00f6lligen Tapetenwechsel. Wenn Sie sich einen \u00dcberblick \u00fcber Les Saintes verschaffen m\u00f6chten, gehen Sie zum Gipfel der Kirche Notre-Dame-de-la-Mer (ca. 50 Stufen zu erklimmen). Die Aussicht auf das Dorf, das Meer und die Arena ist \u00fcberw\u00e4ltigend.<\/p>\n<\/div><\/div><\/div><div class=\"colonnes-wrap valign-middle second-row\"><div class=\"element colonne p-5\"><h2 class=\"element section-title justify\">Salz aus der Camargue probieren<\/h2><div class=\"element bloc-text justify \">\n\t<p>Man kennt den Stier der Camargue, das Vogelschutzgebiet und die rosa Flamingos. Aber hier ist es auch, wo die Saunameister der Camargue bei der Herstellung von Meersalz und vor allem Fleur de Sel de Camargue ihr K\u00f6nnen unter Beweis stellen <strong class=\"bold color1\">althergebrachtes Know-how<\/strong>. Am Fu\u00dfe der Stadtmauern von Aigues-Mortes zeugen die Meersalzberge (Camelles) von einer landwirtschaftlichen T\u00e4tigkeit, bei der die Umwelt sowie die Flora und Fauna des Mittelmeers respektiert wurden.<\/p>\n<\/div><h2 class=\"element section-title justify\">Einer Ferrade camarguaise beiwohnen<\/h2><div class=\"element bloc-text justify \">\n\t<p>Die Ferrade Camarguaise, eine Tradition, die sich im Laufe der Jahre zu einem echten Spektakel entwickelt hat, besteht, wie der Name schon sagt, darin, ein Anouble (einj\u00e4hriges Kalb) mit einem Brandzeichen zu versehen, nachdem es von der Herde abgesondert wurde, indem es im Galopp verfolgt wird. Dieses Brandzeichen wird seit Urzeiten von allen Stierbesitzern durchgef\u00fchrt. Die reitenden Teilnehmer werden Gardians genannt. F\u00fcr das Man\u00f6ver wird in der Regel Verst\u00e4rkung ben\u00f6tigt, um den Anouble zu verfolgen, und so sind h\u00e4ufig vier Gardians anzutreffen. Einer von ihnen muss ihm dann mit einem Dreizack auf die H\u00fcfte schlagen, um ihn zu Fall zu bringen. Sobald er von den G\u00e4sten \u00fcberw\u00e4ltigt wurde, wird er geg\u00fcrtet und sowohl auf dem linken Oberschenkel mit dem Zeichen seines Besitzers als auch auf der Flanke mit seiner Nummer markiert.<\/p>\n<\/div><\/div><div class=\"element colonne \"><div class=\"element bloc-text\">\n\t<iframe width=\"635\" src=\"https:\/\/www.youtube.com\/embed\/a4ohu33W7JY\" title=\"YouTube video player\" frameborder=\"0\" allow=\"accelerometer; autoplay; clipboard-write; encrypted-media; gyroscope; picture-in-picture\" allowfullscreen><\/iframe><\/div><div class=\"element images\"><div class=\"image\"><img decoding=\"async\" src=\"https:\/\/www.campingbonport.com\/wp-content\/uploads\/2022\/03\/marais-salins-camargue.jpg\" alt=\"https:\/\/www.campingbonport.com\/wp-content\/uploads\/2022\/03\/marais-salins-camargue-100x79.jpg\" class=\"marais salins camargue\" images_image\/><\/div><\/div><\/div><\/div><\/div><\/section>\n\n<section id=\"section-61b2128adf580\" class=\"section bg-white p-t-0 p-b-0\" ><div class=\"container full\"><div class=\"element images\"><div class=\"image\"><img decoding=\"async\" src=\"https:\/\/www.campingbonport.com\/wp-content\/uploads\/2022\/01\/camping-piscine-camargue.jpg\" alt=\"https:\/\/www.campingbonport.com\/wp-content\/uploads\/2022\/01\/camping-piscine-camargue-100x68.jpg\" class=\"piscine camargue\" images_image\/><\/div><div class=\"image\"><img decoding=\"async\" src=\"https:\/\/www.campingbonport.com\/wp-content\/uploads\/2022\/01\/location-mobil-home-camargue.jpg\" alt=\"https:\/\/www.campingbonport.com\/wp-content\/uploads\/2022\/01\/location-mobil-home-camargue-100x68.jpg\" class=\"mobil-home camargue\" images_image\/><\/div><div class=\"image\"><img decoding=\"async\" src=\"https:\/\/www.campingbonport.com\/wp-content\/uploads\/2022\/01\/bar-camargue.jpg\" alt=\"https:\/\/www.campingbonport.com\/wp-content\/uploads\/2022\/01\/bar-camargue-100x67.jpg\" class=\"bar restaurant camargue\" images_image\/><\/div><\/div><\/div><\/section>\n\n<section id=\"section-61b20eccc70b6\" class=\"section bg-color4 p-t-0 p-b-0\" ><div class=\"container full\"><div class=\"colonnes-wrap valign-middle \"><div class=\"element colonne p-x-10 p-y-6\"><h2 class=\"element section-title justify\">Die Str\u00e4nde und das Mittelmeer genie\u00dfen<\/h2><div class=\"element bloc-text justify \">\n\t<p>Der im D\u00e9partement Gard gelegene Badeort Grau du Roi ist ein altes Fischerdorf der Camargue. Der Strand von Espiguette bietet die wildeste Umgebung und man kann sogar fast menschenleere Bereiche mit Abst\u00e4nden von fast 100 Metern zwischen zwei Handt\u00fcchern finden.<\/p>\n<p>Die Str\u00e4nde von La Grande Motte sind nur wenige Autominuten entfernt und bieten ein anderes Profil: 7 km feiner Sandstrand mit zahlreichen D\u00fcnengebieten und vielen Gr\u00fcnfl\u00e4chen. Seine Str\u00e4nde sind f\u00fcr Familien mit Kindern geeignet, da sie breit und sehr progressiv tief sind. Insbesondere die Str\u00e4nde Petit und Grand Travers.<\/p>\n<p>Im Westen liegt Palavas-les-Flots, dieser Badeort ist der \u00e4lteste Ort am Meer in der N\u00e4he von Montpellier. Hier findet man einen h\u00fcbschen Fischerhafen und malerische Altstadtviertel.<\/p>\n<p>Zwischen den St\u00e4dten Palavas les Flots und Frontignan hat Villeneuve-l\u00e8s-Maguelone auch seinen gro\u00dfen wilden Strand am Rande verschiedener Teiche, eine breite Fl\u00e4che feinen Sandes, die auch einige D\u00fcnen auf einer L\u00e4nge von 8 km beherbergt. Ein magischer Rahmen f\u00fcr Ihre Spazierg\u00e4nge, der an die sch\u00f6nsten Landschaften der Camargue und insbesondere an die von Saintes-Marie-de-la-Mer erinnert. Dies ist zweifellos einer der wildesten Str\u00e4nde im Languedoc-Roussillon.<\/p>\n<\/div><\/div><div class=\"element colonne p-0\"><div class=\"element images\"><div class=\"image\"><img decoding=\"async\" src=\"https:\/\/www.campingbonport.com\/wp-content\/uploads\/2022\/03\/plage-de-camargue.jpg\" alt=\"https:\/\/www.campingbonport.com\/wp-content\/uploads\/2022\/03\/plage-de-camargue-100x67.jpg\" class=\"camargue plage\" images_image\/><\/div><\/div><\/div><\/div><div class=\"colonnes-wrap valign-middle \"><div class=\"element colonne p-0\"><div class=\"element images\"><div class=\"image\"><img decoding=\"async\" src=\"https:\/\/www.campingbonport.com\/wp-content\/uploads\/2022\/03\/camargue-plage.jpg\" alt=\"https:\/\/www.campingbonport.com\/wp-content\/uploads\/2022\/03\/camargue-plage-100x67.jpg\" class=\"camargue plage\" images_image\/><\/div><\/div><\/div><div class=\"element colonne p-x-10 p-y-6\"><div class=\"element bloc-text justify \">\n\t<p>Der Badeort Frontignan bietet seinerseits eine Landschaft zwischen Meer, Teichen und Garrigue. Zu beiden Seiten seines Jachthafens gibt es auf einer L\u00e4nge von 7 km sch\u00f6ne Sand- und Kieselstr\u00e4nde. Zwischen Str\u00e4nden in der N\u00e4he des Stadtzentrums oder wilden Str\u00e4nden im Osten von Frontignan k\u00f6nnen Sie die gesch\u00fctzte Umwelt von Frontignan in vollen Z\u00fcgen genie\u00dfen. Der Strand von Les Aresquiers ist der am besten erhaltene Strand.<\/p>\n<p>Sie haben die Qual der Wahl, um w\u00e4hrend Ihres Urlaubs in der Camargue auf dem Campingplatz Bon Port **** die Sonne, die Str\u00e4nde und das Mittelmeer zu genie\u00dfen! In der Umgebung k\u00f6nnen Sie auch die historischen St\u00e4dte N\u00eemes und Arles en Provence oder Port Camargue und Port Saint Louis besuchen.<\/p>\n<p>F\u00fcr weitere Informationen ist hier der Reisef\u00fchrer f\u00fcr die Camargue und alle Informationen \u00fcber den regionaler Naturpark der Camargue !<\/p>\n<\/div><\/div><\/div><\/div><\/section>\n\n<section id=\"section-61b20eccc71c8\" class=\"section p-b-25 bg-white p-t-0\" ><div class=\"container extralarge\"><div class=\"element section-title justify m-y-5\">Entdecken Sie Reiseziele in der N\u00e4he des Campingplatzes<\/div><ul class=\"liste-de-page\"><li class=\"element call-to-action carre call-to-action--style-1 call-to-action--big\"><a href=\"https:\/\/www.campingbonport.com\/de\/campingplatz-gard\/\"  class=\"call-to-action_link\" title=\"Mehr \u00fcber der gard\"><div class=\"call-to-action_image\"><img decoding=\"async\" src=\"https:\/\/www.campingbonport.com\/wp-content\/uploads\/2024\/01\/pont-du-gard-feu.jpg\" alt=\"https:\/\/www.campingbonport.com\/wp-content\/uploads\/2024\/01\/pont-du-gard-feu-100x64.jpg\" class=\"\" big\/><\/div><div class=\"call-to-action_contenu\"><div class=\"call-to-action_titre\">Der Gard<\/div><\/div><\/a><\/li><li class=\"element call-to-action carre call-to-action--style-1 call-to-action--big call-to-action--style-1 call-to-action--big\"><a href=\"https:\/\/www.campingbonport.com\/de\/campingplatz-bouches-du-rhone\/\"  class=\"call-to-action_link\" title=\"Mehr \u00fcber die bouches du rh\u00f4ne\"><div class=\"call-to-action_image\"><img decoding=\"async\" src=\"https:\/\/www.campingbonport.com\/wp-content\/uploads\/2024\/01\/lavender-field-1595577_1280.jpg\" alt=\"https:\/\/www.campingbonport.com\/wp-content\/uploads\/2024\/01\/lavender-field-1595577_1280-100x67.jpg\" class=\"\" big\/><\/div><div class=\"call-to-action_contenu\"><div class=\"call-to-action_titre\">Die Bouches du Rh\u00f4ne<\/div><\/div><\/a><\/li><li class=\"element call-to-action carre call-to-action--style-1 call-to-action--big call-to-action--style-1 call-to-action--big call-to-action--style-1 call-to-action--big\"><a href=\"https:\/\/www.campingbonport.com\/de\/campingplatz-herault\/\"  class=\"call-to-action_link\" title=\"Mehr \u00fcber l'h\u00e9rault\"><div class=\"call-to-action_image\"><img decoding=\"async\" src=\"https:\/\/www.campingbonport.com\/wp-content\/uploads\/2024\/01\/shellfish-3062011_1280.jpg\" alt=\"https:\/\/www.campingbonport.com\/wp-content\/uploads\/2024\/01\/shellfish-3062011_1280-100x67.jpg\" class=\"\" big\/><\/div><div class=\"call-to-action_contenu\"><div class=\"call-to-action_titre\">L&#8217;H\u00e9rault<\/div><\/div><\/a><\/li><\/ul><\/div><\/section>","protected":false},"excerpt":{"rendered":"","protected":false},"author":1,"featured_media":3275,"parent":0,"menu_order":0,"comment_status":"closed","ping_status":"closed","template":"","meta":{"_acf_changed":false,"footnotes":""},"class_list":["post-6683","page","type-page","status-publish","has-post-thumbnail","hentry"],"acf":[],"yoast_head":"<!-- This site is optimized with the Yoast SEO plugin v25.3.1 - https:\/\/yoast.com\/wordpress\/plugins\/seo\/ -->\n<title>Die Camargue: Naturpark, Ferrades, Fleur de Sel, Mittelmeer<\/title>\n<meta name=\"description\" content=\"Entdecken Sie die Camargue, ihre Ferrades, ihr Fleur de Sel, ihre Str\u00e4nde und ihren regionalen Naturpark, der sich zwischen H\u00e4ngen und Garrigues im S\u00fcden Frankreichs erstreckt.\" \/>\n<meta name=\"robots\" content=\"index, follow, max-snippet:-1, max-image-preview:large, max-video-preview:-1\" \/>\n<link rel=\"canonical\" href=\"https:\/\/www.campingbonport.com\/de\/campingplatz-camargue\/\" \/>\n<meta property=\"og:locale\" content=\"de_DE\" \/>\n<meta property=\"og:type\" content=\"article\" \/>\n<meta property=\"og:title\" content=\"Die Camargue: Naturpark, Ferrades, Fleur de Sel, Mittelmeer\" \/>\n<meta property=\"og:description\" content=\"Entdecken Sie die Camargue, ihre Ferrades, ihr Fleur de Sel, ihre Str\u00e4nde und ihren regionalen Naturpark, der sich zwischen H\u00e4ngen und Garrigues im S\u00fcden Frankreichs erstreckt.\" \/>\n<meta property=\"og:url\" content=\"https:\/\/www.campingbonport.com\/de\/campingplatz-camargue\/\" \/>\n<meta property=\"og:site_name\" content=\"Camping Bon Port\" \/>\n<meta property=\"article:modified_time\" content=\"2023-11-27T15:15:00+00:00\" \/>\n<meta property=\"og:image\" content=\"https:\/\/www.campingbonport.com\/wp-content\/uploads\/2022\/01\/vacances-en-camargue.jpg\" \/>\n\t<meta property=\"og:image:width\" content=\"1900\" \/>\n\t<meta property=\"og:image:height\" content=\"600\" \/>\n\t<meta property=\"og:image:type\" content=\"image\/jpeg\" \/>\n<meta name=\"twitter:card\" content=\"summary_large_image\" \/>\n<script type=\"application\/ld+json\" class=\"yoast-schema-graph\">{\"@context\":\"https:\/\/schema.org\",\"@graph\":[{\"@type\":\"WebPage\",\"@id\":\"https:\/\/www.campingbonport.com\/de\/campingplatz-camargue\/\",\"url\":\"https:\/\/www.campingbonport.com\/de\/campingplatz-camargue\/\",\"name\":\"Die Camargue: Naturpark, Ferrades, Fleur de Sel, Mittelmeer\",\"isPartOf\":{\"@id\":\"https:\/\/www.campingbonport.com\/de\/#website\"},\"primaryImageOfPage\":{\"@id\":\"https:\/\/www.campingbonport.com\/de\/campingplatz-camargue\/#primaryimage\"},\"image\":{\"@id\":\"https:\/\/www.campingbonport.com\/de\/campingplatz-camargue\/#primaryimage\"},\"thumbnailUrl\":\"https:\/\/www.campingbonport.com\/wp-content\/uploads\/2022\/01\/vacances-en-camargue.jpg\",\"datePublished\":\"2022-03-25T10:04:56+00:00\",\"dateModified\":\"2023-11-27T15:15:00+00:00\",\"description\":\"Entdecken Sie die Camargue, ihre Ferrades, ihr Fleur de Sel, ihre Str\u00e4nde und ihren regionalen Naturpark, der sich zwischen H\u00e4ngen und Garrigues im S\u00fcden Frankreichs erstreckt.\",\"breadcrumb\":{\"@id\":\"https:\/\/www.campingbonport.com\/de\/campingplatz-camargue\/#breadcrumb\"},\"inLanguage\":\"de\",\"potentialAction\":[{\"@type\":\"ReadAction\",\"target\":[\"https:\/\/www.campingbonport.com\/de\/campingplatz-camargue\/\"]}]},{\"@type\":\"ImageObject\",\"inLanguage\":\"de\",\"@id\":\"https:\/\/www.campingbonport.com\/de\/campingplatz-camargue\/#primaryimage\",\"url\":\"https:\/\/www.campingbonport.com\/wp-content\/uploads\/2022\/01\/vacances-en-camargue.jpg\",\"contentUrl\":\"https:\/\/www.campingbonport.com\/wp-content\/uploads\/2022\/01\/vacances-en-camargue.jpg\",\"width\":1900,\"height\":600,\"caption\":\"vacances en camargue\"},{\"@type\":\"BreadcrumbList\",\"@id\":\"https:\/\/www.campingbonport.com\/de\/campingplatz-camargue\/#breadcrumb\",\"itemListElement\":[{\"@type\":\"ListItem\",\"position\":1,\"name\":\"Camping Camargue\",\"item\":\"https:\/\/www.campingbonport.com\/de\/\"},{\"@type\":\"ListItem\",\"position\":2,\"name\":\"Entdecken Sie die Camargue\"}]},{\"@type\":\"WebSite\",\"@id\":\"https:\/\/www.campingbonport.com\/de\/#website\",\"url\":\"https:\/\/www.campingbonport.com\/de\/\",\"name\":\"Camping Bon Port\",\"description\":\"\",\"publisher\":{\"@id\":\"https:\/\/www.campingbonport.com\/de\/#organization\"},\"potentialAction\":[{\"@type\":\"SearchAction\",\"target\":{\"@type\":\"EntryPoint\",\"urlTemplate\":\"https:\/\/www.campingbonport.com\/de\/?s={search_term_string}\"},\"query-input\":{\"@type\":\"PropertyValueSpecification\",\"valueRequired\":true,\"valueName\":\"search_term_string\"}}],\"inLanguage\":\"de\"},{\"@type\":\"Organization\",\"@id\":\"https:\/\/www.campingbonport.com\/de\/#organization\",\"name\":\"Camping Bon Port\",\"url\":\"https:\/\/www.campingbonport.com\/de\/\",\"logo\":{\"@type\":\"ImageObject\",\"inLanguage\":\"de\",\"@id\":\"https:\/\/www.campingbonport.com\/de\/#\/schema\/logo\/image\/\",\"url\":\"https:\/\/www.campingbonport.com\/wp-content\/uploads\/2021\/11\/logo-bon-port.jpg\",\"contentUrl\":\"https:\/\/www.campingbonport.com\/wp-content\/uploads\/2021\/11\/logo-bon-port.jpg\",\"width\":736,\"height\":917,\"caption\":\"Camping Bon Port\"},\"image\":{\"@id\":\"https:\/\/www.campingbonport.com\/de\/#\/schema\/logo\/image\/\"}}]}<\/script>\n<!-- \/ Yoast SEO plugin. -->","yoast_head_json":{"title":"Die Camargue: Naturpark, Ferrades, Fleur de Sel, Mittelmeer","description":"Entdecken Sie die Camargue, ihre Ferrades, ihr Fleur de Sel, ihre Str\u00e4nde und ihren regionalen Naturpark, der sich zwischen H\u00e4ngen und Garrigues im S\u00fcden Frankreichs erstreckt.","robots":{"index":"index","follow":"follow","max-snippet":"max-snippet:-1","max-image-preview":"max-image-preview:large","max-video-preview":"max-video-preview:-1"},"canonical":"https:\/\/www.campingbonport.com\/de\/campingplatz-camargue\/","og_locale":"de_DE","og_type":"article","og_title":"Die Camargue: Naturpark, Ferrades, Fleur de Sel, Mittelmeer","og_description":"Entdecken Sie die Camargue, ihre Ferrades, ihr Fleur de Sel, ihre Str\u00e4nde und ihren regionalen Naturpark, der sich zwischen H\u00e4ngen und Garrigues im S\u00fcden Frankreichs erstreckt.","og_url":"https:\/\/www.campingbonport.com\/de\/campingplatz-camargue\/","og_site_name":"Camping Bon Port","article_modified_time":"2023-11-27T15:15:00+00:00","og_image":[{"width":1900,"height":600,"url":"https:\/\/www.campingbonport.com\/wp-content\/uploads\/2022\/01\/vacances-en-camargue.jpg","type":"image\/jpeg"}],"twitter_card":"summary_large_image","schema":{"@context":"https:\/\/schema.org","@graph":[{"@type":"WebPage","@id":"https:\/\/www.campingbonport.com\/de\/campingplatz-camargue\/","url":"https:\/\/www.campingbonport.com\/de\/campingplatz-camargue\/","name":"Die Camargue: Naturpark, Ferrades, Fleur de Sel, Mittelmeer","isPartOf":{"@id":"https:\/\/www.campingbonport.com\/de\/#website"},"primaryImageOfPage":{"@id":"https:\/\/www.campingbonport.com\/de\/campingplatz-camargue\/#primaryimage"},"image":{"@id":"https:\/\/www.campingbonport.com\/de\/campingplatz-camargue\/#primaryimage"},"thumbnailUrl":"https:\/\/www.campingbonport.com\/wp-content\/uploads\/2022\/01\/vacances-en-camargue.jpg","datePublished":"2022-03-25T10:04:56+00:00","dateModified":"2023-11-27T15:15:00+00:00","description":"Entdecken Sie die Camargue, ihre Ferrades, ihr Fleur de Sel, ihre Str\u00e4nde und ihren regionalen Naturpark, der sich zwischen H\u00e4ngen und Garrigues im S\u00fcden Frankreichs erstreckt.","breadcrumb":{"@id":"https:\/\/www.campingbonport.com\/de\/campingplatz-camargue\/#breadcrumb"},"inLanguage":"de","potentialAction":[{"@type":"ReadAction","target":["https:\/\/www.campingbonport.com\/de\/campingplatz-camargue\/"]}]},{"@type":"ImageObject","inLanguage":"de","@id":"https:\/\/www.campingbonport.com\/de\/campingplatz-camargue\/#primaryimage","url":"https:\/\/www.campingbonport.com\/wp-content\/uploads\/2022\/01\/vacances-en-camargue.jpg","contentUrl":"https:\/\/www.campingbonport.com\/wp-content\/uploads\/2022\/01\/vacances-en-camargue.jpg","width":1900,"height":600,"caption":"vacances en camargue"},{"@type":"BreadcrumbList","@id":"https:\/\/www.campingbonport.com\/de\/campingplatz-camargue\/#breadcrumb","itemListElement":[{"@type":"ListItem","position":1,"name":"Camping Camargue","item":"https:\/\/www.campingbonport.com\/de\/"},{"@type":"ListItem","position":2,"name":"Entdecken Sie die Camargue"}]},{"@type":"WebSite","@id":"https:\/\/www.campingbonport.com\/de\/#website","url":"https:\/\/www.campingbonport.com\/de\/","name":"Camping Bon Port","description":"","publisher":{"@id":"https:\/\/www.campingbonport.com\/de\/#organization"},"potentialAction":[{"@type":"SearchAction","target":{"@type":"EntryPoint","urlTemplate":"https:\/\/www.campingbonport.com\/de\/?s={search_term_string}"},"query-input":{"@type":"PropertyValueSpecification","valueRequired":true,"valueName":"search_term_string"}}],"inLanguage":"de"},{"@type":"Organization","@id":"https:\/\/www.campingbonport.com\/de\/#organization","name":"Camping Bon Port","url":"https:\/\/www.campingbonport.com\/de\/","logo":{"@type":"ImageObject","inLanguage":"de","@id":"https:\/\/www.campingbonport.com\/de\/#\/schema\/logo\/image\/","url":"https:\/\/www.campingbonport.com\/wp-content\/uploads\/2021\/11\/logo-bon-port.jpg","contentUrl":"https:\/\/www.campingbonport.com\/wp-content\/uploads\/2021\/11\/logo-bon-port.jpg","width":736,"height":917,"caption":"Camping Bon Port"},"image":{"@id":"https:\/\/www.campingbonport.com\/de\/#\/schema\/logo\/image\/"}}]}},"_links":{"self":[{"href":"https:\/\/www.campingbonport.com\/de\/wp-json\/wp\/v2\/pages\/6683","targetHints":{"allow":["GET"]}}],"collection":[{"href":"https:\/\/www.campingbonport.com\/de\/wp-json\/wp\/v2\/pages"}],"about":[{"href":"https:\/\/www.campingbonport.com\/de\/wp-json\/wp\/v2\/types\/page"}],"author":[{"embeddable":true,"href":"https:\/\/www.campingbonport.com\/de\/wp-json\/wp\/v2\/users\/1"}],"replies":[{"embeddable":true,"href":"https:\/\/www.campingbonport.com\/de\/wp-json\/wp\/v2\/comments?post=6683"}],"version-history":[{"count":4,"href":"https:\/\/www.campingbonport.com\/de\/wp-json\/wp\/v2\/pages\/6683\/revisions"}],"predecessor-version":[{"id":8691,"href":"https:\/\/www.campingbonport.com\/de\/wp-json\/wp\/v2\/pages\/6683\/revisions\/8691"}],"wp:featuredmedia":[{"embeddable":true,"href":"https:\/\/www.campingbonport.com\/de\/wp-json\/wp\/v2\/media\/3275"}],"wp:attachment":[{"href":"https:\/\/www.campingbonport.com\/de\/wp-json\/wp\/v2\/media?parent=6683"}],"curies":[{"name":"wp","href":"https:\/\/api.w.org\/{rel}","templated":true}]}}