{"id":5373,"date":"2022-01-19T10:05:36","date_gmt":"2022-01-19T09:05:36","guid":{"rendered":"https:\/\/www.campingbonport.com\/unkategorisiert\/camping-avignon\/"},"modified":"2022-04-01T11:52:01","modified_gmt":"2022-04-01T09:52:01","slug":"campingplatz-avignon","status":"publish","type":"page","link":"https:\/\/www.campingbonport.com\/de\/campingplatz-bouches-du-rhone\/campingplatz-avignon\/","title":{"rendered":"Campingplatz Avignon"},"content":{"rendered":"<section id=\"section-61b20eccc6d4c\" class=\"section bg-white p-b-0\" ><div class=\"container extralarge\"><h1 class=\"element section-title center\">Campingplatz Avignon<\/h1><div class=\"element bloc-text center \">\n\t<p>Ein Aufenthalt <strong class=\"color1\">Campingplatz in der N\u00e4he von Avignon<\/strong>, es ist ein Aufenthalt campingplatz in den bouches du Rhone, oder fast! Die Stadt liegt <strong class=\"color1\">in der Vaucluse<\/strong>, an der Grenze des Departements<strong class=\"color1\"> in der N\u00e4he der Dentelles de Montmirail und der Weing\u00fcter von Ch\u00e2teauneuf du Pape<\/strong>.<\/p>\n<\/div><\/div><\/section>\n\n<section id=\"section-61b20eccc6e82\" class=\"section home-fifth bg-white p-t-0\" ><div class=\"container extralarge\"><div class=\"colonnes-wrap valign-middle first-row\"><div class=\"element colonne \"><div class=\"element images\"><div class=\"image\"><img decoding=\"async\" src=\"https:\/\/www.campingbonport.com\/wp-content\/uploads\/2022\/03\/piscine-camping-avignon.jpg\" alt=\"https:\/\/www.campingbonport.com\/wp-content\/uploads\/2022\/03\/piscine-camping-avignon-100x94.jpg\" class=\"piscine camping Avignon\" images_image\/><\/div><\/div><\/div><div class=\"element colonne p-5\"><div class=\"element bloc-text justify \">\n\t<p>Die <a href=\"\/de\/\">campingplatz in Camargue<\/a> Bon Port**** erm\u00f6glicht es Ihnen, Folgendes zu entdecken Avignon w\u00e4hrend Ihres Urlaubs, ideal gelegen, um Ihre Ausfl\u00fcge in die umliegenden Departements und die Besichtigungen von Baux de Provence, Fontaine sur Vaucluse, Isle sur la Sorgue oder auch Saint R\u00e9my de Provence zu erleichtern. Eine <strong class=\"color1\">beheizter Pool<\/strong>, eine <strong class=\"color1\">bar restaurant<\/strong> oder eine <strong class=\"color1\">Kinderspielzimmer<\/strong> und <strong class=\"color1\">Diverse Animationen<\/strong> erwarten Sie vor Ort in Le Bon Port. Was die Unterk\u00fcnfte betrifft, so werden unsere voll ausgestatteten Mobilheime diejenigen begeistern, die f\u00fcr ihren zuk\u00fcnftigen Aufenthalt einen Bungalow auf einem Familiencampingplatz suchen, w\u00e4hrend unsere Stellpl\u00e4tze f\u00fcr Zelte und Wohnmobile Puristen ansprechen werden, die einen Urlaub mit der Familie oder mit Freunden verbringen m\u00f6chten!<\/p>\n<p>Die Stadt Avignon, im Mittelalter Hauptstadt des Christentums, hat die Spuren dieses gro\u00dfartigen Schicksals bewahrt: die Papststadt oder der Papstpalast, die Br\u00fccke Saint B\u00e9nezet, genannt \u00ab <strong class=\"color1\">Br\u00fccke von Avignon<\/strong> \u00bb, die dank des Chansons in der ganzen Welt bekannt ist, Stadtmauern, ein au\u00dfergew\u00f6hnliches Denkmalensemble, das zum UNESCO-Weltkulturerbe geh\u00f6rt, Dutzende von Kirchen und Kapellen, alles \u00dcberreste einer geschichtstr\u00e4chtigen Vergangenheit, die der Stadt eine einzigartige Atmosph\u00e4re verleihen, die w\u00e4hrend des Festivals von Avignon ihren H\u00f6hepunkt erreicht.<\/p>\n<\/div><\/div><\/div><div class=\"colonnes-wrap valign-middle first-row\"><div class=\"element colonne p-5\"><h2 class=\"element section-title justify\">Mobilheimvermietung in der N\u00e4he von Avignon<\/h2><div class=\"element bloc-text justify \">\n\t<p>Sie suchen einen <strong class=\"color1\">campingplatz Avignon<\/strong> ? Die Vermietung von hochwertigen Mobilheimen wartet nur auf Sie in unserem <strong class=\"color1\">camping in der N\u00e4he von Avignon<\/strong>. Weniger als eine Autostunde von Avignon entfernt, in der kleinen h\u00e9raultanischen Stadt Lunel, auf den <strong class=\"color1\">baumbestandene Stellpl\u00e4tze<\/strong>, bieten wir eine ungew\u00f6hnliche Auswahl an<strong class=\"color1\">Unterk\u00fcnfte, die 4 bis 8 Personen beherbergen k\u00f6nnen<\/strong>. Hier finden Sie zum Beispiel das ideale Mobilheim f\u00fcr eine Familie mit 7 Personen, ein Modell mit einem Elternschlafzimmer mit Babybett und 2 Schlafzimmern mit Etagenbetten. Egal, ob Sie mit Freunden oder einer Familie mit Kindern und Teenagern unterwegs sind, wir haben ein <strong class=\"color1\">Mobilheim in der N\u00e4he von Avignon<\/strong> f\u00fcr Sie. Auch wenn die Ausstattung und das Design von Modell zu Modell variieren, sind alle <strong class=\"color1\">modern<\/strong>, <strong class=\"color1\">funktional<\/strong> und <strong class=\"color1\">mit einer Terrasse ausgestattet<\/strong>. Der Campingplatz bietet umfassende Dienstleistungen, um Ihren Alltag zu versch\u00f6nern, ein Spielzimmer f\u00fcr Kinder und einen <strong class=\"color1\">Wasserraum<\/strong>. Es liegt ideal an der Grenze zwischen Okzitanien und der Provence und erm\u00f6glicht es Ihnen, problemlos zwischen den Str\u00e4nden und dem Hinterland zu verkehren.<\/p>\n<\/div><\/div><div class=\"element colonne \"><div class=\"element images\"><div class=\"image\"><img decoding=\"async\" src=\"https:\/\/www.campingbonport.com\/wp-content\/uploads\/2022\/03\/mobil-home-arles.jpg\" alt=\"https:\/\/www.campingbonport.com\/wp-content\/uploads\/2022\/03\/mobil-home-arles-82x100.jpg\" class=\"mobil-home Avignon\" images_image\/><\/div><\/div><\/div><\/div><div class=\"element bloc-text\">\n\t<script>\r\n    window.ctoutvert = {\r\n\t\tid: 2791, \r\n\t\tlang: 'auto', \r\n\t\turl: 'https:\/\/bookingpremium.secureholiday.net\/widgets\/'\r\n    };\r\n    (function (w, d, s, ctv, r, js, fjs) {\r\n        r=new XMLHttpRequest();r.open('GET',w[ctv].url+'js\/src.json');\r\n        r.responseType='json';r.json=true;r.send();\r\n        r.onload=function(){w[ctv].src=r.responseType=='json'?r.response:JSON.parse(r.response);\r\n        js.src=w[ctv].src[0];fjs.parentNode.insertBefore(js, fjs);}\r\n        js=d.createElement(s),fjs=d.getElementsByTagName(s)[0];\r\n        js.id='ctvwidget';js.async=1;\r\n    }(window, document, 'script', 'ctoutvert'));\r\n<\/script>\r\n<ctv-product-list ><\/ctv-product-list><\/div><\/div><\/section>\n\n<section id=\"section-61b2128adf580\" class=\"section bg-white p-t-0 p-b-0\" ><div class=\"container full\"><div class=\"element images\"><div class=\"image\"><img decoding=\"async\" src=\"https:\/\/www.campingbonport.com\/wp-content\/uploads\/2022\/01\/camping-location-lunel-5.jpg\" alt=\"https:\/\/www.campingbonport.com\/wp-content\/uploads\/2022\/01\/camping-location-lunel-5-100x71.jpg\" class=\"location mobil-home Avignon\" images_image\/><\/div><div class=\"image\"><img decoding=\"async\" src=\"https:\/\/www.campingbonport.com\/wp-content\/uploads\/2022\/01\/camping-piscine-camargue.jpg\" alt=\"https:\/\/www.campingbonport.com\/wp-content\/uploads\/2022\/01\/camping-piscine-camargue-100x68.jpg\" class=\"camping \u00e0 Avignon\" images_image\/><\/div><div class=\"image\"><img decoding=\"async\" src=\"https:\/\/www.campingbonport.com\/wp-content\/uploads\/2022\/01\/camping-camargue-5.jpg\" alt=\"https:\/\/www.campingbonport.com\/wp-content\/uploads\/2022\/01\/camping-camargue-5-100x71.jpg\" class=\"louer un mobil-home Avignon\" images_image\/><\/div><\/div><\/div><\/section>\n\n<section id=\"section-61b20eccc70b6\" class=\"section neufFrame bg-color4 p-t-0 p-b-0\" ><div class=\"container full\"><div class=\"colonnes-wrap valign-middle \"><div class=\"element colonne p-x-10 p-y-6\"><h2 class=\"element section-title justify\">Tourismus und Sehensw\u00fcrdigkeiten in Avignon<\/h2><div class=\"element bloc-text justify \">\n\t<p>In der Stadt Avignon warten zahlreiche Sehensw\u00fcrdigkeiten auf Sie, w\u00e4hrend Sie Ihren Urlaub auf dem Campingplatz du Pont d&#8217;Avignon (auch bekannt als <strong class=\"color1\">Br\u00fccke Saint B\u00e9n\u00e9zet<\/strong>) unter <strong class=\"color1\">Rocher des Doms<\/strong> \u00fcber den<strong class=\"color1\">Insel Barthelasse<\/strong>! Auf der teilweise zerst\u00f6rten Br\u00fccke von Avignon wird nicht mehr getanzt&#8230; sondern besuchen Sie die <strong class=\"color1\">cit\u00e9 des Papes<\/strong> bleibt ein Muss! \u00dcbrigens ist die Pont Saint B\u00e9n\u00e9zet in Frankreich genauso bekannt wie die Pont du Gard, wenn nicht sogar noch bekannter, was vor allem dem ber\u00fchmten Lied zu verdanken ist!<\/p>\n<p>Wenn Sie sich in <strong class=\"color1\">Campingplatz in Avignon<\/strong>, in der Vermietung von Mobilheimen oder Stellpl\u00e4tzen, m\u00fcssen Sie nat\u00fcrlich den <strong class=\"color1\">Papstpalast<\/strong>, mit der vergoldeten Statue von <strong class=\"color1\">Notre Dame des Doms<\/strong> mit den Gr\u00e4bern der p\u00e4pstlichen Herrscher und der gotischen Basilika Saint-Pierre aus dem 14. Die mittelalterliche Vergangenheit Avignons ist \u00fcberall pr\u00e4sent, angefangen bei den Stadtmauern, auf denen man gut spazieren gehen und die provenzalische Landschaft bewundern kann. Die Stadt ist lebhaft, voller Gesch\u00e4fte und festlich, auch au\u00dferhalb des ber\u00fchmten <strong class=\"color1\">Festspiele von Avignon<\/strong>. Die Kunst ist \u00fcberall zu finden! In den Gassen, auf den Pl\u00e4tzen mit ihren schattigen Terrassen und nat\u00fcrlich in den zahlreichen Museen wie dem des <strong class=\"color1\">Petit Palais<\/strong>.<\/p>\n<\/div><\/div><div class=\"element colonne p-0\"><div class=\"element images\"><div class=\"image\"><img decoding=\"async\" src=\"https:\/\/www.campingbonport.com\/wp-content\/uploads\/2022\/03\/tourisme-avignon.jpg\" alt=\"https:\/\/www.campingbonport.com\/wp-content\/uploads\/2022\/03\/tourisme-avignon-100x68.jpg\" class=\"tourisme Avignon\" images_image\/><\/div><\/div><\/div><\/div><div class=\"colonnes-wrap valign-middle \"><div class=\"element colonne p-0\"><div class=\"element bloc-text\">\n\t<iframe title=\"YouTube video player\" src=\"https:\/\/www.youtube.com\/embed\/P_ufYU1qsFQ\" frameborder=\"0\" allowfullscreen=\"allowfullscreen\"><\/iframe><\/div><\/div><div class=\"element colonne p-x-10 p-y-6\"><div class=\"element bloc-text justify \">\n\t<p>Die Restaurants stellen eine typische provenzalische K\u00fcche zusammen, in der Oliven\u00f6l, Nougat und Honig auf dem Programm stehen.<\/p>\n<p>Neben den alten Steinen bietet Avignon auch einen sch\u00f6nen \u00f6ffentlichen Garten zwischen Fluss und Land am Rocher des Doms. Und nicht zu vergessen die bukolische <strong class=\"color1\">Insel Barthelasse<\/strong> auf der Rh\u00f4ne, eine der gr\u00f6\u00dften Flussinseln Europas.<\/p>\n<p>Schlie\u00dflich w\u00e4re es schade, sich in <strong class=\"color1\">Campingplatz Avignon<\/strong>, ohne die sch\u00f6nsten Weing\u00fcter des Weinbaugebiets Ch\u00e2teauneuf du Pape zu besuchen, wo die Qualit\u00e4t der Rotweine mit der der Wei\u00dfweine konkurriert.<\/p>\n<p>Nutzen Sie die Gelegenheit auch, um Ihre Besuche in der Umgebung auszuweiten. W\u00e4hrend Ihres Campingurlaubs ben\u00f6tigen Sie vom Pont du Gard bis zur Stadt der P\u00e4pste nur 29 Minuten. Sie k\u00f6nnen auch Saint R\u00e9my de Provence, Fontaine sur Vaucluse, die Dentelles de Montmirail, Baux de Provence oder Isle sur la Sorgue besuchen!<\/p>\n<\/div><\/div><\/div><\/div><\/section>\n\n<section id=\"section-61b20eccc71c8\" class=\"section p-b-25 bg-white p-t-0\" ><div class=\"container extralarge\"><h2 class=\"element section-title justify m-y-5\">Entdecken Sie die St\u00e4dte in der Umgebung von Avignon<\/h2><ul class=\"liste-de-page\"><li class=\"element call-to-action carre call-to-action--style-1 call-to-action--big\"><a href=\"https:\/\/www.campingbonport.com\/de\/campingplatz-bouches-du-rhone\/\"  class=\"call-to-action_link\" title=\"Mehr \u00fcber die bouches du rh\u00f4ne\"><div class=\"call-to-action_image\"><img decoding=\"async\" src=\"https:\/\/www.campingbonport.com\/wp-content\/uploads\/2024\/01\/lavender-field-1595577_1280.jpg\" alt=\"https:\/\/www.campingbonport.com\/wp-content\/uploads\/2024\/01\/lavender-field-1595577_1280-100x67.jpg\" class=\"\" big\/><\/div><div class=\"call-to-action_contenu\"><div class=\"call-to-action_titre\">Die Bouches du Rh\u00f4ne<\/div><\/div><\/a><\/li><li class=\"element call-to-action carre call-to-action--style-1 call-to-action--big call-to-action--style-1 call-to-action--big\"><a href=\"https:\/\/www.campingbonport.com\/de\/campingplatz-bouches-du-rhone\/campingplatz-saintes-maries-de-la-mer\/\"  class=\"call-to-action_link\" title=\"Mehr \u00fcber saintes maries de la mer\"><div class=\"call-to-action_image\"><img decoding=\"async\" src=\"https:\/\/www.campingbonport.com\/wp-content\/uploads\/2022\/01\/camping-saintes-maries-de-la-mer-1.jpg\" alt=\"https:\/\/www.campingbonport.com\/wp-content\/uploads\/2022\/01\/camping-saintes-maries-de-la-mer-1-100x37.jpg\" class=\"camping saintes maries de la mer\" big\/><\/div><div class=\"call-to-action_contenu\"><div class=\"call-to-action_titre\">Saintes Maries de la Mer<\/div><\/div><\/a><\/li><li class=\"element call-to-action carre call-to-action--style-1 call-to-action--big call-to-action--style-1 call-to-action--big call-to-action--style-1 call-to-action--big\"><a href=\"https:\/\/www.campingbonport.com\/de\/campingplatz-bouches-du-rhone\/campingplatz-arles\/\"  class=\"call-to-action_link\" title=\"Mehr \u00fcber arles\"><div class=\"call-to-action_image\"><img decoding=\"async\" src=\"https:\/\/www.campingbonport.com\/wp-content\/uploads\/2022\/01\/camping-arles.jpg\" alt=\"https:\/\/www.campingbonport.com\/wp-content\/uploads\/2022\/01\/camping-arles-100x37.jpg\" class=\"camping arles\" big\/><\/div><div class=\"call-to-action_contenu\"><div class=\"call-to-action_titre\">Arles<\/div><\/div><\/a><\/li><\/ul><\/div><\/section>","protected":false},"excerpt":{"rendered":"","protected":false},"author":1,"featured_media":3348,"parent":6685,"menu_order":0,"comment_status":"closed","ping_status":"closed","template":"","meta":{"_acf_changed":false,"footnotes":""},"class_list":["post-5373","page","type-page","status-publish","has-post-thumbnail","hentry"],"acf":[],"yoast_head":"<!-- This site is optimized with the Yoast SEO plugin v25.3.1 - https:\/\/yoast.com\/wordpress\/plugins\/seo\/ -->\n<title>Campingplatz Avignon - Campingplatz in der N\u00e4he von Pont d&#039;Avignon - \u1403 BON PORT ****<\/title>\n<meta name=\"description\" content=\"Auf der Suche nach einem Campingplatz in Avignon? W\u00e4hlen Sie Ihre Mobilheimmiete auf dem Campingplatz Bon Port **** und nutzen Sie die Gelegenheit, die Stadt Avignon zu besichtigen!\" \/>\n<meta name=\"robots\" content=\"index, follow, max-snippet:-1, max-image-preview:large, max-video-preview:-1\" \/>\n<link rel=\"canonical\" href=\"https:\/\/www.campingbonport.com\/de\/campingplatz-bouches-du-rhone\/campingplatz-avignon\/\" \/>\n<meta property=\"og:locale\" content=\"de_DE\" \/>\n<meta property=\"og:type\" content=\"article\" \/>\n<meta property=\"og:title\" content=\"Campingplatz Avignon - Campingplatz in der N\u00e4he von Pont d&#039;Avignon - \u1403 BON PORT ****\" \/>\n<meta property=\"og:description\" content=\"Auf der Suche nach einem Campingplatz in Avignon? W\u00e4hlen Sie Ihre Mobilheimmiete auf dem Campingplatz Bon Port **** und nutzen Sie die Gelegenheit, die Stadt Avignon zu besichtigen!\" \/>\n<meta property=\"og:url\" content=\"https:\/\/www.campingbonport.com\/de\/campingplatz-bouches-du-rhone\/campingplatz-avignon\/\" \/>\n<meta property=\"og:site_name\" content=\"Camping Bon Port\" \/>\n<meta property=\"article:modified_time\" content=\"2022-04-01T09:52:01+00:00\" \/>\n<meta property=\"og:image\" content=\"https:\/\/www.campingbonport.com\/wp-content\/uploads\/2022\/01\/camping-avignon.jpg\" \/>\n\t<meta property=\"og:image:width\" content=\"1900\" \/>\n\t<meta property=\"og:image:height\" content=\"700\" \/>\n\t<meta property=\"og:image:type\" content=\"image\/jpeg\" \/>\n<meta name=\"twitter:card\" content=\"summary_large_image\" \/>\n<script type=\"application\/ld+json\" class=\"yoast-schema-graph\">{\"@context\":\"https:\/\/schema.org\",\"@graph\":[{\"@type\":\"WebPage\",\"@id\":\"https:\/\/www.campingbonport.com\/de\/campingplatz-bouches-du-rhone\/campingplatz-avignon\/\",\"url\":\"https:\/\/www.campingbonport.com\/de\/campingplatz-bouches-du-rhone\/campingplatz-avignon\/\",\"name\":\"Campingplatz Avignon - Campingplatz in der N\u00e4he von Pont d'Avignon - \u1403 BON PORT ****\",\"isPartOf\":{\"@id\":\"https:\/\/www.campingbonport.com\/de\/#website\"},\"primaryImageOfPage\":{\"@id\":\"https:\/\/www.campingbonport.com\/de\/campingplatz-bouches-du-rhone\/campingplatz-avignon\/#primaryimage\"},\"image\":{\"@id\":\"https:\/\/www.campingbonport.com\/de\/campingplatz-bouches-du-rhone\/campingplatz-avignon\/#primaryimage\"},\"thumbnailUrl\":\"https:\/\/www.campingbonport.com\/wp-content\/uploads\/2022\/01\/camping-avignon.jpg\",\"datePublished\":\"2022-01-19T09:05:36+00:00\",\"dateModified\":\"2022-04-01T09:52:01+00:00\",\"description\":\"Auf der Suche nach einem Campingplatz in Avignon? W\u00e4hlen Sie Ihre Mobilheimmiete auf dem Campingplatz Bon Port **** und nutzen Sie die Gelegenheit, die Stadt Avignon zu besichtigen!\",\"breadcrumb\":{\"@id\":\"https:\/\/www.campingbonport.com\/de\/campingplatz-bouches-du-rhone\/campingplatz-avignon\/#breadcrumb\"},\"inLanguage\":\"de\",\"potentialAction\":[{\"@type\":\"ReadAction\",\"target\":[\"https:\/\/www.campingbonport.com\/de\/campingplatz-bouches-du-rhone\/campingplatz-avignon\/\"]}]},{\"@type\":\"ImageObject\",\"inLanguage\":\"de\",\"@id\":\"https:\/\/www.campingbonport.com\/de\/campingplatz-bouches-du-rhone\/campingplatz-avignon\/#primaryimage\",\"url\":\"https:\/\/www.campingbonport.com\/wp-content\/uploads\/2022\/01\/camping-avignon.jpg\",\"contentUrl\":\"https:\/\/www.campingbonport.com\/wp-content\/uploads\/2022\/01\/camping-avignon.jpg\",\"width\":1900,\"height\":700,\"caption\":\"camping avignon\"},{\"@type\":\"BreadcrumbList\",\"@id\":\"https:\/\/www.campingbonport.com\/de\/campingplatz-bouches-du-rhone\/campingplatz-avignon\/#breadcrumb\",\"itemListElement\":[{\"@type\":\"ListItem\",\"position\":1,\"name\":\"Camping Camargue\",\"item\":\"https:\/\/www.campingbonport.com\/de\/\"},{\"@type\":\"ListItem\",\"position\":2,\"name\":\"Zelten Sie in den Bouches du Rh\u00f4ne\",\"item\":\"https:\/\/www.campingbonport.com\/de\/campingplatz-bouches-du-rhone\/\"},{\"@type\":\"ListItem\",\"position\":3,\"name\":\"Campingplatz Avignon\"}]},{\"@type\":\"WebSite\",\"@id\":\"https:\/\/www.campingbonport.com\/de\/#website\",\"url\":\"https:\/\/www.campingbonport.com\/de\/\",\"name\":\"Camping Bon Port\",\"description\":\"\",\"publisher\":{\"@id\":\"https:\/\/www.campingbonport.com\/de\/#organization\"},\"potentialAction\":[{\"@type\":\"SearchAction\",\"target\":{\"@type\":\"EntryPoint\",\"urlTemplate\":\"https:\/\/www.campingbonport.com\/de\/?s={search_term_string}\"},\"query-input\":{\"@type\":\"PropertyValueSpecification\",\"valueRequired\":true,\"valueName\":\"search_term_string\"}}],\"inLanguage\":\"de\"},{\"@type\":\"Organization\",\"@id\":\"https:\/\/www.campingbonport.com\/de\/#organization\",\"name\":\"Camping Bon Port\",\"url\":\"https:\/\/www.campingbonport.com\/de\/\",\"logo\":{\"@type\":\"ImageObject\",\"inLanguage\":\"de\",\"@id\":\"https:\/\/www.campingbonport.com\/de\/#\/schema\/logo\/image\/\",\"url\":\"https:\/\/www.campingbonport.com\/wp-content\/uploads\/2021\/11\/logo-bon-port.jpg\",\"contentUrl\":\"https:\/\/www.campingbonport.com\/wp-content\/uploads\/2021\/11\/logo-bon-port.jpg\",\"width\":736,\"height\":917,\"caption\":\"Camping Bon Port\"},\"image\":{\"@id\":\"https:\/\/www.campingbonport.com\/de\/#\/schema\/logo\/image\/\"}}]}<\/script>\n<!-- \/ Yoast SEO plugin. -->","yoast_head_json":{"title":"Campingplatz Avignon - Campingplatz in der N\u00e4he von Pont d'Avignon - \u1403 BON PORT ****","description":"Auf der Suche nach einem Campingplatz in Avignon? W\u00e4hlen Sie Ihre Mobilheimmiete auf dem Campingplatz Bon Port **** und nutzen Sie die Gelegenheit, die Stadt Avignon zu besichtigen!","robots":{"index":"index","follow":"follow","max-snippet":"max-snippet:-1","max-image-preview":"max-image-preview:large","max-video-preview":"max-video-preview:-1"},"canonical":"https:\/\/www.campingbonport.com\/de\/campingplatz-bouches-du-rhone\/campingplatz-avignon\/","og_locale":"de_DE","og_type":"article","og_title":"Campingplatz Avignon - Campingplatz in der N\u00e4he von Pont d'Avignon - \u1403 BON PORT ****","og_description":"Auf der Suche nach einem Campingplatz in Avignon? W\u00e4hlen Sie Ihre Mobilheimmiete auf dem Campingplatz Bon Port **** und nutzen Sie die Gelegenheit, die Stadt Avignon zu besichtigen!","og_url":"https:\/\/www.campingbonport.com\/de\/campingplatz-bouches-du-rhone\/campingplatz-avignon\/","og_site_name":"Camping Bon Port","article_modified_time":"2022-04-01T09:52:01+00:00","og_image":[{"width":1900,"height":700,"url":"https:\/\/www.campingbonport.com\/wp-content\/uploads\/2022\/01\/camping-avignon.jpg","type":"image\/jpeg"}],"twitter_card":"summary_large_image","schema":{"@context":"https:\/\/schema.org","@graph":[{"@type":"WebPage","@id":"https:\/\/www.campingbonport.com\/de\/campingplatz-bouches-du-rhone\/campingplatz-avignon\/","url":"https:\/\/www.campingbonport.com\/de\/campingplatz-bouches-du-rhone\/campingplatz-avignon\/","name":"Campingplatz Avignon - Campingplatz in der N\u00e4he von Pont d'Avignon - \u1403 BON PORT ****","isPartOf":{"@id":"https:\/\/www.campingbonport.com\/de\/#website"},"primaryImageOfPage":{"@id":"https:\/\/www.campingbonport.com\/de\/campingplatz-bouches-du-rhone\/campingplatz-avignon\/#primaryimage"},"image":{"@id":"https:\/\/www.campingbonport.com\/de\/campingplatz-bouches-du-rhone\/campingplatz-avignon\/#primaryimage"},"thumbnailUrl":"https:\/\/www.campingbonport.com\/wp-content\/uploads\/2022\/01\/camping-avignon.jpg","datePublished":"2022-01-19T09:05:36+00:00","dateModified":"2022-04-01T09:52:01+00:00","description":"Auf der Suche nach einem Campingplatz in Avignon? W\u00e4hlen Sie Ihre Mobilheimmiete auf dem Campingplatz Bon Port **** und nutzen Sie die Gelegenheit, die Stadt Avignon zu besichtigen!","breadcrumb":{"@id":"https:\/\/www.campingbonport.com\/de\/campingplatz-bouches-du-rhone\/campingplatz-avignon\/#breadcrumb"},"inLanguage":"de","potentialAction":[{"@type":"ReadAction","target":["https:\/\/www.campingbonport.com\/de\/campingplatz-bouches-du-rhone\/campingplatz-avignon\/"]}]},{"@type":"ImageObject","inLanguage":"de","@id":"https:\/\/www.campingbonport.com\/de\/campingplatz-bouches-du-rhone\/campingplatz-avignon\/#primaryimage","url":"https:\/\/www.campingbonport.com\/wp-content\/uploads\/2022\/01\/camping-avignon.jpg","contentUrl":"https:\/\/www.campingbonport.com\/wp-content\/uploads\/2022\/01\/camping-avignon.jpg","width":1900,"height":700,"caption":"camping avignon"},{"@type":"BreadcrumbList","@id":"https:\/\/www.campingbonport.com\/de\/campingplatz-bouches-du-rhone\/campingplatz-avignon\/#breadcrumb","itemListElement":[{"@type":"ListItem","position":1,"name":"Camping Camargue","item":"https:\/\/www.campingbonport.com\/de\/"},{"@type":"ListItem","position":2,"name":"Zelten Sie in den Bouches du Rh\u00f4ne","item":"https:\/\/www.campingbonport.com\/de\/campingplatz-bouches-du-rhone\/"},{"@type":"ListItem","position":3,"name":"Campingplatz Avignon"}]},{"@type":"WebSite","@id":"https:\/\/www.campingbonport.com\/de\/#website","url":"https:\/\/www.campingbonport.com\/de\/","name":"Camping Bon Port","description":"","publisher":{"@id":"https:\/\/www.campingbonport.com\/de\/#organization"},"potentialAction":[{"@type":"SearchAction","target":{"@type":"EntryPoint","urlTemplate":"https:\/\/www.campingbonport.com\/de\/?s={search_term_string}"},"query-input":{"@type":"PropertyValueSpecification","valueRequired":true,"valueName":"search_term_string"}}],"inLanguage":"de"},{"@type":"Organization","@id":"https:\/\/www.campingbonport.com\/de\/#organization","name":"Camping Bon Port","url":"https:\/\/www.campingbonport.com\/de\/","logo":{"@type":"ImageObject","inLanguage":"de","@id":"https:\/\/www.campingbonport.com\/de\/#\/schema\/logo\/image\/","url":"https:\/\/www.campingbonport.com\/wp-content\/uploads\/2021\/11\/logo-bon-port.jpg","contentUrl":"https:\/\/www.campingbonport.com\/wp-content\/uploads\/2021\/11\/logo-bon-port.jpg","width":736,"height":917,"caption":"Camping Bon Port"},"image":{"@id":"https:\/\/www.campingbonport.com\/de\/#\/schema\/logo\/image\/"}}]}},"_links":{"self":[{"href":"https:\/\/www.campingbonport.com\/de\/wp-json\/wp\/v2\/pages\/5373","targetHints":{"allow":["GET"]}}],"collection":[{"href":"https:\/\/www.campingbonport.com\/de\/wp-json\/wp\/v2\/pages"}],"about":[{"href":"https:\/\/www.campingbonport.com\/de\/wp-json\/wp\/v2\/types\/page"}],"author":[{"embeddable":true,"href":"https:\/\/www.campingbonport.com\/de\/wp-json\/wp\/v2\/users\/1"}],"replies":[{"embeddable":true,"href":"https:\/\/www.campingbonport.com\/de\/wp-json\/wp\/v2\/comments?post=5373"}],"version-history":[{"count":35,"href":"https:\/\/www.campingbonport.com\/de\/wp-json\/wp\/v2\/pages\/5373\/revisions"}],"predecessor-version":[{"id":6743,"href":"https:\/\/www.campingbonport.com\/de\/wp-json\/wp\/v2\/pages\/5373\/revisions\/6743"}],"up":[{"embeddable":true,"href":"https:\/\/www.campingbonport.com\/de\/wp-json\/wp\/v2\/pages\/6685"}],"wp:featuredmedia":[{"embeddable":true,"href":"https:\/\/www.campingbonport.com\/de\/wp-json\/wp\/v2\/media\/3348"}],"wp:attachment":[{"href":"https:\/\/www.campingbonport.com\/de\/wp-json\/wp\/v2\/media?parent=5373"}],"curies":[{"name":"wp","href":"https:\/\/api.w.org\/{rel}","templated":true}]}}