{"id":5271,"date":"2022-01-19T10:34:04","date_gmt":"2022-01-19T09:34:04","guid":{"rendered":"https:\/\/www.campingbonport.com\/unkategorisiert\/camping-arles\/"},"modified":"2022-04-01T11:52:12","modified_gmt":"2022-04-01T09:52:12","slug":"campingplatz-arles","status":"publish","type":"page","link":"https:\/\/www.campingbonport.com\/de\/campingplatz-bouches-du-rhone\/campingplatz-arles\/","title":{"rendered":"Campingplatz Arles"},"content":{"rendered":"<section id=\"section-61b20eccc6d4c\" class=\"section bg-white p-b-0\" ><div class=\"container extralarge\"><h1 class=\"element section-title center\">Campingplatz Arles<\/h1><div class=\"element bloc-text center \">\n\t<p>Auf der Suche nach einem <strong class=\"color1\">Campingplatz in Arles<\/strong> oder einen Campingplatz im Departement Bouches du Rhone, der sowohl in der N\u00e4he des Meeres als auch der sch\u00f6nsten Sehensw\u00fcrdigkeiten der Region wie Saint R\u00e9my de Provence, Pont du Gard, Le Grau du Roi, das Alpilles-Massiv, Salin de Giraud, Les Baux de Provence oder La Grande Motte liegt? Unsere <a href=\"\/de\/\">Campingplatz in der Petite Camargue<\/a> liegt an der Grenze zwischen den Departements H\u00e9rault und Bouches-du-Rh\u00f4ne, ganz in der N\u00e4he von Arles, einem idealen Ausgangspunkt f\u00fcr all Ihre W\u00fcnsche nach Spazierg\u00e4ngen im <strong class=\"color1\">Regionaler Naturpark Camargue<\/strong> und seine ber\u00fchmten Flamingos. Von <strong class=\"color1\">4-Sterne-Service<\/strong> erwarten Sie mit <strong class=\"color1\">beheizter Pool, Brotverkauf, Snackbar Restaurant<\/strong>, und viele andere f\u00fcr einen Aufenthalt <strong class=\"color1\">Campingplatz Arles<\/strong> mit allem Komfort!<\/p>\n<p>Die Stadt Arles, die von der UNESCO zum Weltkulturerbe erkl\u00e4rt wurde, ist eine der sch\u00f6nsten St\u00e4dte der Welt. Arles und sein antikes Theater z\u00e4hlt nach Rom die meisten r\u00f6mischen Denkm\u00e4ler. Arles steht auch f\u00fcr sein Museum, die Feria, Ausstellungen, Van Gogh und ist eine der Welthauptst\u00e4dte des Stierkampfs. Die Stadt ist sogar die Wiege des Stierkampfs in Frankreich.<\/p>\n<\/div><\/div><\/section>\n\n<section id=\"section-61b20eccc6e82\" class=\"section home-fifth bg-white p-t-0\" ><div class=\"container extralarge\"><div class=\"colonnes-wrap valign-middle first-row\"><div class=\"element colonne \"><div class=\"element images\"><div class=\"image\"><img decoding=\"async\" src=\"https:\/\/www.campingbonport.com\/wp-content\/uploads\/2022\/03\/mobil-home-arles.jpg\" alt=\"https:\/\/www.campingbonport.com\/wp-content\/uploads\/2022\/03\/mobil-home-arles-82x100.jpg\" class=\"mobil-home arles\" images_image\/><\/div><\/div><\/div><div class=\"element colonne p-5\"><h2 class=\"element section-title justify\">Mobilheim mieten in der N\u00e4he von Arles<\/h2><div class=\"element bloc-text justify \">\n\t<p>Sie suchen nach <strong class=\"color1\">Campingpl\u00e4tze Arles mit Mobilheimen zu vermieten<\/strong> f\u00fcr einen Urlaub in unserer sch\u00f6nen Region? Von allen <strong class=\"color1\">Campingpl\u00e4tze in Arles<\/strong>, hat der Campingplatz Bon Port**** viele Vorteile, um Sie zu begeistern. Unser Campingplatz liegt in Lunel, etwa 40 Minuten von Arles entfernt, und verf\u00fcgt \u00fcber ein Angebot an Mobilheimen, das f\u00fcr jede Art von Aufenthalt geeignet ist. Wir verf\u00fcgen \u00fcber <strong class=\"color1\">zehn Modelle, die sich<\/strong> in ihrer Konzeption und ihrem Design unterscheiden, aber gleicherma\u00dfen <strong class=\"color1\">komfortabel und modern<\/strong>.<\/p>\n<p>Von <strong class=\"color1\">Versionen, die f\u00fcr ein Paar oder eine Familie mit vier Personen geeignet sind<\/strong>, bis zu solchen, die f\u00fcr die Unterbringung eines <strong class=\"color1\">Gruppe von 7 oder 8 Personen<\/strong>, haben wir das Mobilheim, das Sie brauchen. Unsere Palette umfasst auch eine Unterkunft von gleicher Qualit\u00e4t, die jedoch f\u00fcr Personen mit eingeschr\u00e4nkter Mobilit\u00e4t geeignet ist. Alle sind ausgestattet mit <strong class=\"color1\">\u00fcberdachte oder halb\u00fcberdachte Terrassen<\/strong>. Der Campingplatz Bon Port**** und sein Animationsteam freuen sich darauf, Sie zu <strong class=\"color1\">gesellige und sonnige Ferien in der N\u00e4he von Arles<\/strong>. Brotverkauf, beheiztes Schwimmbad und Kinderspielplatz sind nur einige der Dienstleistungen und Infrastrukturen, die uns von anderen abheben <strong class=\"color1\">campingpl\u00e4tze Arles<\/strong>! F\u00fcr Ihren Familienurlaub in S\u00fcdfrankreich k\u00f6nnen Sie auch einen unserer ger\u00e4umigen Stellpl\u00e4tze f\u00fcr Zelte und Wohnmobile w\u00e4hlen!<\/p>\n<\/div><\/div><\/div><div class=\"element bloc-text\">\n\t<script>\r\n    window.ctoutvert = {\r\n\t\tid: 2791, \r\n\t\tlang: 'auto', \r\n\t\turl: 'https:\/\/bookingpremium.secureholiday.net\/widgets\/'\r\n    };\r\n    (function (w, d, s, ctv, r, js, fjs) {\r\n        r=new XMLHttpRequest();r.open('GET',w[ctv].url+'js\/src.json');\r\n        r.responseType='json';r.json=true;r.send();\r\n        r.onload=function(){w[ctv].src=r.responseType=='json'?r.response:JSON.parse(r.response);\r\n        js.src=w[ctv].src[0];fjs.parentNode.insertBefore(js, fjs);}\r\n        js=d.createElement(s),fjs=d.getElementsByTagName(s)[0];\r\n        js.id='ctvwidget';js.async=1;\r\n    }(window, document, 'script', 'ctoutvert'));\r\n<\/script>\r\n<ctv-product-list ><\/ctv-product-list><\/div><\/div><\/section>\n\n<section id=\"section-61b2128adf580\" class=\"section bg-white p-t-0 p-b-0\" ><div class=\"container full\"><div class=\"element images\"><div class=\"image\"><img decoding=\"async\" src=\"https:\/\/www.campingbonport.com\/wp-content\/uploads\/2022\/01\/camping-camargue-5.jpg\" alt=\"https:\/\/www.campingbonport.com\/wp-content\/uploads\/2022\/01\/camping-camargue-5-100x71.jpg\" class=\"louer un mobil-home arles\" images_image\/><\/div><div class=\"image\"><img decoding=\"async\" src=\"https:\/\/www.campingbonport.com\/wp-content\/uploads\/2022\/01\/camping-piscine-camargue.jpg\" alt=\"https:\/\/www.campingbonport.com\/wp-content\/uploads\/2022\/01\/camping-piscine-camargue-100x68.jpg\" class=\"camping \u00e0 Arles\" images_image\/><\/div><div class=\"image\"><img decoding=\"async\" src=\"https:\/\/www.campingbonport.com\/wp-content\/uploads\/2022\/01\/camping-location-lunel-5.jpg\" alt=\"https:\/\/www.campingbonport.com\/wp-content\/uploads\/2022\/01\/camping-location-lunel-5-100x71.jpg\" class=\"location mobil-home arles\" images_image\/><\/div><\/div><\/div><\/section>\n\n<section id=\"section-61b20eccc70b6\" class=\"section neufFrame bg-color4 p-t-0 p-b-0\" ><div class=\"container full\"><div class=\"colonnes-wrap valign-middle \"><div class=\"element colonne p-x-10 p-y-6\"><h2 class=\"element section-title justify\">Tourismus und Sehensw\u00fcrdigkeiten in Arles<\/h2><div class=\"element bloc-text justify \">\n\t<p>Bei einem Urlaub auf dem Campingplatz Bon Port gelangt man schnell zu den sch\u00f6nsten Orten der Region, von denen die Stadt Arles ein Symbol ist.<\/p>\n<p>Wenn Sie sich in <strong class=\"color1\">camping in Arles<\/strong>, verpassen Sie nicht die <strong class=\"color1\">gelbes Haus<\/strong>, das Gauguin und Van Gogh teilten und das die lokale Kultur so gut repr\u00e4sentiert hat.<\/p>\n<p>Man h\u00e4lt hier vor allem an, um das<strong class=\"color1\">die ehemalige r\u00f6mische Hauptstadt<\/strong>, von der die meisten Denkm\u00e4ler in die Liste der UNESCO aufgenommen wurden. <strong class=\"color1\">Weltkulturerbe<\/strong>: Der <strong class=\"color1\">antiken Theater<\/strong>, Amphitheater aus dem 1. Jahrhundert, das immer noch in Betrieb ist, die <strong class=\"color1\">Thermen des Kaisers Konstantin<\/strong> mit atemberaubendem Blick auf den Fluss, das<strong class=\"color1\">Obelisk<\/strong> oder der <strong class=\"color1\">Mus\u00e9e Arles Antique<\/strong>, das vor \u00dcberresten aus der Zeit vor dem 6. Jahrhundert \u00fcberquillt. Das romanische und gotische Mittelalter wird durch das <strong class=\"color1\">Kathedrale Saint-Trophime<\/strong> und die sch\u00f6ne <strong class=\"color1\">Krypta der befestigten Abtei von Montmajour<\/strong>. Vor den Toren von Arles liegt die <strong class=\"color1\"> r\u00f6mische Nekropole Alyscamps<\/strong>, die von hohen B\u00e4umen ges\u00e4umt wird, ist einen Besuch wert.<\/p>\n<\/div><\/div><div class=\"element colonne p-0\"><div class=\"element images\"><div class=\"image\"><img decoding=\"async\" src=\"https:\/\/www.campingbonport.com\/wp-content\/uploads\/2022\/03\/vacances-arles.jpg\" alt=\"https:\/\/www.campingbonport.com\/wp-content\/uploads\/2022\/03\/vacances-arles-100x68.jpg\" class=\"vacances arles\" images_image\/><\/div><\/div><\/div><\/div><div class=\"colonnes-wrap valign-middle \"><div class=\"element colonne p-0\"><div class=\"element bloc-text\">\n\t<iframe title=\"YouTube video player\" src=\"https:\/\/www.youtube.com\/embed\/u3ayPmL2KN4?start=20\" width=\"100\" frameborder=\"0\" allowfullscreen=\"allowfullscreen\"><\/iframe><\/div><\/div><div class=\"element colonne p-x-10 p-y-6\"><div class=\"element bloc-text justify \">\n\t<p>In der Umgebung sehen Sie in Fontvieille den <strong class=\"color1\">moulin d&#8217;Alphonse Daudet<\/strong> und die<strong class=\"color1\">Aqu\u00e4dukt von Barbegal<\/strong>.<\/p>\n<p>Was die Natur angeht, bietet Ihnen Arles den langen Strand von Pi\u00e9manson und nat\u00fcrlich den \u00c9tang de Vaccar\u00e8s, den gr\u00f6\u00dften Teich des regionalen Naturparks Camargue. Hier k\u00f6nnen Sie am feinen Sandstrand ein Sonnenbad nehmen oder im Mittelmeer baden. Dies wird auch die Gelegenheit f\u00fcr unvergessliche Familienausfl\u00fcge in das Naturschutzgebiet sein, wo Sie sicher einigen Pferden und nat\u00fcrlich Flamingos begegnen werden. In der Umgebung sollten Sie auch den <strong class=\"color1\">salz von Giraud<\/strong>, die D\u00f6rfer Baux de Provence und Saint R\u00e9my de Provence, das Massiv der Alpilles, die Badeorte Grau du Roi und La Grande Motte und nat\u00fcrlich das ber\u00fchmte <strong class=\"color1\">Pont du Gard<\/strong> 45min entfernt.<\/p>\n<p>Und wenn Sie in einem der verschiedenen <strong class=\"color1\">Campingpl\u00e4tze in Arles<\/strong>, besuchen Sie die provenzalischen M\u00e4rkte, die sie jede Woche veranstaltet.<\/p>\n<\/div><\/div><\/div><\/div><\/section>\n\n<section id=\"section-61b20eccc71c8\" class=\"section p-b-25 bg-white p-t-0\" ><div class=\"container extralarge\"><h2 class=\"element section-title justify m-y-5\">Entdecken Sie die St\u00e4dte in der Umgebung von Arles<\/h2><ul class=\"liste-de-page\"><li class=\"element call-to-action carre call-to-action--style-1 call-to-action--big\"><a href=\"https:\/\/www.campingbonport.com\/de\/campingplatz-bouches-du-rhone\/\"  class=\"call-to-action_link\" title=\"Mehr \u00fcber die bouches du rh\u00f4ne\"><div class=\"call-to-action_image\"><img decoding=\"async\" src=\"https:\/\/www.campingbonport.com\/wp-content\/uploads\/2024\/01\/lavender-field-1595577_1280.jpg\" alt=\"https:\/\/www.campingbonport.com\/wp-content\/uploads\/2024\/01\/lavender-field-1595577_1280-100x67.jpg\" class=\"\" big\/><\/div><div class=\"call-to-action_contenu\"><div class=\"call-to-action_titre\">Die Bouches du Rh\u00f4ne<\/div><\/div><\/a><\/li><li class=\"element call-to-action carre call-to-action--style-1 call-to-action--big call-to-action--style-1 call-to-action--big\"><a href=\"https:\/\/www.campingbonport.com\/de\/campingplatz-bouches-du-rhone\/campingplatz-saintes-maries-de-la-mer\/\"  class=\"call-to-action_link\" title=\"Mehr \u00fcber saintes maries de la mer\"><div class=\"call-to-action_image\"><img decoding=\"async\" src=\"https:\/\/www.campingbonport.com\/wp-content\/uploads\/2022\/01\/camping-saintes-maries-de-la-mer-1.jpg\" alt=\"https:\/\/www.campingbonport.com\/wp-content\/uploads\/2022\/01\/camping-saintes-maries-de-la-mer-1-100x37.jpg\" class=\"camping saintes maries de la mer\" big\/><\/div><div class=\"call-to-action_contenu\"><div class=\"call-to-action_titre\">Saintes Maries de la Mer<\/div><\/div><\/a><\/li><li class=\"element call-to-action carre call-to-action--style-1 call-to-action--big call-to-action--style-1 call-to-action--big call-to-action--style-1 call-to-action--big\"><a href=\"https:\/\/www.campingbonport.com\/de\/campingplatz-bouches-du-rhone\/campingplatz-avignon\/\"  class=\"call-to-action_link\" title=\"Mehr \u00fcber avignon\"><div class=\"call-to-action_image\"><img decoding=\"async\" src=\"https:\/\/www.campingbonport.com\/wp-content\/uploads\/2022\/01\/camping-avignon.jpg\" alt=\"https:\/\/www.campingbonport.com\/wp-content\/uploads\/2022\/01\/camping-avignon-100x37.jpg\" class=\"camping avignon\" big\/><\/div><div class=\"call-to-action_contenu\"><div class=\"call-to-action_titre\">Avignon<\/div><\/div><\/a><\/li><\/ul><\/div><\/section>","protected":false},"excerpt":{"rendered":"","protected":false},"author":1,"featured_media":3344,"parent":6685,"menu_order":0,"comment_status":"closed","ping_status":"closed","template":"","meta":{"_acf_changed":false,"footnotes":""},"class_list":["post-5271","page","type-page","status-publish","has-post-thumbnail","hentry"],"acf":[],"yoast_head":"<!-- This site is optimized with the Yoast SEO plugin v25.3.1 - https:\/\/yoast.com\/wordpress\/plugins\/seo\/ -->\n<title>Campingplatz in Arles Pont du Gard Saint R\u00e9my de Provence - \u1403 BON PORT ****<\/title>\n<meta name=\"description\" content=\"Auf der Suche nach einem Campingplatz in Arles? W\u00e4hlen Sie Ihre Mobilheimmiete auf dem Campingplatz Bon Port **** und nutzen Sie die Gelegenheit, die Stadt Arles zu besichtigen!\" \/>\n<meta name=\"robots\" content=\"index, follow, max-snippet:-1, max-image-preview:large, max-video-preview:-1\" \/>\n<link rel=\"canonical\" href=\"https:\/\/www.campingbonport.com\/de\/campingplatz-bouches-du-rhone\/campingplatz-arles\/\" \/>\n<meta property=\"og:locale\" content=\"de_DE\" \/>\n<meta property=\"og:type\" content=\"article\" \/>\n<meta property=\"og:title\" content=\"Campingplatz in Arles Pont du Gard Saint R\u00e9my de Provence - \u1403 BON PORT ****\" \/>\n<meta property=\"og:description\" content=\"Auf der Suche nach einem Campingplatz in Arles? W\u00e4hlen Sie Ihre Mobilheimmiete auf dem Campingplatz Bon Port **** und nutzen Sie die Gelegenheit, die Stadt Arles zu besichtigen!\" \/>\n<meta property=\"og:url\" content=\"https:\/\/www.campingbonport.com\/de\/campingplatz-bouches-du-rhone\/campingplatz-arles\/\" \/>\n<meta property=\"og:site_name\" content=\"Camping Bon Port\" \/>\n<meta property=\"article:modified_time\" content=\"2022-04-01T09:52:12+00:00\" \/>\n<meta property=\"og:image\" content=\"https:\/\/www.campingbonport.com\/wp-content\/uploads\/2022\/01\/camping-arles.jpg\" \/>\n\t<meta property=\"og:image:width\" content=\"1900\" \/>\n\t<meta property=\"og:image:height\" content=\"700\" \/>\n\t<meta property=\"og:image:type\" content=\"image\/jpeg\" \/>\n<meta name=\"twitter:card\" content=\"summary_large_image\" \/>\n<script type=\"application\/ld+json\" class=\"yoast-schema-graph\">{\"@context\":\"https:\/\/schema.org\",\"@graph\":[{\"@type\":\"WebPage\",\"@id\":\"https:\/\/www.campingbonport.com\/de\/campingplatz-bouches-du-rhone\/campingplatz-arles\/\",\"url\":\"https:\/\/www.campingbonport.com\/de\/campingplatz-bouches-du-rhone\/campingplatz-arles\/\",\"name\":\"Campingplatz in Arles Pont du Gard Saint R\u00e9my de Provence - \u1403 BON PORT ****\",\"isPartOf\":{\"@id\":\"https:\/\/www.campingbonport.com\/de\/#website\"},\"primaryImageOfPage\":{\"@id\":\"https:\/\/www.campingbonport.com\/de\/campingplatz-bouches-du-rhone\/campingplatz-arles\/#primaryimage\"},\"image\":{\"@id\":\"https:\/\/www.campingbonport.com\/de\/campingplatz-bouches-du-rhone\/campingplatz-arles\/#primaryimage\"},\"thumbnailUrl\":\"https:\/\/www.campingbonport.com\/wp-content\/uploads\/2022\/01\/camping-arles.jpg\",\"datePublished\":\"2022-01-19T09:34:04+00:00\",\"dateModified\":\"2022-04-01T09:52:12+00:00\",\"description\":\"Auf der Suche nach einem Campingplatz in Arles? W\u00e4hlen Sie Ihre Mobilheimmiete auf dem Campingplatz Bon Port **** und nutzen Sie die Gelegenheit, die Stadt Arles zu besichtigen!\",\"breadcrumb\":{\"@id\":\"https:\/\/www.campingbonport.com\/de\/campingplatz-bouches-du-rhone\/campingplatz-arles\/#breadcrumb\"},\"inLanguage\":\"de\",\"potentialAction\":[{\"@type\":\"ReadAction\",\"target\":[\"https:\/\/www.campingbonport.com\/de\/campingplatz-bouches-du-rhone\/campingplatz-arles\/\"]}]},{\"@type\":\"ImageObject\",\"inLanguage\":\"de\",\"@id\":\"https:\/\/www.campingbonport.com\/de\/campingplatz-bouches-du-rhone\/campingplatz-arles\/#primaryimage\",\"url\":\"https:\/\/www.campingbonport.com\/wp-content\/uploads\/2022\/01\/camping-arles.jpg\",\"contentUrl\":\"https:\/\/www.campingbonport.com\/wp-content\/uploads\/2022\/01\/camping-arles.jpg\",\"width\":1900,\"height\":700,\"caption\":\"camping arles\"},{\"@type\":\"BreadcrumbList\",\"@id\":\"https:\/\/www.campingbonport.com\/de\/campingplatz-bouches-du-rhone\/campingplatz-arles\/#breadcrumb\",\"itemListElement\":[{\"@type\":\"ListItem\",\"position\":1,\"name\":\"Camping Camargue\",\"item\":\"https:\/\/www.campingbonport.com\/de\/\"},{\"@type\":\"ListItem\",\"position\":2,\"name\":\"Zelten Sie in den Bouches du Rh\u00f4ne\",\"item\":\"https:\/\/www.campingbonport.com\/de\/campingplatz-bouches-du-rhone\/\"},{\"@type\":\"ListItem\",\"position\":3,\"name\":\"Campingplatz Arles\"}]},{\"@type\":\"WebSite\",\"@id\":\"https:\/\/www.campingbonport.com\/de\/#website\",\"url\":\"https:\/\/www.campingbonport.com\/de\/\",\"name\":\"Camping Bon Port\",\"description\":\"\",\"publisher\":{\"@id\":\"https:\/\/www.campingbonport.com\/de\/#organization\"},\"potentialAction\":[{\"@type\":\"SearchAction\",\"target\":{\"@type\":\"EntryPoint\",\"urlTemplate\":\"https:\/\/www.campingbonport.com\/de\/?s={search_term_string}\"},\"query-input\":{\"@type\":\"PropertyValueSpecification\",\"valueRequired\":true,\"valueName\":\"search_term_string\"}}],\"inLanguage\":\"de\"},{\"@type\":\"Organization\",\"@id\":\"https:\/\/www.campingbonport.com\/de\/#organization\",\"name\":\"Camping Bon Port\",\"url\":\"https:\/\/www.campingbonport.com\/de\/\",\"logo\":{\"@type\":\"ImageObject\",\"inLanguage\":\"de\",\"@id\":\"https:\/\/www.campingbonport.com\/de\/#\/schema\/logo\/image\/\",\"url\":\"https:\/\/www.campingbonport.com\/wp-content\/uploads\/2021\/11\/logo-bon-port.jpg\",\"contentUrl\":\"https:\/\/www.campingbonport.com\/wp-content\/uploads\/2021\/11\/logo-bon-port.jpg\",\"width\":736,\"height\":917,\"caption\":\"Camping Bon Port\"},\"image\":{\"@id\":\"https:\/\/www.campingbonport.com\/de\/#\/schema\/logo\/image\/\"}}]}<\/script>\n<!-- \/ Yoast SEO plugin. -->","yoast_head_json":{"title":"Campingplatz in Arles Pont du Gard Saint R\u00e9my de Provence - \u1403 BON PORT ****","description":"Auf der Suche nach einem Campingplatz in Arles? W\u00e4hlen Sie Ihre Mobilheimmiete auf dem Campingplatz Bon Port **** und nutzen Sie die Gelegenheit, die Stadt Arles zu besichtigen!","robots":{"index":"index","follow":"follow","max-snippet":"max-snippet:-1","max-image-preview":"max-image-preview:large","max-video-preview":"max-video-preview:-1"},"canonical":"https:\/\/www.campingbonport.com\/de\/campingplatz-bouches-du-rhone\/campingplatz-arles\/","og_locale":"de_DE","og_type":"article","og_title":"Campingplatz in Arles Pont du Gard Saint R\u00e9my de Provence - \u1403 BON PORT ****","og_description":"Auf der Suche nach einem Campingplatz in Arles? W\u00e4hlen Sie Ihre Mobilheimmiete auf dem Campingplatz Bon Port **** und nutzen Sie die Gelegenheit, die Stadt Arles zu besichtigen!","og_url":"https:\/\/www.campingbonport.com\/de\/campingplatz-bouches-du-rhone\/campingplatz-arles\/","og_site_name":"Camping Bon Port","article_modified_time":"2022-04-01T09:52:12+00:00","og_image":[{"width":1900,"height":700,"url":"https:\/\/www.campingbonport.com\/wp-content\/uploads\/2022\/01\/camping-arles.jpg","type":"image\/jpeg"}],"twitter_card":"summary_large_image","schema":{"@context":"https:\/\/schema.org","@graph":[{"@type":"WebPage","@id":"https:\/\/www.campingbonport.com\/de\/campingplatz-bouches-du-rhone\/campingplatz-arles\/","url":"https:\/\/www.campingbonport.com\/de\/campingplatz-bouches-du-rhone\/campingplatz-arles\/","name":"Campingplatz in Arles Pont du Gard Saint R\u00e9my de Provence - \u1403 BON PORT ****","isPartOf":{"@id":"https:\/\/www.campingbonport.com\/de\/#website"},"primaryImageOfPage":{"@id":"https:\/\/www.campingbonport.com\/de\/campingplatz-bouches-du-rhone\/campingplatz-arles\/#primaryimage"},"image":{"@id":"https:\/\/www.campingbonport.com\/de\/campingplatz-bouches-du-rhone\/campingplatz-arles\/#primaryimage"},"thumbnailUrl":"https:\/\/www.campingbonport.com\/wp-content\/uploads\/2022\/01\/camping-arles.jpg","datePublished":"2022-01-19T09:34:04+00:00","dateModified":"2022-04-01T09:52:12+00:00","description":"Auf der Suche nach einem Campingplatz in Arles? W\u00e4hlen Sie Ihre Mobilheimmiete auf dem Campingplatz Bon Port **** und nutzen Sie die Gelegenheit, die Stadt Arles zu besichtigen!","breadcrumb":{"@id":"https:\/\/www.campingbonport.com\/de\/campingplatz-bouches-du-rhone\/campingplatz-arles\/#breadcrumb"},"inLanguage":"de","potentialAction":[{"@type":"ReadAction","target":["https:\/\/www.campingbonport.com\/de\/campingplatz-bouches-du-rhone\/campingplatz-arles\/"]}]},{"@type":"ImageObject","inLanguage":"de","@id":"https:\/\/www.campingbonport.com\/de\/campingplatz-bouches-du-rhone\/campingplatz-arles\/#primaryimage","url":"https:\/\/www.campingbonport.com\/wp-content\/uploads\/2022\/01\/camping-arles.jpg","contentUrl":"https:\/\/www.campingbonport.com\/wp-content\/uploads\/2022\/01\/camping-arles.jpg","width":1900,"height":700,"caption":"camping arles"},{"@type":"BreadcrumbList","@id":"https:\/\/www.campingbonport.com\/de\/campingplatz-bouches-du-rhone\/campingplatz-arles\/#breadcrumb","itemListElement":[{"@type":"ListItem","position":1,"name":"Camping Camargue","item":"https:\/\/www.campingbonport.com\/de\/"},{"@type":"ListItem","position":2,"name":"Zelten Sie in den Bouches du Rh\u00f4ne","item":"https:\/\/www.campingbonport.com\/de\/campingplatz-bouches-du-rhone\/"},{"@type":"ListItem","position":3,"name":"Campingplatz Arles"}]},{"@type":"WebSite","@id":"https:\/\/www.campingbonport.com\/de\/#website","url":"https:\/\/www.campingbonport.com\/de\/","name":"Camping Bon Port","description":"","publisher":{"@id":"https:\/\/www.campingbonport.com\/de\/#organization"},"potentialAction":[{"@type":"SearchAction","target":{"@type":"EntryPoint","urlTemplate":"https:\/\/www.campingbonport.com\/de\/?s={search_term_string}"},"query-input":{"@type":"PropertyValueSpecification","valueRequired":true,"valueName":"search_term_string"}}],"inLanguage":"de"},{"@type":"Organization","@id":"https:\/\/www.campingbonport.com\/de\/#organization","name":"Camping Bon Port","url":"https:\/\/www.campingbonport.com\/de\/","logo":{"@type":"ImageObject","inLanguage":"de","@id":"https:\/\/www.campingbonport.com\/de\/#\/schema\/logo\/image\/","url":"https:\/\/www.campingbonport.com\/wp-content\/uploads\/2021\/11\/logo-bon-port.jpg","contentUrl":"https:\/\/www.campingbonport.com\/wp-content\/uploads\/2021\/11\/logo-bon-port.jpg","width":736,"height":917,"caption":"Camping Bon Port"},"image":{"@id":"https:\/\/www.campingbonport.com\/de\/#\/schema\/logo\/image\/"}}]}},"_links":{"self":[{"href":"https:\/\/www.campingbonport.com\/de\/wp-json\/wp\/v2\/pages\/5271","targetHints":{"allow":["GET"]}}],"collection":[{"href":"https:\/\/www.campingbonport.com\/de\/wp-json\/wp\/v2\/pages"}],"about":[{"href":"https:\/\/www.campingbonport.com\/de\/wp-json\/wp\/v2\/types\/page"}],"author":[{"embeddable":true,"href":"https:\/\/www.campingbonport.com\/de\/wp-json\/wp\/v2\/users\/1"}],"replies":[{"embeddable":true,"href":"https:\/\/www.campingbonport.com\/de\/wp-json\/wp\/v2\/comments?post=5271"}],"version-history":[{"count":35,"href":"https:\/\/www.campingbonport.com\/de\/wp-json\/wp\/v2\/pages\/5271\/revisions"}],"predecessor-version":[{"id":6745,"href":"https:\/\/www.campingbonport.com\/de\/wp-json\/wp\/v2\/pages\/5271\/revisions\/6745"}],"up":[{"embeddable":true,"href":"https:\/\/www.campingbonport.com\/de\/wp-json\/wp\/v2\/pages\/6685"}],"wp:featuredmedia":[{"embeddable":true,"href":"https:\/\/www.campingbonport.com\/de\/wp-json\/wp\/v2\/media\/3344"}],"wp:attachment":[{"href":"https:\/\/www.campingbonport.com\/de\/wp-json\/wp\/v2\/media?parent=5271"}],"curies":[{"name":"wp","href":"https:\/\/api.w.org\/{rel}","templated":true}]}}