{"id":5236,"date":"2022-01-19T10:41:12","date_gmt":"2022-01-19T09:41:12","guid":{"rendered":"https:\/\/www.campingbonport.com\/unkategorisiert\/camping-saintes-maries-de-la-mer\/"},"modified":"2023-04-03T15:17:44","modified_gmt":"2023-04-03T13:17:44","slug":"campingplatz-saintes-maries-de-la-mer","status":"publish","type":"page","link":"https:\/\/www.campingbonport.com\/de\/campingplatz-bouches-du-rhone\/campingplatz-saintes-maries-de-la-mer\/","title":{"rendered":"Campingplatz Saintes Maries de la Mer"},"content":{"rendered":"<section id=\"section-61b20eccc6d4c\" class=\"section bg-white p-b-0\" ><div class=\"container extralarge\"><h1 class=\"element section-title center\">Campingplatz Saintes Maries de la Mer<\/h1><div class=\"element bloc-text center \">\n\t<p>Auf der Suche nach einem <strong class=\"color1\">Campingplatz in Saintes Maries de la Mer<\/strong>? Einen Campingurlaub im Departement Bouches du Rh\u00f4ne oder in der Umgebung von Languedoc Roussillon? Die Geschichte und die Traditionen der Grande Camargue zu entdecken und sich gleichzeitig einen Zwischenstopp hinter den Stadtmauern von Avignon zu g\u00f6nnen? Das ist im <a href=\"\/de\/\">Campingplatz Bon Port in der Camargue<\/a>, den Sie besuchen sollten. Unser Familiencampingplatz im Departement H\u00e9rault an der Grenze zu den Departements Gard und Bouches du Rh\u00f4ne und in der N\u00e4he der Vaucluse ist ein idealer Ausgangspunkt, um die Camargue zu erkunden. Hier k\u00f6nnen Sie unter anderem ein Schwimmbad und Wasserrutschen nutzen.<\/p>\n<\/div><\/div><\/section>\n\n<section id=\"section-61b20eccc6e82\" class=\"section home-fifth bg-white p-t-0\" ><div class=\"container extralarge\"><div class=\"colonnes-wrap valign-middle first-row\"><div class=\"element colonne \"><div class=\"element images\"><div class=\"image\"><img decoding=\"async\" src=\"https:\/\/www.campingbonport.com\/wp-content\/uploads\/2022\/03\/mobil-home-saintes-marie-de-la-mer.jpg\" alt=\"https:\/\/www.campingbonport.com\/wp-content\/uploads\/2022\/03\/mobil-home-saintes-marie-de-la-mer-100x94.jpg\" class=\"mobil-home saintes-marie-de-la-mer\" images_image\/><\/div><\/div><\/div><div class=\"element colonne p-5\"><h2 class=\"element section-title justify\">Mobilheim mieten in der N\u00e4he von Saintes Maries de la Mer<\/h2><div class=\"element bloc-text justify \">\n\t<p>Sie haben Lust auf einen ruhigen Urlaub und mieten ein <strong class=\"color1\">Mobilheim in Saintes Maries de la Mer<\/strong> auf einem schattigen, ruhigen Campingplatz in der N\u00e4he der Str\u00e4nde und der wichtigsten Sehensw\u00fcrdigkeiten der Mittelmeerregion? Der Campingplatz Bon Port**** bietet Ihnen all das, denn durch seine zentrale Lage sind Sie nur 40 km von den ;<a href=\"https:\/\/www.saintesmaries.com\/en\/\" target=\"_blank\" rel=\"noopener\">Saintes Maries de la Mer<\/a>. Hier finden Sie das passende Mobilheim f\u00fcr die Bed\u00fcrfnisse Ihrer Gruppe oder Familie, unabh\u00e4ngig vom Alter der einzelnen Personen. Sie finden dort auch Campingpl\u00e4tze, auf denen Sie Ihr Zelt oder Ihr Wohnmobil in aller Ruhe aufstellen k\u00f6nnen. Entdecken Sie jetzt die Besonderheiten und Mietpreise unserer zehn modernen Mobilheimmodelle in unserem <strong class=\"color1\">Campingplatz in der N\u00e4he von Saintes Maries de la Mer<\/strong>, gut ausgestattet und komfortabel, um Ihren n\u00e4chsten Urlaub in S\u00fcdfrankreich vorzubereiten!<\/p>\n<\/div><\/div><\/div><div class=\"element bloc-text\">\n\t<script>\r\n    window.ctoutvert = {\r\n\t\tid: 2791, \r\n\t\tlang: 'auto', \r\n\t\turl: 'https:\/\/bookingpremium.secureholiday.net\/widgets\/'\r\n    };\r\n    (function (w, d, s, ctv, r, js, fjs) {\r\n        r=new XMLHttpRequest();r.open('GET',w[ctv].url+'js\/src.json');\r\n        r.responseType='json';r.json=true;r.send();\r\n        r.onload=function(){w[ctv].src=r.responseType=='json'?r.response:JSON.parse(r.response);\r\n        js.src=w[ctv].src[0];fjs.parentNode.insertBefore(js, fjs);}\r\n        js=d.createElement(s),fjs=d.getElementsByTagName(s)[0];\r\n        js.id='ctvwidget';js.async=1;\r\n    }(window, document, 'script', 'ctoutvert'));\r\n<\/script>\r\n<ctv-product-list ><\/ctv-product-list><\/div><\/div><\/section>\n\n<section id=\"section-61b2128adf580\" class=\"section bg-white p-t-0 p-b-0\" ><div class=\"container full\"><div class=\"element images\"><div class=\"image\"><img decoding=\"async\" src=\"\" alt=\"\" class=\"louer un mobil-home Saintes Maries de la Mer\" images_image\/><\/div><div class=\"image\"><img decoding=\"async\" src=\"https:\/\/www.campingbonport.com\/wp-content\/uploads\/2022\/01\/camping-piscine-camargue.jpg\" alt=\"https:\/\/www.campingbonport.com\/wp-content\/uploads\/2022\/01\/camping-piscine-camargue-100x68.jpg\" class=\"camping \u00e0 Saintes Maries de la Mer\" images_image\/><\/div><div class=\"image\"><img decoding=\"async\" src=\"https:\/\/www.campingbonport.com\/wp-content\/uploads\/2022\/01\/camping-hebergement-lunel-3.jpg\" alt=\"https:\/\/www.campingbonport.com\/wp-content\/uploads\/2022\/01\/camping-hebergement-lunel-3-100x71.jpg\" class=\"location mobil-home Saintes Maries de la Mer\" images_image\/><\/div><\/div><\/div><\/section>\n\n<section id=\"section-61b20eccc70b6\" class=\"section neufFrame bg-color4 p-t-0 p-b-0\" ><div class=\"container full\"><div class=\"colonnes-wrap valign-middle \"><div class=\"element colonne p-x-10 p-y-6\"><h2 class=\"element section-title justify\">Tourismus und Sehensw\u00fcrdigkeiten in Saintes Maries de la Mer<\/h2><div class=\"element bloc-text justify \">\n\t<p>Aufenthalt in <strong class=\"color1\">Campingplatz Saintes Maries de la Mer<\/strong> bedeutet, die Geschichte der Camargue zu genie\u00dfen, die die Luft in der Hauptstadt parf\u00fcmiert. Alles hier f\u00fchrt Sie zur\u00fcck zum Meer, auch wenn die Seele dieses Badeortes am Mittelmeer in der Pilgerst\u00e4tte Notre-Dame-de-la-Mer bleibt. Von den feinen Gassen des Dorfes geht es immer weiter zu den Str\u00e4nden, D\u00fcnen und Manades. Ob zu Fu\u00df oder zu Pferd, es gibt so viele Gr\u00fcnde, den Regionalen Naturpark Camargue zu entdecken. Vom weitl\u00e4ufigen \u00c9tang de Vaccar\u00e8s, der seinen Namen den K\u00fchen verdankt, die sich an seinen Ufern niedergelassen haben, \u00fcber den Vogelpark Pont de Gau bis hin zum Leuchtturm, dem Strand und dem Dorf Beauduc.<\/p>\n<\/div><\/div><div class=\"element colonne p-0\"><div class=\"element images\"><div class=\"image\"><img decoding=\"async\" src=\"https:\/\/www.campingbonport.com\/wp-content\/uploads\/2022\/03\/vacances-bouches-du-rhone.jpg\" alt=\"https:\/\/www.campingbonport.com\/wp-content\/uploads\/2022\/03\/vacances-bouches-du-rhone-100x68.jpg\" class=\"vacances saintes Marie de la mer\" images_image\/><\/div><\/div><\/div><\/div><div class=\"colonnes-wrap valign-middle \"><div class=\"element colonne p-0\"><div class=\"element bloc-text\">\n\t<iframe title=\"YouTube video player\" src=\"https:\/\/www.youtube.com\/embed\/7RO6HvM36y0\" width=\"100\" frameborder=\"0\" allowfullscreen=\"allowfullscreen\"><\/iframe><\/div><\/div><div class=\"element colonne p-x-10 p-y-6\"><div class=\"element bloc-text justify \">\n\t<p>\u00dcberall zeugen die wei\u00df get\u00fcnchten H\u00fctten der Gardians, die am Boden verankert sind, um sich vor den starken Winden zu sch\u00fctzen, von der zwingenden Osmose zwischen Mensch und Natur. In der Wiege der Camargue-Kultur erfahren Sie alles \u00fcber das Camargue-Rennen, bei dem sich die Raseure dem Stier nur n\u00e4hern, um seine Kokarden zu stehlen. Hier wird auch das Festo Vierginenco gefeiert, ein uraltes Fest, bei dem junge M\u00e4dchen zum ersten Mal das Kost\u00fcm der Arl\u00e9sienne tragen. Und schlie\u00dflich sollten Sie sich einen Tag am breiten Sandstrand g\u00f6nnen, um sich zu sonnen!<\/p>\n<\/div><\/div><\/div><\/div><\/section>\n\n<section id=\"section-61b20eccc71c8\" class=\"section p-b-25 bg-white p-t-0\" ><div class=\"container extralarge\"><h2 class=\"element section-title justify m-y-5\">Entdecken Sie die St\u00e4dte in der Umgebung von Saintes Marie de la Mer<\/h2><ul class=\"liste-de-page\"><li class=\"element call-to-action carre call-to-action--style-1 call-to-action--big\"><a href=\"https:\/\/www.campingbonport.com\/de\/campingplatz-bouches-du-rhone\/\"  class=\"call-to-action_link\" title=\"Mehr \u00fcber die bouches du rh\u00f4ne\"><div class=\"call-to-action_image\"><img decoding=\"async\" src=\"https:\/\/www.campingbonport.com\/wp-content\/uploads\/2024\/01\/lavender-field-1595577_1280.jpg\" alt=\"https:\/\/www.campingbonport.com\/wp-content\/uploads\/2024\/01\/lavender-field-1595577_1280-100x67.jpg\" class=\"\" big\/><\/div><div class=\"call-to-action_contenu\"><div class=\"call-to-action_titre\">Die Bouches du Rh\u00f4ne<\/div><\/div><\/a><\/li><li class=\"element call-to-action carre call-to-action--style-1 call-to-action--big call-to-action--style-1 call-to-action--big\"><a href=\"https:\/\/www.campingbonport.com\/de\/campingplatz-bouches-du-rhone\/campingplatz-arles\/\"  class=\"call-to-action_link\" title=\"Mehr \u00fcber arles\"><div class=\"call-to-action_image\"><img decoding=\"async\" src=\"https:\/\/www.campingbonport.com\/wp-content\/uploads\/2022\/01\/camping-arles.jpg\" alt=\"https:\/\/www.campingbonport.com\/wp-content\/uploads\/2022\/01\/camping-arles-100x37.jpg\" class=\"camping arles\" big\/><\/div><div class=\"call-to-action_contenu\"><div class=\"call-to-action_titre\">Arles<\/div><\/div><\/a><\/li><li class=\"element call-to-action carre call-to-action--style-1 call-to-action--big call-to-action--style-1 call-to-action--big call-to-action--style-1 call-to-action--big\"><a href=\"https:\/\/www.campingbonport.com\/de\/campingplatz-bouches-du-rhone\/campingplatz-avignon\/\"  class=\"call-to-action_link\" title=\"Mehr \u00fcber avignon\"><div class=\"call-to-action_image\"><img decoding=\"async\" src=\"https:\/\/www.campingbonport.com\/wp-content\/uploads\/2022\/01\/camping-avignon.jpg\" alt=\"https:\/\/www.campingbonport.com\/wp-content\/uploads\/2022\/01\/camping-avignon-100x37.jpg\" class=\"camping avignon\" big\/><\/div><div class=\"call-to-action_contenu\"><div class=\"call-to-action_titre\">Avignon<\/div><\/div><\/a><\/li><\/ul><\/div><\/section>","protected":false},"excerpt":{"rendered":"","protected":false},"author":1,"featured_media":3496,"parent":6685,"menu_order":0,"comment_status":"closed","ping_status":"closed","template":"","meta":{"_acf_changed":false,"footnotes":""},"class_list":["post-5236","page","type-page","status-publish","has-post-thumbnail","hentry"],"acf":[],"yoast_head":"<!-- This site is optimized with the Yoast SEO plugin v25.3.1 - https:\/\/yoast.com\/wordpress\/plugins\/seo\/ -->\n<title>Campingplatz Saintes Maries de la Mer - Standort Mobilheim Ste Maries - \u1403 BON PORT ****<\/title>\n<meta name=\"description\" content=\"Auf der Suche nach einem Campingplatz in Saintes Maries de la Mer? W\u00e4hlen Sie Ihre Mobilheimmiete auf dem Campingplatz Bon Port **** und nutzen Sie die Gelegenheit, die Stadt Saintes Maries zu besichtigen!\" \/>\n<meta name=\"robots\" content=\"index, follow, max-snippet:-1, max-image-preview:large, max-video-preview:-1\" \/>\n<link rel=\"canonical\" href=\"https:\/\/www.campingbonport.com\/de\/campingplatz-bouches-du-rhone\/campingplatz-saintes-maries-de-la-mer\/\" \/>\n<meta property=\"og:locale\" content=\"de_DE\" \/>\n<meta property=\"og:type\" content=\"article\" \/>\n<meta property=\"og:title\" content=\"Campingplatz Saintes Maries de la Mer - Standort Mobilheim Ste Maries - \u1403 BON PORT ****\" \/>\n<meta property=\"og:description\" content=\"Auf der Suche nach einem Campingplatz in Saintes Maries de la Mer? W\u00e4hlen Sie Ihre Mobilheimmiete auf dem Campingplatz Bon Port **** und nutzen Sie die Gelegenheit, die Stadt Saintes Maries zu besichtigen!\" \/>\n<meta property=\"og:url\" content=\"https:\/\/www.campingbonport.com\/de\/campingplatz-bouches-du-rhone\/campingplatz-saintes-maries-de-la-mer\/\" \/>\n<meta property=\"og:site_name\" content=\"Camping Bon Port\" \/>\n<meta property=\"article:modified_time\" content=\"2023-04-03T13:17:44+00:00\" \/>\n<meta property=\"og:image\" content=\"https:\/\/www.campingbonport.com\/wp-content\/uploads\/2022\/01\/camping-saintes-maries-de-la-mer-1.jpg\" \/>\n\t<meta property=\"og:image:width\" content=\"1900\" \/>\n\t<meta property=\"og:image:height\" content=\"700\" \/>\n\t<meta property=\"og:image:type\" content=\"image\/jpeg\" \/>\n<meta name=\"twitter:card\" content=\"summary_large_image\" \/>\n<script type=\"application\/ld+json\" class=\"yoast-schema-graph\">{\"@context\":\"https:\/\/schema.org\",\"@graph\":[{\"@type\":\"WebPage\",\"@id\":\"https:\/\/www.campingbonport.com\/de\/campingplatz-bouches-du-rhone\/campingplatz-saintes-maries-de-la-mer\/\",\"url\":\"https:\/\/www.campingbonport.com\/de\/campingplatz-bouches-du-rhone\/campingplatz-saintes-maries-de-la-mer\/\",\"name\":\"Campingplatz Saintes Maries de la Mer - Standort Mobilheim Ste Maries - \u1403 BON PORT ****\",\"isPartOf\":{\"@id\":\"https:\/\/www.campingbonport.com\/de\/#website\"},\"primaryImageOfPage\":{\"@id\":\"https:\/\/www.campingbonport.com\/de\/campingplatz-bouches-du-rhone\/campingplatz-saintes-maries-de-la-mer\/#primaryimage\"},\"image\":{\"@id\":\"https:\/\/www.campingbonport.com\/de\/campingplatz-bouches-du-rhone\/campingplatz-saintes-maries-de-la-mer\/#primaryimage\"},\"thumbnailUrl\":\"https:\/\/www.campingbonport.com\/wp-content\/uploads\/2022\/01\/camping-saintes-maries-de-la-mer-1.jpg\",\"datePublished\":\"2022-01-19T09:41:12+00:00\",\"dateModified\":\"2023-04-03T13:17:44+00:00\",\"description\":\"Auf der Suche nach einem Campingplatz in Saintes Maries de la Mer? W\u00e4hlen Sie Ihre Mobilheimmiete auf dem Campingplatz Bon Port **** und nutzen Sie die Gelegenheit, die Stadt Saintes Maries zu besichtigen!\",\"breadcrumb\":{\"@id\":\"https:\/\/www.campingbonport.com\/de\/campingplatz-bouches-du-rhone\/campingplatz-saintes-maries-de-la-mer\/#breadcrumb\"},\"inLanguage\":\"de\",\"potentialAction\":[{\"@type\":\"ReadAction\",\"target\":[\"https:\/\/www.campingbonport.com\/de\/campingplatz-bouches-du-rhone\/campingplatz-saintes-maries-de-la-mer\/\"]}]},{\"@type\":\"ImageObject\",\"inLanguage\":\"de\",\"@id\":\"https:\/\/www.campingbonport.com\/de\/campingplatz-bouches-du-rhone\/campingplatz-saintes-maries-de-la-mer\/#primaryimage\",\"url\":\"https:\/\/www.campingbonport.com\/wp-content\/uploads\/2022\/01\/camping-saintes-maries-de-la-mer-1.jpg\",\"contentUrl\":\"https:\/\/www.campingbonport.com\/wp-content\/uploads\/2022\/01\/camping-saintes-maries-de-la-mer-1.jpg\",\"width\":1900,\"height\":700,\"caption\":\"camping saintes maries de la mer\"},{\"@type\":\"BreadcrumbList\",\"@id\":\"https:\/\/www.campingbonport.com\/de\/campingplatz-bouches-du-rhone\/campingplatz-saintes-maries-de-la-mer\/#breadcrumb\",\"itemListElement\":[{\"@type\":\"ListItem\",\"position\":1,\"name\":\"Camping Camargue\",\"item\":\"https:\/\/www.campingbonport.com\/de\/\"},{\"@type\":\"ListItem\",\"position\":2,\"name\":\"Zelten Sie in den Bouches du Rh\u00f4ne\",\"item\":\"https:\/\/www.campingbonport.com\/de\/campingplatz-bouches-du-rhone\/\"},{\"@type\":\"ListItem\",\"position\":3,\"name\":\"Campingplatz Saintes Maries de la Mer\"}]},{\"@type\":\"WebSite\",\"@id\":\"https:\/\/www.campingbonport.com\/de\/#website\",\"url\":\"https:\/\/www.campingbonport.com\/de\/\",\"name\":\"Camping Bon Port\",\"description\":\"\",\"publisher\":{\"@id\":\"https:\/\/www.campingbonport.com\/de\/#organization\"},\"potentialAction\":[{\"@type\":\"SearchAction\",\"target\":{\"@type\":\"EntryPoint\",\"urlTemplate\":\"https:\/\/www.campingbonport.com\/de\/?s={search_term_string}\"},\"query-input\":{\"@type\":\"PropertyValueSpecification\",\"valueRequired\":true,\"valueName\":\"search_term_string\"}}],\"inLanguage\":\"de\"},{\"@type\":\"Organization\",\"@id\":\"https:\/\/www.campingbonport.com\/de\/#organization\",\"name\":\"Camping Bon Port\",\"url\":\"https:\/\/www.campingbonport.com\/de\/\",\"logo\":{\"@type\":\"ImageObject\",\"inLanguage\":\"de\",\"@id\":\"https:\/\/www.campingbonport.com\/de\/#\/schema\/logo\/image\/\",\"url\":\"https:\/\/www.campingbonport.com\/wp-content\/uploads\/2021\/11\/logo-bon-port.jpg\",\"contentUrl\":\"https:\/\/www.campingbonport.com\/wp-content\/uploads\/2021\/11\/logo-bon-port.jpg\",\"width\":736,\"height\":917,\"caption\":\"Camping Bon Port\"},\"image\":{\"@id\":\"https:\/\/www.campingbonport.com\/de\/#\/schema\/logo\/image\/\"}}]}<\/script>\n<!-- \/ Yoast SEO plugin. -->","yoast_head_json":{"title":"Campingplatz Saintes Maries de la Mer - Standort Mobilheim Ste Maries - \u1403 BON PORT ****","description":"Auf der Suche nach einem Campingplatz in Saintes Maries de la Mer? W\u00e4hlen Sie Ihre Mobilheimmiete auf dem Campingplatz Bon Port **** und nutzen Sie die Gelegenheit, die Stadt Saintes Maries zu besichtigen!","robots":{"index":"index","follow":"follow","max-snippet":"max-snippet:-1","max-image-preview":"max-image-preview:large","max-video-preview":"max-video-preview:-1"},"canonical":"https:\/\/www.campingbonport.com\/de\/campingplatz-bouches-du-rhone\/campingplatz-saintes-maries-de-la-mer\/","og_locale":"de_DE","og_type":"article","og_title":"Campingplatz Saintes Maries de la Mer - Standort Mobilheim Ste Maries - \u1403 BON PORT ****","og_description":"Auf der Suche nach einem Campingplatz in Saintes Maries de la Mer? W\u00e4hlen Sie Ihre Mobilheimmiete auf dem Campingplatz Bon Port **** und nutzen Sie die Gelegenheit, die Stadt Saintes Maries zu besichtigen!","og_url":"https:\/\/www.campingbonport.com\/de\/campingplatz-bouches-du-rhone\/campingplatz-saintes-maries-de-la-mer\/","og_site_name":"Camping Bon Port","article_modified_time":"2023-04-03T13:17:44+00:00","og_image":[{"width":1900,"height":700,"url":"https:\/\/www.campingbonport.com\/wp-content\/uploads\/2022\/01\/camping-saintes-maries-de-la-mer-1.jpg","type":"image\/jpeg"}],"twitter_card":"summary_large_image","schema":{"@context":"https:\/\/schema.org","@graph":[{"@type":"WebPage","@id":"https:\/\/www.campingbonport.com\/de\/campingplatz-bouches-du-rhone\/campingplatz-saintes-maries-de-la-mer\/","url":"https:\/\/www.campingbonport.com\/de\/campingplatz-bouches-du-rhone\/campingplatz-saintes-maries-de-la-mer\/","name":"Campingplatz Saintes Maries de la Mer - Standort Mobilheim Ste Maries - \u1403 BON PORT ****","isPartOf":{"@id":"https:\/\/www.campingbonport.com\/de\/#website"},"primaryImageOfPage":{"@id":"https:\/\/www.campingbonport.com\/de\/campingplatz-bouches-du-rhone\/campingplatz-saintes-maries-de-la-mer\/#primaryimage"},"image":{"@id":"https:\/\/www.campingbonport.com\/de\/campingplatz-bouches-du-rhone\/campingplatz-saintes-maries-de-la-mer\/#primaryimage"},"thumbnailUrl":"https:\/\/www.campingbonport.com\/wp-content\/uploads\/2022\/01\/camping-saintes-maries-de-la-mer-1.jpg","datePublished":"2022-01-19T09:41:12+00:00","dateModified":"2023-04-03T13:17:44+00:00","description":"Auf der Suche nach einem Campingplatz in Saintes Maries de la Mer? W\u00e4hlen Sie Ihre Mobilheimmiete auf dem Campingplatz Bon Port **** und nutzen Sie die Gelegenheit, die Stadt Saintes Maries zu besichtigen!","breadcrumb":{"@id":"https:\/\/www.campingbonport.com\/de\/campingplatz-bouches-du-rhone\/campingplatz-saintes-maries-de-la-mer\/#breadcrumb"},"inLanguage":"de","potentialAction":[{"@type":"ReadAction","target":["https:\/\/www.campingbonport.com\/de\/campingplatz-bouches-du-rhone\/campingplatz-saintes-maries-de-la-mer\/"]}]},{"@type":"ImageObject","inLanguage":"de","@id":"https:\/\/www.campingbonport.com\/de\/campingplatz-bouches-du-rhone\/campingplatz-saintes-maries-de-la-mer\/#primaryimage","url":"https:\/\/www.campingbonport.com\/wp-content\/uploads\/2022\/01\/camping-saintes-maries-de-la-mer-1.jpg","contentUrl":"https:\/\/www.campingbonport.com\/wp-content\/uploads\/2022\/01\/camping-saintes-maries-de-la-mer-1.jpg","width":1900,"height":700,"caption":"camping saintes maries de la mer"},{"@type":"BreadcrumbList","@id":"https:\/\/www.campingbonport.com\/de\/campingplatz-bouches-du-rhone\/campingplatz-saintes-maries-de-la-mer\/#breadcrumb","itemListElement":[{"@type":"ListItem","position":1,"name":"Camping Camargue","item":"https:\/\/www.campingbonport.com\/de\/"},{"@type":"ListItem","position":2,"name":"Zelten Sie in den Bouches du Rh\u00f4ne","item":"https:\/\/www.campingbonport.com\/de\/campingplatz-bouches-du-rhone\/"},{"@type":"ListItem","position":3,"name":"Campingplatz Saintes Maries de la Mer"}]},{"@type":"WebSite","@id":"https:\/\/www.campingbonport.com\/de\/#website","url":"https:\/\/www.campingbonport.com\/de\/","name":"Camping Bon Port","description":"","publisher":{"@id":"https:\/\/www.campingbonport.com\/de\/#organization"},"potentialAction":[{"@type":"SearchAction","target":{"@type":"EntryPoint","urlTemplate":"https:\/\/www.campingbonport.com\/de\/?s={search_term_string}"},"query-input":{"@type":"PropertyValueSpecification","valueRequired":true,"valueName":"search_term_string"}}],"inLanguage":"de"},{"@type":"Organization","@id":"https:\/\/www.campingbonport.com\/de\/#organization","name":"Camping Bon Port","url":"https:\/\/www.campingbonport.com\/de\/","logo":{"@type":"ImageObject","inLanguage":"de","@id":"https:\/\/www.campingbonport.com\/de\/#\/schema\/logo\/image\/","url":"https:\/\/www.campingbonport.com\/wp-content\/uploads\/2021\/11\/logo-bon-port.jpg","contentUrl":"https:\/\/www.campingbonport.com\/wp-content\/uploads\/2021\/11\/logo-bon-port.jpg","width":736,"height":917,"caption":"Camping Bon Port"},"image":{"@id":"https:\/\/www.campingbonport.com\/de\/#\/schema\/logo\/image\/"}}]}},"_links":{"self":[{"href":"https:\/\/www.campingbonport.com\/de\/wp-json\/wp\/v2\/pages\/5236","targetHints":{"allow":["GET"]}}],"collection":[{"href":"https:\/\/www.campingbonport.com\/de\/wp-json\/wp\/v2\/pages"}],"about":[{"href":"https:\/\/www.campingbonport.com\/de\/wp-json\/wp\/v2\/types\/page"}],"author":[{"embeddable":true,"href":"https:\/\/www.campingbonport.com\/de\/wp-json\/wp\/v2\/users\/1"}],"replies":[{"embeddable":true,"href":"https:\/\/www.campingbonport.com\/de\/wp-json\/wp\/v2\/comments?post=5236"}],"version-history":[{"count":14,"href":"https:\/\/www.campingbonport.com\/de\/wp-json\/wp\/v2\/pages\/5236\/revisions"}],"predecessor-version":[{"id":8357,"href":"https:\/\/www.campingbonport.com\/de\/wp-json\/wp\/v2\/pages\/5236\/revisions\/8357"}],"up":[{"embeddable":true,"href":"https:\/\/www.campingbonport.com\/de\/wp-json\/wp\/v2\/pages\/6685"}],"wp:featuredmedia":[{"embeddable":true,"href":"https:\/\/www.campingbonport.com\/de\/wp-json\/wp\/v2\/media\/3496"}],"wp:attachment":[{"href":"https:\/\/www.campingbonport.com\/de\/wp-json\/wp\/v2\/media?parent=5236"}],"curies":[{"name":"wp","href":"https:\/\/api.w.org\/{rel}","templated":true}]}}