{"id":5120,"date":"2022-01-19T11:41:12","date_gmt":"2022-01-19T10:41:12","guid":{"rendered":"https:\/\/www.campingbonport.com\/unkategorisiert\/camping-grau-du-roi\/"},"modified":"2022-04-01T12:22:09","modified_gmt":"2022-04-01T10:22:09","slug":"campingplatz-grau-du-roi","status":"publish","type":"page","link":"https:\/\/www.campingbonport.com\/de\/campingplatz-gard\/campingplatz-grau-du-roi\/","title":{"rendered":"Campingplatz Grau du Roi"},"content":{"rendered":"<section id=\"section-61b20eccc6d4c\" class=\"section bg-white p-b-0\" ><div class=\"container extralarge\"><h1 class=\"element section-title center\">Campingplatz Grau du Roi<\/h1><div class=\"element bloc-text center \">\n\t<p>Der <a href=\"\/de\/\">Campingplatz Camargue<\/a> Bon Port**** empf\u00e4ngt Sie in S\u00fcdfrankreich, nur wenige Kilometer entfernt von Grau du Roi in der N\u00e4he von Port Camargue. Gesch\u00fctzt und ruhig gelegen, ist unser Campingplatz ein ausgezeichneter Ausgangspunkt f\u00fcr alle Ihre Lieblingsorte in den Departements Bouches du Rh\u00f4ne, H\u00e9rault und Gard sowie entlang der gesamten K\u00fcste der Camargue.<\/p>\n<\/div><\/div><\/section>\n\n<section id=\"section-61b20eccc6e82\" class=\"section home-fifth bg-white p-t-0\" ><div class=\"container extralarge\"><div class=\"colonnes-wrap valign-middle first-row\"><div class=\"element colonne \"><div class=\"element images\"><div class=\"image\"><img decoding=\"async\" src=\"https:\/\/www.campingbonport.com\/wp-content\/uploads\/2022\/03\/mobil-home-saintes-marie-de-la-mer.jpg\" alt=\"https:\/\/www.campingbonport.com\/wp-content\/uploads\/2022\/03\/mobil-home-saintes-marie-de-la-mer-100x94.jpg\" class=\"mobil-home Grau du Roi\" images_image\/><\/div><\/div><\/div><div class=\"element colonne p-5\"><h2 class=\"element section-title justify\">Mobilheimvermietung in der N\u00e4he von Grau du Roi<\/h2><div class=\"element bloc-text justify \">\n\t<p>An der Kreuzung aller Wege, die das Mittelmeer in Okzitanien s\u00e4umen, ist der Campingplatz Bon Port**** in Lunel der ideale Ort, um <strong class=\"color1\">ein Mobilheim in der N\u00e4he von Grau du Roi mieten<\/strong>. Nur 20 Minuten vom Badeort im Languedoc Roussillon entfernt, lassen Sie sich vom Unterkunftsangebot unseres <strong class=\"color1\">Campingplatz in der N\u00e4he von Grau du Roi<\/strong>. Hier stehen Ihnen nicht weniger als 10 verschiedene Modelle funktioneller und neuer Mobilheime zur Verf\u00fcgung. Ob Sie nun ein Paar mit zwei kleinen Kindern, zwei befreundete Paare oder eine Patchwork-Familie mit Kindern und Teenagern sind, wir haben ein Mobilheim f\u00fcr Sie. Das Design und die Dekoration variieren zwar von Modell zu Modell, aber unsere Aufmerksamkeit f\u00fcr die Pflege und die allt\u00e4glichen Einrichtungen bleibt unver\u00e4ndert. Alle Mobilheime verf\u00fcgen \u00fcber eine \u00fcberdachte oder halb\u00fcberdachte Terrasse und sind klimatisiert. Ob Sie mit der Familie oder mit Freunden kommen, Sie k\u00f6nnen in der gesamten Region nach Belieben kommen und gehen und das Schwimmbad des Campingplatzes und seine Rutschen nutzen.<\/p>\n<\/div><\/div><\/div><div class=\"element bloc-text\">\n\t<script>\r\n    window.ctoutvert = {\r\n\t\tid: 2791, \r\n\t\tlang: 'auto', \r\n\t\turl: 'https:\/\/bookingpremium.secureholiday.net\/widgets\/'\r\n    };\r\n    (function (w, d, s, ctv, r, js, fjs) {\r\n        r=new XMLHttpRequest();r.open('GET',w[ctv].url+'js\/src.json');\r\n        r.responseType='json';r.json=true;r.send();\r\n        r.onload=function(){w[ctv].src=r.responseType=='json'?r.response:JSON.parse(r.response);\r\n        js.src=w[ctv].src[0];fjs.parentNode.insertBefore(js, fjs);}\r\n        js=d.createElement(s),fjs=d.getElementsByTagName(s)[0];\r\n        js.id='ctvwidget';js.async=1;\r\n    }(window, document, 'script', 'ctoutvert'));\r\n<\/script>\r\n<ctv-product-list ><\/ctv-product-list><\/div><\/div><\/section>\n\n<section id=\"section-61b2128adf580\" class=\"section bg-white p-t-0 p-b-0\" ><div class=\"container full\"><div class=\"element images\"><div class=\"image\"><img decoding=\"async\" src=\"https:\/\/www.campingbonport.com\/wp-content\/uploads\/2022\/01\/aire-de-jeux.jpg\" alt=\"https:\/\/www.campingbonport.com\/wp-content\/uploads\/2022\/01\/aire-de-jeux-100x68.jpg\" class=\"louer un mobil-home Grau du Roi\" images_image\/><\/div><div class=\"image\"><img decoding=\"async\" src=\"https:\/\/www.campingbonport.com\/wp-content\/uploads\/2022\/01\/camping-piscine-lunel.jpg\" alt=\"https:\/\/www.campingbonport.com\/wp-content\/uploads\/2022\/01\/camping-piscine-lunel-100x68.jpg\" class=\"camping au Grau du Roi\" images_image\/><\/div><div class=\"image\"><img decoding=\"async\" src=\"https:\/\/www.campingbonport.com\/wp-content\/uploads\/2022\/01\/location-mobil-home-camargue.jpg\" alt=\"https:\/\/www.campingbonport.com\/wp-content\/uploads\/2022\/01\/location-mobil-home-camargue-100x68.jpg\" class=\"location mobil-home Grau du Roi\" images_image\/><\/div><\/div><\/div><\/section>\n\n<section id=\"section-61b20eccc70b6\" class=\"section neufFrame bg-color4 p-t-0 p-b-0\" ><div class=\"container full\"><div class=\"colonnes-wrap valign-middle \"><div class=\"element colonne p-x-10 p-y-6\"><h2 class=\"element section-title justify\">Tourismus und Sehensw\u00fcrdigkeiten in Le Grau du Roi<\/h2><div class=\"element bloc-text justify \">\n\t<p>Wenn man an einen Aufenthalt denkt <strong class=\"color1\">campingplatz au Grau du Roi<\/strong>, denkt man automatisch an das Mittelmeer und einen feinen Sandstrand. Sch\u00f6ne, erholsame Stunden an der K\u00fcste der Camargue stehen in Aussicht.<\/p>\n<p>Der Ort am Meer steht nat\u00fcrlich f\u00fcr Str\u00e4nde, Baden und wird Sie in dieser Hinsicht nicht entt\u00e4uschen. Aber er h\u00e4lt noch viele weitere \u00dcberraschungen f\u00fcr Sie bereit.<\/p>\n<p>Angefangen mit dem Viertel Port-Camargue, in dem sich der gr\u00f6\u00dfte Jachthafen Europas befindet.<\/p>\n<p>Zur Unterhaltung gibt es hier auch Parks f\u00fcr Gro\u00df und Klein. Babyland bietet Piratenfluss, kleine Elektroautos und andere Fahrgesch\u00e4fte; Amigoland, \u00f6ffnet seine Sensationsattraktionen und Schaustellerbuden am Abend.<\/p>\n<\/div><\/div><div class=\"element colonne p-0\"><div class=\"element images\"><div class=\"image\"><img decoding=\"async\" src=\"https:\/\/www.campingbonport.com\/wp-content\/uploads\/2022\/03\/camping-grau-du-roi.jpg\" alt=\"https:\/\/www.campingbonport.com\/wp-content\/uploads\/2022\/03\/camping-grau-du-roi-100x68.jpg\" class=\"camping grau du roi\" images_image\/><\/div><\/div><\/div><\/div><div class=\"colonnes-wrap valign-middle \"><div class=\"element colonne p-0\"><div class=\"element bloc-text\">\n\t<iframe title=\"YouTube video player\" src=\"https:\/\/www.youtube.com\/embed\/tAwL5XAAvQE?start=16\" width=\"100\" frameborder=\"0\" allowfullscreen=\"allowfullscreen\"><\/iframe><\/div><\/div><div class=\"element colonne p-x-10 p-y-6\"><div class=\"element bloc-text justify \">\n\t<p>Im Seaquarium, das der Unterwasserwelt gewidmet ist, kann die ganze Familie Nervenkitzel erleben: Hunderte von bunten tropischen Fischen, Seel\u00f6wen, Robben, aber auch alle Arten von Haien.<\/p>\n<p>Was die Kultur angeht, sollten Sie sich die umwerfende Show des Cabaret \u00e9questre des sables ansehen.<\/p>\n<p>Was die Natur betrifft, so \u00f6ffnet Ihnen Le Grau du Roi die Tore zur Petite Camargue. Von den D\u00fcnen der Pointe de l&#8217;Espiguette, einem riesigen, unter Naturschutz stehenden Gebiet, bis hin zum Etang De Salonique, der sich ideal f\u00fcr Spazierg\u00e4nge und Picknicks eignet, k\u00f6nnen Sie die Weite der Camargue genie\u00dfen. <strong class=\"color1\">campingplatz Grau du Roi<\/strong>. Sie k\u00f6nnen auch schnell nach Palavas les Flots oder La Grande Motte fahren.<\/p>\n<\/div><\/div><\/div><\/div><\/section>\n\n<section id=\"section-61b20eccc71c8\" class=\"section p-b-25 bg-white p-t-0\" ><div class=\"container extralarge\"><h2 class=\"element section-title justify m-y-5\">D\u00e9couvrez les villes aux alentours du Grau du Roi<\/h2><ul class=\"liste-de-page\"><li class=\"element call-to-action carre call-to-action--style-1 call-to-action--big\"><a href=\"https:\/\/www.campingbonport.com\/de\/campingplatz-gard\/campingplatz-aigues-mortes\/\"  class=\"call-to-action_link\" title=\"Mehr \u00fcber aigues mortes\"><div class=\"call-to-action_image\"><img decoding=\"async\" src=\"https:\/\/www.campingbonport.com\/wp-content\/uploads\/2022\/01\/camping-aigues-mortes.jpg\" alt=\"https:\/\/www.campingbonport.com\/wp-content\/uploads\/2022\/01\/camping-aigues-mortes-100x37.jpg\" class=\"camping aigues mortes\" big\/><\/div><div class=\"call-to-action_contenu\"><div class=\"call-to-action_titre\">Aigues Mortes<\/div><\/div><\/a><\/li><li class=\"element call-to-action carre call-to-action--style-1 call-to-action--big call-to-action--style-1 call-to-action--big\"><a href=\"https:\/\/www.campingbonport.com\/de\/campingplatz-gard\/campingplatz-nimes\/\"  class=\"call-to-action_link\" title=\"Mehr \u00fcber n\u00eemes\"><div class=\"call-to-action_image\"><img decoding=\"async\" src=\"https:\/\/www.campingbonport.com\/wp-content\/uploads\/2022\/01\/camping-nimes.jpg\" alt=\"https:\/\/www.campingbonport.com\/wp-content\/uploads\/2022\/01\/camping-nimes-100x37.jpg\" class=\"camping nimes\" big\/><\/div><div class=\"call-to-action_contenu\"><div class=\"call-to-action_titre\">N\u00eemes<\/div><\/div><\/a><\/li><li class=\"element call-to-action carre call-to-action--style-1 call-to-action--big call-to-action--style-1 call-to-action--big call-to-action--style-1 call-to-action--big\"><a href=\"https:\/\/www.campingbonport.com\/de\/campingplatz-gard\/campingplatz-sommieres\/\"  class=\"call-to-action_link\" title=\"Mehr \u00fcber sommi\u00e8res\"><div class=\"call-to-action_image\"><img decoding=\"async\" src=\"https:\/\/www.campingbonport.com\/wp-content\/uploads\/2022\/01\/camping-sommieres.jpg\" alt=\"https:\/\/www.campingbonport.com\/wp-content\/uploads\/2022\/01\/camping-sommieres-100x37.jpg\" class=\"camping sommieres\" big\/><\/div><div class=\"call-to-action_contenu\"><div class=\"call-to-action_titre\">Sommi\u00e8res<\/div><\/div><\/a><\/li><\/ul><\/div><\/section>","protected":false},"excerpt":{"rendered":"","protected":false},"author":1,"featured_media":3332,"parent":6684,"menu_order":0,"comment_status":"closed","ping_status":"closed","template":"","meta":{"_acf_changed":false,"footnotes":""},"class_list":["post-5120","page","type-page","status-publish","has-post-thumbnail","hentry"],"acf":[],"yoast_head":"<!-- This site is optimized with the Yoast SEO plugin v25.3.1 - https:\/\/yoast.com\/wordpress\/plugins\/seo\/ -->\n<title>Campingplatz Grau du Roi - Mobilheimvermietung Grau du Roi - \u1403 BON PORT ****<\/title>\n<meta name=\"description\" content=\"Auf der Suche nach einem Campingplatz in Grau du Roi? W\u00e4hlen Sie Ihre Mobilheimmiete auf dem Campingplatz Bon Port **** und nutzen Sie die Gelegenheit, die Stadt Grau du Roi zu besichtigen!\" \/>\n<meta name=\"robots\" content=\"index, follow, max-snippet:-1, max-image-preview:large, max-video-preview:-1\" \/>\n<link rel=\"canonical\" href=\"https:\/\/www.campingbonport.com\/de\/campingplatz-gard\/campingplatz-grau-du-roi\/\" \/>\n<meta property=\"og:locale\" content=\"de_DE\" \/>\n<meta property=\"og:type\" content=\"article\" \/>\n<meta property=\"og:title\" content=\"Campingplatz Grau du Roi - Mobilheimvermietung Grau du Roi - \u1403 BON PORT ****\" \/>\n<meta property=\"og:description\" content=\"Auf der Suche nach einem Campingplatz in Grau du Roi? W\u00e4hlen Sie Ihre Mobilheimmiete auf dem Campingplatz Bon Port **** und nutzen Sie die Gelegenheit, die Stadt Grau du Roi zu besichtigen!\" \/>\n<meta property=\"og:url\" content=\"https:\/\/www.campingbonport.com\/de\/campingplatz-gard\/campingplatz-grau-du-roi\/\" \/>\n<meta property=\"og:site_name\" content=\"Camping Bon Port\" \/>\n<meta property=\"article:modified_time\" content=\"2022-04-01T10:22:09+00:00\" \/>\n<meta property=\"og:image\" content=\"https:\/\/www.campingbonport.com\/wp-content\/uploads\/2022\/01\/camping-grau-du-roi.jpg\" \/>\n\t<meta property=\"og:image:width\" content=\"1900\" \/>\n\t<meta property=\"og:image:height\" content=\"700\" \/>\n\t<meta property=\"og:image:type\" content=\"image\/jpeg\" \/>\n<meta name=\"twitter:card\" content=\"summary_large_image\" \/>\n<script type=\"application\/ld+json\" class=\"yoast-schema-graph\">{\"@context\":\"https:\/\/schema.org\",\"@graph\":[{\"@type\":\"WebPage\",\"@id\":\"https:\/\/www.campingbonport.com\/de\/campingplatz-gard\/campingplatz-grau-du-roi\/\",\"url\":\"https:\/\/www.campingbonport.com\/de\/campingplatz-gard\/campingplatz-grau-du-roi\/\",\"name\":\"Campingplatz Grau du Roi - Mobilheimvermietung Grau du Roi - \u1403 BON PORT ****\",\"isPartOf\":{\"@id\":\"https:\/\/www.campingbonport.com\/de\/#website\"},\"primaryImageOfPage\":{\"@id\":\"https:\/\/www.campingbonport.com\/de\/campingplatz-gard\/campingplatz-grau-du-roi\/#primaryimage\"},\"image\":{\"@id\":\"https:\/\/www.campingbonport.com\/de\/campingplatz-gard\/campingplatz-grau-du-roi\/#primaryimage\"},\"thumbnailUrl\":\"https:\/\/www.campingbonport.com\/wp-content\/uploads\/2022\/01\/camping-grau-du-roi.jpg\",\"datePublished\":\"2022-01-19T10:41:12+00:00\",\"dateModified\":\"2022-04-01T10:22:09+00:00\",\"description\":\"Auf der Suche nach einem Campingplatz in Grau du Roi? W\u00e4hlen Sie Ihre Mobilheimmiete auf dem Campingplatz Bon Port **** und nutzen Sie die Gelegenheit, die Stadt Grau du Roi zu besichtigen!\",\"breadcrumb\":{\"@id\":\"https:\/\/www.campingbonport.com\/de\/campingplatz-gard\/campingplatz-grau-du-roi\/#breadcrumb\"},\"inLanguage\":\"de\",\"potentialAction\":[{\"@type\":\"ReadAction\",\"target\":[\"https:\/\/www.campingbonport.com\/de\/campingplatz-gard\/campingplatz-grau-du-roi\/\"]}]},{\"@type\":\"ImageObject\",\"inLanguage\":\"de\",\"@id\":\"https:\/\/www.campingbonport.com\/de\/campingplatz-gard\/campingplatz-grau-du-roi\/#primaryimage\",\"url\":\"https:\/\/www.campingbonport.com\/wp-content\/uploads\/2022\/01\/camping-grau-du-roi.jpg\",\"contentUrl\":\"https:\/\/www.campingbonport.com\/wp-content\/uploads\/2022\/01\/camping-grau-du-roi.jpg\",\"width\":1900,\"height\":700,\"caption\":\"camping grau du roi\"},{\"@type\":\"BreadcrumbList\",\"@id\":\"https:\/\/www.campingbonport.com\/de\/campingplatz-gard\/campingplatz-grau-du-roi\/#breadcrumb\",\"itemListElement\":[{\"@type\":\"ListItem\",\"position\":1,\"name\":\"Camping Camargue\",\"item\":\"https:\/\/www.campingbonport.com\/de\/\"},{\"@type\":\"ListItem\",\"position\":2,\"name\":\"Zelten im Gard\",\"item\":\"https:\/\/www.campingbonport.com\/de\/campingplatz-gard\/\"},{\"@type\":\"ListItem\",\"position\":3,\"name\":\"Campingplatz Grau du Roi\"}]},{\"@type\":\"WebSite\",\"@id\":\"https:\/\/www.campingbonport.com\/de\/#website\",\"url\":\"https:\/\/www.campingbonport.com\/de\/\",\"name\":\"Camping Bon Port\",\"description\":\"\",\"publisher\":{\"@id\":\"https:\/\/www.campingbonport.com\/de\/#organization\"},\"potentialAction\":[{\"@type\":\"SearchAction\",\"target\":{\"@type\":\"EntryPoint\",\"urlTemplate\":\"https:\/\/www.campingbonport.com\/de\/?s={search_term_string}\"},\"query-input\":{\"@type\":\"PropertyValueSpecification\",\"valueRequired\":true,\"valueName\":\"search_term_string\"}}],\"inLanguage\":\"de\"},{\"@type\":\"Organization\",\"@id\":\"https:\/\/www.campingbonport.com\/de\/#organization\",\"name\":\"Camping Bon Port\",\"url\":\"https:\/\/www.campingbonport.com\/de\/\",\"logo\":{\"@type\":\"ImageObject\",\"inLanguage\":\"de\",\"@id\":\"https:\/\/www.campingbonport.com\/de\/#\/schema\/logo\/image\/\",\"url\":\"https:\/\/www.campingbonport.com\/wp-content\/uploads\/2021\/11\/logo-bon-port.jpg\",\"contentUrl\":\"https:\/\/www.campingbonport.com\/wp-content\/uploads\/2021\/11\/logo-bon-port.jpg\",\"width\":736,\"height\":917,\"caption\":\"Camping Bon Port\"},\"image\":{\"@id\":\"https:\/\/www.campingbonport.com\/de\/#\/schema\/logo\/image\/\"}}]}<\/script>\n<!-- \/ Yoast SEO plugin. -->","yoast_head_json":{"title":"Campingplatz Grau du Roi - Mobilheimvermietung Grau du Roi - \u1403 BON PORT ****","description":"Auf der Suche nach einem Campingplatz in Grau du Roi? W\u00e4hlen Sie Ihre Mobilheimmiete auf dem Campingplatz Bon Port **** und nutzen Sie die Gelegenheit, die Stadt Grau du Roi zu besichtigen!","robots":{"index":"index","follow":"follow","max-snippet":"max-snippet:-1","max-image-preview":"max-image-preview:large","max-video-preview":"max-video-preview:-1"},"canonical":"https:\/\/www.campingbonport.com\/de\/campingplatz-gard\/campingplatz-grau-du-roi\/","og_locale":"de_DE","og_type":"article","og_title":"Campingplatz Grau du Roi - Mobilheimvermietung Grau du Roi - \u1403 BON PORT ****","og_description":"Auf der Suche nach einem Campingplatz in Grau du Roi? W\u00e4hlen Sie Ihre Mobilheimmiete auf dem Campingplatz Bon Port **** und nutzen Sie die Gelegenheit, die Stadt Grau du Roi zu besichtigen!","og_url":"https:\/\/www.campingbonport.com\/de\/campingplatz-gard\/campingplatz-grau-du-roi\/","og_site_name":"Camping Bon Port","article_modified_time":"2022-04-01T10:22:09+00:00","og_image":[{"width":1900,"height":700,"url":"https:\/\/www.campingbonport.com\/wp-content\/uploads\/2022\/01\/camping-grau-du-roi.jpg","type":"image\/jpeg"}],"twitter_card":"summary_large_image","schema":{"@context":"https:\/\/schema.org","@graph":[{"@type":"WebPage","@id":"https:\/\/www.campingbonport.com\/de\/campingplatz-gard\/campingplatz-grau-du-roi\/","url":"https:\/\/www.campingbonport.com\/de\/campingplatz-gard\/campingplatz-grau-du-roi\/","name":"Campingplatz Grau du Roi - Mobilheimvermietung Grau du Roi - \u1403 BON PORT ****","isPartOf":{"@id":"https:\/\/www.campingbonport.com\/de\/#website"},"primaryImageOfPage":{"@id":"https:\/\/www.campingbonport.com\/de\/campingplatz-gard\/campingplatz-grau-du-roi\/#primaryimage"},"image":{"@id":"https:\/\/www.campingbonport.com\/de\/campingplatz-gard\/campingplatz-grau-du-roi\/#primaryimage"},"thumbnailUrl":"https:\/\/www.campingbonport.com\/wp-content\/uploads\/2022\/01\/camping-grau-du-roi.jpg","datePublished":"2022-01-19T10:41:12+00:00","dateModified":"2022-04-01T10:22:09+00:00","description":"Auf der Suche nach einem Campingplatz in Grau du Roi? W\u00e4hlen Sie Ihre Mobilheimmiete auf dem Campingplatz Bon Port **** und nutzen Sie die Gelegenheit, die Stadt Grau du Roi zu besichtigen!","breadcrumb":{"@id":"https:\/\/www.campingbonport.com\/de\/campingplatz-gard\/campingplatz-grau-du-roi\/#breadcrumb"},"inLanguage":"de","potentialAction":[{"@type":"ReadAction","target":["https:\/\/www.campingbonport.com\/de\/campingplatz-gard\/campingplatz-grau-du-roi\/"]}]},{"@type":"ImageObject","inLanguage":"de","@id":"https:\/\/www.campingbonport.com\/de\/campingplatz-gard\/campingplatz-grau-du-roi\/#primaryimage","url":"https:\/\/www.campingbonport.com\/wp-content\/uploads\/2022\/01\/camping-grau-du-roi.jpg","contentUrl":"https:\/\/www.campingbonport.com\/wp-content\/uploads\/2022\/01\/camping-grau-du-roi.jpg","width":1900,"height":700,"caption":"camping grau du roi"},{"@type":"BreadcrumbList","@id":"https:\/\/www.campingbonport.com\/de\/campingplatz-gard\/campingplatz-grau-du-roi\/#breadcrumb","itemListElement":[{"@type":"ListItem","position":1,"name":"Camping Camargue","item":"https:\/\/www.campingbonport.com\/de\/"},{"@type":"ListItem","position":2,"name":"Zelten im Gard","item":"https:\/\/www.campingbonport.com\/de\/campingplatz-gard\/"},{"@type":"ListItem","position":3,"name":"Campingplatz Grau du Roi"}]},{"@type":"WebSite","@id":"https:\/\/www.campingbonport.com\/de\/#website","url":"https:\/\/www.campingbonport.com\/de\/","name":"Camping Bon Port","description":"","publisher":{"@id":"https:\/\/www.campingbonport.com\/de\/#organization"},"potentialAction":[{"@type":"SearchAction","target":{"@type":"EntryPoint","urlTemplate":"https:\/\/www.campingbonport.com\/de\/?s={search_term_string}"},"query-input":{"@type":"PropertyValueSpecification","valueRequired":true,"valueName":"search_term_string"}}],"inLanguage":"de"},{"@type":"Organization","@id":"https:\/\/www.campingbonport.com\/de\/#organization","name":"Camping Bon Port","url":"https:\/\/www.campingbonport.com\/de\/","logo":{"@type":"ImageObject","inLanguage":"de","@id":"https:\/\/www.campingbonport.com\/de\/#\/schema\/logo\/image\/","url":"https:\/\/www.campingbonport.com\/wp-content\/uploads\/2021\/11\/logo-bon-port.jpg","contentUrl":"https:\/\/www.campingbonport.com\/wp-content\/uploads\/2021\/11\/logo-bon-port.jpg","width":736,"height":917,"caption":"Camping Bon Port"},"image":{"@id":"https:\/\/www.campingbonport.com\/de\/#\/schema\/logo\/image\/"}}]}},"_links":{"self":[{"href":"https:\/\/www.campingbonport.com\/de\/wp-json\/wp\/v2\/pages\/5120","targetHints":{"allow":["GET"]}}],"collection":[{"href":"https:\/\/www.campingbonport.com\/de\/wp-json\/wp\/v2\/pages"}],"about":[{"href":"https:\/\/www.campingbonport.com\/de\/wp-json\/wp\/v2\/types\/page"}],"author":[{"embeddable":true,"href":"https:\/\/www.campingbonport.com\/de\/wp-json\/wp\/v2\/users\/1"}],"replies":[{"embeddable":true,"href":"https:\/\/www.campingbonport.com\/de\/wp-json\/wp\/v2\/comments?post=5120"}],"version-history":[{"count":16,"href":"https:\/\/www.campingbonport.com\/de\/wp-json\/wp\/v2\/pages\/5120\/revisions"}],"predecessor-version":[{"id":6798,"href":"https:\/\/www.campingbonport.com\/de\/wp-json\/wp\/v2\/pages\/5120\/revisions\/6798"}],"up":[{"embeddable":true,"href":"https:\/\/www.campingbonport.com\/de\/wp-json\/wp\/v2\/pages\/6684"}],"wp:featuredmedia":[{"embeddable":true,"href":"https:\/\/www.campingbonport.com\/de\/wp-json\/wp\/v2\/media\/3332"}],"wp:attachment":[{"href":"https:\/\/www.campingbonport.com\/de\/wp-json\/wp\/v2\/media?parent=5120"}],"curies":[{"name":"wp","href":"https:\/\/api.w.org\/{rel}","templated":true}]}}