{"id":5089,"date":"2022-01-19T11:49:01","date_gmt":"2022-01-19T10:49:01","guid":{"rendered":"https:\/\/www.campingbonport.com\/unkategorisiert\/camping-sommieres\/"},"modified":"2022-04-01T12:24:51","modified_gmt":"2022-04-01T10:24:51","slug":"campingplatz-sommieres","status":"publish","type":"page","link":"https:\/\/www.campingbonport.com\/de\/campingplatz-gard\/campingplatz-sommieres\/","title":{"rendered":"Campingplatz Sommi\u00e8res"},"content":{"rendered":"<section id=\"section-61b20eccc6d4c\" class=\"section bg-white p-b-0\" ><div class=\"container extralarge\"><h1 class=\"element section-title center\">Campingplatz Sommi\u00e8res<\/h1><div class=\"element bloc-text center \">\n\t<p>Auf der Suche nach einem <strong class=\"color1\">campingplatz Sommieres<\/strong> oder einen Campingplatz im Gard, auf dem Sie Ihre W\u00fcnsche nach feinen Sandstr\u00e4nden, historischen Spazierg\u00e4ngen und der Entdeckung des Weinanbaugebiets Languedoc vereinen k\u00f6nnen? Durch den Aufenthalt im <a href=\"\/de\/\">Campingplatz Bon Port und Petite Camargue<\/a>, <strong class=\"color1\">zelten in der N\u00e4he vonSommi\u00e8res<\/strong> nur wenige Kilometer von den Str\u00e4nden entfernt, sind Sie ideal gelegen, um Ihren W\u00fcnschen nachzukommen und die Region zu entdecken <span style=\"font-weight: 400;\">zwischen feinen Sandstr\u00e4nden, historischen Spazierg\u00e4ngen und der Entdeckung des Weinbaugebiets Languedoc.<\/span><\/p>\n<\/div><\/div><\/section>\n\n<section id=\"section-61b20eccc6e82\" class=\"section home-fifth bg-white p-t-0\" ><div class=\"container extralarge\"><div class=\"colonnes-wrap valign-middle first-row\"><div class=\"element colonne \"><div class=\"element images\"><div class=\"image\"><img decoding=\"async\" src=\"https:\/\/www.campingbonport.com\/wp-content\/uploads\/2022\/03\/mobil-home-saintes-marie-de-la-mer.jpg\" alt=\"https:\/\/www.campingbonport.com\/wp-content\/uploads\/2022\/03\/mobil-home-saintes-marie-de-la-mer-100x94.jpg\" class=\"mobil-home sommi\u00e8res\" images_image\/><\/div><\/div><\/div><div class=\"element colonne p-5\"><h2 class=\"element section-title justify\">Mobilheim mieten in der N\u00e4he von Sommi\u00e8res<\/h2><div class=\"element bloc-text justify \">\n\t<p>F\u00fcr einen unvergesslichen Urlaub in <strong class=\"color1\">Mobilheim in Sommi\u00e8res<\/strong>, muss man sowohl das Meer als auch das Hinterland gleicherma\u00dfen genie\u00dfen k\u00f6nnen. Das bietet Ihnen auch der Campingplatz Bon Port****, der 17 km von Sommi\u00e8res entfernt liegt. Hier erwartet Sie eine gro\u00dfe Auswahl an 10 verschiedenen Mobilheimmodellen. Mit 2 bis 4 Schlafzimmern und Platz f\u00fcr 4 bis 8 Personen jeden Alters sind sie sowohl praktisch als auch komfortabel. Au\u00dferdem finden Sie auf dem Platz Stellpl\u00e4tze f\u00fcr Zelte und Wohnmobile sowie einen Spielplatz und ein Schwimmbad, die sich ideal f\u00fcr einen Familienurlaub eignen. Dank der Lage unseres Familiencampingplatzes k\u00f6nnen Sie alle Sch\u00f6nheiten der K\u00fcste und des umliegenden Landes in vollen Z\u00fcgen genie\u00dfen. Besuchen Sie die speziellen Seiten unserer Website, um die Besonderheiten unserer vielf\u00e4ltigen Unterk\u00fcnfte in S\u00fcdfrankreich in der Region Languedoc Roussillon zu entdecken.<\/p>\n<\/div><\/div><\/div><div class=\"element bloc-text\">\n\t<script>\r\n    window.ctoutvert = {\r\n\t\tid: 2791, \r\n\t\tlang: 'auto', \r\n\t\turl: 'https:\/\/bookingpremium.secureholiday.net\/widgets\/'\r\n    };\r\n    (function (w, d, s, ctv, r, js, fjs) {\r\n        r=new XMLHttpRequest();r.open('GET',w[ctv].url+'js\/src.json');\r\n        r.responseType='json';r.json=true;r.send();\r\n        r.onload=function(){w[ctv].src=r.responseType=='json'?r.response:JSON.parse(r.response);\r\n        js.src=w[ctv].src[0];fjs.parentNode.insertBefore(js, fjs);}\r\n        js=d.createElement(s),fjs=d.getElementsByTagName(s)[0];\r\n        js.id='ctvwidget';js.async=1;\r\n    }(window, document, 'script', 'ctoutvert'));\r\n<\/script>\r\n<ctv-product-list ><\/ctv-product-list><\/div><\/div><\/section>\n\n<section id=\"section-61b2128adf580\" class=\"section bg-white p-t-0 p-b-0\" ><div class=\"container full\"><div class=\"element images\"><div class=\"image\"><img decoding=\"async\" src=\"https:\/\/www.campingbonport.com\/wp-content\/uploads\/2022\/01\/camping-location-lunel-4.jpg\" alt=\"https:\/\/www.campingbonport.com\/wp-content\/uploads\/2022\/01\/camping-location-lunel-4-100x71.jpg\" class=\"louer un mobil-home Sommi\u00e8res\" images_image\/><\/div><div class=\"image\"><img decoding=\"async\" src=\"https:\/\/www.campingbonport.com\/wp-content\/uploads\/2022\/01\/camping-piscine-camargue.jpg\" alt=\"https:\/\/www.campingbonport.com\/wp-content\/uploads\/2022\/01\/camping-piscine-camargue-100x68.jpg\" class=\"camping \u00e0 Sommi\u00e8res\" images_image\/><\/div><div class=\"image\"><img decoding=\"async\" src=\"https:\/\/www.campingbonport.com\/wp-content\/uploads\/2022\/01\/camping-location-lunel-6.jpg\" alt=\"https:\/\/www.campingbonport.com\/wp-content\/uploads\/2022\/01\/camping-location-lunel-6-100x71.jpg\" class=\"location mobil-home Sommi\u00e8res\" images_image\/><\/div><\/div><\/div><\/section>\n\n<section id=\"section-61b20eccc70b6\" class=\"section neufFrame bg-color4 p-t-0 p-b-0\" ><div class=\"container full\"><div class=\"colonnes-wrap valign-middle \"><div class=\"element colonne p-x-10 p-y-6\"><h2 class=\"element section-title justify\">Tourismus und Sehensw\u00fcrdigkeiten in Sommi\u00e8res<\/h2><div class=\"element bloc-text justify \">\n\t<p>Schon wenn Sie die r\u00f6mische Br\u00fccke am Eingang der Stadt \u00fcberqueren, werden Sie es zu sch\u00e4tzen wissen, dass Sie einen Aufenthalt gew\u00e4hlt haben <strong class=\"color1\">campingplatz in Sommi\u00e8res<\/strong>.<\/p>\n<p>Von der mittelalterlichen Burg dieser authentischen, an den H\u00e4ngen gelegenen Stadt des S\u00fcdens aus k\u00f6nnen Sie die Platanen entlang der Kais, die provenzalischen Ziegeld\u00e4cher, die Garrigue und die Weinberge von Sommi\u00e8res bewundern.<\/p>\n<p>Auf dem Marktplatz wird Sie die sehr originelle Architektur der H\u00e4user \u00fcberraschen und Sie werden den Leckereien, die Ihnen angeboten werden, wahrscheinlich nicht widerstehen k\u00f6nnen. Die Stadt ist zwar eine Hauptstadt des Lakritzes, aber die S\u00fc\u00dfwarengesch\u00e4fte halten noch viele weitere s\u00fc\u00dfe \u00dcberraschungen f\u00fcr Sie bereit. Probieren Sie unbedingt auch den P\u00e9lardon, den k\u00f6stlichen Ziegenk\u00e4se aus der Cevennenregion, zu dem die Weine aus dem Languedoc hervorragend passen.<\/p>\n<\/div><\/div><div class=\"element colonne p-0\"><div class=\"element bloc-text\">\n\t<iframe src=\"https:\/\/www.google.com\/maps\/embed?pb=!1m28!1m12!1m3!1d158642.13606041187!2d4.036447781206014!3d43.69762351658009!2m3!1f0!2f0!3f0!3m2!1i1024!2i768!4f13.1!4m13!3e0!4m5!1s0x12b69ea2ce72dfad%3A0xc8b6560e21bf3c97!2sCamping%20Bon%20Port%20-%20Petite%20Camargue%2C%20Chemin%20du%20Mas%20de%20Saint-Ange%2C%20Lunel!3m2!1d43.656118!2d4.1420842!4m5!1s0x12b421c49e4772d3%3A0x4078821166b34c0!2sSommi%C3%A8res!3m2!1d43.783449999999995!2d4.089738!5e0!3m2!1sfr!2sfr!4v1643706604371!5m2!1sfr!2sfr\" style=\"border:0;\" allowfullscreen=\"\" loading=\"lazy\"><\/iframe><\/div><\/div><\/div><div class=\"colonnes-wrap valign-middle \"><div class=\"element colonne p-0\"><div class=\"element bloc-text\">\n\t<iframe title=\"YouTube video player\" src=\"https:\/\/www.youtube.com\/embed\/WiC4hPE8xjg\" width=\"100\" frameborder=\"0\" allowfullscreen=\"allowfullscreen\"><\/iframe><\/div><\/div><div class=\"element colonne p-x-10 p-y-6\"><div class=\"element bloc-text justify \">\n\t<p>Und da wir gerade von Weinen sprechen: Weinliebhaber werden mit Freude die Umgebung von Sommi\u00e8res erkunden, um die Weinberge von Calvisson oder Langlade zu entdecken, wo das mediterrane Klima und talentierte Winzer Weine hervorbringen, die heute f\u00fcr ihr Temperament und ihre Qualit\u00e4t bekannt sind.<\/p>\n<p>Die faszinierenden Steinbr\u00fcche von Bon Temps sind nur 5 km entfernt. <strong class=\"color1\">campingplatz Sommi\u00e8res<\/strong>. Die Natur hat sich hier nach 2000 Jahren des manuellen Abbaus der Felsen ihr Recht zur\u00fcckerobert. Die Spuren dieser unglaublichen Arbeit und die wiedergefundene Gelassenheit werden Sie sprachlos machen.<\/p>\n<\/div><\/div><\/div><\/div><\/section>\n\n<section id=\"section-61b20eccc71c8\" class=\"section p-b-25 bg-white p-t-0\" ><div class=\"container extralarge\"><h2 class=\"element section-title justify m-y-5\">Entdecken Sie die St\u00e4dte in der Umgebung von Sommi\u00e8res<\/h2><ul class=\"liste-de-page\"><li class=\"element call-to-action carre call-to-action--style-1 call-to-action--big\"><a href=\"https:\/\/www.campingbonport.com\/de\/campingplatz-gard\/campingplatz-grau-du-roi\/\"  class=\"call-to-action_link\" title=\"Mehr \u00fcber die grau-du-roi\"><div class=\"call-to-action_image\"><img decoding=\"async\" src=\"https:\/\/www.campingbonport.com\/wp-content\/uploads\/2022\/01\/camping-grau-du-roi.jpg\" alt=\"https:\/\/www.campingbonport.com\/wp-content\/uploads\/2022\/01\/camping-grau-du-roi-100x37.jpg\" class=\"camping grau du roi\" big\/><\/div><div class=\"call-to-action_contenu\"><div class=\"call-to-action_titre\">Die Grau-du-Roi<\/div><\/div><\/a><\/li><li class=\"element call-to-action carre call-to-action--style-1 call-to-action--big call-to-action--style-1 call-to-action--big\"><a href=\"https:\/\/www.campingbonport.com\/de\/campingplatz-gard\/campingplatz-aigues-mortes\/\"  class=\"call-to-action_link\" title=\"Mehr \u00fcber aigues mortes\"><div class=\"call-to-action_image\"><img decoding=\"async\" src=\"https:\/\/www.campingbonport.com\/wp-content\/uploads\/2022\/01\/camping-aigues-mortes.jpg\" alt=\"https:\/\/www.campingbonport.com\/wp-content\/uploads\/2022\/01\/camping-aigues-mortes-100x37.jpg\" class=\"camping aigues mortes\" big\/><\/div><div class=\"call-to-action_contenu\"><div class=\"call-to-action_titre\">Aigues Mortes<\/div><\/div><\/a><\/li><li class=\"element call-to-action carre call-to-action--style-1 call-to-action--big call-to-action--style-1 call-to-action--big call-to-action--style-1 call-to-action--big\"><a href=\"https:\/\/www.campingbonport.com\/de\/campingplatz-gard\/campingplatz-nimes\/\"  class=\"call-to-action_link\" title=\"Mehr \u00fcber n\u00eemes\"><div class=\"call-to-action_image\"><img decoding=\"async\" src=\"https:\/\/www.campingbonport.com\/wp-content\/uploads\/2022\/01\/camping-nimes.jpg\" alt=\"https:\/\/www.campingbonport.com\/wp-content\/uploads\/2022\/01\/camping-nimes-100x37.jpg\" class=\"camping nimes\" big\/><\/div><div class=\"call-to-action_contenu\"><div class=\"call-to-action_titre\">N\u00eemes<\/div><\/div><\/a><\/li><\/ul><\/div><\/section>","protected":false},"excerpt":{"rendered":"","protected":false},"author":1,"featured_media":3328,"parent":6684,"menu_order":0,"comment_status":"closed","ping_status":"closed","template":"","meta":{"_acf_changed":false,"footnotes":""},"class_list":["post-5089","page","type-page","status-publish","has-post-thumbnail","hentry"],"acf":[],"yoast_head":"<!-- This site is optimized with the Yoast SEO plugin v25.3.1 - https:\/\/yoast.com\/wordpress\/plugins\/seo\/ -->\n<title>Campingplatz Sommieres - Mobilheimvermietung Sommi\u00e8res - \u1403 BON PORT ****<\/title>\n<meta name=\"description\" content=\"Auf der Suche nach einem Campingplatz in Sommieres? W\u00e4hlen Sie Ihre Mobilheimmiete auf dem Campingplatz Bon Port **** und nutzen Sie die Gelegenheit, die Stadt Sommi\u00e8res zu besichtigen!\" \/>\n<meta name=\"robots\" content=\"index, follow, max-snippet:-1, max-image-preview:large, max-video-preview:-1\" \/>\n<link rel=\"canonical\" href=\"https:\/\/www.campingbonport.com\/de\/campingplatz-gard\/campingplatz-sommieres\/\" \/>\n<meta property=\"og:locale\" content=\"de_DE\" \/>\n<meta property=\"og:type\" content=\"article\" \/>\n<meta property=\"og:title\" content=\"Campingplatz Sommieres - Mobilheimvermietung Sommi\u00e8res - \u1403 BON PORT ****\" \/>\n<meta property=\"og:description\" content=\"Auf der Suche nach einem Campingplatz in Sommieres? W\u00e4hlen Sie Ihre Mobilheimmiete auf dem Campingplatz Bon Port **** und nutzen Sie die Gelegenheit, die Stadt Sommi\u00e8res zu besichtigen!\" \/>\n<meta property=\"og:url\" content=\"https:\/\/www.campingbonport.com\/de\/campingplatz-gard\/campingplatz-sommieres\/\" \/>\n<meta property=\"og:site_name\" content=\"Camping Bon Port\" \/>\n<meta property=\"article:modified_time\" content=\"2022-04-01T10:24:51+00:00\" \/>\n<meta property=\"og:image\" content=\"https:\/\/www.campingbonport.com\/wp-content\/uploads\/2022\/01\/camping-sommieres.jpg\" \/>\n\t<meta property=\"og:image:width\" content=\"1900\" \/>\n\t<meta property=\"og:image:height\" content=\"700\" \/>\n\t<meta property=\"og:image:type\" content=\"image\/jpeg\" \/>\n<meta name=\"twitter:card\" content=\"summary_large_image\" \/>\n<script type=\"application\/ld+json\" class=\"yoast-schema-graph\">{\"@context\":\"https:\/\/schema.org\",\"@graph\":[{\"@type\":\"WebPage\",\"@id\":\"https:\/\/www.campingbonport.com\/de\/campingplatz-gard\/campingplatz-sommieres\/\",\"url\":\"https:\/\/www.campingbonport.com\/de\/campingplatz-gard\/campingplatz-sommieres\/\",\"name\":\"Campingplatz Sommieres - Mobilheimvermietung Sommi\u00e8res - \u1403 BON PORT ****\",\"isPartOf\":{\"@id\":\"https:\/\/www.campingbonport.com\/de\/#website\"},\"primaryImageOfPage\":{\"@id\":\"https:\/\/www.campingbonport.com\/de\/campingplatz-gard\/campingplatz-sommieres\/#primaryimage\"},\"image\":{\"@id\":\"https:\/\/www.campingbonport.com\/de\/campingplatz-gard\/campingplatz-sommieres\/#primaryimage\"},\"thumbnailUrl\":\"https:\/\/www.campingbonport.com\/wp-content\/uploads\/2022\/01\/camping-sommieres.jpg\",\"datePublished\":\"2022-01-19T10:49:01+00:00\",\"dateModified\":\"2022-04-01T10:24:51+00:00\",\"description\":\"Auf der Suche nach einem Campingplatz in Sommieres? W\u00e4hlen Sie Ihre Mobilheimmiete auf dem Campingplatz Bon Port **** und nutzen Sie die Gelegenheit, die Stadt Sommi\u00e8res zu besichtigen!\",\"breadcrumb\":{\"@id\":\"https:\/\/www.campingbonport.com\/de\/campingplatz-gard\/campingplatz-sommieres\/#breadcrumb\"},\"inLanguage\":\"de\",\"potentialAction\":[{\"@type\":\"ReadAction\",\"target\":[\"https:\/\/www.campingbonport.com\/de\/campingplatz-gard\/campingplatz-sommieres\/\"]}]},{\"@type\":\"ImageObject\",\"inLanguage\":\"de\",\"@id\":\"https:\/\/www.campingbonport.com\/de\/campingplatz-gard\/campingplatz-sommieres\/#primaryimage\",\"url\":\"https:\/\/www.campingbonport.com\/wp-content\/uploads\/2022\/01\/camping-sommieres.jpg\",\"contentUrl\":\"https:\/\/www.campingbonport.com\/wp-content\/uploads\/2022\/01\/camping-sommieres.jpg\",\"width\":1900,\"height\":700,\"caption\":\"camping sommieres\"},{\"@type\":\"BreadcrumbList\",\"@id\":\"https:\/\/www.campingbonport.com\/de\/campingplatz-gard\/campingplatz-sommieres\/#breadcrumb\",\"itemListElement\":[{\"@type\":\"ListItem\",\"position\":1,\"name\":\"Camping Camargue\",\"item\":\"https:\/\/www.campingbonport.com\/de\/\"},{\"@type\":\"ListItem\",\"position\":2,\"name\":\"Zelten im Gard\",\"item\":\"https:\/\/www.campingbonport.com\/de\/campingplatz-gard\/\"},{\"@type\":\"ListItem\",\"position\":3,\"name\":\"Campingplatz Sommi\u00e8res\"}]},{\"@type\":\"WebSite\",\"@id\":\"https:\/\/www.campingbonport.com\/de\/#website\",\"url\":\"https:\/\/www.campingbonport.com\/de\/\",\"name\":\"Camping Bon Port\",\"description\":\"\",\"publisher\":{\"@id\":\"https:\/\/www.campingbonport.com\/de\/#organization\"},\"potentialAction\":[{\"@type\":\"SearchAction\",\"target\":{\"@type\":\"EntryPoint\",\"urlTemplate\":\"https:\/\/www.campingbonport.com\/de\/?s={search_term_string}\"},\"query-input\":{\"@type\":\"PropertyValueSpecification\",\"valueRequired\":true,\"valueName\":\"search_term_string\"}}],\"inLanguage\":\"de\"},{\"@type\":\"Organization\",\"@id\":\"https:\/\/www.campingbonport.com\/de\/#organization\",\"name\":\"Camping Bon Port\",\"url\":\"https:\/\/www.campingbonport.com\/de\/\",\"logo\":{\"@type\":\"ImageObject\",\"inLanguage\":\"de\",\"@id\":\"https:\/\/www.campingbonport.com\/de\/#\/schema\/logo\/image\/\",\"url\":\"https:\/\/www.campingbonport.com\/wp-content\/uploads\/2021\/11\/logo-bon-port.jpg\",\"contentUrl\":\"https:\/\/www.campingbonport.com\/wp-content\/uploads\/2021\/11\/logo-bon-port.jpg\",\"width\":736,\"height\":917,\"caption\":\"Camping Bon Port\"},\"image\":{\"@id\":\"https:\/\/www.campingbonport.com\/de\/#\/schema\/logo\/image\/\"}}]}<\/script>\n<!-- \/ Yoast SEO plugin. -->","yoast_head_json":{"title":"Campingplatz Sommieres - Mobilheimvermietung Sommi\u00e8res - \u1403 BON PORT ****","description":"Auf der Suche nach einem Campingplatz in Sommieres? W\u00e4hlen Sie Ihre Mobilheimmiete auf dem Campingplatz Bon Port **** und nutzen Sie die Gelegenheit, die Stadt Sommi\u00e8res zu besichtigen!","robots":{"index":"index","follow":"follow","max-snippet":"max-snippet:-1","max-image-preview":"max-image-preview:large","max-video-preview":"max-video-preview:-1"},"canonical":"https:\/\/www.campingbonport.com\/de\/campingplatz-gard\/campingplatz-sommieres\/","og_locale":"de_DE","og_type":"article","og_title":"Campingplatz Sommieres - Mobilheimvermietung Sommi\u00e8res - \u1403 BON PORT ****","og_description":"Auf der Suche nach einem Campingplatz in Sommieres? W\u00e4hlen Sie Ihre Mobilheimmiete auf dem Campingplatz Bon Port **** und nutzen Sie die Gelegenheit, die Stadt Sommi\u00e8res zu besichtigen!","og_url":"https:\/\/www.campingbonport.com\/de\/campingplatz-gard\/campingplatz-sommieres\/","og_site_name":"Camping Bon Port","article_modified_time":"2022-04-01T10:24:51+00:00","og_image":[{"width":1900,"height":700,"url":"https:\/\/www.campingbonport.com\/wp-content\/uploads\/2022\/01\/camping-sommieres.jpg","type":"image\/jpeg"}],"twitter_card":"summary_large_image","schema":{"@context":"https:\/\/schema.org","@graph":[{"@type":"WebPage","@id":"https:\/\/www.campingbonport.com\/de\/campingplatz-gard\/campingplatz-sommieres\/","url":"https:\/\/www.campingbonport.com\/de\/campingplatz-gard\/campingplatz-sommieres\/","name":"Campingplatz Sommieres - Mobilheimvermietung Sommi\u00e8res - \u1403 BON PORT ****","isPartOf":{"@id":"https:\/\/www.campingbonport.com\/de\/#website"},"primaryImageOfPage":{"@id":"https:\/\/www.campingbonport.com\/de\/campingplatz-gard\/campingplatz-sommieres\/#primaryimage"},"image":{"@id":"https:\/\/www.campingbonport.com\/de\/campingplatz-gard\/campingplatz-sommieres\/#primaryimage"},"thumbnailUrl":"https:\/\/www.campingbonport.com\/wp-content\/uploads\/2022\/01\/camping-sommieres.jpg","datePublished":"2022-01-19T10:49:01+00:00","dateModified":"2022-04-01T10:24:51+00:00","description":"Auf der Suche nach einem Campingplatz in Sommieres? W\u00e4hlen Sie Ihre Mobilheimmiete auf dem Campingplatz Bon Port **** und nutzen Sie die Gelegenheit, die Stadt Sommi\u00e8res zu besichtigen!","breadcrumb":{"@id":"https:\/\/www.campingbonport.com\/de\/campingplatz-gard\/campingplatz-sommieres\/#breadcrumb"},"inLanguage":"de","potentialAction":[{"@type":"ReadAction","target":["https:\/\/www.campingbonport.com\/de\/campingplatz-gard\/campingplatz-sommieres\/"]}]},{"@type":"ImageObject","inLanguage":"de","@id":"https:\/\/www.campingbonport.com\/de\/campingplatz-gard\/campingplatz-sommieres\/#primaryimage","url":"https:\/\/www.campingbonport.com\/wp-content\/uploads\/2022\/01\/camping-sommieres.jpg","contentUrl":"https:\/\/www.campingbonport.com\/wp-content\/uploads\/2022\/01\/camping-sommieres.jpg","width":1900,"height":700,"caption":"camping sommieres"},{"@type":"BreadcrumbList","@id":"https:\/\/www.campingbonport.com\/de\/campingplatz-gard\/campingplatz-sommieres\/#breadcrumb","itemListElement":[{"@type":"ListItem","position":1,"name":"Camping Camargue","item":"https:\/\/www.campingbonport.com\/de\/"},{"@type":"ListItem","position":2,"name":"Zelten im Gard","item":"https:\/\/www.campingbonport.com\/de\/campingplatz-gard\/"},{"@type":"ListItem","position":3,"name":"Campingplatz Sommi\u00e8res"}]},{"@type":"WebSite","@id":"https:\/\/www.campingbonport.com\/de\/#website","url":"https:\/\/www.campingbonport.com\/de\/","name":"Camping Bon Port","description":"","publisher":{"@id":"https:\/\/www.campingbonport.com\/de\/#organization"},"potentialAction":[{"@type":"SearchAction","target":{"@type":"EntryPoint","urlTemplate":"https:\/\/www.campingbonport.com\/de\/?s={search_term_string}"},"query-input":{"@type":"PropertyValueSpecification","valueRequired":true,"valueName":"search_term_string"}}],"inLanguage":"de"},{"@type":"Organization","@id":"https:\/\/www.campingbonport.com\/de\/#organization","name":"Camping Bon Port","url":"https:\/\/www.campingbonport.com\/de\/","logo":{"@type":"ImageObject","inLanguage":"de","@id":"https:\/\/www.campingbonport.com\/de\/#\/schema\/logo\/image\/","url":"https:\/\/www.campingbonport.com\/wp-content\/uploads\/2021\/11\/logo-bon-port.jpg","contentUrl":"https:\/\/www.campingbonport.com\/wp-content\/uploads\/2021\/11\/logo-bon-port.jpg","width":736,"height":917,"caption":"Camping Bon Port"},"image":{"@id":"https:\/\/www.campingbonport.com\/de\/#\/schema\/logo\/image\/"}}]}},"_links":{"self":[{"href":"https:\/\/www.campingbonport.com\/de\/wp-json\/wp\/v2\/pages\/5089","targetHints":{"allow":["GET"]}}],"collection":[{"href":"https:\/\/www.campingbonport.com\/de\/wp-json\/wp\/v2\/pages"}],"about":[{"href":"https:\/\/www.campingbonport.com\/de\/wp-json\/wp\/v2\/types\/page"}],"author":[{"embeddable":true,"href":"https:\/\/www.campingbonport.com\/de\/wp-json\/wp\/v2\/users\/1"}],"replies":[{"embeddable":true,"href":"https:\/\/www.campingbonport.com\/de\/wp-json\/wp\/v2\/comments?post=5089"}],"version-history":[{"count":11,"href":"https:\/\/www.campingbonport.com\/de\/wp-json\/wp\/v2\/pages\/5089\/revisions"}],"predecessor-version":[{"id":6804,"href":"https:\/\/www.campingbonport.com\/de\/wp-json\/wp\/v2\/pages\/5089\/revisions\/6804"}],"up":[{"embeddable":true,"href":"https:\/\/www.campingbonport.com\/de\/wp-json\/wp\/v2\/pages\/6684"}],"wp:featuredmedia":[{"embeddable":true,"href":"https:\/\/www.campingbonport.com\/de\/wp-json\/wp\/v2\/media\/3328"}],"wp:attachment":[{"href":"https:\/\/www.campingbonport.com\/de\/wp-json\/wp\/v2\/media?parent=5089"}],"curies":[{"name":"wp","href":"https:\/\/api.w.org\/{rel}","templated":true}]}}