{"id":5036,"date":"2022-01-19T11:53:13","date_gmt":"2022-01-19T10:53:13","guid":{"rendered":"https:\/\/www.campingbonport.com\/unkategorisiert\/camping-nimes\/"},"modified":"2022-04-01T12:23:50","modified_gmt":"2022-04-01T10:23:50","slug":"campingplatz-nimes","status":"publish","type":"page","link":"https:\/\/www.campingbonport.com\/de\/campingplatz-gard\/campingplatz-nimes\/","title":{"rendered":"Campingplatz N\u00eemes"},"content":{"rendered":"<section id=\"section-61b20eccc6d4c\" class=\"section bg-white p-b-0\" ><div class=\"container extralarge\"><h1 class=\"element section-title center\">Campingplatz N\u00eemes<\/h1><div class=\"element bloc-text center \">\n\t<p>Sie suchen einen <strong class=\"color1\">Campingplatz in der N\u00e4he von Nimes<\/strong> im Herzen der Weinberge, am Flussufer im Herzen eines Pinienwaldes oder einfach der beste Ort f\u00fcr einen angenehmen Urlaub in Campingplatz im Gard ? Warum entscheiden Sie sich nicht f\u00fcr einen ruhigen und geselligen Ort, um sich einen Moment der Entspannung zwischen dem Hinterland und der K\u00fcste zu g\u00f6nnen? Bei einem Aufenthalt in unserem <a href=\"\/de\/\">4-Sterne-Campingplatz in der Camargue<\/a>, zwischen den St\u00e4dten N\u00eemes und Montpellier, m\u00fcssen Sie sich nicht entscheiden, ob Sie eine Fahrt nach N\u00eemes oder ein Tag am Strand &#8211; Sie k\u00f6nnen beides tun! Sie werden die Themenabende der Anlage und den Komfort der Campingpl\u00e4tze oder einer Mobilheimvermietung genie\u00dfen. W\u00e4hlen Sie Ihren Stellplatz oder Ihren Bungalow auf unserem Familiencampingplatz und machen Sie sich auf, das Departement Gard zu entdecken!<\/p>\n<p>Verpassen Sie nicht <strong class=\"color1\">die Stadt N\u00eemes entdecken<\/strong> und Montpellier oder Gallargues le Montueux ganz in der N\u00e4he, sowie Grau du Roi oder Pont du Gard. Die r\u00f6mischen Monumente tragen mit ihrer Majest\u00e4t und ihrer au\u00dfergew\u00f6hnlichen Erhaltung wesentlich dazu bei, die Identit\u00e4t von N\u00eemes zu pr\u00e4gen. Einige Titel, die zu den unumg\u00e4nglichen Klassikern von N\u00eemes geworden sind, <strong class=\"color1\">Flamenco-Festival, Biografie-Festival, Gro\u00dfe r\u00f6mische Spiele, Ferias, Jeudis de N\u00eemes<\/strong>.<\/p>\n<\/div><\/div><\/section>\n\n<section id=\"section-61b20eccc6e82\" class=\"section home-fifth bg-white p-t-0\" ><div class=\"container extralarge\"><div class=\"colonnes-wrap valign-middle first-row\"><div class=\"element colonne \"><div class=\"element images\"><div class=\"image\"><img decoding=\"async\" src=\"https:\/\/www.campingbonport.com\/wp-content\/uploads\/2022\/03\/mobil-home-arles.jpg\" alt=\"https:\/\/www.campingbonport.com\/wp-content\/uploads\/2022\/03\/mobil-home-arles-82x100.jpg\" class=\"mobil-home N\u00eemes\" images_image\/><\/div><\/div><\/div><div class=\"element colonne p-5\"><h2 class=\"element section-title justify\">Mobilheim mieten in der N\u00e4he von N\u00eemes<\/h2><div class=\"element bloc-text justify \">\n\t<p>Wie Sie die okzitanische K\u00fcste genie\u00dfen und sich im Urlaub ganz einfach einen kulturellen und historischen Abstecher g\u00f6nnen k\u00f6nnen. <strong class=\"color1\">Zelten in N\u00eemes<\/strong> ? Die Antwort ist hier: eine <strong class=\"color1\">Vermietung von Mobilheimen in der N\u00e4he von Nimes auf dem Campingplatz Bon Port****<\/strong>. Mit dem Auto sind es etwa 30 Minuten bis nach N\u00eemes. Hier gibt es eine Reihe von Mobilheimen zu mieten, sodass alle Arten von Familien und Gruppen einen Aufenthalt in Betracht ziehen k\u00f6nnen. Die Mobilheime auf unserem 4-Sterne-Campingplatz k\u00f6nnen Folgendes beherbergen <strong class=\"color1\">von 4 bis 8 Personen, in 2 bis 4 Zimmern<\/strong> getrennt und beinhalten manchmal eine Elternsuite mit Babybett. Die zehn verschiedenen Modelle, die angeboten werden, verf\u00fcgen \u00fcber eine <strong class=\"color1\">\u00fcberdachte oder halb\u00fcberdachte Terrasse<\/strong>, einem oder zwei Badezimmern und Wc. Die vor Ort verf\u00fcgbaren Dienstleistungen, Animationen, Themenabende und Freizeitstrukturen werden Ihnen einen angenehmen Aufenthalt erm\u00f6glichen. Tauschen Sie das Ufer eines Flusses gegen eine <strong class=\"color1\">beheizter Au\u00dfenpool<\/strong> ! F\u00fcr Ihren Aufenthalt in Languedoc Roussillon traditioneller Campingplatz auf einem Stellplatz oder doch lieber ein Mobilheim? Wenn Sie sich nicht sicher sind, k\u00f6nnen Sie sich auf den Seiten f\u00fcr Stellpl\u00e4tze und Mobilheime auf unserer Website \u00fcber die Besonderheiten jedes Modells informieren und Ihre Wahl f\u00fcr Ihren Aufenthalt treffen. <strong class=\"color1\">campingplatz bei Nimes<\/strong>.<\/p>\n<\/div><\/div><\/div><div class=\"element bloc-text\">\n\t<script>\r\n    window.ctoutvert = {\r\n\t\tid: 2791, \r\n\t\tlang: 'auto', \r\n\t\turl: 'https:\/\/bookingpremium.secureholiday.net\/widgets\/'\r\n    };\r\n    (function (w, d, s, ctv, r, js, fjs) {\r\n        r=new XMLHttpRequest();r.open('GET',w[ctv].url+'js\/src.json');\r\n        r.responseType='json';r.json=true;r.send();\r\n        r.onload=function(){w[ctv].src=r.responseType=='json'?r.response:JSON.parse(r.response);\r\n        js.src=w[ctv].src[0];fjs.parentNode.insertBefore(js, fjs);}\r\n        js=d.createElement(s),fjs=d.getElementsByTagName(s)[0];\r\n        js.id='ctvwidget';js.async=1;\r\n    }(window, document, 'script', 'ctoutvert'));\r\n<\/script>\r\n<ctv-product-list ><\/ctv-product-list><\/div><\/div><\/section>\n\n<section id=\"section-61b2128adf580\" class=\"section bg-white p-t-0 p-b-0\" ><div class=\"container full\"><div class=\"element images\"><div class=\"image\"><img decoding=\"async\" src=\"https:\/\/www.campingbonport.com\/wp-content\/uploads\/2022\/01\/2015_Life_exterieur_anis.jpg-800px.jpg\" alt=\"https:\/\/www.campingbonport.com\/wp-content\/uploads\/2022\/01\/2015_Life_exterieur_anis.jpg-800px-100x77.jpg\" class=\"louer un mobil-home N\u00eemes\" images_image\/><\/div><div class=\"image\"><img decoding=\"async\" src=\"https:\/\/www.campingbonport.com\/wp-content\/uploads\/2022\/01\/2016_LIFE_ch_parents.jpg-800px.jpg\" alt=\"https:\/\/www.campingbonport.com\/wp-content\/uploads\/2022\/01\/2016_LIFE_ch_parents.jpg-800px-100x81.jpg\" class=\"camping \u00e0 N\u00eemes\" images_image\/><\/div><div class=\"image\"><img decoding=\"async\" src=\"https:\/\/www.campingbonport.com\/wp-content\/uploads\/2022\/01\/camping-mobil-home-lunel-4.jpg\" alt=\"https:\/\/www.campingbonport.com\/wp-content\/uploads\/2022\/01\/camping-mobil-home-lunel-4-100x71.jpg\" class=\"location mobil-home N\u00eemes\" images_image\/><\/div><\/div><\/div><\/section>\n\n<section id=\"section-61b20eccc70b6\" class=\"section neufFrame bg-color4 p-t-0 p-b-0\" ><div class=\"container full\"><div class=\"colonnes-wrap valign-middle \"><div class=\"element colonne p-x-10 p-y-6\"><h2 class=\"element section-title justify\">Tourismus und Sehensw\u00fcrdigkeiten in N\u00eemes<\/h2><div class=\"element bloc-text justify \">\n\t<p>In der Region Languedoc Roussillon geh\u00f6ren Camping und Tourismus zusammen. In der N\u00e4he von N\u00eemes au Bon Port brauchen Sie nur eine halbe Stunde, um ins Herz der Stadt zu gelangen, fast so viel wie in <strong class=\"color1\">Campingplatz in N\u00eemes<\/strong> am Ufer eines Flusses im Herzen eines Pinienwaldes oder inmitten von Weinbergen.<\/p>\n<p>Lassen Sie sich das nicht entgehen, auch wenn wir alle den au\u00dfergew\u00f6hnlichen Erhaltungszustand der <strong class=\"color1\">antike Stadt im Gardasee<\/strong>. G\u00f6nnen Sie sich in der N\u00e4he von Gallargues le Montueux einen Moment der Entspannung ganz in der N\u00e4he unserer Campingpl\u00e4tze.<\/p>\n<p>Alles (oder fast alles) stammt aus zweitausend Jahren und mehr in diesem <strong class=\"color1\">Bastion des gro\u00dfen r\u00f6mischen Reiches<\/strong>. Trotz dessen, was Sie bereits wissen, werden Sie Ihren Augen nicht trauen ! L\u2019<strong class=\"color1\">Amphitheater der Arenen<\/strong> wo immer noch Konzerte und Stierk\u00e4mpfe veranstaltet werden, die wei\u00dfe <strong class=\"color1\">Haus Carr\u00e9e<\/strong> die Kaiser Augustus seinen Enkeln Lucius und Julius C\u00e4sar widmete, die <strong class=\"color1\">Turm Magne<\/strong> und der <strong class=\"color1\">Dianatempel<\/strong> in den <strong class=\"color1\">G\u00e4rten von Brunnen<\/strong> lassen Sie in der Zeit zur\u00fcckreisen &#8230; bevor Sie angesichts des gro\u00dfartigen <strong class=\"color1\">Carr\u00e9 von Art<\/strong>, zeitgen\u00f6ssisches Museum aus Glas und Stahl.<\/p>\n<\/div><\/div><div class=\"element colonne p-0\"><div class=\"element images\"><div class=\"image\"><img decoding=\"async\" src=\"https:\/\/www.campingbonport.com\/wp-content\/uploads\/2022\/03\/camping-nimes.jpg\" alt=\"https:\/\/www.campingbonport.com\/wp-content\/uploads\/2022\/03\/camping-nimes-100x68.jpg\" class=\"vacances N\u00eemes\" images_image\/><\/div><\/div><\/div><\/div><div class=\"colonnes-wrap valign-middle \"><div class=\"element colonne p-0\"><div class=\"element bloc-text\">\n\t<iframe title=\"YouTube video player\" src=\"https:\/\/www.youtube.com\/embed\/4lfeG876OVA\" width=\"100\" frameborder=\"0\" allowfullscreen=\"allowfullscreen\"><\/iframe><\/div><\/div><div class=\"element colonne p-x-10 p-y-6\"><div class=\"element bloc-text justify \">\n\t<p>Z\u00f6gern Sie nicht, einen kleinen Umweg \u00fcber das <strong class=\"color1\">Markt f\u00fcr Halles<\/strong> voller regionaler Spezialit\u00e4ten und Leckereien und eine wohlverdiente Pause im Schatten der Terrassen auf dem Place aux Herbes im Zentrum von N\u00eemes.<\/p>\n<p>Am Rande der Stadt, die trotz ihrer 20 Jahrhunderte immer noch steht, sollten Sie sich die Zeit nehmen, die drei Stockwerke des <strong class=\"color1\">Pont von Gard<\/strong> weltber\u00fchmt und zum UNESCO-Weltkulturerbe erkl\u00e4rt, und machen Sie einen Spaziergang am Flussufer des Gardon, ein Muss bei einem Aufenthalt in <strong class=\"color1\">campingplatz Nimes<\/strong>. W\u00e4hrend Ihres Urlaubs im Gard k\u00f6nnen Sie auch am Meer entlang der Mittelmeerk\u00fcste spazieren gehen und den Nationalpark der Cevennen f\u00fcr einen angenehmen Spaziergang oder eine Wanderung besuchen. Das verspricht einen tollen Familienurlaub in S\u00fcdfrankreich zwischen Kultur, Natur und Mittelmeer!<\/p>\n<\/div><\/div><\/div><\/div><\/section>\n\n<section id=\"section-61b20eccc71c8\" class=\"section p-b-25 bg-white p-t-0\" ><div class=\"container extralarge\"><h2 class=\"element section-title justify m-y-5\">Entdecken Sie die St\u00e4dte in der Umgebung von N\u00eemes<\/h2><ul class=\"liste-de-page\"><li class=\"element call-to-action carre call-to-action--style-1 call-to-action--big\"><a href=\"https:\/\/www.campingbonport.com\/de\/campingplatz-gard\/campingplatz-grau-du-roi\/\"  class=\"call-to-action_link\" title=\"Mehr \u00fcber die grau-du-roi\"><div class=\"call-to-action_image\"><img decoding=\"async\" src=\"https:\/\/www.campingbonport.com\/wp-content\/uploads\/2022\/01\/camping-grau-du-roi.jpg\" alt=\"https:\/\/www.campingbonport.com\/wp-content\/uploads\/2022\/01\/camping-grau-du-roi-100x37.jpg\" class=\"camping grau du roi\" big\/><\/div><div class=\"call-to-action_contenu\"><div class=\"call-to-action_titre\">Die Grau-du-Roi<\/div><\/div><\/a><\/li><li class=\"element call-to-action carre call-to-action--style-1 call-to-action--big call-to-action--style-1 call-to-action--big\"><a href=\"https:\/\/www.campingbonport.com\/de\/campingplatz-gard\/campingplatz-aigues-mortes\/\"  class=\"call-to-action_link\" title=\"Mehr \u00fcber aigues mortes\"><div class=\"call-to-action_image\"><img decoding=\"async\" src=\"https:\/\/www.campingbonport.com\/wp-content\/uploads\/2022\/01\/camping-aigues-mortes.jpg\" alt=\"https:\/\/www.campingbonport.com\/wp-content\/uploads\/2022\/01\/camping-aigues-mortes-100x37.jpg\" class=\"camping aigues mortes\" big\/><\/div><div class=\"call-to-action_contenu\"><div class=\"call-to-action_titre\">Aigues Mortes<\/div><\/div><\/a><\/li><li class=\"element call-to-action carre call-to-action--style-1 call-to-action--big call-to-action--style-1 call-to-action--big call-to-action--style-1 call-to-action--big\"><a href=\"https:\/\/www.campingbonport.com\/de\/campingplatz-gard\/campingplatz-sommieres\/\"  class=\"call-to-action_link\" title=\"Mehr \u00fcber sommi\u00e8res\"><div class=\"call-to-action_image\"><img decoding=\"async\" src=\"https:\/\/www.campingbonport.com\/wp-content\/uploads\/2022\/01\/camping-sommieres.jpg\" alt=\"https:\/\/www.campingbonport.com\/wp-content\/uploads\/2022\/01\/camping-sommieres-100x37.jpg\" class=\"camping sommieres\" big\/><\/div><div class=\"call-to-action_contenu\"><div class=\"call-to-action_titre\">Sommi\u00e8res<\/div><\/div><\/a><\/li><\/ul><\/div><\/section>","protected":false},"excerpt":{"rendered":"","protected":false},"author":1,"featured_media":3324,"parent":6684,"menu_order":0,"comment_status":"closed","ping_status":"closed","template":"","meta":{"_acf_changed":false,"footnotes":""},"class_list":["post-5036","page","type-page","status-publish","has-post-thumbnail","hentry"],"acf":[],"yoast_head":"<!-- This site is optimized with the Yoast SEO plugin v25.3.1 - https:\/\/yoast.com\/wordpress\/plugins\/seo\/ -->\n<title>Campingplatz Nimes - Mobilheimvermietung Nimes - \u1403 BON PORT ****<\/title>\n<meta name=\"description\" content=\"Auf der Suche nach einem Campingplatz in Nimes? W\u00e4hlen Sie Ihre Mobilheimmiete auf dem Campingplatz Bon Port **** und nutzen Sie die Gelegenheit, die Stadt Nimes zu besichtigen!\" \/>\n<meta name=\"robots\" content=\"index, follow, max-snippet:-1, max-image-preview:large, max-video-preview:-1\" \/>\n<link rel=\"canonical\" href=\"https:\/\/www.campingbonport.com\/de\/campingplatz-gard\/campingplatz-nimes\/\" \/>\n<meta property=\"og:locale\" content=\"de_DE\" \/>\n<meta property=\"og:type\" content=\"article\" \/>\n<meta property=\"og:title\" content=\"Campingplatz Nimes - Mobilheimvermietung Nimes - \u1403 BON PORT ****\" \/>\n<meta property=\"og:description\" content=\"Auf der Suche nach einem Campingplatz in Nimes? W\u00e4hlen Sie Ihre Mobilheimmiete auf dem Campingplatz Bon Port **** und nutzen Sie die Gelegenheit, die Stadt Nimes zu besichtigen!\" \/>\n<meta property=\"og:url\" content=\"https:\/\/www.campingbonport.com\/de\/campingplatz-gard\/campingplatz-nimes\/\" \/>\n<meta property=\"og:site_name\" content=\"Camping Bon Port\" \/>\n<meta property=\"article:modified_time\" content=\"2022-04-01T10:23:50+00:00\" \/>\n<meta property=\"og:image\" content=\"https:\/\/www.campingbonport.com\/wp-content\/uploads\/2022\/01\/camping-nimes.jpg\" \/>\n\t<meta property=\"og:image:width\" content=\"1900\" \/>\n\t<meta property=\"og:image:height\" content=\"700\" \/>\n\t<meta property=\"og:image:type\" content=\"image\/jpeg\" \/>\n<meta name=\"twitter:card\" content=\"summary_large_image\" \/>\n<script type=\"application\/ld+json\" class=\"yoast-schema-graph\">{\"@context\":\"https:\/\/schema.org\",\"@graph\":[{\"@type\":\"WebPage\",\"@id\":\"https:\/\/www.campingbonport.com\/de\/campingplatz-gard\/campingplatz-nimes\/\",\"url\":\"https:\/\/www.campingbonport.com\/de\/campingplatz-gard\/campingplatz-nimes\/\",\"name\":\"Campingplatz Nimes - Mobilheimvermietung Nimes - \u1403 BON PORT ****\",\"isPartOf\":{\"@id\":\"https:\/\/www.campingbonport.com\/de\/#website\"},\"primaryImageOfPage\":{\"@id\":\"https:\/\/www.campingbonport.com\/de\/campingplatz-gard\/campingplatz-nimes\/#primaryimage\"},\"image\":{\"@id\":\"https:\/\/www.campingbonport.com\/de\/campingplatz-gard\/campingplatz-nimes\/#primaryimage\"},\"thumbnailUrl\":\"https:\/\/www.campingbonport.com\/wp-content\/uploads\/2022\/01\/camping-nimes.jpg\",\"datePublished\":\"2022-01-19T10:53:13+00:00\",\"dateModified\":\"2022-04-01T10:23:50+00:00\",\"description\":\"Auf der Suche nach einem Campingplatz in Nimes? W\u00e4hlen Sie Ihre Mobilheimmiete auf dem Campingplatz Bon Port **** und nutzen Sie die Gelegenheit, die Stadt Nimes zu besichtigen!\",\"breadcrumb\":{\"@id\":\"https:\/\/www.campingbonport.com\/de\/campingplatz-gard\/campingplatz-nimes\/#breadcrumb\"},\"inLanguage\":\"de\",\"potentialAction\":[{\"@type\":\"ReadAction\",\"target\":[\"https:\/\/www.campingbonport.com\/de\/campingplatz-gard\/campingplatz-nimes\/\"]}]},{\"@type\":\"ImageObject\",\"inLanguage\":\"de\",\"@id\":\"https:\/\/www.campingbonport.com\/de\/campingplatz-gard\/campingplatz-nimes\/#primaryimage\",\"url\":\"https:\/\/www.campingbonport.com\/wp-content\/uploads\/2022\/01\/camping-nimes.jpg\",\"contentUrl\":\"https:\/\/www.campingbonport.com\/wp-content\/uploads\/2022\/01\/camping-nimes.jpg\",\"width\":1900,\"height\":700,\"caption\":\"camping nimes\"},{\"@type\":\"BreadcrumbList\",\"@id\":\"https:\/\/www.campingbonport.com\/de\/campingplatz-gard\/campingplatz-nimes\/#breadcrumb\",\"itemListElement\":[{\"@type\":\"ListItem\",\"position\":1,\"name\":\"Camping Camargue\",\"item\":\"https:\/\/www.campingbonport.com\/de\/\"},{\"@type\":\"ListItem\",\"position\":2,\"name\":\"Zelten im Gard\",\"item\":\"https:\/\/www.campingbonport.com\/de\/campingplatz-gard\/\"},{\"@type\":\"ListItem\",\"position\":3,\"name\":\"Campingplatz N\u00eemes\"}]},{\"@type\":\"WebSite\",\"@id\":\"https:\/\/www.campingbonport.com\/de\/#website\",\"url\":\"https:\/\/www.campingbonport.com\/de\/\",\"name\":\"Camping Bon Port\",\"description\":\"\",\"publisher\":{\"@id\":\"https:\/\/www.campingbonport.com\/de\/#organization\"},\"potentialAction\":[{\"@type\":\"SearchAction\",\"target\":{\"@type\":\"EntryPoint\",\"urlTemplate\":\"https:\/\/www.campingbonport.com\/de\/?s={search_term_string}\"},\"query-input\":{\"@type\":\"PropertyValueSpecification\",\"valueRequired\":true,\"valueName\":\"search_term_string\"}}],\"inLanguage\":\"de\"},{\"@type\":\"Organization\",\"@id\":\"https:\/\/www.campingbonport.com\/de\/#organization\",\"name\":\"Camping Bon Port\",\"url\":\"https:\/\/www.campingbonport.com\/de\/\",\"logo\":{\"@type\":\"ImageObject\",\"inLanguage\":\"de\",\"@id\":\"https:\/\/www.campingbonport.com\/de\/#\/schema\/logo\/image\/\",\"url\":\"https:\/\/www.campingbonport.com\/wp-content\/uploads\/2021\/11\/logo-bon-port.jpg\",\"contentUrl\":\"https:\/\/www.campingbonport.com\/wp-content\/uploads\/2021\/11\/logo-bon-port.jpg\",\"width\":736,\"height\":917,\"caption\":\"Camping Bon Port\"},\"image\":{\"@id\":\"https:\/\/www.campingbonport.com\/de\/#\/schema\/logo\/image\/\"}}]}<\/script>\n<!-- \/ Yoast SEO plugin. -->","yoast_head_json":{"title":"Campingplatz Nimes - Mobilheimvermietung Nimes - \u1403 BON PORT ****","description":"Auf der Suche nach einem Campingplatz in Nimes? W\u00e4hlen Sie Ihre Mobilheimmiete auf dem Campingplatz Bon Port **** und nutzen Sie die Gelegenheit, die Stadt Nimes zu besichtigen!","robots":{"index":"index","follow":"follow","max-snippet":"max-snippet:-1","max-image-preview":"max-image-preview:large","max-video-preview":"max-video-preview:-1"},"canonical":"https:\/\/www.campingbonport.com\/de\/campingplatz-gard\/campingplatz-nimes\/","og_locale":"de_DE","og_type":"article","og_title":"Campingplatz Nimes - Mobilheimvermietung Nimes - \u1403 BON PORT ****","og_description":"Auf der Suche nach einem Campingplatz in Nimes? W\u00e4hlen Sie Ihre Mobilheimmiete auf dem Campingplatz Bon Port **** und nutzen Sie die Gelegenheit, die Stadt Nimes zu besichtigen!","og_url":"https:\/\/www.campingbonport.com\/de\/campingplatz-gard\/campingplatz-nimes\/","og_site_name":"Camping Bon Port","article_modified_time":"2022-04-01T10:23:50+00:00","og_image":[{"width":1900,"height":700,"url":"https:\/\/www.campingbonport.com\/wp-content\/uploads\/2022\/01\/camping-nimes.jpg","type":"image\/jpeg"}],"twitter_card":"summary_large_image","schema":{"@context":"https:\/\/schema.org","@graph":[{"@type":"WebPage","@id":"https:\/\/www.campingbonport.com\/de\/campingplatz-gard\/campingplatz-nimes\/","url":"https:\/\/www.campingbonport.com\/de\/campingplatz-gard\/campingplatz-nimes\/","name":"Campingplatz Nimes - Mobilheimvermietung Nimes - \u1403 BON PORT ****","isPartOf":{"@id":"https:\/\/www.campingbonport.com\/de\/#website"},"primaryImageOfPage":{"@id":"https:\/\/www.campingbonport.com\/de\/campingplatz-gard\/campingplatz-nimes\/#primaryimage"},"image":{"@id":"https:\/\/www.campingbonport.com\/de\/campingplatz-gard\/campingplatz-nimes\/#primaryimage"},"thumbnailUrl":"https:\/\/www.campingbonport.com\/wp-content\/uploads\/2022\/01\/camping-nimes.jpg","datePublished":"2022-01-19T10:53:13+00:00","dateModified":"2022-04-01T10:23:50+00:00","description":"Auf der Suche nach einem Campingplatz in Nimes? W\u00e4hlen Sie Ihre Mobilheimmiete auf dem Campingplatz Bon Port **** und nutzen Sie die Gelegenheit, die Stadt Nimes zu besichtigen!","breadcrumb":{"@id":"https:\/\/www.campingbonport.com\/de\/campingplatz-gard\/campingplatz-nimes\/#breadcrumb"},"inLanguage":"de","potentialAction":[{"@type":"ReadAction","target":["https:\/\/www.campingbonport.com\/de\/campingplatz-gard\/campingplatz-nimes\/"]}]},{"@type":"ImageObject","inLanguage":"de","@id":"https:\/\/www.campingbonport.com\/de\/campingplatz-gard\/campingplatz-nimes\/#primaryimage","url":"https:\/\/www.campingbonport.com\/wp-content\/uploads\/2022\/01\/camping-nimes.jpg","contentUrl":"https:\/\/www.campingbonport.com\/wp-content\/uploads\/2022\/01\/camping-nimes.jpg","width":1900,"height":700,"caption":"camping nimes"},{"@type":"BreadcrumbList","@id":"https:\/\/www.campingbonport.com\/de\/campingplatz-gard\/campingplatz-nimes\/#breadcrumb","itemListElement":[{"@type":"ListItem","position":1,"name":"Camping Camargue","item":"https:\/\/www.campingbonport.com\/de\/"},{"@type":"ListItem","position":2,"name":"Zelten im Gard","item":"https:\/\/www.campingbonport.com\/de\/campingplatz-gard\/"},{"@type":"ListItem","position":3,"name":"Campingplatz N\u00eemes"}]},{"@type":"WebSite","@id":"https:\/\/www.campingbonport.com\/de\/#website","url":"https:\/\/www.campingbonport.com\/de\/","name":"Camping Bon Port","description":"","publisher":{"@id":"https:\/\/www.campingbonport.com\/de\/#organization"},"potentialAction":[{"@type":"SearchAction","target":{"@type":"EntryPoint","urlTemplate":"https:\/\/www.campingbonport.com\/de\/?s={search_term_string}"},"query-input":{"@type":"PropertyValueSpecification","valueRequired":true,"valueName":"search_term_string"}}],"inLanguage":"de"},{"@type":"Organization","@id":"https:\/\/www.campingbonport.com\/de\/#organization","name":"Camping Bon Port","url":"https:\/\/www.campingbonport.com\/de\/","logo":{"@type":"ImageObject","inLanguage":"de","@id":"https:\/\/www.campingbonport.com\/de\/#\/schema\/logo\/image\/","url":"https:\/\/www.campingbonport.com\/wp-content\/uploads\/2021\/11\/logo-bon-port.jpg","contentUrl":"https:\/\/www.campingbonport.com\/wp-content\/uploads\/2021\/11\/logo-bon-port.jpg","width":736,"height":917,"caption":"Camping Bon Port"},"image":{"@id":"https:\/\/www.campingbonport.com\/de\/#\/schema\/logo\/image\/"}}]}},"_links":{"self":[{"href":"https:\/\/www.campingbonport.com\/de\/wp-json\/wp\/v2\/pages\/5036","targetHints":{"allow":["GET"]}}],"collection":[{"href":"https:\/\/www.campingbonport.com\/de\/wp-json\/wp\/v2\/pages"}],"about":[{"href":"https:\/\/www.campingbonport.com\/de\/wp-json\/wp\/v2\/types\/page"}],"author":[{"embeddable":true,"href":"https:\/\/www.campingbonport.com\/de\/wp-json\/wp\/v2\/users\/1"}],"replies":[{"embeddable":true,"href":"https:\/\/www.campingbonport.com\/de\/wp-json\/wp\/v2\/comments?post=5036"}],"version-history":[{"count":23,"href":"https:\/\/www.campingbonport.com\/de\/wp-json\/wp\/v2\/pages\/5036\/revisions"}],"predecessor-version":[{"id":6801,"href":"https:\/\/www.campingbonport.com\/de\/wp-json\/wp\/v2\/pages\/5036\/revisions\/6801"}],"up":[{"embeddable":true,"href":"https:\/\/www.campingbonport.com\/de\/wp-json\/wp\/v2\/pages\/6684"}],"wp:featuredmedia":[{"embeddable":true,"href":"https:\/\/www.campingbonport.com\/de\/wp-json\/wp\/v2\/media\/3324"}],"wp:attachment":[{"href":"https:\/\/www.campingbonport.com\/de\/wp-json\/wp\/v2\/media?parent=5036"}],"curies":[{"name":"wp","href":"https:\/\/api.w.org\/{rel}","templated":true}]}}