{"id":5006,"date":"2022-01-19T12:31:59","date_gmt":"2022-01-19T11:31:59","guid":{"rendered":"https:\/\/www.campingbonport.com\/unkategorisiert\/camping-montpellier\/"},"modified":"2022-04-01T14:08:26","modified_gmt":"2022-04-01T12:08:26","slug":"campingplatz-montpellier","status":"publish","type":"page","link":"https:\/\/www.campingbonport.com\/de\/campingplatz-herault\/campingplatz-montpellier\/","title":{"rendered":"Campingplatz Montpellier"},"content":{"rendered":"<section id=\"section-61b20eccc6d4c\" class=\"section bg-white p-b-0\" ><div class=\"container extralarge\"><h1 class=\"element section-title center\">Campingplatz Montpellier<\/h1><div class=\"element bloc-text center \">\n\t<p>Sie m\u00f6chten Ihren Urlaub in <span style=\"font-weight: 400;\">Campingplatz Montpellier oder in<\/span><span style=\"font-weight: 400;\">Campingplatz im H\u00e9rault<\/span><span style=\"font-weight: 400;\"> ? Aber Sie m\u00f6chten sich nicht zwischen einem Ort auf dem Land und abgelegen oder am Mittelmeer und im Juli und August \u00fcberf\u00fcllt wie der Badeort Palavas les Flots oder Grau du Roi entscheiden? Die <\/span><a href=\"\/de\/\"><span style=\"font-weight: 400;\">Camping Bon Port und Petite Camargue<\/span><\/a><span style=\"font-weight: 400;\"> befindet sich in der N\u00e4he von Montpellier in S\u00fcdfrankreich, f\u00fcr einen erholsamen und zugleich entdeckungsreichen Urlaub.<\/span><\/p>\n<p>Montpellier, die Hauptstadt des Languedoc Roussillon und die f\u00fcr ihre Medizin und Geigenbauer ber\u00fchmte Stadt, ist ein in Europa einzigartiges Beispiel f\u00fcr eine kontrollierte Stadtplanung mit einer 1000-j\u00e4hrigen Geschichte, ein Konzentrat an Veranstaltungen und Festivals von internationalem Ruf, mit einer unvergleichlichen Gastronomie und dem Kult der gro\u00dfen Weine. Es ist auch ein wichtiges Ziel, um Franz\u00f6sisch zu lernen.<\/p>\n<\/div><\/div><\/section>\n\n<section id=\"section-61b20eccc6e82\" class=\"section home-fifth bg-white p-t-0\" ><div class=\"container extralarge\"><div class=\"colonnes-wrap valign-middle first-row\"><div class=\"element colonne \"><div class=\"element images\"><div class=\"image\"><img decoding=\"async\" src=\"https:\/\/www.campingbonport.com\/wp-content\/uploads\/2022\/03\/mobil-home-arles.jpg\" alt=\"https:\/\/www.campingbonport.com\/wp-content\/uploads\/2022\/03\/mobil-home-arles-82x100.jpg\" class=\"mobil-home Montpellier\" images_image\/><\/div><\/div><\/div><div class=\"element colonne p-5\"><h2 class=\"element section-title justify\">Mobilheimvermietung in der N\u00e4he von Montpellier<\/h2><div class=\"element bloc-text justify \">\n\t<p>Unabh\u00e4ngig von der Zusammensetzung Ihrer Familie oder Gruppe k\u00f6nnen Sie <strong class=\"color1\">ein komfortables Mobilheim in der N\u00e4he von Montpellier mieten<\/strong>. Der 30 km von der Stadt und etwa 10 km vom Strand entfernte Campingplatz Bon Port**** Lunel verf\u00fcgt \u00fcber eine gro\u00dfe Auswahl an <strong class=\"color1\">moderne Mobilheime f\u00fcr bis zu 8 Personen<\/strong>. Zehn Modelle <strong class=\"color1\">von 2 bis 4 Zimmern<\/strong> Es gibt separate, kinderfreundliche, \u00fcberdachte und halb\u00fcberdachte Terrassen sowie behindertengerechte Unterk\u00fcnfte. Alle sind <strong class=\"color1\">mit Badezimmer und WC ausgestattet<\/strong> und Wi-Fi ist in allen Unterk\u00fcnften verf\u00fcgbar. Sie haben die Qual der Wahl, was Ihren Komfort angeht, und vergessen Sie Ihren Badeanzug nicht. Die <strong class=\"color1\">Campingplatz in der N\u00e4he von Montpellier<\/strong> ist mit B\u00e4umen bepflanzt und verf\u00fcgt \u00fcber einen <strong class=\"color1\">Wasserbereich mit Planschbecken<\/strong> in einem sch\u00f6nen Palmendekor, denken Sie also auch an den Badeanzug f\u00fcr Ihr Baby! Wenn Sie bef\u00fcrchten, in einem unbeheizten Freibad zu frieren, machen Sie sich keine Sorgen, denn hier sind alle Becken beheizt! Es gibt keinen Whirlpool, daf\u00fcr aber Kinderspielpl\u00e4tze und ein Lebensmittelgesch\u00e4ft, in dem Sie Brot und Geb\u00e4ck kaufen k\u00f6nnen. All das befindet sich in der N\u00e4he von Montpellier und Grau du Roi. In der Saison gibt es ein Bar-Restaurant und die Mitarbeiter unseres Familiencampingplatzes sorgen f\u00fcr alle Arten von Animationen und Spielen f\u00fcr Kinder. Im Juli und August werden tags\u00fcber auch Sportanimationen angeboten. Und wenn Sie mit Ihrem Wohnmobil oder Wohnwagen anreisen m\u00f6chten, k\u00f6nnen Sie auch auf unseren Campingpl\u00e4tzen \u00fcbernachten! Wenn Sie nach einem <strong class=\"color1\">campingplatz Montpellier<\/strong>, die Bon Port wird Ihre Meinung \u00e4ndern!<\/p>\n<\/div><\/div><\/div><div class=\"element bloc-text\">\n\t<script>\r\n    window.ctoutvert = {\r\n\t\tid: 2791, \r\n\t\tlang: 'auto', \r\n\t\turl: 'https:\/\/bookingpremium.secureholiday.net\/widgets\/'\r\n    };\r\n    (function (w, d, s, ctv, r, js, fjs) {\r\n        r=new XMLHttpRequest();r.open('GET',w[ctv].url+'js\/src.json');\r\n        r.responseType='json';r.json=true;r.send();\r\n        r.onload=function(){w[ctv].src=r.responseType=='json'?r.response:JSON.parse(r.response);\r\n        js.src=w[ctv].src[0];fjs.parentNode.insertBefore(js, fjs);}\r\n        js=d.createElement(s),fjs=d.getElementsByTagName(s)[0];\r\n        js.id='ctvwidget';js.async=1;\r\n    }(window, document, 'script', 'ctoutvert'));\r\n<\/script>\r\n<ctv-product-list ><\/ctv-product-list><\/div><\/div><\/section>\n\n<section id=\"section-61b2128adf580\" class=\"section bg-white p-t-0 p-b-0\" ><div class=\"container full\"><div class=\"element images\"><div class=\"image\"><img decoding=\"async\" src=\"https:\/\/www.campingbonport.com\/wp-content\/uploads\/2022\/01\/camping-mobil-home-camargue-3.jpg\" alt=\"https:\/\/www.campingbonport.com\/wp-content\/uploads\/2022\/01\/camping-mobil-home-camargue-3-100x71.jpg\" class=\"louer un mobil-home Montpellier\" images_image\/><\/div><div class=\"image\"><img decoding=\"async\" src=\"https:\/\/www.campingbonport.com\/wp-content\/uploads\/2022\/01\/location-mobil-home-herault.jpg\" alt=\"https:\/\/www.campingbonport.com\/wp-content\/uploads\/2022\/01\/location-mobil-home-herault-100x80.jpg\" class=\"camping \u00e0 Montpellier\" images_image\/><\/div><div class=\"image\"><img decoding=\"async\" src=\"https:\/\/www.campingbonport.com\/wp-content\/uploads\/2021\/12\/piscine-famille-camping-bon-port.jpg\" alt=\"https:\/\/www.campingbonport.com\/wp-content\/uploads\/2021\/12\/piscine-famille-camping-bon-port-100x67.jpg\" class=\"location mobil-home Montpellier\" images_image\/><\/div><\/div><\/div><\/section>\n\n<section id=\"section-61b20eccc70b6\" class=\"section neufFrame bg-color4 p-t-0 p-b-0\" ><div class=\"container full\"><div class=\"colonnes-wrap valign-middle \"><div class=\"element colonne p-x-10 p-y-6\"><h2 class=\"element section-title justify\">Tourismus und Sehensw\u00fcrdigkeiten in Montpellier<\/h2><div class=\"element bloc-text justify \">\n\t<p>In <strong class=\"color1\">campingplatz Montpellier<\/strong>, ist es leicht, sich einen Spaziergang durch den ;<strong class=\"color1\">Fu\u00dfg\u00e4ngergassen des Ecusson<\/strong>, die <strong class=\"color1\">mittelalterliches Viertel<\/strong> des Stadtzentrums. <strong class=\"color1\">Place der Com\u00e9die<\/strong>, man sich gerne auf den belebten Terrassen niederl\u00e4sst, um die imposante <strong class=\"color1\">Fontaine der Trois Gr\u00e2ces<\/strong> inspiriert vom antiken Griechenland und der Oper.<\/p>\n<p>Die alte Festungsstadt ist voll von prestigetr\u00e4chtigen und gut erhaltenen Geb\u00e4uden. Drehen Sie die Zeit zur\u00fcck und beginnen Sie mit <strong class=\"color1\">die Universit\u00e4t<\/strong> aus dem 13. Jahrhundert und die zw\u00f6lf Kapellen der <strong class=\"color1\">St.-Peter-Kathedrale<\/strong> der 1364 errichtet wurde. Die D\u00fcfte und Farben der Orangerie und des Arboretums des Jardin des Plantes erinnern uns daran, dass hier seit dem 16. Jahrhundert fast 2000 Arten gez\u00fcchtet werden. Der ber\u00fchmte <strong class=\"color1\">Triumphbogen von Montpellier<\/strong> zeigt seine 1692 geschnitzten Basreliefs, w\u00e4hrend das<strong class=\"color1\">doppeltes Aqu\u00e4dukt von Saint-Cl\u00e9ment<\/strong> alimen noch immer die Brunnen der Stadt seit dem 18. Jahrhundert!<\/p>\n<\/div><\/div><div class=\"element colonne p-0\"><div class=\"element bloc-text\">\n\t<iframe loading=\"lazy\" style=\"border: 0;\" src=\"https:\/\/www.google.com\/maps\/embed?pb=!1m28!1m12!1m3!1d132591.26143709663!2d3.88899517110148!3d43.62994908318679!2m3!1f0!2f0!3f0!3m2!1i1024!2i768!4f13.1!4m13!3e0!4m5!1s0x12b69ea2ce72dfad%3A0xc8b6560e21bf3c97!2sCamping%20Bon%20Port%20-%20Petite%20Camargue%2C%20Chemin%20du%20Mas%20de%20Saint-Ange%2C%20Lunel!3m2!1d43.656118!2d4.1420842!4m5!1s0x12b6af0725dd9db1%3A0xad8756742894e802!2sMontpellier!3m2!1d43.610769!2d3.8767159999999996!5e0!3m2!1sfr!2sfr!4v1643706358941!5m2!1sfr!2sfr\" width=\"600\" height=\"450\" allowfullscreen=\"allowfullscreen\"><\/iframe><\/div><\/div><\/div><div class=\"colonnes-wrap valign-middle \"><div class=\"element colonne p-0\"><div class=\"element bloc-text\">\n\t<iframe title=\"YouTube video player\" src=\"https:\/\/www.youtube.com\/embed\/2A-Zo-fqXWU\" width=\"100\" frameborder=\"0\" allowfullscreen=\"allowfullscreen\"><\/iframe><\/div><\/div><div class=\"element colonne p-x-10 p-y-6\"><div class=\"element bloc-text justify \">\n\t<p>Liebhaber der Malerei kommen im <strong class=\"color1\">Mus\u00e9e Fabre<\/strong> ;Jahrhundert, in dem Werke von Meistern wie Raphael und Delacroix ausgestellt werden.<\/p>\n<p>W\u00e4hrend eines Aufenthalts <strong class=\"color1\">campingplatz Montpellier<\/strong> gibt es auch alles, was man sich heutzutage an Freizeit- und Unterhaltungsm\u00f6glichkeiten w\u00fcnschen kann, einschlie\u00dflich einer magischen Reise von der Unterwasserwelt bis zum Kosmos in dem fantastischen Komplex <strong class=\"color1\">Planet Oc\u00e9an<\/strong> wo riesige Aquarien und ein Planetarium versammelt sind.<\/p>\n<p>N.B.: Informieren Sie sich bei Ihrer Buchung auf dem Campingplatz Montpellier \u00fcber die Aufnahmekapazit\u00e4t der gew\u00e4hlten Unterkunft: Jede Personenzahl, die die maximale Kapazit\u00e4t \u00fcberschreitet, wird abgelehnt. Kautionen werden akzeptiert. Badehosen oder -shorts sind beim Schwimmen verboten.<\/p>\n<\/div><\/div><\/div><\/div><\/section>\n\n<section id=\"section-61b20eccc71c8\" class=\"section p-b-25 bg-white p-t-0\" ><div class=\"container extralarge\"><h2 class=\"element section-title justify m-y-5\">Entdecken Sie die St\u00e4dte in der Umgebung von Montpellier<\/h2><ul class=\"liste-de-page\"><li class=\"element call-to-action carre call-to-action--style-1 call-to-action--big\"><a href=\"https:\/\/www.campingbonport.com\/de\/campingplatz-herault\/campingplatz-teich-von-thau\/\"  class=\"call-to-action_link\" title=\"Mehr \u00fcber teich von thau\"><div class=\"call-to-action_image\"><img decoding=\"async\" src=\"https:\/\/www.campingbonport.com\/wp-content\/uploads\/2022\/01\/camping-etang-de-thau.jpg\" alt=\"https:\/\/www.campingbonport.com\/wp-content\/uploads\/2022\/01\/camping-etang-de-thau-100x37.jpg\" class=\"camping etang de thau\" big\/><\/div><div class=\"call-to-action_contenu\"><div class=\"call-to-action_titre\">Teich von Thau<\/div><\/div><\/a><\/li><li class=\"element call-to-action carre call-to-action--style-1 call-to-action--big call-to-action--style-1 call-to-action--big\"><a href=\"https:\/\/www.campingbonport.com\/de\/campingplatz-herault\/campingplatz-beziers\/\"  class=\"call-to-action_link\" title=\"Mehr \u00fcber b\u00e9ziers\"><div class=\"call-to-action_image\"><img decoding=\"async\" src=\"https:\/\/www.campingbonport.com\/wp-content\/uploads\/2022\/01\/camping-beziers.jpg\" alt=\"https:\/\/www.campingbonport.com\/wp-content\/uploads\/2022\/01\/camping-beziers-100x37.jpg\" class=\"camping beziers\" big\/><\/div><div class=\"call-to-action_contenu\"><div class=\"call-to-action_titre\">B\u00e9ziers<\/div><\/div><\/a><\/li><li class=\"element call-to-action carre call-to-action--style-1 call-to-action--big call-to-action--style-1 call-to-action--big call-to-action--style-1 call-to-action--big\"><a href=\"https:\/\/www.campingbonport.com\/de\/campingplatz-herault\/campingplatz-palavas-die-flots\/\"  class=\"call-to-action_link\" title=\"Mehr \u00fcber palavas die flots\"><div class=\"call-to-action_image\"><img decoding=\"async\" src=\"https:\/\/www.campingbonport.com\/wp-content\/uploads\/2022\/01\/camping-palavas-les-flots.jpg\" alt=\"https:\/\/www.campingbonport.com\/wp-content\/uploads\/2022\/01\/camping-palavas-les-flots-100x37.jpg\" class=\"camping palavas les flots\" big\/><\/div><div class=\"call-to-action_contenu\"><div class=\"call-to-action_titre\">Palavas die Flots<\/div><\/div><\/a><\/li><\/ul><\/div><\/section>","protected":false},"excerpt":{"rendered":"","protected":false},"author":1,"featured_media":3320,"parent":6686,"menu_order":0,"comment_status":"closed","ping_status":"closed","template":"","meta":{"_acf_changed":false,"footnotes":""},"class_list":["post-5006","page","type-page","status-publish","has-post-thumbnail","hentry"],"acf":[],"yoast_head":"<!-- This site is optimized with the Yoast SEO plugin v25.3.1 - https:\/\/yoast.com\/wordpress\/plugins\/seo\/ -->\n<title>Campingplatz Montpellier - Standort Mobilheim Montpellier - \u1403 BON PORT ****<\/title>\n<meta name=\"description\" content=\"Sind Sie auf der Suche nach einem Campingplatz in Montpellier? W\u00e4hlen Sie Ihre Mobilheimmiete auf dem Campingplatz Bon Port **** und nutzen Sie die Gelegenheit, die Stadt Montpellier zu besichtigen!\" \/>\n<meta name=\"robots\" content=\"index, follow, max-snippet:-1, max-image-preview:large, max-video-preview:-1\" \/>\n<link rel=\"canonical\" href=\"https:\/\/www.campingbonport.com\/de\/campingplatz-herault\/campingplatz-montpellier\/\" \/>\n<meta property=\"og:locale\" content=\"de_DE\" \/>\n<meta property=\"og:type\" content=\"article\" \/>\n<meta property=\"og:title\" content=\"Campingplatz Montpellier - Standort Mobilheim Montpellier - \u1403 BON PORT ****\" \/>\n<meta property=\"og:description\" content=\"Sind Sie auf der Suche nach einem Campingplatz in Montpellier? W\u00e4hlen Sie Ihre Mobilheimmiete auf dem Campingplatz Bon Port **** und nutzen Sie die Gelegenheit, die Stadt Montpellier zu besichtigen!\" \/>\n<meta property=\"og:url\" content=\"https:\/\/www.campingbonport.com\/de\/campingplatz-herault\/campingplatz-montpellier\/\" \/>\n<meta property=\"og:site_name\" content=\"Camping Bon Port\" \/>\n<meta property=\"article:modified_time\" content=\"2022-04-01T12:08:26+00:00\" \/>\n<meta property=\"og:image\" content=\"https:\/\/www.campingbonport.com\/wp-content\/uploads\/2022\/01\/camping-montpellier.jpg\" \/>\n\t<meta property=\"og:image:width\" content=\"1900\" \/>\n\t<meta property=\"og:image:height\" content=\"700\" \/>\n\t<meta property=\"og:image:type\" content=\"image\/jpeg\" \/>\n<meta name=\"twitter:card\" content=\"summary_large_image\" \/>\n<script type=\"application\/ld+json\" class=\"yoast-schema-graph\">{\"@context\":\"https:\/\/schema.org\",\"@graph\":[{\"@type\":\"WebPage\",\"@id\":\"https:\/\/www.campingbonport.com\/de\/campingplatz-herault\/campingplatz-montpellier\/\",\"url\":\"https:\/\/www.campingbonport.com\/de\/campingplatz-herault\/campingplatz-montpellier\/\",\"name\":\"Campingplatz Montpellier - Standort Mobilheim Montpellier - \u1403 BON PORT ****\",\"isPartOf\":{\"@id\":\"https:\/\/www.campingbonport.com\/de\/#website\"},\"primaryImageOfPage\":{\"@id\":\"https:\/\/www.campingbonport.com\/de\/campingplatz-herault\/campingplatz-montpellier\/#primaryimage\"},\"image\":{\"@id\":\"https:\/\/www.campingbonport.com\/de\/campingplatz-herault\/campingplatz-montpellier\/#primaryimage\"},\"thumbnailUrl\":\"https:\/\/www.campingbonport.com\/wp-content\/uploads\/2022\/01\/camping-montpellier.jpg\",\"datePublished\":\"2022-01-19T11:31:59+00:00\",\"dateModified\":\"2022-04-01T12:08:26+00:00\",\"description\":\"Sind Sie auf der Suche nach einem Campingplatz in Montpellier? W\u00e4hlen Sie Ihre Mobilheimmiete auf dem Campingplatz Bon Port **** und nutzen Sie die Gelegenheit, die Stadt Montpellier zu besichtigen!\",\"breadcrumb\":{\"@id\":\"https:\/\/www.campingbonport.com\/de\/campingplatz-herault\/campingplatz-montpellier\/#breadcrumb\"},\"inLanguage\":\"de\",\"potentialAction\":[{\"@type\":\"ReadAction\",\"target\":[\"https:\/\/www.campingbonport.com\/de\/campingplatz-herault\/campingplatz-montpellier\/\"]}]},{\"@type\":\"ImageObject\",\"inLanguage\":\"de\",\"@id\":\"https:\/\/www.campingbonport.com\/de\/campingplatz-herault\/campingplatz-montpellier\/#primaryimage\",\"url\":\"https:\/\/www.campingbonport.com\/wp-content\/uploads\/2022\/01\/camping-montpellier.jpg\",\"contentUrl\":\"https:\/\/www.campingbonport.com\/wp-content\/uploads\/2022\/01\/camping-montpellier.jpg\",\"width\":1900,\"height\":700,\"caption\":\"camping montpellier\"},{\"@type\":\"BreadcrumbList\",\"@id\":\"https:\/\/www.campingbonport.com\/de\/campingplatz-herault\/campingplatz-montpellier\/#breadcrumb\",\"itemListElement\":[{\"@type\":\"ListItem\",\"position\":1,\"name\":\"Camping Camargue\",\"item\":\"https:\/\/www.campingbonport.com\/de\/\"},{\"@type\":\"ListItem\",\"position\":2,\"name\":\"Campen im H\u00e9rault\",\"item\":\"https:\/\/www.campingbonport.com\/de\/campingplatz-herault\/\"},{\"@type\":\"ListItem\",\"position\":3,\"name\":\"Campingplatz Montpellier\"}]},{\"@type\":\"WebSite\",\"@id\":\"https:\/\/www.campingbonport.com\/de\/#website\",\"url\":\"https:\/\/www.campingbonport.com\/de\/\",\"name\":\"Camping Bon Port\",\"description\":\"\",\"publisher\":{\"@id\":\"https:\/\/www.campingbonport.com\/de\/#organization\"},\"potentialAction\":[{\"@type\":\"SearchAction\",\"target\":{\"@type\":\"EntryPoint\",\"urlTemplate\":\"https:\/\/www.campingbonport.com\/de\/?s={search_term_string}\"},\"query-input\":{\"@type\":\"PropertyValueSpecification\",\"valueRequired\":true,\"valueName\":\"search_term_string\"}}],\"inLanguage\":\"de\"},{\"@type\":\"Organization\",\"@id\":\"https:\/\/www.campingbonport.com\/de\/#organization\",\"name\":\"Camping Bon Port\",\"url\":\"https:\/\/www.campingbonport.com\/de\/\",\"logo\":{\"@type\":\"ImageObject\",\"inLanguage\":\"de\",\"@id\":\"https:\/\/www.campingbonport.com\/de\/#\/schema\/logo\/image\/\",\"url\":\"https:\/\/www.campingbonport.com\/wp-content\/uploads\/2021\/11\/logo-bon-port.jpg\",\"contentUrl\":\"https:\/\/www.campingbonport.com\/wp-content\/uploads\/2021\/11\/logo-bon-port.jpg\",\"width\":736,\"height\":917,\"caption\":\"Camping Bon Port\"},\"image\":{\"@id\":\"https:\/\/www.campingbonport.com\/de\/#\/schema\/logo\/image\/\"}}]}<\/script>\n<!-- \/ Yoast SEO plugin. -->","yoast_head_json":{"title":"Campingplatz Montpellier - Standort Mobilheim Montpellier - \u1403 BON PORT ****","description":"Sind Sie auf der Suche nach einem Campingplatz in Montpellier? W\u00e4hlen Sie Ihre Mobilheimmiete auf dem Campingplatz Bon Port **** und nutzen Sie die Gelegenheit, die Stadt Montpellier zu besichtigen!","robots":{"index":"index","follow":"follow","max-snippet":"max-snippet:-1","max-image-preview":"max-image-preview:large","max-video-preview":"max-video-preview:-1"},"canonical":"https:\/\/www.campingbonport.com\/de\/campingplatz-herault\/campingplatz-montpellier\/","og_locale":"de_DE","og_type":"article","og_title":"Campingplatz Montpellier - Standort Mobilheim Montpellier - \u1403 BON PORT ****","og_description":"Sind Sie auf der Suche nach einem Campingplatz in Montpellier? W\u00e4hlen Sie Ihre Mobilheimmiete auf dem Campingplatz Bon Port **** und nutzen Sie die Gelegenheit, die Stadt Montpellier zu besichtigen!","og_url":"https:\/\/www.campingbonport.com\/de\/campingplatz-herault\/campingplatz-montpellier\/","og_site_name":"Camping Bon Port","article_modified_time":"2022-04-01T12:08:26+00:00","og_image":[{"width":1900,"height":700,"url":"https:\/\/www.campingbonport.com\/wp-content\/uploads\/2022\/01\/camping-montpellier.jpg","type":"image\/jpeg"}],"twitter_card":"summary_large_image","schema":{"@context":"https:\/\/schema.org","@graph":[{"@type":"WebPage","@id":"https:\/\/www.campingbonport.com\/de\/campingplatz-herault\/campingplatz-montpellier\/","url":"https:\/\/www.campingbonport.com\/de\/campingplatz-herault\/campingplatz-montpellier\/","name":"Campingplatz Montpellier - Standort Mobilheim Montpellier - \u1403 BON PORT ****","isPartOf":{"@id":"https:\/\/www.campingbonport.com\/de\/#website"},"primaryImageOfPage":{"@id":"https:\/\/www.campingbonport.com\/de\/campingplatz-herault\/campingplatz-montpellier\/#primaryimage"},"image":{"@id":"https:\/\/www.campingbonport.com\/de\/campingplatz-herault\/campingplatz-montpellier\/#primaryimage"},"thumbnailUrl":"https:\/\/www.campingbonport.com\/wp-content\/uploads\/2022\/01\/camping-montpellier.jpg","datePublished":"2022-01-19T11:31:59+00:00","dateModified":"2022-04-01T12:08:26+00:00","description":"Sind Sie auf der Suche nach einem Campingplatz in Montpellier? W\u00e4hlen Sie Ihre Mobilheimmiete auf dem Campingplatz Bon Port **** und nutzen Sie die Gelegenheit, die Stadt Montpellier zu besichtigen!","breadcrumb":{"@id":"https:\/\/www.campingbonport.com\/de\/campingplatz-herault\/campingplatz-montpellier\/#breadcrumb"},"inLanguage":"de","potentialAction":[{"@type":"ReadAction","target":["https:\/\/www.campingbonport.com\/de\/campingplatz-herault\/campingplatz-montpellier\/"]}]},{"@type":"ImageObject","inLanguage":"de","@id":"https:\/\/www.campingbonport.com\/de\/campingplatz-herault\/campingplatz-montpellier\/#primaryimage","url":"https:\/\/www.campingbonport.com\/wp-content\/uploads\/2022\/01\/camping-montpellier.jpg","contentUrl":"https:\/\/www.campingbonport.com\/wp-content\/uploads\/2022\/01\/camping-montpellier.jpg","width":1900,"height":700,"caption":"camping montpellier"},{"@type":"BreadcrumbList","@id":"https:\/\/www.campingbonport.com\/de\/campingplatz-herault\/campingplatz-montpellier\/#breadcrumb","itemListElement":[{"@type":"ListItem","position":1,"name":"Camping Camargue","item":"https:\/\/www.campingbonport.com\/de\/"},{"@type":"ListItem","position":2,"name":"Campen im H\u00e9rault","item":"https:\/\/www.campingbonport.com\/de\/campingplatz-herault\/"},{"@type":"ListItem","position":3,"name":"Campingplatz Montpellier"}]},{"@type":"WebSite","@id":"https:\/\/www.campingbonport.com\/de\/#website","url":"https:\/\/www.campingbonport.com\/de\/","name":"Camping Bon Port","description":"","publisher":{"@id":"https:\/\/www.campingbonport.com\/de\/#organization"},"potentialAction":[{"@type":"SearchAction","target":{"@type":"EntryPoint","urlTemplate":"https:\/\/www.campingbonport.com\/de\/?s={search_term_string}"},"query-input":{"@type":"PropertyValueSpecification","valueRequired":true,"valueName":"search_term_string"}}],"inLanguage":"de"},{"@type":"Organization","@id":"https:\/\/www.campingbonport.com\/de\/#organization","name":"Camping Bon Port","url":"https:\/\/www.campingbonport.com\/de\/","logo":{"@type":"ImageObject","inLanguage":"de","@id":"https:\/\/www.campingbonport.com\/de\/#\/schema\/logo\/image\/","url":"https:\/\/www.campingbonport.com\/wp-content\/uploads\/2021\/11\/logo-bon-port.jpg","contentUrl":"https:\/\/www.campingbonport.com\/wp-content\/uploads\/2021\/11\/logo-bon-port.jpg","width":736,"height":917,"caption":"Camping Bon Port"},"image":{"@id":"https:\/\/www.campingbonport.com\/de\/#\/schema\/logo\/image\/"}}]}},"_links":{"self":[{"href":"https:\/\/www.campingbonport.com\/de\/wp-json\/wp\/v2\/pages\/5006","targetHints":{"allow":["GET"]}}],"collection":[{"href":"https:\/\/www.campingbonport.com\/de\/wp-json\/wp\/v2\/pages"}],"about":[{"href":"https:\/\/www.campingbonport.com\/de\/wp-json\/wp\/v2\/types\/page"}],"author":[{"embeddable":true,"href":"https:\/\/www.campingbonport.com\/de\/wp-json\/wp\/v2\/users\/1"}],"replies":[{"embeddable":true,"href":"https:\/\/www.campingbonport.com\/de\/wp-json\/wp\/v2\/comments?post=5006"}],"version-history":[{"count":12,"href":"https:\/\/www.campingbonport.com\/de\/wp-json\/wp\/v2\/pages\/5006\/revisions"}],"predecessor-version":[{"id":6871,"href":"https:\/\/www.campingbonport.com\/de\/wp-json\/wp\/v2\/pages\/5006\/revisions\/6871"}],"up":[{"embeddable":true,"href":"https:\/\/www.campingbonport.com\/de\/wp-json\/wp\/v2\/pages\/6686"}],"wp:featuredmedia":[{"embeddable":true,"href":"https:\/\/www.campingbonport.com\/de\/wp-json\/wp\/v2\/media\/3320"}],"wp:attachment":[{"href":"https:\/\/www.campingbonport.com\/de\/wp-json\/wp\/v2\/media?parent=5006"}],"curies":[{"name":"wp","href":"https:\/\/api.w.org\/{rel}","templated":true}]}}