{"id":4926,"date":"2022-01-19T14:03:25","date_gmt":"2022-01-19T13:03:25","guid":{"rendered":"https:\/\/www.campingbonport.com\/unkategorisiert\/camping-carnon\/"},"modified":"2022-04-01T14:02:37","modified_gmt":"2022-04-01T12:02:37","slug":"campingplatz-carnon","status":"publish","type":"page","link":"https:\/\/www.campingbonport.com\/de\/campingplatz-herault\/campingplatz-carnon\/","title":{"rendered":"Campingplatz Carnon"},"content":{"rendered":"<section id=\"section-61b20eccc6d4c\" class=\"section bg-white p-b-0\" ><div class=\"container extralarge\"><h1 class=\"element section-title center\">Campingplatz Carnon<\/h1><div class=\"element bloc-text center \">\n\t<p>Ihr Reiseziel campingplatz in H\u00e9rault k\u00f6nnte durchaus der Bon Port****, unser <strong class=\"color1\">zelten in der N\u00e4he von Carnon<\/strong>. Sowohl ruhig als auch in der N\u00e4he der Str\u00e4nde liegt unser <a href=\"\/de\/\">campingplatz in petite camargue<\/a> wird ein ausgezeichneter Ausgangspunkt zu allen Badeorten sein, die Sie in den Departements H\u00e9rault und Gard sehen m\u00f6chten, darunter die Stadt Carnon.<\/p>\n<\/div><\/div><\/section>\n\n<section id=\"section-61b20eccc6e82\" class=\"section home-fifth bg-white p-t-0\" ><div class=\"container extralarge\"><div class=\"colonnes-wrap valign-middle first-row\"><div class=\"element colonne \"><div class=\"element images\"><div class=\"image\"><img decoding=\"async\" src=\"https:\/\/www.campingbonport.com\/wp-content\/uploads\/2022\/03\/mobil-home-saintes-marie-de-la-mer.jpg\" alt=\"https:\/\/www.campingbonport.com\/wp-content\/uploads\/2022\/03\/mobil-home-saintes-marie-de-la-mer-100x94.jpg\" class=\"mobil-home Carnon\" images_image\/><\/div><\/div><\/div><div class=\"element colonne p-5\"><h2 class=\"element section-title justify\">Mobilheim mieten in der N\u00e4he von Carnon<\/h2><div class=\"element bloc-text justify \">\n\t<p>Sie m\u00f6chten <strong class=\"color1\">ein Mobilheim in der N\u00e4he von Carnon mieten<\/strong> f\u00fcr Ihren n\u00e4chsten Familienurlaub in S\u00fcdfrankreich? Der Campingplatz Bon Port**** liegt etwa zehn Kilometer vom Strand und weniger als 30 Kilometer von Carnon entfernt und hat Ihnen in dieser Hinsicht viel zu bieten. In unserem baumbestandenen Park steht Ihnen eine Auswahl von etwa zehn Modellen neuerer Mobilheime mit allem Komfort zur Verf\u00fcgung. Zehn Modelle, weil Sie mindestens eines brauchen, das Ihren genauen Bed\u00fcrfnissen entspricht. Unsere Mobilheime bieten Platz f\u00fcr 4 bis 8 Personen und sind alle klimatisiert. Das Mobilheim Family verf\u00fcgt zum Beispiel \u00fcber drei separate Schlafzimmer f\u00fcr bis zu sechs Personen und eine erh\u00f6hte, \u00fcberdachte Terrasse. Dieses Modell ist bei gro\u00dfen Familien sehr beliebt. Wir verf\u00fcgen auch \u00fcber ger\u00e4umige Stellpl\u00e4tze f\u00fcr Zelte und Wohnmobile. Schlie\u00dflich bietet der Campingplatz Bon Port**** einen umfangreichen t\u00e4glichen Service, ein Bar-Restaurant, Spielm\u00f6glichkeiten, einen Wasserpark und ein Unterhaltungsprogramm f\u00fcr Gro\u00df und Klein, das sicherlich auch diejenigen anspricht, die auf der Suche nach etwas Besonderem sind.n <strong class=\"color1\">campingplatz in Carnon<\/strong> oder in der Umgebung.<\/p>\n<\/div><\/div><\/div><div class=\"element bloc-text\">\n\t<script>\r\n    window.ctoutvert = {\r\n\t\tid: 2791, \r\n\t\tlang: 'auto', \r\n\t\turl: 'https:\/\/bookingpremium.secureholiday.net\/widgets\/'\r\n    };\r\n    (function (w, d, s, ctv, r, js, fjs) {\r\n        r=new XMLHttpRequest();r.open('GET',w[ctv].url+'js\/src.json');\r\n        r.responseType='json';r.json=true;r.send();\r\n        r.onload=function(){w[ctv].src=r.responseType=='json'?r.response:JSON.parse(r.response);\r\n        js.src=w[ctv].src[0];fjs.parentNode.insertBefore(js, fjs);}\r\n        js=d.createElement(s),fjs=d.getElementsByTagName(s)[0];\r\n        js.id='ctvwidget';js.async=1;\r\n    }(window, document, 'script', 'ctoutvert'));\r\n<\/script>\r\n<ctv-product-list ><\/ctv-product-list><\/div><\/div><\/section>\n\n<section id=\"section-61b2128adf580\" class=\"section bg-white p-t-0 p-b-0\" ><div class=\"container full\"><div class=\"element images\"><div class=\"image\"><img decoding=\"async\" src=\"https:\/\/www.campingbonport.com\/wp-content\/uploads\/2022\/01\/camping-mobil-home-camargue-3.jpg\" alt=\"https:\/\/www.campingbonport.com\/wp-content\/uploads\/2022\/01\/camping-mobil-home-camargue-3-100x71.jpg\" class=\"louer un mobil-home Carnon\" images_image\/><\/div><div class=\"image\"><img decoding=\"async\" src=\"https:\/\/www.campingbonport.com\/wp-content\/uploads\/2021\/12\/piscine-famille-camping-bon-port.jpg\" alt=\"https:\/\/www.campingbonport.com\/wp-content\/uploads\/2021\/12\/piscine-famille-camping-bon-port-100x67.jpg\" class=\"camping \u00e0 Carnon\" images_image\/><\/div><div class=\"image\"><img decoding=\"async\" src=\"https:\/\/www.campingbonport.com\/wp-content\/uploads\/2021\/12\/animation-camping-enfant.jpg\" alt=\"https:\/\/www.campingbonport.com\/wp-content\/uploads\/2021\/12\/animation-camping-enfant-100x66.jpg\" class=\"location mobil-home Carnon\" images_image\/><\/div><\/div><\/div><\/section>\n\n<section id=\"section-61b20eccc70b6\" class=\"section neufFrame bg-color4 p-t-0 p-b-0\" ><div class=\"container full\"><div class=\"colonnes-wrap valign-middle \"><div class=\"element colonne p-x-10 p-y-6\"><h2 class=\"element section-title justify\">Tourismus und Sehensw\u00fcrdigkeiten in Carnon<\/h2><div class=\"element bloc-text justify \">\n\t<p>Sie haben sich f\u00fcr einen angenehmen Urlaub in <strong class=\"color1\">Campingplatz am Meer in Carnon<\/strong> ? Nutzen Sie also die Sonne und die okzitanische K\u00fcste, um das K\u00f6nigreich der Wassersportarten zu entdecken.<\/p>\n<p>Dieser Badeort bietet Ihnen Zugang zu allen Freuden, die mit dem Mittelmeer, der Petite Camargue und dem Bootfahren auf Fl\u00fcssen verbunden sind.<\/p>\n<p>Der gro\u00dfe, feinsandige Strand von Carnon ist ideal zum Baden, da er flach abf\u00e4llt, was das Schwimmen f\u00fcr die ganze Familie erleichtert. Der Strand im Zentrum namens Grand Travers ist beaufsichtigt und verf\u00fcgt \u00fcber Spielpl\u00e4tze und einen Kinderclub. Er ist ideal f\u00fcr einen Tag mit der Familie.<\/p>\n<\/div><\/div><div class=\"element colonne p-0\"><div class=\"element bloc-text\">\n\t<iframe src=\"https:\/\/www.google.com\/maps\/embed?pb=!1m28!1m12!1m3!1d190406.49557471558!2d4.006944423818428!3d43.57725465563994!2m3!1f0!2f0!3f0!3m2!1i1024!2i768!4f13.1!4m13!3e0!4m5!1s0x12b69ea2ce72dfad%3A0xc8b6560e21bf3c97!2sCamping%20Bon%20Port%20-%20Petite%20Camargue%2C%20Chemin%20du%20Mas%20de%20Saint-Ange%2C%20Lunel!3m2!1d43.656118!2d4.1420842!4m5!1s0x12b6bb4323d2abcd%3A0x2f1cdecb734b927b!2sCarnon%2C%20Mauguio!3m2!1d43.5488256!2d3.9799374999999997!5e0!3m2!1sfr!2sfr!4v1643706061292!5m2!1sfr!2sfr\" style=\"border:0;\" allowfullscreen=\"\" loading=\"lazy\"><\/iframe><\/div><\/div><\/div><div class=\"colonnes-wrap valign-middle \"><div class=\"element colonne p-0\"><div class=\"element bloc-text\">\n\t<iframe title=\"YouTube video player\" src=\"https:\/\/www.youtube.com\/embed\/ZWQv9G6sXxc\" width=\"100\" frameborder=\"0\" allowfullscreen=\"allowfullscreen\"><\/iframe><\/div><\/div><div class=\"element colonne p-x-10 p-y-6\"><div class=\"element bloc-text justify \">\n\t<p>Auf 7 km feinem Sand werden zahlreiche sportliche Aktivit\u00e4ten wie Windsurfen, Kite-Surfen, Kajakfahren oder Paddeln angeboten.<\/p>\n<p>Vom Ferienort aus kann man sich lange Ausfl\u00fcge mit dem Fahrrad, dem Quad oder zu Pferd in die kleine Camargue g\u00f6nnen. Zwischen Mittelmeer und Etang de l&#8217;Or entdeckt man die Salins du Midi und den starken Charakter der Region Languedoc Roussillon.<\/p>\n<p>Sie ist auch der Ausgangspunkt f\u00fcr Flusskreuzfahrten. Viele Urlauber nutzen die Gelegenheit, die Natursch\u00f6nheiten der Region und den Charme ihrer D\u00f6rfer auf andere Weise zu genie\u00dfen, indem sie f\u00fchrerscheinfreie Boote mieten, um den Canal du Rh\u00f4ne \u00e0 S\u00e8te hinunterzufahren. Ein origineller Ausflug w\u00e4hrend Ihres Aufenthalts in <strong class=\"color1\">campingplatz Carnon<\/strong>.<\/p>\n<\/div><\/div><\/div><\/div><\/section>\n\n<section id=\"section-61b20eccc71c8\" class=\"section p-b-25 bg-white p-t-0\" ><div class=\"container extralarge\"><h2 class=\"element section-title justify m-y-5\">Entdecken Sie die St\u00e4dte in der Umgebung von Carnon<\/h2><ul class=\"liste-de-page\"><li class=\"element call-to-action carre call-to-action--style-1 call-to-action--big\"><a href=\"https:\/\/www.campingbonport.com\/de\/campingplatz-herault\/campingplatz-mauguio\/\"  class=\"call-to-action_link\" title=\"Mehr \u00fcber mauguio\"><div class=\"call-to-action_image\"><img decoding=\"async\" src=\"https:\/\/www.campingbonport.com\/wp-content\/uploads\/2022\/01\/camping-mauguio.jpg\" alt=\"https:\/\/www.campingbonport.com\/wp-content\/uploads\/2022\/01\/camping-mauguio-100x37.jpg\" class=\"camping mauguio\" big\/><\/div><div class=\"call-to-action_contenu\"><div class=\"call-to-action_titre\">Mauguio<\/div><\/div><\/a><\/li><li class=\"element call-to-action carre call-to-action--style-1 call-to-action--big call-to-action--style-1 call-to-action--big\"><a href=\"https:\/\/www.campingbonport.com\/de\/campingplatz-herault\/campingplatz-lattes\/\"  class=\"call-to-action_link\" title=\"Mehr \u00fcber lattes\"><div class=\"call-to-action_image\"><img decoding=\"async\" src=\"https:\/\/www.campingbonport.com\/wp-content\/uploads\/2022\/01\/camping-lattes.jpg\" alt=\"https:\/\/www.campingbonport.com\/wp-content\/uploads\/2022\/01\/camping-lattes-100x37.jpg\" class=\"camping lattes\" big\/><\/div><div class=\"call-to-action_contenu\"><div class=\"call-to-action_titre\">Lattes<\/div><\/div><\/a><\/li><li class=\"element call-to-action carre call-to-action--style-1 call-to-action--big call-to-action--style-1 call-to-action--big call-to-action--style-1 call-to-action--big\"><a href=\"https:\/\/www.campingbonport.com\/de\/campingplatz-herault\/campingplatz-die-grande-motte\/\"  class=\"call-to-action_link\" title=\"Mehr \u00fcber die grande motte\"><div class=\"call-to-action_image\"><img decoding=\"async\" src=\"https:\/\/www.campingbonport.com\/wp-content\/uploads\/2022\/01\/camping-la-grande-motte.jpg\" alt=\"https:\/\/www.campingbonport.com\/wp-content\/uploads\/2022\/01\/camping-la-grande-motte-100x37.jpg\" class=\"camping la grande motte\" big\/><\/div><div class=\"call-to-action_contenu\"><div class=\"call-to-action_titre\">Die Grande Motte<\/div><\/div><\/a><\/li><\/ul><\/div><\/section>","protected":false},"excerpt":{"rendered":"","protected":false},"author":1,"featured_media":3417,"parent":6686,"menu_order":0,"comment_status":"closed","ping_status":"closed","template":"","meta":{"_acf_changed":false,"footnotes":""},"class_list":["post-4926","page","type-page","status-publish","has-post-thumbnail","hentry"],"acf":[],"yoast_head":"<!-- This site is optimized with the Yoast SEO plugin v25.3.1 - https:\/\/yoast.com\/wordpress\/plugins\/seo\/ -->\n<title>Campingplatz Carnon - Standort Mobilheim Carnon - \u1403 BON PORT ****<\/title>\n<meta name=\"description\" content=\"Sind Sie auf der Suche nach einem Campingplatz in Carnon? W\u00e4hlen Sie Ihre Mobilheimmiete auf dem Campingplatz Bon Port **** und nutzen Sie die Gelegenheit, die Stadt Carnon zu besichtigen!\" \/>\n<meta name=\"robots\" content=\"index, follow, max-snippet:-1, max-image-preview:large, max-video-preview:-1\" \/>\n<link rel=\"canonical\" href=\"https:\/\/www.campingbonport.com\/de\/campingplatz-herault\/campingplatz-carnon\/\" \/>\n<meta property=\"og:locale\" content=\"de_DE\" \/>\n<meta property=\"og:type\" content=\"article\" \/>\n<meta property=\"og:title\" content=\"Campingplatz Carnon - Standort Mobilheim Carnon - \u1403 BON PORT ****\" \/>\n<meta property=\"og:description\" content=\"Sind Sie auf der Suche nach einem Campingplatz in Carnon? W\u00e4hlen Sie Ihre Mobilheimmiete auf dem Campingplatz Bon Port **** und nutzen Sie die Gelegenheit, die Stadt Carnon zu besichtigen!\" \/>\n<meta property=\"og:url\" content=\"https:\/\/www.campingbonport.com\/de\/campingplatz-herault\/campingplatz-carnon\/\" \/>\n<meta property=\"og:site_name\" content=\"Camping Bon Port\" \/>\n<meta property=\"article:modified_time\" content=\"2022-04-01T12:02:37+00:00\" \/>\n<meta property=\"og:image\" content=\"https:\/\/www.campingbonport.com\/wp-content\/uploads\/2022\/01\/camping-carnon.jpg\" \/>\n\t<meta property=\"og:image:width\" content=\"1900\" \/>\n\t<meta property=\"og:image:height\" content=\"700\" \/>\n\t<meta property=\"og:image:type\" content=\"image\/jpeg\" \/>\n<meta name=\"twitter:card\" content=\"summary_large_image\" \/>\n<script type=\"application\/ld+json\" class=\"yoast-schema-graph\">{\"@context\":\"https:\/\/schema.org\",\"@graph\":[{\"@type\":\"WebPage\",\"@id\":\"https:\/\/www.campingbonport.com\/de\/campingplatz-herault\/campingplatz-carnon\/\",\"url\":\"https:\/\/www.campingbonport.com\/de\/campingplatz-herault\/campingplatz-carnon\/\",\"name\":\"Campingplatz Carnon - Standort Mobilheim Carnon - \u1403 BON PORT ****\",\"isPartOf\":{\"@id\":\"https:\/\/www.campingbonport.com\/de\/#website\"},\"primaryImageOfPage\":{\"@id\":\"https:\/\/www.campingbonport.com\/de\/campingplatz-herault\/campingplatz-carnon\/#primaryimage\"},\"image\":{\"@id\":\"https:\/\/www.campingbonport.com\/de\/campingplatz-herault\/campingplatz-carnon\/#primaryimage\"},\"thumbnailUrl\":\"https:\/\/www.campingbonport.com\/wp-content\/uploads\/2022\/01\/camping-carnon.jpg\",\"datePublished\":\"2022-01-19T13:03:25+00:00\",\"dateModified\":\"2022-04-01T12:02:37+00:00\",\"description\":\"Sind Sie auf der Suche nach einem Campingplatz in Carnon? W\u00e4hlen Sie Ihre Mobilheimmiete auf dem Campingplatz Bon Port **** und nutzen Sie die Gelegenheit, die Stadt Carnon zu besichtigen!\",\"breadcrumb\":{\"@id\":\"https:\/\/www.campingbonport.com\/de\/campingplatz-herault\/campingplatz-carnon\/#breadcrumb\"},\"inLanguage\":\"de\",\"potentialAction\":[{\"@type\":\"ReadAction\",\"target\":[\"https:\/\/www.campingbonport.com\/de\/campingplatz-herault\/campingplatz-carnon\/\"]}]},{\"@type\":\"ImageObject\",\"inLanguage\":\"de\",\"@id\":\"https:\/\/www.campingbonport.com\/de\/campingplatz-herault\/campingplatz-carnon\/#primaryimage\",\"url\":\"https:\/\/www.campingbonport.com\/wp-content\/uploads\/2022\/01\/camping-carnon.jpg\",\"contentUrl\":\"https:\/\/www.campingbonport.com\/wp-content\/uploads\/2022\/01\/camping-carnon.jpg\",\"width\":1900,\"height\":700,\"caption\":\"camping carnon\"},{\"@type\":\"BreadcrumbList\",\"@id\":\"https:\/\/www.campingbonport.com\/de\/campingplatz-herault\/campingplatz-carnon\/#breadcrumb\",\"itemListElement\":[{\"@type\":\"ListItem\",\"position\":1,\"name\":\"Camping Camargue\",\"item\":\"https:\/\/www.campingbonport.com\/de\/\"},{\"@type\":\"ListItem\",\"position\":2,\"name\":\"Campen im H\u00e9rault\",\"item\":\"https:\/\/www.campingbonport.com\/de\/campingplatz-herault\/\"},{\"@type\":\"ListItem\",\"position\":3,\"name\":\"Campingplatz Carnon\"}]},{\"@type\":\"WebSite\",\"@id\":\"https:\/\/www.campingbonport.com\/de\/#website\",\"url\":\"https:\/\/www.campingbonport.com\/de\/\",\"name\":\"Camping Bon Port\",\"description\":\"\",\"publisher\":{\"@id\":\"https:\/\/www.campingbonport.com\/de\/#organization\"},\"potentialAction\":[{\"@type\":\"SearchAction\",\"target\":{\"@type\":\"EntryPoint\",\"urlTemplate\":\"https:\/\/www.campingbonport.com\/de\/?s={search_term_string}\"},\"query-input\":{\"@type\":\"PropertyValueSpecification\",\"valueRequired\":true,\"valueName\":\"search_term_string\"}}],\"inLanguage\":\"de\"},{\"@type\":\"Organization\",\"@id\":\"https:\/\/www.campingbonport.com\/de\/#organization\",\"name\":\"Camping Bon Port\",\"url\":\"https:\/\/www.campingbonport.com\/de\/\",\"logo\":{\"@type\":\"ImageObject\",\"inLanguage\":\"de\",\"@id\":\"https:\/\/www.campingbonport.com\/de\/#\/schema\/logo\/image\/\",\"url\":\"https:\/\/www.campingbonport.com\/wp-content\/uploads\/2021\/11\/logo-bon-port.jpg\",\"contentUrl\":\"https:\/\/www.campingbonport.com\/wp-content\/uploads\/2021\/11\/logo-bon-port.jpg\",\"width\":736,\"height\":917,\"caption\":\"Camping Bon Port\"},\"image\":{\"@id\":\"https:\/\/www.campingbonport.com\/de\/#\/schema\/logo\/image\/\"}}]}<\/script>\n<!-- \/ Yoast SEO plugin. -->","yoast_head_json":{"title":"Campingplatz Carnon - Standort Mobilheim Carnon - \u1403 BON PORT ****","description":"Sind Sie auf der Suche nach einem Campingplatz in Carnon? W\u00e4hlen Sie Ihre Mobilheimmiete auf dem Campingplatz Bon Port **** und nutzen Sie die Gelegenheit, die Stadt Carnon zu besichtigen!","robots":{"index":"index","follow":"follow","max-snippet":"max-snippet:-1","max-image-preview":"max-image-preview:large","max-video-preview":"max-video-preview:-1"},"canonical":"https:\/\/www.campingbonport.com\/de\/campingplatz-herault\/campingplatz-carnon\/","og_locale":"de_DE","og_type":"article","og_title":"Campingplatz Carnon - Standort Mobilheim Carnon - \u1403 BON PORT ****","og_description":"Sind Sie auf der Suche nach einem Campingplatz in Carnon? W\u00e4hlen Sie Ihre Mobilheimmiete auf dem Campingplatz Bon Port **** und nutzen Sie die Gelegenheit, die Stadt Carnon zu besichtigen!","og_url":"https:\/\/www.campingbonport.com\/de\/campingplatz-herault\/campingplatz-carnon\/","og_site_name":"Camping Bon Port","article_modified_time":"2022-04-01T12:02:37+00:00","og_image":[{"width":1900,"height":700,"url":"https:\/\/www.campingbonport.com\/wp-content\/uploads\/2022\/01\/camping-carnon.jpg","type":"image\/jpeg"}],"twitter_card":"summary_large_image","schema":{"@context":"https:\/\/schema.org","@graph":[{"@type":"WebPage","@id":"https:\/\/www.campingbonport.com\/de\/campingplatz-herault\/campingplatz-carnon\/","url":"https:\/\/www.campingbonport.com\/de\/campingplatz-herault\/campingplatz-carnon\/","name":"Campingplatz Carnon - Standort Mobilheim Carnon - \u1403 BON PORT ****","isPartOf":{"@id":"https:\/\/www.campingbonport.com\/de\/#website"},"primaryImageOfPage":{"@id":"https:\/\/www.campingbonport.com\/de\/campingplatz-herault\/campingplatz-carnon\/#primaryimage"},"image":{"@id":"https:\/\/www.campingbonport.com\/de\/campingplatz-herault\/campingplatz-carnon\/#primaryimage"},"thumbnailUrl":"https:\/\/www.campingbonport.com\/wp-content\/uploads\/2022\/01\/camping-carnon.jpg","datePublished":"2022-01-19T13:03:25+00:00","dateModified":"2022-04-01T12:02:37+00:00","description":"Sind Sie auf der Suche nach einem Campingplatz in Carnon? W\u00e4hlen Sie Ihre Mobilheimmiete auf dem Campingplatz Bon Port **** und nutzen Sie die Gelegenheit, die Stadt Carnon zu besichtigen!","breadcrumb":{"@id":"https:\/\/www.campingbonport.com\/de\/campingplatz-herault\/campingplatz-carnon\/#breadcrumb"},"inLanguage":"de","potentialAction":[{"@type":"ReadAction","target":["https:\/\/www.campingbonport.com\/de\/campingplatz-herault\/campingplatz-carnon\/"]}]},{"@type":"ImageObject","inLanguage":"de","@id":"https:\/\/www.campingbonport.com\/de\/campingplatz-herault\/campingplatz-carnon\/#primaryimage","url":"https:\/\/www.campingbonport.com\/wp-content\/uploads\/2022\/01\/camping-carnon.jpg","contentUrl":"https:\/\/www.campingbonport.com\/wp-content\/uploads\/2022\/01\/camping-carnon.jpg","width":1900,"height":700,"caption":"camping carnon"},{"@type":"BreadcrumbList","@id":"https:\/\/www.campingbonport.com\/de\/campingplatz-herault\/campingplatz-carnon\/#breadcrumb","itemListElement":[{"@type":"ListItem","position":1,"name":"Camping Camargue","item":"https:\/\/www.campingbonport.com\/de\/"},{"@type":"ListItem","position":2,"name":"Campen im H\u00e9rault","item":"https:\/\/www.campingbonport.com\/de\/campingplatz-herault\/"},{"@type":"ListItem","position":3,"name":"Campingplatz Carnon"}]},{"@type":"WebSite","@id":"https:\/\/www.campingbonport.com\/de\/#website","url":"https:\/\/www.campingbonport.com\/de\/","name":"Camping Bon Port","description":"","publisher":{"@id":"https:\/\/www.campingbonport.com\/de\/#organization"},"potentialAction":[{"@type":"SearchAction","target":{"@type":"EntryPoint","urlTemplate":"https:\/\/www.campingbonport.com\/de\/?s={search_term_string}"},"query-input":{"@type":"PropertyValueSpecification","valueRequired":true,"valueName":"search_term_string"}}],"inLanguage":"de"},{"@type":"Organization","@id":"https:\/\/www.campingbonport.com\/de\/#organization","name":"Camping Bon Port","url":"https:\/\/www.campingbonport.com\/de\/","logo":{"@type":"ImageObject","inLanguage":"de","@id":"https:\/\/www.campingbonport.com\/de\/#\/schema\/logo\/image\/","url":"https:\/\/www.campingbonport.com\/wp-content\/uploads\/2021\/11\/logo-bon-port.jpg","contentUrl":"https:\/\/www.campingbonport.com\/wp-content\/uploads\/2021\/11\/logo-bon-port.jpg","width":736,"height":917,"caption":"Camping Bon Port"},"image":{"@id":"https:\/\/www.campingbonport.com\/de\/#\/schema\/logo\/image\/"}}]}},"_links":{"self":[{"href":"https:\/\/www.campingbonport.com\/de\/wp-json\/wp\/v2\/pages\/4926","targetHints":{"allow":["GET"]}}],"collection":[{"href":"https:\/\/www.campingbonport.com\/de\/wp-json\/wp\/v2\/pages"}],"about":[{"href":"https:\/\/www.campingbonport.com\/de\/wp-json\/wp\/v2\/types\/page"}],"author":[{"embeddable":true,"href":"https:\/\/www.campingbonport.com\/de\/wp-json\/wp\/v2\/users\/1"}],"replies":[{"embeddable":true,"href":"https:\/\/www.campingbonport.com\/de\/wp-json\/wp\/v2\/comments?post=4926"}],"version-history":[{"count":17,"href":"https:\/\/www.campingbonport.com\/de\/wp-json\/wp\/v2\/pages\/4926\/revisions"}],"predecessor-version":[{"id":6859,"href":"https:\/\/www.campingbonport.com\/de\/wp-json\/wp\/v2\/pages\/4926\/revisions\/6859"}],"up":[{"embeddable":true,"href":"https:\/\/www.campingbonport.com\/de\/wp-json\/wp\/v2\/pages\/6686"}],"wp:featuredmedia":[{"embeddable":true,"href":"https:\/\/www.campingbonport.com\/de\/wp-json\/wp\/v2\/media\/3417"}],"wp:attachment":[{"href":"https:\/\/www.campingbonport.com\/de\/wp-json\/wp\/v2\/media?parent=4926"}],"curies":[{"name":"wp","href":"https:\/\/api.w.org\/{rel}","templated":true}]}}