{"id":4859,"date":"2022-01-19T14:24:17","date_gmt":"2022-01-19T13:24:17","guid":{"rendered":"https:\/\/www.campingbonport.com\/unkategorisiert\/camping-la-grande-motte\/"},"modified":"2022-04-01T14:03:44","modified_gmt":"2022-04-01T12:03:44","slug":"campingplatz-die-grande-motte","status":"publish","type":"page","link":"https:\/\/www.campingbonport.com\/de\/campingplatz-herault\/campingplatz-die-grande-motte\/","title":{"rendered":"Campingplatz die Grande Motte"},"content":{"rendered":"<section id=\"section-61b20eccc6d4c\" class=\"section bg-white p-b-0\" ><div class=\"container extralarge\"><h1 class=\"element section-title center\">Campingplatz die Grande Motte<\/h1><div class=\"element bloc-text center \">\n\t<p>Sie suchen einen <strong class=\"color1\">campingplatz in Grande Motte<\/strong> oder ein campingplatz in H\u00e9rault f\u00fcr einen Urlaub mit allem Komfort in S\u00fcdfrankreich? Unser <a href=\"\/de\/\">campingplatz in Petite Camargue<\/a> befindet sich ganz in der N\u00e4he von <a href=\"https:\/\/deutsch.lagrandemotte.com\/\" target=\"_blank\" rel=\"noopener\">Die Grande Motte<\/a>. Einladend, komfortabel und gut ausgestattet. Dank seiner Lage k\u00f6nnen Sie alle Sehensw\u00fcrdigkeiten des H\u00e9rault und der benachbarten Departements genie\u00dfen.<\/p>\n<\/div><\/div><\/section>\n\n<section id=\"section-61b20eccc6e82\" class=\"section home-fifth bg-white p-t-0\" ><div class=\"container extralarge\"><div class=\"colonnes-wrap valign-middle first-row\"><div class=\"element colonne \"><div class=\"element images\"><div class=\"image\"><img decoding=\"async\" src=\"https:\/\/www.campingbonport.com\/wp-content\/uploads\/2022\/03\/mobil-home-saintes-marie-de-la-mer.jpg\" alt=\"https:\/\/www.campingbonport.com\/wp-content\/uploads\/2022\/03\/mobil-home-saintes-marie-de-la-mer-100x94.jpg\" class=\"mobil-home La Grande Motte\" images_image\/><\/div><\/div><\/div><div class=\"element colonne p-5\"><h2 class=\"element section-title justify\">Mobilheim mieten in der N\u00e4he von La Grande Motte<\/h2><div class=\"element bloc-text justify \">\n\t<p>Die Str\u00e4nde von La Grande Motte und den umliegenden Badeorten machen Ihnen Lust auf Urlaub und Sie suchen nach einem <strong class=\"color1\">campingplatz in Grande Motte<\/strong>&nbsp;? W\u00e4hlen Sie f\u00fcr Ihren Aufenthalt eine Mobilheimvermietung in der N\u00e4he von La Grande Motte! Der nur 16 km entfernte Campingplatz Bon Port **** bietet Ihnen&nbsp;<strong class=\"color1\">mobilheime zur Miete in der N\u00e4he von La Grande Motte<\/strong>.<\/p>\n<p>Unser Campingplatz empf\u00e4ngt Sie in seinen baumbestandenen Anlagen mit einer gro\u00dfen Auswahl an Mobilheimen. Wir stellen Ihnen ein Dutzend verschiedener Modelle zur Verf\u00fcgung, um allen Arten von Bed\u00fcrfnissen gerecht zu werden. Gro\u00dffamilie, Freundesgruppe, Babys oder Kleinkinder, Jugendliche&#8230; Hier gibt es eine Unterkunft im Mobilheim, die Ihren Bed\u00fcrfnissen und Ihrem Budget entspricht. Unsere Unterk\u00fcnfte verf\u00fcgen \u00fcber 2 bis 4 separate Schlafzimmer und bieten Platz f\u00fcr 4 bis 8 Personen. Sie sind nicht alle gleich eingerichtet oder dekoriert, aber alle sind funktional und neu, haben eine Terrasse und Zugang zum WLAN-Netz des Campingplatzes. Besuchen Sie die Seiten unserer Website, auf denen die einzelnen Modelle im Detail vorgestellt werden, und sehen Sie sich auch unsere Stellpl\u00e4tze f\u00fcr Zelte und Wohnmobile an!<\/p>\n<\/div><\/div><\/div><div class=\"element bloc-text\">\n\t<script>\r\n    window.ctoutvert = {\r\n\t\tid: 2791, \r\n\t\tlang: 'auto', \r\n\t\turl: 'https:\/\/bookingpremium.secureholiday.net\/widgets\/'\r\n    };\r\n    (function (w, d, s, ctv, r, js, fjs) {\r\n        r=new XMLHttpRequest();r.open('GET',w[ctv].url+'js\/src.json');\r\n        r.responseType='json';r.json=true;r.send();\r\n        r.onload=function(){w[ctv].src=r.responseType=='json'?r.response:JSON.parse(r.response);\r\n        js.src=w[ctv].src[0];fjs.parentNode.insertBefore(js, fjs);}\r\n        js=d.createElement(s),fjs=d.getElementsByTagName(s)[0];\r\n        js.id='ctvwidget';js.async=1;\r\n    }(window, document, 'script', 'ctoutvert'));\r\n<\/script>\r\n<ctv-product-list ><\/ctv-product-list><\/div><\/div><\/section>\n\n<section id=\"section-61b2128adf580\" class=\"section bg-white p-t-0 p-b-0\" ><div class=\"container full\"><div class=\"element images\"><div class=\"image\"><img decoding=\"async\" src=\"https:\/\/www.campingbonport.com\/wp-content\/uploads\/2022\/01\/camping-location-mobil-home-lunel.jpg\" alt=\"https:\/\/www.campingbonport.com\/wp-content\/uploads\/2022\/01\/camping-location-mobil-home-lunel-100x71.jpg\" class=\"louer un mobil-home La Grande Motte\" images_image\/><\/div><div class=\"image\"><img decoding=\"async\" src=\"\" alt=\"\" class=\"location mobil-home La Grande Motte\" images_image\/><\/div><div class=\"image\"><img decoding=\"async\" src=\"\" alt=\"\" class=\"camping \u00e0 La Grande Motte\" images_image\/><\/div><\/div><\/div><\/section>\n\n<section id=\"section-61b20eccc70b6\" class=\"section neufFrame bg-color4 p-t-0 p-b-0\" ><div class=\"container full\"><div class=\"colonnes-wrap valign-middle \"><div class=\"element colonne p-x-10 p-y-6\"><h2 class=\"element section-title justify\">Tourismus und Sehensw\u00fcrdigkeiten in La Grande Motte<\/h2><div class=\"element bloc-text justify \">\n\t<p>Man verbringt seinen Urlaub nicht in <strong class=\"color1\">campingplatz die Grande Motte Bon Port****<\/strong> ohne sich die Zeit zu nehmen, die Stadt zu besichtigen.<\/p>\n<p>La Grande Motte ist f\u00fcr seine belebten Str\u00e4nde Point Z\u00e9ro und Couchant bekannt, aber noch mehr f\u00fcr seine Architektur und seine ganz besonderen Pyramiden. Der Ort mit dem G\u00fctesiegel &#8222;Kulturerbe des 20. Jahrhunderts&#8220; l\u00e4dt Sie ein, seine vielen Gesichter zu erforschen, indem Sie die App Myst\u00e8re des Pyramides herunterladen, eine originelle Art, die Stadt des Sandes zu entdecken, die auch den J\u00fcngsten gefallen d\u00fcrfte.<\/p>\n<p>Au\u00dferdem: Wer sagt <strong class=\"color1\">campingplatz Grande Motte<\/strong> sagt Strand, Mittelmeerk\u00fcste, Wassersport und Urlaub mit den F\u00fc\u00dfen im Wasser in der Region Languedoc Roussillon! An der K\u00fcste von Grand-Mottois k\u00f6nnen Sie Katamaran, Jetski, Paddle, Wasserski, Tauchen und Wakeboard oder Flyboard ausprobieren. Man kann auch das Conger-Fischen auf dem offenen Meer ausprobieren und \u00fcberraschend die Landschaften der Camargue von der See- und Landseite aus auf einer mehrst\u00fcndigen oder ganzt\u00e4gigen K\u00fcstenkreuzfahrt entdecken. Im Sommer kann man auch n\u00e4chtliche Kreuzfahrten genie\u00dfen.<\/p>\n<\/div><\/div><div class=\"element colonne p-0\"><div class=\"element bloc-text\">\n\t<iframe src=\"https:\/\/www.google.com\/maps\/embed?pb=!1m28!1m12!1m3!1d158903.90453462861!2d4.050648651640252!3d43.598593902407295!2m3!1f0!2f0!3f0!3m2!1i1024!2i768!4f13.1!4m13!3e0!4m5!1s0x12b69ea2ce72dfad%3A0xc8b6560e21bf3c97!2sCamping%20Bon%20Port%20-%20Petite%20Camargue%2C%20Chemin%20du%20Mas%20de%20Saint-Ange%2C%20Lunel!3m2!1d43.656118!2d4.1420842!4m5!1s0x12b6980718c43b47%3A0x4078821166ab9a0!2sLa%20Grande%20Motte!3m2!1d43.560704!2d4.086072!5e0!3m2!1sfr!2sfr!4v1643705962652!5m2!1sfr!2sfr\" style=\"border:0;\" allowfullscreen=\"\" loading=\"lazy\"><\/iframe><\/div><\/div><\/div><div class=\"colonnes-wrap valign-middle \"><div class=\"element colonne p-0\"><div class=\"element bloc-text\">\n\t<iframe title=\"YouTube video player\" src=\"https:\/\/www.youtube.com\/embed\/eNdVvMLwLMU\" width=\"100\" frameborder=\"0\" allowfullscreen=\"allowfullscreen\"><\/iframe><\/div><\/div><div class=\"element colonne p-x-10 p-y-6\"><div class=\"element bloc-text justify \">\n\t<p>Nur einen Katzensprung vom Zentrum entfernt liegt der \u00c9tang du Ponant, der zum ruhigen Angeln und zur Beobachtung von Meeresschildkr\u00f6ten einl\u00e4dt.<\/p>\n<p>F\u00fcr Landsportler gibt es in La Grande Motte auch Golf- und Tennisspielm\u00f6glichkeiten. Das gro\u00dfe Kasino beherbergt au\u00dferdem Restaurants und einen Veranstaltungssaal.<\/p>\n<\/div><\/div><\/div><\/div><\/section>\n\n<section id=\"section-61b20eccc71c8\" class=\"section p-b-25 bg-white p-t-0\" ><div class=\"container extralarge\"><h2 class=\"element section-title justify m-y-5\">Entdecken Sie die St\u00e4dte in der Umgebung von La Grande Motte<\/h2><ul class=\"liste-de-page\"><li class=\"element call-to-action carre call-to-action--style-1 call-to-action--big\"><a href=\"https:\/\/www.campingbonport.com\/de\/campingplatz-herault\/campingplatz-montpellier\/\"  class=\"call-to-action_link\" title=\"Mehr \u00fcber montpellier\"><div class=\"call-to-action_image\"><img decoding=\"async\" src=\"https:\/\/www.campingbonport.com\/wp-content\/uploads\/2022\/01\/camping-montpellier.jpg\" alt=\"https:\/\/www.campingbonport.com\/wp-content\/uploads\/2022\/01\/camping-montpellier-100x37.jpg\" class=\"camping montpellier\" big\/><\/div><div class=\"call-to-action_contenu\"><div class=\"call-to-action_titre\">Montpellier<\/div><\/div><\/a><\/li><li class=\"element call-to-action carre call-to-action--style-1 call-to-action--big call-to-action--style-1 call-to-action--big\"><a href=\"https:\/\/www.campingbonport.com\/de\/campingplatz-herault\/campingplatz-mauguio\/\"  class=\"call-to-action_link\" title=\"Mehr \u00fcber mauguio\"><div class=\"call-to-action_image\"><img decoding=\"async\" src=\"https:\/\/www.campingbonport.com\/wp-content\/uploads\/2022\/01\/camping-mauguio.jpg\" alt=\"https:\/\/www.campingbonport.com\/wp-content\/uploads\/2022\/01\/camping-mauguio-100x37.jpg\" class=\"camping mauguio\" big\/><\/div><div class=\"call-to-action_contenu\"><div class=\"call-to-action_titre\">Mauguio<\/div><\/div><\/a><\/li><li class=\"element call-to-action carre call-to-action--style-1 call-to-action--big call-to-action--style-1 call-to-action--big call-to-action--style-1 call-to-action--big\"><a href=\"https:\/\/www.campingbonport.com\/de\/campingplatz-herault\/campingplatz-lattes\/\"  class=\"call-to-action_link\" title=\"Mehr \u00fcber lattes\"><div class=\"call-to-action_image\"><img decoding=\"async\" src=\"https:\/\/www.campingbonport.com\/wp-content\/uploads\/2022\/01\/camping-lattes.jpg\" alt=\"https:\/\/www.campingbonport.com\/wp-content\/uploads\/2022\/01\/camping-lattes-100x37.jpg\" class=\"camping lattes\" big\/><\/div><div class=\"call-to-action_contenu\"><div class=\"call-to-action_titre\">Lattes<\/div><\/div><\/a><\/li><\/ul><\/div><\/section>","protected":false},"excerpt":{"rendered":"","protected":false},"author":1,"featured_media":3413,"parent":6686,"menu_order":0,"comment_status":"closed","ping_status":"closed","template":"","meta":{"_acf_changed":false,"footnotes":""},"class_list":["post-4859","page","type-page","status-publish","has-post-thumbnail","hentry"],"acf":[],"yoast_head":"<!-- This site is optimized with the Yoast SEO plugin v25.3.1 - https:\/\/yoast.com\/wordpress\/plugins\/seo\/ -->\n<title>Campingplatz die Grande Motte - Mobilheimvermietung Die Grande Motte - \u1403 BON PORT ****<\/title>\n<meta name=\"description\" content=\"Sind Sie auf der Suche nach einem Campingplatz in La Grande Motte? W\u00e4hlen Sie Ihre Mobilheimmiete auf dem Campingplatz Bon Port **** und nutzen Sie die Gelegenheit, die Stadt La Grande Motte zu besichtigen!\" \/>\n<meta name=\"robots\" content=\"index, follow, max-snippet:-1, max-image-preview:large, max-video-preview:-1\" \/>\n<link rel=\"canonical\" href=\"https:\/\/www.campingbonport.com\/de\/campingplatz-herault\/campingplatz-die-grande-motte\/\" \/>\n<meta property=\"og:locale\" content=\"de_DE\" \/>\n<meta property=\"og:type\" content=\"article\" \/>\n<meta property=\"og:title\" content=\"Campingplatz die Grande Motte - Mobilheimvermietung Die Grande Motte - \u1403 BON PORT ****\" \/>\n<meta property=\"og:description\" content=\"Sind Sie auf der Suche nach einem Campingplatz in La Grande Motte? W\u00e4hlen Sie Ihre Mobilheimmiete auf dem Campingplatz Bon Port **** und nutzen Sie die Gelegenheit, die Stadt La Grande Motte zu besichtigen!\" \/>\n<meta property=\"og:url\" content=\"https:\/\/www.campingbonport.com\/de\/campingplatz-herault\/campingplatz-die-grande-motte\/\" \/>\n<meta property=\"og:site_name\" content=\"Camping Bon Port\" \/>\n<meta property=\"article:modified_time\" content=\"2022-04-01T12:03:44+00:00\" \/>\n<meta property=\"og:image\" content=\"https:\/\/www.campingbonport.com\/wp-content\/uploads\/2022\/01\/camping-la-grande-motte.jpg\" \/>\n\t<meta property=\"og:image:width\" content=\"1900\" \/>\n\t<meta property=\"og:image:height\" content=\"700\" \/>\n\t<meta property=\"og:image:type\" content=\"image\/jpeg\" \/>\n<meta name=\"twitter:card\" content=\"summary_large_image\" \/>\n<script type=\"application\/ld+json\" class=\"yoast-schema-graph\">{\"@context\":\"https:\/\/schema.org\",\"@graph\":[{\"@type\":\"WebPage\",\"@id\":\"https:\/\/www.campingbonport.com\/de\/campingplatz-herault\/campingplatz-die-grande-motte\/\",\"url\":\"https:\/\/www.campingbonport.com\/de\/campingplatz-herault\/campingplatz-die-grande-motte\/\",\"name\":\"Campingplatz die Grande Motte - Mobilheimvermietung Die Grande Motte - \u1403 BON PORT ****\",\"isPartOf\":{\"@id\":\"https:\/\/www.campingbonport.com\/de\/#website\"},\"primaryImageOfPage\":{\"@id\":\"https:\/\/www.campingbonport.com\/de\/campingplatz-herault\/campingplatz-die-grande-motte\/#primaryimage\"},\"image\":{\"@id\":\"https:\/\/www.campingbonport.com\/de\/campingplatz-herault\/campingplatz-die-grande-motte\/#primaryimage\"},\"thumbnailUrl\":\"https:\/\/www.campingbonport.com\/wp-content\/uploads\/2022\/01\/camping-la-grande-motte.jpg\",\"datePublished\":\"2022-01-19T13:24:17+00:00\",\"dateModified\":\"2022-04-01T12:03:44+00:00\",\"description\":\"Sind Sie auf der Suche nach einem Campingplatz in La Grande Motte? W\u00e4hlen Sie Ihre Mobilheimmiete auf dem Campingplatz Bon Port **** und nutzen Sie die Gelegenheit, die Stadt La Grande Motte zu besichtigen!\",\"breadcrumb\":{\"@id\":\"https:\/\/www.campingbonport.com\/de\/campingplatz-herault\/campingplatz-die-grande-motte\/#breadcrumb\"},\"inLanguage\":\"de\",\"potentialAction\":[{\"@type\":\"ReadAction\",\"target\":[\"https:\/\/www.campingbonport.com\/de\/campingplatz-herault\/campingplatz-die-grande-motte\/\"]}]},{\"@type\":\"ImageObject\",\"inLanguage\":\"de\",\"@id\":\"https:\/\/www.campingbonport.com\/de\/campingplatz-herault\/campingplatz-die-grande-motte\/#primaryimage\",\"url\":\"https:\/\/www.campingbonport.com\/wp-content\/uploads\/2022\/01\/camping-la-grande-motte.jpg\",\"contentUrl\":\"https:\/\/www.campingbonport.com\/wp-content\/uploads\/2022\/01\/camping-la-grande-motte.jpg\",\"width\":1900,\"height\":700,\"caption\":\"camping la grande motte\"},{\"@type\":\"BreadcrumbList\",\"@id\":\"https:\/\/www.campingbonport.com\/de\/campingplatz-herault\/campingplatz-die-grande-motte\/#breadcrumb\",\"itemListElement\":[{\"@type\":\"ListItem\",\"position\":1,\"name\":\"Camping Camargue\",\"item\":\"https:\/\/www.campingbonport.com\/de\/\"},{\"@type\":\"ListItem\",\"position\":2,\"name\":\"Campen im H\u00e9rault\",\"item\":\"https:\/\/www.campingbonport.com\/de\/campingplatz-herault\/\"},{\"@type\":\"ListItem\",\"position\":3,\"name\":\"Campingplatz die Grande Motte\"}]},{\"@type\":\"WebSite\",\"@id\":\"https:\/\/www.campingbonport.com\/de\/#website\",\"url\":\"https:\/\/www.campingbonport.com\/de\/\",\"name\":\"Camping Bon Port\",\"description\":\"\",\"publisher\":{\"@id\":\"https:\/\/www.campingbonport.com\/de\/#organization\"},\"potentialAction\":[{\"@type\":\"SearchAction\",\"target\":{\"@type\":\"EntryPoint\",\"urlTemplate\":\"https:\/\/www.campingbonport.com\/de\/?s={search_term_string}\"},\"query-input\":{\"@type\":\"PropertyValueSpecification\",\"valueRequired\":true,\"valueName\":\"search_term_string\"}}],\"inLanguage\":\"de\"},{\"@type\":\"Organization\",\"@id\":\"https:\/\/www.campingbonport.com\/de\/#organization\",\"name\":\"Camping Bon Port\",\"url\":\"https:\/\/www.campingbonport.com\/de\/\",\"logo\":{\"@type\":\"ImageObject\",\"inLanguage\":\"de\",\"@id\":\"https:\/\/www.campingbonport.com\/de\/#\/schema\/logo\/image\/\",\"url\":\"https:\/\/www.campingbonport.com\/wp-content\/uploads\/2021\/11\/logo-bon-port.jpg\",\"contentUrl\":\"https:\/\/www.campingbonport.com\/wp-content\/uploads\/2021\/11\/logo-bon-port.jpg\",\"width\":736,\"height\":917,\"caption\":\"Camping Bon Port\"},\"image\":{\"@id\":\"https:\/\/www.campingbonport.com\/de\/#\/schema\/logo\/image\/\"}}]}<\/script>\n<!-- \/ Yoast SEO plugin. -->","yoast_head_json":{"title":"Campingplatz die Grande Motte - Mobilheimvermietung Die Grande Motte - \u1403 BON PORT ****","description":"Sind Sie auf der Suche nach einem Campingplatz in La Grande Motte? W\u00e4hlen Sie Ihre Mobilheimmiete auf dem Campingplatz Bon Port **** und nutzen Sie die Gelegenheit, die Stadt La Grande Motte zu besichtigen!","robots":{"index":"index","follow":"follow","max-snippet":"max-snippet:-1","max-image-preview":"max-image-preview:large","max-video-preview":"max-video-preview:-1"},"canonical":"https:\/\/www.campingbonport.com\/de\/campingplatz-herault\/campingplatz-die-grande-motte\/","og_locale":"de_DE","og_type":"article","og_title":"Campingplatz die Grande Motte - Mobilheimvermietung Die Grande Motte - \u1403 BON PORT ****","og_description":"Sind Sie auf der Suche nach einem Campingplatz in La Grande Motte? W\u00e4hlen Sie Ihre Mobilheimmiete auf dem Campingplatz Bon Port **** und nutzen Sie die Gelegenheit, die Stadt La Grande Motte zu besichtigen!","og_url":"https:\/\/www.campingbonport.com\/de\/campingplatz-herault\/campingplatz-die-grande-motte\/","og_site_name":"Camping Bon Port","article_modified_time":"2022-04-01T12:03:44+00:00","og_image":[{"width":1900,"height":700,"url":"https:\/\/www.campingbonport.com\/wp-content\/uploads\/2022\/01\/camping-la-grande-motte.jpg","type":"image\/jpeg"}],"twitter_card":"summary_large_image","schema":{"@context":"https:\/\/schema.org","@graph":[{"@type":"WebPage","@id":"https:\/\/www.campingbonport.com\/de\/campingplatz-herault\/campingplatz-die-grande-motte\/","url":"https:\/\/www.campingbonport.com\/de\/campingplatz-herault\/campingplatz-die-grande-motte\/","name":"Campingplatz die Grande Motte - Mobilheimvermietung Die Grande Motte - \u1403 BON PORT ****","isPartOf":{"@id":"https:\/\/www.campingbonport.com\/de\/#website"},"primaryImageOfPage":{"@id":"https:\/\/www.campingbonport.com\/de\/campingplatz-herault\/campingplatz-die-grande-motte\/#primaryimage"},"image":{"@id":"https:\/\/www.campingbonport.com\/de\/campingplatz-herault\/campingplatz-die-grande-motte\/#primaryimage"},"thumbnailUrl":"https:\/\/www.campingbonport.com\/wp-content\/uploads\/2022\/01\/camping-la-grande-motte.jpg","datePublished":"2022-01-19T13:24:17+00:00","dateModified":"2022-04-01T12:03:44+00:00","description":"Sind Sie auf der Suche nach einem Campingplatz in La Grande Motte? W\u00e4hlen Sie Ihre Mobilheimmiete auf dem Campingplatz Bon Port **** und nutzen Sie die Gelegenheit, die Stadt La Grande Motte zu besichtigen!","breadcrumb":{"@id":"https:\/\/www.campingbonport.com\/de\/campingplatz-herault\/campingplatz-die-grande-motte\/#breadcrumb"},"inLanguage":"de","potentialAction":[{"@type":"ReadAction","target":["https:\/\/www.campingbonport.com\/de\/campingplatz-herault\/campingplatz-die-grande-motte\/"]}]},{"@type":"ImageObject","inLanguage":"de","@id":"https:\/\/www.campingbonport.com\/de\/campingplatz-herault\/campingplatz-die-grande-motte\/#primaryimage","url":"https:\/\/www.campingbonport.com\/wp-content\/uploads\/2022\/01\/camping-la-grande-motte.jpg","contentUrl":"https:\/\/www.campingbonport.com\/wp-content\/uploads\/2022\/01\/camping-la-grande-motte.jpg","width":1900,"height":700,"caption":"camping la grande motte"},{"@type":"BreadcrumbList","@id":"https:\/\/www.campingbonport.com\/de\/campingplatz-herault\/campingplatz-die-grande-motte\/#breadcrumb","itemListElement":[{"@type":"ListItem","position":1,"name":"Camping Camargue","item":"https:\/\/www.campingbonport.com\/de\/"},{"@type":"ListItem","position":2,"name":"Campen im H\u00e9rault","item":"https:\/\/www.campingbonport.com\/de\/campingplatz-herault\/"},{"@type":"ListItem","position":3,"name":"Campingplatz die Grande Motte"}]},{"@type":"WebSite","@id":"https:\/\/www.campingbonport.com\/de\/#website","url":"https:\/\/www.campingbonport.com\/de\/","name":"Camping Bon Port","description":"","publisher":{"@id":"https:\/\/www.campingbonport.com\/de\/#organization"},"potentialAction":[{"@type":"SearchAction","target":{"@type":"EntryPoint","urlTemplate":"https:\/\/www.campingbonport.com\/de\/?s={search_term_string}"},"query-input":{"@type":"PropertyValueSpecification","valueRequired":true,"valueName":"search_term_string"}}],"inLanguage":"de"},{"@type":"Organization","@id":"https:\/\/www.campingbonport.com\/de\/#organization","name":"Camping Bon Port","url":"https:\/\/www.campingbonport.com\/de\/","logo":{"@type":"ImageObject","inLanguage":"de","@id":"https:\/\/www.campingbonport.com\/de\/#\/schema\/logo\/image\/","url":"https:\/\/www.campingbonport.com\/wp-content\/uploads\/2021\/11\/logo-bon-port.jpg","contentUrl":"https:\/\/www.campingbonport.com\/wp-content\/uploads\/2021\/11\/logo-bon-port.jpg","width":736,"height":917,"caption":"Camping Bon Port"},"image":{"@id":"https:\/\/www.campingbonport.com\/de\/#\/schema\/logo\/image\/"}}]}},"_links":{"self":[{"href":"https:\/\/www.campingbonport.com\/de\/wp-json\/wp\/v2\/pages\/4859","targetHints":{"allow":["GET"]}}],"collection":[{"href":"https:\/\/www.campingbonport.com\/de\/wp-json\/wp\/v2\/pages"}],"about":[{"href":"https:\/\/www.campingbonport.com\/de\/wp-json\/wp\/v2\/types\/page"}],"author":[{"embeddable":true,"href":"https:\/\/www.campingbonport.com\/de\/wp-json\/wp\/v2\/users\/1"}],"replies":[{"embeddable":true,"href":"https:\/\/www.campingbonport.com\/de\/wp-json\/wp\/v2\/comments?post=4859"}],"version-history":[{"count":27,"href":"https:\/\/www.campingbonport.com\/de\/wp-json\/wp\/v2\/pages\/4859\/revisions"}],"predecessor-version":[{"id":6862,"href":"https:\/\/www.campingbonport.com\/de\/wp-json\/wp\/v2\/pages\/4859\/revisions\/6862"}],"up":[{"embeddable":true,"href":"https:\/\/www.campingbonport.com\/de\/wp-json\/wp\/v2\/pages\/6686"}],"wp:featuredmedia":[{"embeddable":true,"href":"https:\/\/www.campingbonport.com\/de\/wp-json\/wp\/v2\/media\/3413"}],"wp:attachment":[{"href":"https:\/\/www.campingbonport.com\/de\/wp-json\/wp\/v2\/media?parent=4859"}],"curies":[{"name":"wp","href":"https:\/\/api.w.org\/{rel}","templated":true}]}}