{"id":4742,"date":"2022-01-19T14:41:30","date_gmt":"2022-01-19T13:41:30","guid":{"rendered":"https:\/\/www.campingbonport.com\/unkategorisiert\/camping-palavas-les-flots\/"},"modified":"2022-04-01T14:09:44","modified_gmt":"2022-04-01T12:09:44","slug":"campingplatz-palavas-die-flots","status":"publish","type":"page","link":"https:\/\/www.campingbonport.com\/de\/campingplatz-herault\/campingplatz-palavas-die-flots\/","title":{"rendered":"Campingplatz Palavas die Flots"},"content":{"rendered":"<section id=\"section-61b20eccc6d4c\" class=\"section bg-white p-b-0\" ><div class=\"container extralarge\"><h1 class=\"element section-title center\">Campingplatz Palavas die Flots<\/h1><div class=\"element bloc-text center \">\n\t<p>Lust auf einen Aufenthalt <strong class=\"color1\">campingplatz in Palavas<\/strong> um die Str\u00e4nde und Sehensw\u00fcrdigkeiten am Mittelmeer zu genie\u00dfen? Dies wird auch m\u00f6glich sein, wenn Sie Ihren Urlaub in campingplatz in H\u00e9rault&nbsp;unter Bon Port****. In der N\u00e4he von <a href=\"https:\/\/www.ot-palavaslesflots.com\/de\/homepage-de\/\" target=\"_blank\" rel=\"noopener\">Palavas die Flots<\/a>, die Situation unseres <a href=\"\/de\/\">campingplatz in Camargue<\/a> erm\u00f6glicht es Ihnen, nach Belieben zu allen Orten in der Region Languedoc Roussillon zu strahlen, die Sie interessieren.<\/p>\n<\/div><\/div><\/section>\n\n<section id=\"section-61b20eccc6e82\" class=\"section home-fifth bg-white p-t-0\" ><div class=\"container extralarge\"><div class=\"colonnes-wrap valign-middle first-row\"><div class=\"element colonne \"><div class=\"element images\"><div class=\"image\"><img decoding=\"async\" src=\"https:\/\/www.campingbonport.com\/wp-content\/uploads\/2022\/03\/mobil-home-saintes-marie-de-la-mer.jpg\" alt=\"https:\/\/www.campingbonport.com\/wp-content\/uploads\/2022\/03\/mobil-home-saintes-marie-de-la-mer-100x94.jpg\" class=\"mobil-home Palavas les Flots\" images_image\/><\/div><\/div><\/div><div class=\"element colonne p-5\"><h2 class=\"element section-title justify\">Standort Mobilheim in der N\u00e4he von Palavas die Flots<\/h2><div class=\"element bloc-text justify \">\n\t<p>Sie suchen einen <strong class=\"color1\">campingplatz in der N\u00e4he von Palavas die Flots<\/strong> oder m\u00f6chten Sie <strong class=\"color1\">ein Mobilheim mieten in Palavas die Flots<\/strong> oder in der Umgebung? Die Chancen stehen gut, dass Sie auf dem Campingplatz Bon Port****, der 30 km von Palavas entfernt Mobilheime vermietet, das richtige Mobilheim f\u00fcr Ihre Bed\u00fcrfnisse finden.<\/p>\n<p>Es gibt 10 verschiedene Modelle, die Platz f\u00fcr 4 bis 8 Personen bieten. Sie wurden entwickelt, um den Erwartungen der heutigen Camper gerecht zu werden, sind neu und funktional. Sie w\u00e4hlen Ihren Camper je nach Gr\u00f6\u00dfe und Zusammensetzung Ihrer Familie oder Gruppe aus. Alle verf\u00fcgen \u00fcber eine Terrasse und sind gut ausgestattet. Z\u00f6gern Sie nicht, sie im Detail zu entdecken und, warum nicht, Ihren Stellplatz zu reservieren! Entdecken Sie auch unsere Stellpl\u00e4tze f\u00fcr Zelte, Wohnwagen und Wohnmobile!<\/p>\n<\/div><\/div><\/div><div class=\"element bloc-text\">\n\t<script>\r\n    window.ctoutvert = {\r\n\t\tid: 2791, \r\n\t\tlang: 'auto', \r\n\t\turl: 'https:\/\/bookingpremium.secureholiday.net\/widgets\/'\r\n    };\r\n    (function (w, d, s, ctv, r, js, fjs) {\r\n        r=new XMLHttpRequest();r.open('GET',w[ctv].url+'js\/src.json');\r\n        r.responseType='json';r.json=true;r.send();\r\n        r.onload=function(){w[ctv].src=r.responseType=='json'?r.response:JSON.parse(r.response);\r\n        js.src=w[ctv].src[0];fjs.parentNode.insertBefore(js, fjs);}\r\n        js=d.createElement(s),fjs=d.getElementsByTagName(s)[0];\r\n        js.id='ctvwidget';js.async=1;\r\n    }(window, document, 'script', 'ctoutvert'));\r\n<\/script>\r\n<ctv-product-list ><\/ctv-product-list><\/div><\/div><\/section>\n\n<section id=\"section-61b2128adf580\" class=\"section bg-white p-t-0 p-b-0\" ><div class=\"container full\"><div class=\"element images\"><div class=\"image\"><img decoding=\"async\" src=\"https:\/\/www.campingbonport.com\/wp-content\/uploads\/2022\/01\/camping-location-mobil-home-camargue-1.jpg\" alt=\"https:\/\/www.campingbonport.com\/wp-content\/uploads\/2022\/01\/camping-location-mobil-home-camargue-1-100x71.jpg\" class=\"louer un mobil-home Palavas les Flots\" images_image\/><\/div><div class=\"image\"><img decoding=\"async\" src=\"https:\/\/www.campingbonport.com\/wp-content\/uploads\/2022\/01\/camping-mobil-home-lunel-4.jpg\" alt=\"https:\/\/www.campingbonport.com\/wp-content\/uploads\/2022\/01\/camping-mobil-home-lunel-4-100x71.jpg\" class=\"camping \u00e0 Palavas les Flots\" images_image\/><\/div><div class=\"image\"><img decoding=\"async\" src=\"https:\/\/www.campingbonport.com\/wp-content\/uploads\/2022\/01\/camping-mobil-home-sud.jpg\" alt=\"https:\/\/www.campingbonport.com\/wp-content\/uploads\/2022\/01\/camping-mobil-home-sud-100x71.jpg\" class=\"location mobil-home Palavas les Flots\" images_image\/><\/div><\/div><\/div><\/section>\n\n<section id=\"section-61b20eccc70b6\" class=\"section neufFrame bg-color4 p-t-0 p-b-0\" ><div class=\"container full\"><div class=\"colonnes-wrap valign-middle \"><div class=\"element colonne p-x-10 p-y-6\"><h2 class=\"element section-title justify\">Tourismus und Sehensw\u00fcrdigkeiten in Palavas die Flots<\/h2><div class=\"element bloc-text justify \">\n\t<p>Ein Aufenthalt en&nbsp;<strong class=\"color1\">campingplatz in der N\u00e4he von Palavas Les Flots<\/strong>, ist in erster Linie die Atmosph\u00e4re eines Fischerdorfes mit Traditionen in S\u00fcdfrankreich. Der Badeort am Mittelmeer, der lange Zeit als K\u00f6nigin der Str\u00e4nde bezeichnet wurde, ist einen Besuch wert.<\/p>\n<p>Seinen frischen Fisch am Morgen zu kaufen, sobald die Fischer von den belebten Kais zur\u00fcckkehren, ist ein Vergn\u00fcgen.<\/p>\n<p>Palavas wird mit Baden in Verbindung gebracht, und das zu Recht. Diese weiten, sonnigen Str\u00e4nde gleiten sanft ins Meer und man taucht sicher unter der blauen Flagge. Auf dem Sand des Ortes, in dem das Beachvolleyball geboren wurde, werden immer noch jede Menge Ballspiele gespielt. Und auch zahlreiche Wassersportarten werden vor allem in der Hochsaison ausge\u00fcbt.<\/p>\n<\/div><\/div><div class=\"element colonne p-0\"><div class=\"element bloc-text\">\n\t<iframe src=\"https:\/\/www.google.com\/maps\/embed?pb=!1m28!1m12!1m3!1d132674.03038155008!2d3.9680466014864915!3d43.59241706211069!2m3!1f0!2f0!3f0!3m2!1i1024!2i768!4f13.1!4m13!3e0!4m5!1s0x12b69ea2ce72dfad%3A0xc8b6560e21bf3c97!2sCamping%20Bon%20Port%20-%20Petite%20Camargue%2C%20Chemin%20du%20Mas%20de%20Saint-Ange%2C%20Lunel!3m2!1d43.656118!2d4.1420842!4m5!1s0x12b6baf4a5683725%3A0xb90ed85ee9f1935a!2sPalavas-les-Flots!3m2!1d43.528906!2d3.933493!5e0!3m2!1sfr!2sfr!4v1643704869161!5m2!1sfr!2sfr\" style=\"border:0;\" allowfullscreen=\"\" loading=\"lazy\"><\/iframe><\/div><\/div><\/div><div class=\"colonnes-wrap valign-middle \"><div class=\"element colonne p-0\"><div class=\"element bloc-text\">\n\t<iframe title=\"YouTube video player\" src=\"https:\/\/www.youtube.com\/embed\/YPehjWI6Mmo\" width=\"100\" frameborder=\"0\" allowfullscreen=\"allowfullscreen\"><\/iframe><\/div><\/div><div class=\"element colonne p-x-10 p-y-6\"><div class=\"element bloc-text justify \">\n\t<p>Palavas ist auf der Strandseite gut bekannt, aber auch auf der Lagunenseite lohnt es sich, entdeckt zu werden. Dieses riesige Feuchtgebiet beherbergt zahlreiche gesch\u00fctzte Pflanzen- und Tierarten; ein reiches und empfindliches Erbe, eine diskrete nat\u00fcrliche Umgebung, die sich nur denjenigen offenbart, die sich ihr n\u00e4hern, weshalb sie als Natura 2000 eingestuft wurde.<\/p>\n<p>Auch Nachtschw\u00e4rmer sch\u00e4tzen den Ort. Traditionelle Feste, Freiluftkonzerte in der Guinguette, Feuerwerke, Karussells im Luna Park, Freiluftkino im Parc du Levant &#8211; es ist f\u00fcr jeden Geschmack etwas dabei. Sogar der Phare de la M\u00e9diterran\u00e9e organisiert Themenabende, die Sie mit Familie oder Freunden erleben k\u00f6nnen und die Sie w\u00e4hrend Ihres Aufenthalts genie\u00dfen werden. en&nbsp;<strong class=\"color1\">campingplatz Palavas<\/strong>. Auf den Fahrradwegen k\u00f6nnen Sie die Stadt auf angenehme Weise erkunden.<\/p>\n<\/div><\/div><\/div><\/div><\/section>\n\n<section id=\"section-61b20eccc71c8\" class=\"section p-b-25 bg-white p-t-0\" ><div class=\"container extralarge\"><h2 class=\"element section-title justify m-y-5\">Entdecken Sie die St\u00e4dte in der Umgebung von Palavas les Flots<\/h2><ul class=\"liste-de-page\"><li class=\"element call-to-action carre call-to-action--style-1 call-to-action--big\"><a href=\"https:\/\/www.campingbonport.com\/de\/campingplatz-herault\/campingplatz-carnon\/\"  class=\"call-to-action_link\" title=\"Mehr \u00fcber carnon\"><div class=\"call-to-action_image\"><img decoding=\"async\" src=\"https:\/\/www.campingbonport.com\/wp-content\/uploads\/2022\/01\/camping-carnon.jpg\" alt=\"https:\/\/www.campingbonport.com\/wp-content\/uploads\/2022\/01\/camping-carnon-100x37.jpg\" class=\"camping carnon\" big\/><\/div><div class=\"call-to-action_contenu\"><div class=\"call-to-action_titre\">Carnon<\/div><\/div><\/a><\/li><li class=\"element call-to-action carre call-to-action--style-1 call-to-action--big call-to-action--style-1 call-to-action--big\"><a href=\"https:\/\/www.campingbonport.com\/de\/campingplatz-herault\/campingplatz-teich-von-thau\/\"  class=\"call-to-action_link\" title=\"Mehr \u00fcber teich von thau\"><div class=\"call-to-action_image\"><img decoding=\"async\" src=\"https:\/\/www.campingbonport.com\/wp-content\/uploads\/2022\/01\/camping-etang-de-thau.jpg\" alt=\"https:\/\/www.campingbonport.com\/wp-content\/uploads\/2022\/01\/camping-etang-de-thau-100x37.jpg\" class=\"camping etang de thau\" big\/><\/div><div class=\"call-to-action_contenu\"><div class=\"call-to-action_titre\">Teich von Thau<\/div><\/div><\/a><\/li><li class=\"element call-to-action carre call-to-action--style-1 call-to-action--big call-to-action--style-1 call-to-action--big call-to-action--style-1 call-to-action--big\"><a href=\"https:\/\/www.campingbonport.com\/de\/campingplatz-herault\/campingplatz-beziers\/\"  class=\"call-to-action_link\" title=\"Mehr \u00fcber b\u00e9ziers\"><div class=\"call-to-action_image\"><img decoding=\"async\" src=\"https:\/\/www.campingbonport.com\/wp-content\/uploads\/2022\/01\/camping-beziers.jpg\" alt=\"https:\/\/www.campingbonport.com\/wp-content\/uploads\/2022\/01\/camping-beziers-100x37.jpg\" class=\"camping beziers\" big\/><\/div><div class=\"call-to-action_contenu\"><div class=\"call-to-action_titre\">B\u00e9ziers<\/div><\/div><\/a><\/li><\/ul><\/div><\/section>","protected":false},"excerpt":{"rendered":"","protected":false},"author":1,"featured_media":3369,"parent":6686,"menu_order":0,"comment_status":"closed","ping_status":"closed","template":"","meta":{"_acf_changed":false,"footnotes":""},"class_list":["post-4742","page","type-page","status-publish","has-post-thumbnail","hentry"],"acf":[],"yoast_head":"<!-- This site is optimized with the Yoast SEO plugin v25.3.1 - https:\/\/yoast.com\/wordpress\/plugins\/seo\/ -->\n<title>Campingplatz Palavas die Flots - Standort mobiles Zuhause Palavas - \u1403 BON PORT ****<\/title>\n<meta name=\"description\" content=\"Sind Sie auf der Suche nach einem Campingplatz in Palavas die Flots? W\u00e4hlen Sie Ihre Mobilheimmiete auf dem Campingplatz Bon Port **** und nutzen Sie die Gelegenheit, die Stadt Palavas zu besichtigen!\" \/>\n<meta name=\"robots\" content=\"index, follow, max-snippet:-1, max-image-preview:large, max-video-preview:-1\" \/>\n<link rel=\"canonical\" href=\"https:\/\/www.campingbonport.com\/de\/campingplatz-herault\/campingplatz-palavas-die-flots\/\" \/>\n<meta property=\"og:locale\" content=\"de_DE\" \/>\n<meta property=\"og:type\" content=\"article\" \/>\n<meta property=\"og:title\" content=\"Campingplatz Palavas die Flots - Standort mobiles Zuhause Palavas - \u1403 BON PORT ****\" \/>\n<meta property=\"og:description\" content=\"Sind Sie auf der Suche nach einem Campingplatz in Palavas die Flots? W\u00e4hlen Sie Ihre Mobilheimmiete auf dem Campingplatz Bon Port **** und nutzen Sie die Gelegenheit, die Stadt Palavas zu besichtigen!\" \/>\n<meta property=\"og:url\" content=\"https:\/\/www.campingbonport.com\/de\/campingplatz-herault\/campingplatz-palavas-die-flots\/\" \/>\n<meta property=\"og:site_name\" content=\"Camping Bon Port\" \/>\n<meta property=\"article:modified_time\" content=\"2022-04-01T12:09:44+00:00\" \/>\n<meta property=\"og:image\" content=\"https:\/\/www.campingbonport.com\/wp-content\/uploads\/2022\/01\/camping-palavas-les-flots.jpg\" \/>\n\t<meta property=\"og:image:width\" content=\"1900\" \/>\n\t<meta property=\"og:image:height\" content=\"700\" \/>\n\t<meta property=\"og:image:type\" content=\"image\/jpeg\" \/>\n<meta name=\"twitter:card\" content=\"summary_large_image\" \/>\n<script type=\"application\/ld+json\" class=\"yoast-schema-graph\">{\"@context\":\"https:\/\/schema.org\",\"@graph\":[{\"@type\":\"WebPage\",\"@id\":\"https:\/\/www.campingbonport.com\/de\/campingplatz-herault\/campingplatz-palavas-die-flots\/\",\"url\":\"https:\/\/www.campingbonport.com\/de\/campingplatz-herault\/campingplatz-palavas-die-flots\/\",\"name\":\"Campingplatz Palavas die Flots - Standort mobiles Zuhause Palavas - \u1403 BON PORT ****\",\"isPartOf\":{\"@id\":\"https:\/\/www.campingbonport.com\/de\/#website\"},\"primaryImageOfPage\":{\"@id\":\"https:\/\/www.campingbonport.com\/de\/campingplatz-herault\/campingplatz-palavas-die-flots\/#primaryimage\"},\"image\":{\"@id\":\"https:\/\/www.campingbonport.com\/de\/campingplatz-herault\/campingplatz-palavas-die-flots\/#primaryimage\"},\"thumbnailUrl\":\"https:\/\/www.campingbonport.com\/wp-content\/uploads\/2022\/01\/camping-palavas-les-flots.jpg\",\"datePublished\":\"2022-01-19T13:41:30+00:00\",\"dateModified\":\"2022-04-01T12:09:44+00:00\",\"description\":\"Sind Sie auf der Suche nach einem Campingplatz in Palavas die Flots? W\u00e4hlen Sie Ihre Mobilheimmiete auf dem Campingplatz Bon Port **** und nutzen Sie die Gelegenheit, die Stadt Palavas zu besichtigen!\",\"breadcrumb\":{\"@id\":\"https:\/\/www.campingbonport.com\/de\/campingplatz-herault\/campingplatz-palavas-die-flots\/#breadcrumb\"},\"inLanguage\":\"de\",\"potentialAction\":[{\"@type\":\"ReadAction\",\"target\":[\"https:\/\/www.campingbonport.com\/de\/campingplatz-herault\/campingplatz-palavas-die-flots\/\"]}]},{\"@type\":\"ImageObject\",\"inLanguage\":\"de\",\"@id\":\"https:\/\/www.campingbonport.com\/de\/campingplatz-herault\/campingplatz-palavas-die-flots\/#primaryimage\",\"url\":\"https:\/\/www.campingbonport.com\/wp-content\/uploads\/2022\/01\/camping-palavas-les-flots.jpg\",\"contentUrl\":\"https:\/\/www.campingbonport.com\/wp-content\/uploads\/2022\/01\/camping-palavas-les-flots.jpg\",\"width\":1900,\"height\":700,\"caption\":\"camping palavas les flots\"},{\"@type\":\"BreadcrumbList\",\"@id\":\"https:\/\/www.campingbonport.com\/de\/campingplatz-herault\/campingplatz-palavas-die-flots\/#breadcrumb\",\"itemListElement\":[{\"@type\":\"ListItem\",\"position\":1,\"name\":\"Camping Camargue\",\"item\":\"https:\/\/www.campingbonport.com\/de\/\"},{\"@type\":\"ListItem\",\"position\":2,\"name\":\"Campen im H\u00e9rault\",\"item\":\"https:\/\/www.campingbonport.com\/de\/campingplatz-herault\/\"},{\"@type\":\"ListItem\",\"position\":3,\"name\":\"Campingplatz Palavas die Flots\"}]},{\"@type\":\"WebSite\",\"@id\":\"https:\/\/www.campingbonport.com\/de\/#website\",\"url\":\"https:\/\/www.campingbonport.com\/de\/\",\"name\":\"Camping Bon Port\",\"description\":\"\",\"publisher\":{\"@id\":\"https:\/\/www.campingbonport.com\/de\/#organization\"},\"potentialAction\":[{\"@type\":\"SearchAction\",\"target\":{\"@type\":\"EntryPoint\",\"urlTemplate\":\"https:\/\/www.campingbonport.com\/de\/?s={search_term_string}\"},\"query-input\":{\"@type\":\"PropertyValueSpecification\",\"valueRequired\":true,\"valueName\":\"search_term_string\"}}],\"inLanguage\":\"de\"},{\"@type\":\"Organization\",\"@id\":\"https:\/\/www.campingbonport.com\/de\/#organization\",\"name\":\"Camping Bon Port\",\"url\":\"https:\/\/www.campingbonport.com\/de\/\",\"logo\":{\"@type\":\"ImageObject\",\"inLanguage\":\"de\",\"@id\":\"https:\/\/www.campingbonport.com\/de\/#\/schema\/logo\/image\/\",\"url\":\"https:\/\/www.campingbonport.com\/wp-content\/uploads\/2021\/11\/logo-bon-port.jpg\",\"contentUrl\":\"https:\/\/www.campingbonport.com\/wp-content\/uploads\/2021\/11\/logo-bon-port.jpg\",\"width\":736,\"height\":917,\"caption\":\"Camping Bon Port\"},\"image\":{\"@id\":\"https:\/\/www.campingbonport.com\/de\/#\/schema\/logo\/image\/\"}}]}<\/script>\n<!-- \/ Yoast SEO plugin. -->","yoast_head_json":{"title":"Campingplatz Palavas die Flots - Standort mobiles Zuhause Palavas - \u1403 BON PORT ****","description":"Sind Sie auf der Suche nach einem Campingplatz in Palavas die Flots? W\u00e4hlen Sie Ihre Mobilheimmiete auf dem Campingplatz Bon Port **** und nutzen Sie die Gelegenheit, die Stadt Palavas zu besichtigen!","robots":{"index":"index","follow":"follow","max-snippet":"max-snippet:-1","max-image-preview":"max-image-preview:large","max-video-preview":"max-video-preview:-1"},"canonical":"https:\/\/www.campingbonport.com\/de\/campingplatz-herault\/campingplatz-palavas-die-flots\/","og_locale":"de_DE","og_type":"article","og_title":"Campingplatz Palavas die Flots - Standort mobiles Zuhause Palavas - \u1403 BON PORT ****","og_description":"Sind Sie auf der Suche nach einem Campingplatz in Palavas die Flots? W\u00e4hlen Sie Ihre Mobilheimmiete auf dem Campingplatz Bon Port **** und nutzen Sie die Gelegenheit, die Stadt Palavas zu besichtigen!","og_url":"https:\/\/www.campingbonport.com\/de\/campingplatz-herault\/campingplatz-palavas-die-flots\/","og_site_name":"Camping Bon Port","article_modified_time":"2022-04-01T12:09:44+00:00","og_image":[{"width":1900,"height":700,"url":"https:\/\/www.campingbonport.com\/wp-content\/uploads\/2022\/01\/camping-palavas-les-flots.jpg","type":"image\/jpeg"}],"twitter_card":"summary_large_image","schema":{"@context":"https:\/\/schema.org","@graph":[{"@type":"WebPage","@id":"https:\/\/www.campingbonport.com\/de\/campingplatz-herault\/campingplatz-palavas-die-flots\/","url":"https:\/\/www.campingbonport.com\/de\/campingplatz-herault\/campingplatz-palavas-die-flots\/","name":"Campingplatz Palavas die Flots - Standort mobiles Zuhause Palavas - \u1403 BON PORT ****","isPartOf":{"@id":"https:\/\/www.campingbonport.com\/de\/#website"},"primaryImageOfPage":{"@id":"https:\/\/www.campingbonport.com\/de\/campingplatz-herault\/campingplatz-palavas-die-flots\/#primaryimage"},"image":{"@id":"https:\/\/www.campingbonport.com\/de\/campingplatz-herault\/campingplatz-palavas-die-flots\/#primaryimage"},"thumbnailUrl":"https:\/\/www.campingbonport.com\/wp-content\/uploads\/2022\/01\/camping-palavas-les-flots.jpg","datePublished":"2022-01-19T13:41:30+00:00","dateModified":"2022-04-01T12:09:44+00:00","description":"Sind Sie auf der Suche nach einem Campingplatz in Palavas die Flots? W\u00e4hlen Sie Ihre Mobilheimmiete auf dem Campingplatz Bon Port **** und nutzen Sie die Gelegenheit, die Stadt Palavas zu besichtigen!","breadcrumb":{"@id":"https:\/\/www.campingbonport.com\/de\/campingplatz-herault\/campingplatz-palavas-die-flots\/#breadcrumb"},"inLanguage":"de","potentialAction":[{"@type":"ReadAction","target":["https:\/\/www.campingbonport.com\/de\/campingplatz-herault\/campingplatz-palavas-die-flots\/"]}]},{"@type":"ImageObject","inLanguage":"de","@id":"https:\/\/www.campingbonport.com\/de\/campingplatz-herault\/campingplatz-palavas-die-flots\/#primaryimage","url":"https:\/\/www.campingbonport.com\/wp-content\/uploads\/2022\/01\/camping-palavas-les-flots.jpg","contentUrl":"https:\/\/www.campingbonport.com\/wp-content\/uploads\/2022\/01\/camping-palavas-les-flots.jpg","width":1900,"height":700,"caption":"camping palavas les flots"},{"@type":"BreadcrumbList","@id":"https:\/\/www.campingbonport.com\/de\/campingplatz-herault\/campingplatz-palavas-die-flots\/#breadcrumb","itemListElement":[{"@type":"ListItem","position":1,"name":"Camping Camargue","item":"https:\/\/www.campingbonport.com\/de\/"},{"@type":"ListItem","position":2,"name":"Campen im H\u00e9rault","item":"https:\/\/www.campingbonport.com\/de\/campingplatz-herault\/"},{"@type":"ListItem","position":3,"name":"Campingplatz Palavas die Flots"}]},{"@type":"WebSite","@id":"https:\/\/www.campingbonport.com\/de\/#website","url":"https:\/\/www.campingbonport.com\/de\/","name":"Camping Bon Port","description":"","publisher":{"@id":"https:\/\/www.campingbonport.com\/de\/#organization"},"potentialAction":[{"@type":"SearchAction","target":{"@type":"EntryPoint","urlTemplate":"https:\/\/www.campingbonport.com\/de\/?s={search_term_string}"},"query-input":{"@type":"PropertyValueSpecification","valueRequired":true,"valueName":"search_term_string"}}],"inLanguage":"de"},{"@type":"Organization","@id":"https:\/\/www.campingbonport.com\/de\/#organization","name":"Camping Bon Port","url":"https:\/\/www.campingbonport.com\/de\/","logo":{"@type":"ImageObject","inLanguage":"de","@id":"https:\/\/www.campingbonport.com\/de\/#\/schema\/logo\/image\/","url":"https:\/\/www.campingbonport.com\/wp-content\/uploads\/2021\/11\/logo-bon-port.jpg","contentUrl":"https:\/\/www.campingbonport.com\/wp-content\/uploads\/2021\/11\/logo-bon-port.jpg","width":736,"height":917,"caption":"Camping Bon Port"},"image":{"@id":"https:\/\/www.campingbonport.com\/de\/#\/schema\/logo\/image\/"}}]}},"_links":{"self":[{"href":"https:\/\/www.campingbonport.com\/de\/wp-json\/wp\/v2\/pages\/4742","targetHints":{"allow":["GET"]}}],"collection":[{"href":"https:\/\/www.campingbonport.com\/de\/wp-json\/wp\/v2\/pages"}],"about":[{"href":"https:\/\/www.campingbonport.com\/de\/wp-json\/wp\/v2\/types\/page"}],"author":[{"embeddable":true,"href":"https:\/\/www.campingbonport.com\/de\/wp-json\/wp\/v2\/users\/1"}],"replies":[{"embeddable":true,"href":"https:\/\/www.campingbonport.com\/de\/wp-json\/wp\/v2\/comments?post=4742"}],"version-history":[{"count":20,"href":"https:\/\/www.campingbonport.com\/de\/wp-json\/wp\/v2\/pages\/4742\/revisions"}],"predecessor-version":[{"id":6874,"href":"https:\/\/www.campingbonport.com\/de\/wp-json\/wp\/v2\/pages\/4742\/revisions\/6874"}],"up":[{"embeddable":true,"href":"https:\/\/www.campingbonport.com\/de\/wp-json\/wp\/v2\/pages\/6686"}],"wp:featuredmedia":[{"embeddable":true,"href":"https:\/\/www.campingbonport.com\/de\/wp-json\/wp\/v2\/media\/3369"}],"wp:attachment":[{"href":"https:\/\/www.campingbonport.com\/de\/wp-json\/wp\/v2\/media?parent=4742"}],"curies":[{"name":"wp","href":"https:\/\/api.w.org\/{rel}","templated":true}]}}