{"id":4695,"date":"2022-01-19T14:43:04","date_gmt":"2022-01-19T13:43:04","guid":{"rendered":"https:\/\/www.campingbonport.com\/unkategorisiert\/camping-etang-de-thau\/"},"modified":"2022-04-01T14:11:17","modified_gmt":"2022-04-01T12:11:17","slug":"campingplatz-teich-von-thau","status":"publish","type":"page","link":"https:\/\/www.campingbonport.com\/de\/campingplatz-herault\/campingplatz-teich-von-thau\/","title":{"rendered":"Campingplatz Teich von Thau"},"content":{"rendered":"<section id=\"section-61b20eccc6d4c\" class=\"section bg-white p-b-0\" ><div class=\"container extralarge\"><h1 class=\"element section-title center\">Campingplatz Teich von Thau<\/h1><div class=\"element bloc-text center \">\n\t<p>Auf der Suche nach einem <strong class=\"color1\">camping in der N\u00e4he des \u00c9tang de Thau<\/strong> f\u00fcr Ihren Familienurlaub im Departement H\u00e9rault? Genie\u00dfen Sie Ihren Aufenthalt camping in H\u00e9rault&nbsp;in Le Bon Port, um zum Teich von Thau.<br \/>\nWassersport, Baden oder Faulenzen unter der Mittelmeersonne &#8211; Sie haben die Wahl unter den zahlreichen Aktivit\u00e4ten, die in dieser au\u00dfergew\u00f6hnlichen nat\u00fcrlichen Umgebung des Departements H\u00e9rault in der N\u00e4he Ihres <a href=\"\/de\/\">camping in der kleinen Camargue<\/a> !<\/p>\n<\/div><\/div><\/section>\n\n<section id=\"section-61b20eccc6e82\" class=\"section home-fifth bg-white p-t-0\" ><div class=\"container extralarge\"><div class=\"colonnes-wrap valign-middle first-row\"><div class=\"element colonne \"><div class=\"element images\"><div class=\"image\"><img decoding=\"async\" src=\"https:\/\/www.campingbonport.com\/wp-content\/uploads\/2022\/03\/etang-de-thau-camping.jpg\" alt=\"https:\/\/www.campingbonport.com\/wp-content\/uploads\/2022\/03\/etang-de-thau-camping-100x87.jpg\" class=\"mobil-home Etang de Thau\" images_image\/><\/div><\/div><\/div><div class=\"element colonne p-5\"><div class=\"element bloc-text justify \">\n\t<p>Wenn Sie etwas weiter weg fahren, k\u00f6nnen Sie w\u00e4hrend Ihres Urlaubs einen Tag in Bouzigues, M\u00e8ze, S\u00e8te oder Agde verbringen <strong class=\"color1\">camping am Thau-Becken<\/strong>.<\/p>\n<p>Nutzen Sie Ihre Pause in Bouzigues, um eine Spezialit\u00e4t zu probieren, f\u00fcr die Bouzigues ber\u00fchmt ist: die Auster von Bouzigues, die von lokalen Weinen wie dem ber\u00fchmten Picpoul begleitet wird.<\/p>\n<p>Das nahe gelegene M\u00e8ze mit seinem direkten Zugang zum \u00c9tang de Thau ist ebenfalls ein beliebter Zwischenstopp f\u00fcr Segler, die Ruhe, Traditionen und Lebenskunst suchen.<br \/>\nAuch das von Georges Brassens bekannte S\u00e8te beherbergt zahlreiche Orte und Denkm\u00e4ler, die es im Urlaub zu entdecken gilt. <strong class=\"color1\">zelten am \u00c9tang de Thau<\/strong>. Besteigen Sie den Mont Saint Clair, um auf dem Gipfel eine atemberaubende Landschaft mit Blick auf die Pyren\u00e4en zu genie\u00dfen, spazieren Sie entlang der verschiedenen Kan\u00e4le, die die Stadt durchziehen, entdecken Sie den ber\u00fchmten Fischerhafen und genie\u00dfen Sie die Sonne an den 12 km langen Str\u00e4nden entlang des Mittelmeers.<\/p>\n<\/div><\/div><\/div><\/div><\/section>\n\n<section id=\"section-61b2128adf580\" class=\"section bg-white p-t-0 p-b-0\" ><div class=\"container full\"><div class=\"element images\"><div class=\"image\"><img decoding=\"async\" src=\"https:\/\/www.campingbonport.com\/wp-content\/uploads\/2022\/01\/camping-camargue-5.jpg\" alt=\"https:\/\/www.campingbonport.com\/wp-content\/uploads\/2022\/01\/camping-camargue-5-100x71.jpg\" class=\"louer un mobil-home Etang de thau\" images_image\/><\/div><div class=\"image\"><img decoding=\"async\" src=\"https:\/\/www.campingbonport.com\/wp-content\/uploads\/2022\/01\/camping-piscine-camargue.jpg\" alt=\"https:\/\/www.campingbonport.com\/wp-content\/uploads\/2022\/01\/camping-piscine-camargue-100x68.jpg\" class=\"camping \u00e0 l'Etang de thau\" images_image\/><\/div><div class=\"image\"><img decoding=\"async\" src=\"https:\/\/www.campingbonport.com\/wp-content\/uploads\/2022\/01\/camping-location-lunel-5.jpg\" alt=\"https:\/\/www.campingbonport.com\/wp-content\/uploads\/2022\/01\/camping-location-lunel-5-100x71.jpg\" class=\"location mobil-home Etang de thau\" images_image\/><\/div><\/div><\/div><\/section>\n\n<section id=\"section-61b20eccc70b6\" class=\"section neufFrame bg-color4 p-t-0 p-b-0\" ><div class=\"container full\"><div class=\"colonnes-wrap valign-middle \"><div class=\"element colonne p-x-10 p-y-6\"><div class=\"element bloc-text justify \">\n\t<p>Schlie\u00dflich, an der Spitze der<strong class=\"color1\"> Teich von Thau<\/strong>, Agde ist eine geschichtstr\u00e4chtige Stadt, die es in den Einkaufsgassen und auf schattigen Spazierg\u00e4ngen zu entdecken gilt!<\/p>\n<p>Genie\u00dfen Sie abenteuerliche und entdeckungsreiche Ausfl\u00fcge in die Region Languedoc Roussillon, bevor Sie in Ihr komfortables Mobilheim in Lunel oder Ihren Stellplatz in Le Bon Port zur\u00fcckkehren! <\/p>\n<p>Unser Familiencampingplatz bietet Ihnen vor Ort einen Kinderspielplatz und ein gro\u00dfes Schwimmbad mit Rutschen, die ideal f\u00fcr Ihren Familienurlaub mit den F\u00fc\u00dfen im Wasser in S\u00fcdfrankreich sind.<\/p>\n<\/div><\/div><div class=\"element colonne p-0\"><div class=\"element bloc-text\">\n\t<iframe src=\"https:\/\/www.google.com\/maps\/embed?pb=!1m28!1m12!1m3!1d185098.71856874353!2d3.743393480890151!3d43.54055068748771!2m3!1f0!2f0!3f0!3m2!1i1024!2i768!4f13.1!4m13!3e0!4m5!1s0x12b69ea2ce72dfad%3A0xc8b6560e21bf3c97!2sCamping%20Bon%20Port%20-%20Petite%20Camargue%2C%20Chemin%20du%20Mas%20de%20Saint-Ange%2C%20Lunel!3m2!1d43.656118!2d4.1420842!4m5!1s0x12b137ab9d177e49%3A0x6b23f5c8a087ebc0!2s%C3%89tang%20de%20Thau!3m2!1d43.3979814!2d3.6116493999999997!5e0!3m2!1sfr!2sfr!4v1643704777859!5m2!1sfr!2sfr\"  style=\"border:0;\" allowfullscreen=\"\" loading=\"lazy\"><\/iframe><\/div><\/div><\/div><\/div><\/section>\n\n<section id=\"section-61b20eccc71c8\" class=\"section p-b-25 bg-white p-t-0\" ><div class=\"container extralarge\"><h2 class=\"element section-title justify m-y-5\">Entdecken Sie die St\u00e4dte in der Umgebung des \u00c9tang de Thau<\/h2><ul class=\"liste-de-page\"><li class=\"element call-to-action carre call-to-action--style-1 call-to-action--big\"><a href=\"https:\/\/www.campingbonport.com\/de\/campingplatz-herault\/campingplatz-carnon\/\"  class=\"call-to-action_link\" title=\"Mehr \u00fcber carnon\"><div class=\"call-to-action_image\"><img decoding=\"async\" src=\"https:\/\/www.campingbonport.com\/wp-content\/uploads\/2022\/01\/camping-carnon.jpg\" alt=\"https:\/\/www.campingbonport.com\/wp-content\/uploads\/2022\/01\/camping-carnon-100x37.jpg\" class=\"camping carnon\" big\/><\/div><div class=\"call-to-action_contenu\"><div class=\"call-to-action_titre\">Carnon<\/div><\/div><\/a><\/li><li class=\"element call-to-action carre call-to-action--style-1 call-to-action--big call-to-action--style-1 call-to-action--big\"><a href=\"https:\/\/www.campingbonport.com\/de\/campingplatz-herault\/campingplatz-beziers\/\"  class=\"call-to-action_link\" title=\"Mehr \u00fcber b\u00e9ziers\"><div class=\"call-to-action_image\"><img decoding=\"async\" src=\"https:\/\/www.campingbonport.com\/wp-content\/uploads\/2022\/01\/camping-beziers.jpg\" alt=\"https:\/\/www.campingbonport.com\/wp-content\/uploads\/2022\/01\/camping-beziers-100x37.jpg\" class=\"camping beziers\" big\/><\/div><div class=\"call-to-action_contenu\"><div class=\"call-to-action_titre\">B\u00e9ziers<\/div><\/div><\/a><\/li><li class=\"element call-to-action carre call-to-action--style-1 call-to-action--big call-to-action--style-1 call-to-action--big call-to-action--style-1 call-to-action--big\"><a href=\"https:\/\/www.campingbonport.com\/de\/campingplatz-herault\/campingplatz-die-grande-motte\/\"  class=\"call-to-action_link\" title=\"Mehr \u00fcber die grande motte\"><div class=\"call-to-action_image\"><img decoding=\"async\" src=\"https:\/\/www.campingbonport.com\/wp-content\/uploads\/2022\/01\/camping-la-grande-motte.jpg\" alt=\"https:\/\/www.campingbonport.com\/wp-content\/uploads\/2022\/01\/camping-la-grande-motte-100x37.jpg\" class=\"camping la grande motte\" big\/><\/div><div class=\"call-to-action_contenu\"><div class=\"call-to-action_titre\">Die Grande Motte<\/div><\/div><\/a><\/li><\/ul><\/div><\/section>","protected":false},"excerpt":{"rendered":"","protected":false},"author":1,"featured_media":3306,"parent":6686,"menu_order":0,"comment_status":"closed","ping_status":"closed","template":"","meta":{"_acf_changed":false,"footnotes":""},"class_list":["post-4695","page","type-page","status-publish","has-post-thumbnail","hentry"],"acf":[],"yoast_head":"<!-- This site is optimized with the Yoast SEO plugin v25.3.1 - https:\/\/yoast.com\/wordpress\/plugins\/seo\/ -->\n<title>Campingplatz Teich von Thau - Standort mobiles Zuhause Teich von Thau - \u1403 BON PORT ****<\/title>\n<meta name=\"description\" content=\"Sind Sie auf der Suche nach einem Campingplatz am Teich von Thau? W\u00e4hlen Sie Ihre Mobilheimmiete auf dem Campingplatz Bon Port **** und nutzen Sie die Gelegenheit, um zum Teich von Thau zu fahren!\" \/>\n<meta name=\"robots\" content=\"index, follow, max-snippet:-1, max-image-preview:large, max-video-preview:-1\" \/>\n<link rel=\"canonical\" href=\"https:\/\/www.campingbonport.com\/de\/campingplatz-herault\/campingplatz-teich-von-thau\/\" \/>\n<meta property=\"og:locale\" content=\"de_DE\" \/>\n<meta property=\"og:type\" content=\"article\" \/>\n<meta property=\"og:title\" content=\"Campingplatz Teich von Thau - Standort mobiles Zuhause Teich von Thau - \u1403 BON PORT ****\" \/>\n<meta property=\"og:description\" content=\"Sind Sie auf der Suche nach einem Campingplatz am Teich von Thau? W\u00e4hlen Sie Ihre Mobilheimmiete auf dem Campingplatz Bon Port **** und nutzen Sie die Gelegenheit, um zum Teich von Thau zu fahren!\" \/>\n<meta property=\"og:url\" content=\"https:\/\/www.campingbonport.com\/de\/campingplatz-herault\/campingplatz-teich-von-thau\/\" \/>\n<meta property=\"og:site_name\" content=\"Camping Bon Port\" \/>\n<meta property=\"article:modified_time\" content=\"2022-04-01T12:11:17+00:00\" \/>\n<meta property=\"og:image\" content=\"https:\/\/www.campingbonport.com\/wp-content\/uploads\/2022\/01\/camping-etang-de-thau.jpg\" \/>\n\t<meta property=\"og:image:width\" content=\"1900\" \/>\n\t<meta property=\"og:image:height\" content=\"700\" \/>\n\t<meta property=\"og:image:type\" content=\"image\/jpeg\" \/>\n<meta name=\"twitter:card\" content=\"summary_large_image\" \/>\n<script type=\"application\/ld+json\" class=\"yoast-schema-graph\">{\"@context\":\"https:\/\/schema.org\",\"@graph\":[{\"@type\":\"WebPage\",\"@id\":\"https:\/\/www.campingbonport.com\/de\/campingplatz-herault\/campingplatz-teich-von-thau\/\",\"url\":\"https:\/\/www.campingbonport.com\/de\/campingplatz-herault\/campingplatz-teich-von-thau\/\",\"name\":\"Campingplatz Teich von Thau - Standort mobiles Zuhause Teich von Thau - \u1403 BON PORT ****\",\"isPartOf\":{\"@id\":\"https:\/\/www.campingbonport.com\/de\/#website\"},\"primaryImageOfPage\":{\"@id\":\"https:\/\/www.campingbonport.com\/de\/campingplatz-herault\/campingplatz-teich-von-thau\/#primaryimage\"},\"image\":{\"@id\":\"https:\/\/www.campingbonport.com\/de\/campingplatz-herault\/campingplatz-teich-von-thau\/#primaryimage\"},\"thumbnailUrl\":\"https:\/\/www.campingbonport.com\/wp-content\/uploads\/2022\/01\/camping-etang-de-thau.jpg\",\"datePublished\":\"2022-01-19T13:43:04+00:00\",\"dateModified\":\"2022-04-01T12:11:17+00:00\",\"description\":\"Sind Sie auf der Suche nach einem Campingplatz am Teich von Thau? W\u00e4hlen Sie Ihre Mobilheimmiete auf dem Campingplatz Bon Port **** und nutzen Sie die Gelegenheit, um zum Teich von Thau zu fahren!\",\"breadcrumb\":{\"@id\":\"https:\/\/www.campingbonport.com\/de\/campingplatz-herault\/campingplatz-teich-von-thau\/#breadcrumb\"},\"inLanguage\":\"de\",\"potentialAction\":[{\"@type\":\"ReadAction\",\"target\":[\"https:\/\/www.campingbonport.com\/de\/campingplatz-herault\/campingplatz-teich-von-thau\/\"]}]},{\"@type\":\"ImageObject\",\"inLanguage\":\"de\",\"@id\":\"https:\/\/www.campingbonport.com\/de\/campingplatz-herault\/campingplatz-teich-von-thau\/#primaryimage\",\"url\":\"https:\/\/www.campingbonport.com\/wp-content\/uploads\/2022\/01\/camping-etang-de-thau.jpg\",\"contentUrl\":\"https:\/\/www.campingbonport.com\/wp-content\/uploads\/2022\/01\/camping-etang-de-thau.jpg\",\"width\":1900,\"height\":700,\"caption\":\"camping etang de thau\"},{\"@type\":\"BreadcrumbList\",\"@id\":\"https:\/\/www.campingbonport.com\/de\/campingplatz-herault\/campingplatz-teich-von-thau\/#breadcrumb\",\"itemListElement\":[{\"@type\":\"ListItem\",\"position\":1,\"name\":\"Camping Camargue\",\"item\":\"https:\/\/www.campingbonport.com\/de\/\"},{\"@type\":\"ListItem\",\"position\":2,\"name\":\"Campen im H\u00e9rault\",\"item\":\"https:\/\/www.campingbonport.com\/de\/campingplatz-herault\/\"},{\"@type\":\"ListItem\",\"position\":3,\"name\":\"Campingplatz Teich von Thau\"}]},{\"@type\":\"WebSite\",\"@id\":\"https:\/\/www.campingbonport.com\/de\/#website\",\"url\":\"https:\/\/www.campingbonport.com\/de\/\",\"name\":\"Camping Bon Port\",\"description\":\"\",\"publisher\":{\"@id\":\"https:\/\/www.campingbonport.com\/de\/#organization\"},\"potentialAction\":[{\"@type\":\"SearchAction\",\"target\":{\"@type\":\"EntryPoint\",\"urlTemplate\":\"https:\/\/www.campingbonport.com\/de\/?s={search_term_string}\"},\"query-input\":{\"@type\":\"PropertyValueSpecification\",\"valueRequired\":true,\"valueName\":\"search_term_string\"}}],\"inLanguage\":\"de\"},{\"@type\":\"Organization\",\"@id\":\"https:\/\/www.campingbonport.com\/de\/#organization\",\"name\":\"Camping Bon Port\",\"url\":\"https:\/\/www.campingbonport.com\/de\/\",\"logo\":{\"@type\":\"ImageObject\",\"inLanguage\":\"de\",\"@id\":\"https:\/\/www.campingbonport.com\/de\/#\/schema\/logo\/image\/\",\"url\":\"https:\/\/www.campingbonport.com\/wp-content\/uploads\/2021\/11\/logo-bon-port.jpg\",\"contentUrl\":\"https:\/\/www.campingbonport.com\/wp-content\/uploads\/2021\/11\/logo-bon-port.jpg\",\"width\":736,\"height\":917,\"caption\":\"Camping Bon Port\"},\"image\":{\"@id\":\"https:\/\/www.campingbonport.com\/de\/#\/schema\/logo\/image\/\"}}]}<\/script>\n<!-- \/ Yoast SEO plugin. -->","yoast_head_json":{"title":"Campingplatz Teich von Thau - Standort mobiles Zuhause Teich von Thau - \u1403 BON PORT ****","description":"Sind Sie auf der Suche nach einem Campingplatz am Teich von Thau? W\u00e4hlen Sie Ihre Mobilheimmiete auf dem Campingplatz Bon Port **** und nutzen Sie die Gelegenheit, um zum Teich von Thau zu fahren!","robots":{"index":"index","follow":"follow","max-snippet":"max-snippet:-1","max-image-preview":"max-image-preview:large","max-video-preview":"max-video-preview:-1"},"canonical":"https:\/\/www.campingbonport.com\/de\/campingplatz-herault\/campingplatz-teich-von-thau\/","og_locale":"de_DE","og_type":"article","og_title":"Campingplatz Teich von Thau - Standort mobiles Zuhause Teich von Thau - \u1403 BON PORT ****","og_description":"Sind Sie auf der Suche nach einem Campingplatz am Teich von Thau? W\u00e4hlen Sie Ihre Mobilheimmiete auf dem Campingplatz Bon Port **** und nutzen Sie die Gelegenheit, um zum Teich von Thau zu fahren!","og_url":"https:\/\/www.campingbonport.com\/de\/campingplatz-herault\/campingplatz-teich-von-thau\/","og_site_name":"Camping Bon Port","article_modified_time":"2022-04-01T12:11:17+00:00","og_image":[{"width":1900,"height":700,"url":"https:\/\/www.campingbonport.com\/wp-content\/uploads\/2022\/01\/camping-etang-de-thau.jpg","type":"image\/jpeg"}],"twitter_card":"summary_large_image","schema":{"@context":"https:\/\/schema.org","@graph":[{"@type":"WebPage","@id":"https:\/\/www.campingbonport.com\/de\/campingplatz-herault\/campingplatz-teich-von-thau\/","url":"https:\/\/www.campingbonport.com\/de\/campingplatz-herault\/campingplatz-teich-von-thau\/","name":"Campingplatz Teich von Thau - Standort mobiles Zuhause Teich von Thau - \u1403 BON PORT ****","isPartOf":{"@id":"https:\/\/www.campingbonport.com\/de\/#website"},"primaryImageOfPage":{"@id":"https:\/\/www.campingbonport.com\/de\/campingplatz-herault\/campingplatz-teich-von-thau\/#primaryimage"},"image":{"@id":"https:\/\/www.campingbonport.com\/de\/campingplatz-herault\/campingplatz-teich-von-thau\/#primaryimage"},"thumbnailUrl":"https:\/\/www.campingbonport.com\/wp-content\/uploads\/2022\/01\/camping-etang-de-thau.jpg","datePublished":"2022-01-19T13:43:04+00:00","dateModified":"2022-04-01T12:11:17+00:00","description":"Sind Sie auf der Suche nach einem Campingplatz am Teich von Thau? W\u00e4hlen Sie Ihre Mobilheimmiete auf dem Campingplatz Bon Port **** und nutzen Sie die Gelegenheit, um zum Teich von Thau zu fahren!","breadcrumb":{"@id":"https:\/\/www.campingbonport.com\/de\/campingplatz-herault\/campingplatz-teich-von-thau\/#breadcrumb"},"inLanguage":"de","potentialAction":[{"@type":"ReadAction","target":["https:\/\/www.campingbonport.com\/de\/campingplatz-herault\/campingplatz-teich-von-thau\/"]}]},{"@type":"ImageObject","inLanguage":"de","@id":"https:\/\/www.campingbonport.com\/de\/campingplatz-herault\/campingplatz-teich-von-thau\/#primaryimage","url":"https:\/\/www.campingbonport.com\/wp-content\/uploads\/2022\/01\/camping-etang-de-thau.jpg","contentUrl":"https:\/\/www.campingbonport.com\/wp-content\/uploads\/2022\/01\/camping-etang-de-thau.jpg","width":1900,"height":700,"caption":"camping etang de thau"},{"@type":"BreadcrumbList","@id":"https:\/\/www.campingbonport.com\/de\/campingplatz-herault\/campingplatz-teich-von-thau\/#breadcrumb","itemListElement":[{"@type":"ListItem","position":1,"name":"Camping Camargue","item":"https:\/\/www.campingbonport.com\/de\/"},{"@type":"ListItem","position":2,"name":"Campen im H\u00e9rault","item":"https:\/\/www.campingbonport.com\/de\/campingplatz-herault\/"},{"@type":"ListItem","position":3,"name":"Campingplatz Teich von Thau"}]},{"@type":"WebSite","@id":"https:\/\/www.campingbonport.com\/de\/#website","url":"https:\/\/www.campingbonport.com\/de\/","name":"Camping Bon Port","description":"","publisher":{"@id":"https:\/\/www.campingbonport.com\/de\/#organization"},"potentialAction":[{"@type":"SearchAction","target":{"@type":"EntryPoint","urlTemplate":"https:\/\/www.campingbonport.com\/de\/?s={search_term_string}"},"query-input":{"@type":"PropertyValueSpecification","valueRequired":true,"valueName":"search_term_string"}}],"inLanguage":"de"},{"@type":"Organization","@id":"https:\/\/www.campingbonport.com\/de\/#organization","name":"Camping Bon Port","url":"https:\/\/www.campingbonport.com\/de\/","logo":{"@type":"ImageObject","inLanguage":"de","@id":"https:\/\/www.campingbonport.com\/de\/#\/schema\/logo\/image\/","url":"https:\/\/www.campingbonport.com\/wp-content\/uploads\/2021\/11\/logo-bon-port.jpg","contentUrl":"https:\/\/www.campingbonport.com\/wp-content\/uploads\/2021\/11\/logo-bon-port.jpg","width":736,"height":917,"caption":"Camping Bon Port"},"image":{"@id":"https:\/\/www.campingbonport.com\/de\/#\/schema\/logo\/image\/"}}]}},"_links":{"self":[{"href":"https:\/\/www.campingbonport.com\/de\/wp-json\/wp\/v2\/pages\/4695","targetHints":{"allow":["GET"]}}],"collection":[{"href":"https:\/\/www.campingbonport.com\/de\/wp-json\/wp\/v2\/pages"}],"about":[{"href":"https:\/\/www.campingbonport.com\/de\/wp-json\/wp\/v2\/types\/page"}],"author":[{"embeddable":true,"href":"https:\/\/www.campingbonport.com\/de\/wp-json\/wp\/v2\/users\/1"}],"replies":[{"embeddable":true,"href":"https:\/\/www.campingbonport.com\/de\/wp-json\/wp\/v2\/comments?post=4695"}],"version-history":[{"count":15,"href":"https:\/\/www.campingbonport.com\/de\/wp-json\/wp\/v2\/pages\/4695\/revisions"}],"predecessor-version":[{"id":6877,"href":"https:\/\/www.campingbonport.com\/de\/wp-json\/wp\/v2\/pages\/4695\/revisions\/6877"}],"up":[{"embeddable":true,"href":"https:\/\/www.campingbonport.com\/de\/wp-json\/wp\/v2\/pages\/6686"}],"wp:featuredmedia":[{"embeddable":true,"href":"https:\/\/www.campingbonport.com\/de\/wp-json\/wp\/v2\/media\/3306"}],"wp:attachment":[{"href":"https:\/\/www.campingbonport.com\/de\/wp-json\/wp\/v2\/media?parent=4695"}],"curies":[{"name":"wp","href":"https:\/\/api.w.org\/{rel}","templated":true}]}}