{"id":4574,"date":"2021-11-26T15:14:04","date_gmt":"2021-11-26T14:14:04","guid":{"rendered":"https:\/\/www.campingbonport.com\/camping-camargue-services\/"},"modified":"2026-01-15T10:39:57","modified_gmt":"2026-01-15T09:39:57","slug":"camping-camargue-leistungen","status":"publish","type":"page","link":"https:\/\/www.campingbonport.com\/de\/camping-camargue-leistungen\/","title":{"rendered":"Einrichtungen"},"content":{"rendered":"<section id=\"section-restaurant\" class=\"section bg-white\" ><div class=\"container\"><h1 class=\"element section-title center\">Familiencamping in der Petite Camargue<\/h1><\/div><\/section>\n\n<section id=\"section-61b20eccc6e82\" class=\"section home-fifth bg-white p-t-0\" ><div class=\"container extralarge\"><div class=\"colonnes-wrap valign-middle first-row\"><div class=\"element colonne \"><div class=\"element images\"><div class=\"image\"><img decoding=\"async\" src=\"https:\/\/www.campingbonport.com\/wp-content\/uploads\/2022\/01\/restaurant-petite-camargue.jpg\" alt=\"https:\/\/www.campingbonport.com\/wp-content\/uploads\/2022\/01\/restaurant-petite-camargue-100x67.jpg\" class=\"restaurant camping\" images_image\/><\/div><\/div><\/div><div class=\"element colonne p-5\"><h2 class=\"element section-title justify\">Bar-Restaurant und Campingladen<\/h2><h3 class=\"element section-title justify\">Bar-Restaurant<\/h3><div class=\"element bloc-text justify \">\n\t<p>Unser Bar-Restaurant verf\u00fcgt \u00fcber eine gem\u00fctliche Terrasse mit Blick auf die B\u00fchne und den Wasserpark. Von hier aus k\u00f6nnen Sie die verschiedenen Shows und Unterhaltungsprogramme des Campingplatzes bei einem entspannten Abendessen oder einem Drink genie\u00dfen.<\/p>\n<p>An Abenden mit Veranstaltungen oft sehr gut besucht. Wir empfehlen Ihnen daher, im Voraus einen Tisch zu reservieren.<\/p>\n<\/div><\/div><\/div><div class=\"colonnes-wrap valign-middle second-row\"><div class=\"element colonne p-5\"><h3 class=\"element section-title justify\">Campingladen mit leckerem, frischem Brot<\/h3><div class=\"element bloc-text justify \">\n\t<p>Vom frischen Baguettes bis Sonnencreme, von eiener Flasche Wei\u00dfwein bis zum verrgessenen Badeanzug &#8230;..In unserem Campingshop finden Sie alles, was Sie f\u00fcr einen unbeschwerten und angenehmen Aufenthalt aufim <a href=\"\/de\/\">Campingplatz Bon Port****<\/a> ben\u00f6tigen!<\/p>\n<p>Frisches brot kann w\u00e4hrend der gesamten Jahreszeit bestellt werden. Andere Produkte sind erest ab Juni erh\u00e4ltlich.<\/p>\n<\/div><\/div><div class=\"element colonne \"><div class=\"element images\"><div class=\"image\"><img decoding=\"async\" src=\"https:\/\/www.campingbonport.com\/wp-content\/uploads\/2022\/01\/camping-epicerie-lunel.jpg\" alt=\"https:\/\/www.campingbonport.com\/wp-content\/uploads\/2022\/01\/camping-epicerie-lunel-100x67.jpg\" class=\"epicerie camping camargue\" images_image\/><\/div><\/div><\/div><\/div><\/div><\/section>\n\n<section id=\"section-61b2128adf580\" data-bg-opacite=\"0.2\"data-background=\"https:\/\/www.campingbonport.com\/wp-content\/uploads\/2022\/01\/location-velo-camargue.jpg\"data-speed=\"0.8\"class=\"section parralax-page bg-white section--has-bg-img section_bg-parallax\" ><div class=\"container full\"><\/div><\/section>\n\n<section id=\"section-services\" class=\"section bg-white\" ><div class=\"container extralarge\"><h2 class=\"element section-title justify\">Einrichtungen an der Rezeption<\/h2><div class=\"colonnes-wrap valign-top \"><div class=\"element colonne \"><h3 class=\"element section-title justify color1\">Fahrradverleih<\/h3><div class=\"element bloc-text justify \">\n\t<p>Sind Sie ein begeisterter Mountainbiker oder genie\u00dfen Sie einfach nur eine Familienradtour? Z\u00f6gern Sie nicht!<\/p>\n<p>Fahrr\u00e4dverleih f\u00fcr Gro\u00df und Klein. Wir haben E-Bikes, Kinderfahrr\u00e4der und ein Fahrrad mit Kindersitz.<\/p>\n<p>Vom Campingplatz aus sind zahlreiche Rad- und Mountainbike wege erreichbar, darunter der neue &#8222;Voie Verte&#8220; (Gr\u00fcner Weg), der Lunel mitt la Grande Motte verbindet. Der Weg ist etwa 12 km lang. Wenn Sie in la Grande Motte angekommen sind und noch Energie haben, radeln Sie weiter nach Aigues-Mortes!<\/p>\n<\/div><\/div><div class=\"element colonne \"><h3 class=\"element section-title justify color1\">Verleih von Bettw\u00e4sche und Handt\u00fcchern<\/h3><div class=\"element bloc-text justify \">\n\t<p>Reicht der Platz in Ihrem Kofferraum nicht aus oder m\u00f6chten Sie sich dar\u00fcber einfach keine Gedanken machen? Sie k\u00f6nnen Bettw\u00e4sche und Handt\u00fccher f\u00fcr Ihren Aufenthalt mieten. Bitte informieren Sie die Rezeption im Voraus! Bei einer Anfrage erst bei Ankunft k\u00f6nnen wir nicht garantieren, dass ausreichend vorhanden ist.<\/p>\n<p>Mietpreis f\u00fcr ein Handtuchset :<\/p>\n<ul>\n<li><strong class=\"bold color1\">Set mit 2 Handt\u00fcchern<\/strong> (eine kleines und ein gro\u00dfes) = 10\u20ac\/Person\/Aufenthalt<\/li>\n<\/ul>\n<p>Mietpreis f\u00fcr Bettlaken\u00a0:<\/p>\n<ul>\n<li><strong class=\"bold color1\">Doppelbett<\/strong> (Doppelbettlaken + Kissenbez\u00fcge) = 15\u20ac\/Person\/Aufenthalt<\/li>\n<li><strong class=\"bold color1\">Einzelbett<\/strong> (Laken + Kissenbezug) = 10\u20ac\/Person\/Aufenthalt<\/li>\n<\/ul>\n<\/div><\/div><\/div><\/div><\/section>\n\n<section id=\"section-kit-bebe-laverie\" class=\"section bg-color4 p-t-0 p-b-0\" ><div class=\"container full\"><div class=\"colonnes-wrap valign-middle \"><div class=\"element colonne p-x-10 p-y-6\"><h3 class=\"element section-title justify color1\">Vermietung von Babypaket<\/h3><div class=\"element bloc-text justify \">\n\t<p>Wir verstehen, dass es schwierig und zeitaufwendig sein kann, ein Babybett und einem Hochstuhl mit in den Urlaub zu nehmen. Deshalb bieten wir ein Babypaket (25\u20ac pro Woche) an. Dieses Paket beinhaltet ein Babybett und einen Hochstuhl.<\/p>\n<p><strong>Die Matratze is nicht im Mietpreis enthalten.<\/strong><\/p>\n<\/div><h3 class=\"element section-title justify m-t-6 color1\">W\u00e4scherei<\/h3><div class=\"element bloc-text justify \">\n\t<p>Mehrere Sanit\u00e4rbl\u00f6cke verf\u00fcgen \u00fcber Waschr\u00e4ume. Dort finden sie Waschmaschinen und einen Trockner f\u00fcr Regentage. Waschmittelmarken und Fl\u00fcssigwaschmittel erhalten Sie and der Rezeption. (gegen Geb\u00fchr).<\/p>\n<p>B\u00fcgelbretter stehen im Waschraum zur Verf\u00fcgung. B\u00fcgeleisen k\u00f6nnen Sie an der Rezeption ausleihen.<\/p>\n<\/div><\/div><div class=\"element colonne p-0\"><div class=\"element images\"><div class=\"image\"><img decoding=\"async\" src=\"https:\/\/www.campingbonport.com\/wp-content\/uploads\/2022\/01\/camping-laverie-lunel.jpg\" alt=\"https:\/\/www.campingbonport.com\/wp-content\/uploads\/2022\/01\/camping-laverie-lunel-100x67.jpg\" class=\"camping camargue serviettes\" images_image\/><\/div><\/div><\/div><\/div><\/div><\/section>\n\n<section id=\"section-wifi-reception\" class=\"section bg-white\" ><div class=\"container full\"><div class=\"colonnes-wrap valign-middle first-row\"><div class=\"element colonne p-0\"><div class=\"element images\"><div class=\"image\"><img decoding=\"async\" src=\"https:\/\/www.campingbonport.com\/wp-content\/uploads\/2022\/01\/camping-wifi-camargue.jpg\" alt=\"https:\/\/www.campingbonport.com\/wp-content\/uploads\/2022\/01\/camping-wifi-camargue-100x67.jpg\" class=\"wifi camping camargue\" images_image\/><\/div><\/div><\/div><div class=\"element colonne p-x-10 p-y-6\"><h3 class=\"element section-title justify color1\">WLAN<\/h3><div class=\"element bloc-text justify \">\n\t<p>Nat\u00fcrlich m\u00f6chten Sie auch im Urlaub online bleiben. Deshalb bieten wir Ihnen WLAN-Zugang \u00fcber Tickets an. Sie k\u00f6nnen zwischen verschiedenen Ticketarten w\u00e4hlen:<\/p>\n<ul>\n<li>Tageskarte<\/li>\n<li>Wochenkarte<\/li>\n<li>Einzelkarte<\/li>\n<li>Doppelkarte<\/li>\n<\/ul>\n<p>Tickets sind an der Rezeption erh\u00e4ltlich.<\/p>\n<p>Gut zu wissen: <strong>WLAN ist in der Nebensaison kostenlos!<\/strong><\/p>\n<\/div><h3 class=\"element section-title justify m-t-6 color1\">Rezeption<\/h3><div class=\"element bloc-text justify \">\n\t<p>Haben Sie Fragen oder ben\u00f6tigen Sie Informationen w\u00e4hrend Ihres Aufenthalts? Unsere Rezeption ist 7 Tage die Woche f\u00fcr Sie\u00a0 ge\u00f6ffnet.<\/p>\n<p><strong>Nebensaison:<\/strong><\/p>\n<ul>\n<li>8:30 &#8211; 12:30 Uhr<\/li>\n<li>14:00 &#8211; 19:00 Uhr<\/li>\n<\/ul>\n<p><strong>Hauptsaison:<\/strong><\/p>\n<ul>\n<li>9:00 &#8211; 19:30 Uhr<\/li>\n<\/ul>\n<p><strong>Wochenende:<\/strong> 8:00 &#8211; 20:00 Uhr<\/p>\n<p>Der Campingplatz verf\u00fcgt au\u00dferdem \u00fcber eine gem\u00fctliche Bibliothek, in der Sie sich ein Buch ausleihen und ddamit auf Ihrem Stellplatz oder auf einer Liege am Pool entspannen k\u00f6nnen.<\/p>\n<p>&nbsp;<\/p>\n<\/div><\/div><\/div><\/div><\/section>\n\n<section id=\"section-61c194aa03bd4\" class=\"section fancybox bg-white\" ><div class=\"container\"><div class=\"element fancybox-container\"><a class=\"fancybox\" href=\"https:\/\/www.campingbonport.com\/wp-content\/uploads\/2022\/01\/bilbiotheque-lunel.jpg\"><img decoding=\"async\" src=\"https:\/\/www.campingbonport.com\/wp-content\/uploads\/2022\/01\/bilbiotheque-lunel.jpg\" alt=\"https:\/\/www.campingbonport.com\/wp-content\/uploads\/2022\/01\/bilbiotheque-lunel-100x67.jpg\" class=\"camping bibliotheque lunel\" images_image\/><\/a><a class=\"fancybox\" href=\"https:\/\/www.campingbonport.com\/wp-content\/uploads\/2022\/01\/camping-wifi-lunel.jpg\"><img decoding=\"async\" src=\"https:\/\/www.campingbonport.com\/wp-content\/uploads\/2022\/01\/camping-wifi-lunel.jpg\" alt=\"https:\/\/www.campingbonport.com\/wp-content\/uploads\/2022\/01\/camping-wifi-lunel-100x67.jpg\" class=\"camping wifi bon port\" images_image\/><\/a><a class=\"fancybox\" href=\"https:\/\/www.campingbonport.com\/wp-content\/uploads\/2022\/01\/location-draps-lunel.jpg\"><img decoding=\"async\" src=\"https:\/\/www.campingbonport.com\/wp-content\/uploads\/2022\/01\/location-draps-lunel.jpg\" alt=\"https:\/\/www.campingbonport.com\/wp-content\/uploads\/2022\/01\/location-draps-lunel-100x67.jpg\" class=\"camping service draps\" images_image\/><\/a><a class=\"fancybox\" href=\"https:\/\/www.campingbonport.com\/wp-content\/uploads\/2024\/12\/logo-bon-port-footer.png\"><img decoding=\"async\" src=\"https:\/\/www.campingbonport.com\/wp-content\/uploads\/2024\/12\/logo-bon-port-footer.png\" alt=\"https:\/\/www.campingbonport.com\/wp-content\/uploads\/2024\/12\/logo-bon-port-footer-100x100.png\" class=\"logo bon port\" images_image\/><\/a><a class=\"fancybox\" href=\"https:\/\/www.campingbonport.com\/wp-content\/uploads\/2022\/01\/bar-camargue.jpg\"><img decoding=\"async\" src=\"https:\/\/www.campingbonport.com\/wp-content\/uploads\/2022\/01\/bar-camargue.jpg\" alt=\"https:\/\/www.campingbonport.com\/wp-content\/uploads\/2022\/01\/bar-camargue-100x67.jpg\" class=\"camping bar restaurant\" images_image\/><\/a><\/div><\/div><\/section>\n\n<section id=\"section-61eaa8ed6f30c\" class=\"section p-b-0 p-t-0 avis-reviews bg-white\" ><div class=\"container extralarge\"><div class=\"colonnes-wrap valign-middle p-t-5 p-b-5\"><div class=\"element colonne \"><h2 class=\"element section-title justify\">Dienstleistungen und Einrichtungen<\/h2><div class=\"element bloc-text justify \">\n\t<ul>\n<li>Lebensmittelgesch\u00e4ft<\/li>\n<li>Fahrradverleih<\/li>\n<li>Rezeption ge\u00f6ffnet von 8:00 bis 12:30 Uhr und von 14:00 bis 19:00 Uhr<\/li>\n<li>Bibliothek in Selbstbedienung<\/li>\n<li>Verleih von Bettw\u00e4sche und Handt\u00fcchern<\/li>\n<li>Mehrere Waschmaschinen stehen Ihnen zur Verf\u00fcgung<\/li>\n<\/ul>\n<\/div><a href=\"\/de\/faq-campingplatz-bon-port\/\" title=\"Lesen Sie die FAQ\" class=\"element bouton center\" ><span>Lesen Sie die FAQ<\/span><\/a><\/div><div class=\"element colonne \"><h2 class=\"element section-title justify\">Was Sie \u00fcber unsere Einrichtungen<\/h2><div class=\"element bloc-text\">\n\t<div class=\"slider-avis-pages\"><div class=\"slide\"><div class=\"slide_titre\">Avis de Michel Gourlain<\/div><div class=\"slide_contenu\"><p>Ein Familiencampingplatz mit einem sehr sch\u00f6nen Wasserbecken f\u00fcr Erwachsene und Kinder. In der N\u00e4he von Str\u00e4nden, Fahrradwegen und Gesch\u00e4ften.<br \/>\nEin tolles Team sowohl in der Leitung als auch im Service und in der Instandhaltung.<\/p>\n<\/div><div class=\"slide_note\">\n                         <span class=\"dashicons dashicons-star-filled\"><\/span>\n                        <span class=\"dashicons dashicons-star-filled\"><\/span>\n                        <span class=\"dashicons dashicons-star-filled\"><\/span>\n                        <span class=\"dashicons dashicons-star-filled\"><\/span>\n                        <span class=\"dashicons dashicons-star-filled\"><\/span>\n                    <\/div><\/div><div class=\"slide\"><div class=\"slide_titre\">Avis de Virginie Dufour<\/div><div class=\"slide_contenu\"><p>Sehr guter Empfang, nette Umgebung, alles in Reichweite, wenn n\u00f6tig<\/p>\n<\/div><div class=\"slide_note\">\n                         <span class=\"dashicons dashicons-star-filled\"><\/span>\n                        <span class=\"dashicons dashicons-star-filled\"><\/span>\n                        <span class=\"dashicons dashicons-star-filled\"><\/span>\n                        <span class=\"dashicons dashicons-star-filled\"><\/span>\n                        <span class=\"dashicons dashicons-star-filled\"><\/span>\n                    <\/div><\/div><div class=\"slide\"><div class=\"slide_titre\">Avis de Daniel HUBERT<\/div><div class=\"slide_contenu\"><p>Dieser Campingplatz ist angenehm. Der Empfang ist herzlich. Die Lage macht ihn zu einem sehr ruhigen und erholsamen Ort. Der Pool ist einfach genial.<\/p>\n<\/div><div class=\"slide_note\">\n                         <span class=\"dashicons dashicons-star-filled\"><\/span>\n                        <span class=\"dashicons dashicons-star-filled\"><\/span>\n                        <span class=\"dashicons dashicons-star-filled\"><\/span>\n                        <span class=\"dashicons dashicons-star-filled\"><\/span>\n                        <span class=\"dashicons dashicons-star-filled\"><\/span>\n                    <\/div><\/div><\/div><\/div><a href=\"\/de\/standort-mobilheime-herault\/\" title=\"Ich buche jetzt\" class=\"element bouton center\" ><span>Ich buche jetzt<\/span><\/a><\/div><\/div><\/div><\/section>\n\n<section id=\"section-61b20eccc71c8\" class=\"section bg-white\" ><div class=\"container extralarge\"><div class=\"element section-title justify m-y-5\">Entdecken Sie den Wasserbereich und die Animationen des Campingplatzes <\/div><ul class=\"liste-de-page\"><li class=\"element call-to-action carre call-to-action--style-1 call-to-action--big\"><a href=\"https:\/\/www.campingbonport.com\/de\/campingplatz-herault-wasserraum\/\"  class=\"call-to-action_link\" title=\"Mehr \u00fcber unser schwimmparadies\"><div class=\"call-to-action_image\"><img decoding=\"async\" src=\"https:\/\/www.campingbonport.com\/wp-content\/uploads\/2024\/01\/pisicine-scaled.jpg\" alt=\"https:\/\/www.campingbonport.com\/wp-content\/uploads\/2024\/01\/pisicine-100x56.jpg\" class=\"\" big\/><\/div><div class=\"call-to-action_contenu\"><div class=\"call-to-action_titre\">Unser Schwimmparadies<\/div><\/div><\/a><\/li><li class=\"element call-to-action carre call-to-action--style-1 call-to-action--big call-to-action--style-1 call-to-action--big\"><a href=\"https:\/\/www.campingbonport.com\/de\/standort-mobilheime-herault\/\"  class=\"call-to-action_link\" title=\"Mehr \u00fcber unsere mobilheime\"><div class=\"call-to-action_image\"><img decoding=\"async\" src=\"https:\/\/www.campingbonport.com\/wp-content\/uploads\/2022\/01\/location-mobil-home-herault.jpg\" alt=\"https:\/\/www.campingbonport.com\/wp-content\/uploads\/2022\/01\/location-mobil-home-herault-100x80.jpg\" class=\"\" big\/><\/div><div class=\"call-to-action_contenu\"><div class=\"call-to-action_titre\">Unsere Mobilheime<\/div><\/div><\/a><\/li><li class=\"element call-to-action carre call-to-action--style-1 call-to-action--big call-to-action--style-1 call-to-action--big call-to-action--style-1 call-to-action--big\"><a href=\"https:\/\/www.campingbonport.com\/de\/campingplatz-herault-freizeit\/\"  class=\"call-to-action_link\" title=\"Mehr \u00fcber unser aktivit\u00e4t\"><div class=\"call-to-action_image\"><img decoding=\"async\" src=\"https:\/\/www.campingbonport.com\/wp-content\/uploads\/2022\/01\/bonport-jeux-pour-enfants.jpg\" alt=\"https:\/\/www.campingbonport.com\/wp-content\/uploads\/2022\/01\/bonport-jeux-pour-enfants-69x100.jpg\" class=\"\" big\/><\/div><div class=\"call-to-action_contenu\"><div class=\"call-to-action_titre\">Unser Aktivit\u00e4t<\/div><\/div><\/a><\/li><\/ul><\/div><\/section>","protected":false},"excerpt":{"rendered":"","protected":false},"author":1,"featured_media":9509,"parent":0,"menu_order":0,"comment_status":"closed","ping_status":"closed","template":"","meta":{"_acf_changed":false,"footnotes":""},"class_list":["post-4574","page","type-page","status-publish","has-post-thumbnail","hentry"],"acf":[],"yoast_head":"<!-- This site is optimized with the Yoast SEO plugin v25.3.1 - https:\/\/yoast.com\/wordpress\/plugins\/seo\/ -->\n<title>Entdecken Sie die Dienstleistungen des Campingplatzes Bon Port - \u1403 BON PORT ****<\/title>\n<meta name=\"description\" content=\"Der Campingplatz Bon Port bietet Ihnen verschiedene Dienstleistungen, um einen komfortablen Urlaub zu verbringen.\" \/>\n<meta name=\"robots\" content=\"index, follow, max-snippet:-1, max-image-preview:large, max-video-preview:-1\" \/>\n<link rel=\"canonical\" href=\"https:\/\/www.campingbonport.com\/de\/camping-camargue-leistungen\/\" \/>\n<meta property=\"og:locale\" content=\"de_DE\" \/>\n<meta property=\"og:type\" content=\"article\" \/>\n<meta property=\"og:title\" content=\"Entdecken Sie die Dienstleistungen des Campingplatzes Bon Port - \u1403 BON PORT ****\" \/>\n<meta property=\"og:description\" content=\"Der Campingplatz Bon Port bietet Ihnen verschiedene Dienstleistungen, um einen komfortablen Urlaub zu verbringen.\" \/>\n<meta property=\"og:url\" content=\"https:\/\/www.campingbonport.com\/de\/camping-camargue-leistungen\/\" \/>\n<meta property=\"og:site_name\" content=\"Camping Bon Port\" \/>\n<meta property=\"article:modified_time\" content=\"2026-01-15T09:39:57+00:00\" \/>\n<meta property=\"og:image\" content=\"https:\/\/www.campingbonport.com\/wp-content\/uploads\/2024\/10\/test-2.jpg\" \/>\n\t<meta property=\"og:image:width\" content=\"2160\" \/>\n\t<meta property=\"og:image:height\" content=\"1440\" \/>\n\t<meta property=\"og:image:type\" content=\"image\/jpeg\" \/>\n<meta name=\"twitter:card\" content=\"summary_large_image\" \/>\n<meta name=\"twitter:label1\" content=\"Gesch\u00e4tzte Lesezeit\" \/>\n\t<meta name=\"twitter:data1\" content=\"1\u00a0Minute\" \/>\n<script type=\"application\/ld+json\" class=\"yoast-schema-graph\">{\"@context\":\"https:\/\/schema.org\",\"@graph\":[{\"@type\":\"WebPage\",\"@id\":\"https:\/\/www.campingbonport.com\/de\/camping-camargue-leistungen\/\",\"url\":\"https:\/\/www.campingbonport.com\/de\/camping-camargue-leistungen\/\",\"name\":\"Entdecken Sie die Dienstleistungen des Campingplatzes Bon Port - \u1403 BON PORT ****\",\"isPartOf\":{\"@id\":\"https:\/\/www.campingbonport.com\/de\/#website\"},\"primaryImageOfPage\":{\"@id\":\"https:\/\/www.campingbonport.com\/de\/camping-camargue-leistungen\/#primaryimage\"},\"image\":{\"@id\":\"https:\/\/www.campingbonport.com\/de\/camping-camargue-leistungen\/#primaryimage\"},\"thumbnailUrl\":\"https:\/\/www.campingbonport.com\/wp-content\/uploads\/2024\/10\/test-2.jpg\",\"datePublished\":\"2021-11-26T14:14:04+00:00\",\"dateModified\":\"2026-01-15T09:39:57+00:00\",\"description\":\"Der Campingplatz Bon Port bietet Ihnen verschiedene Dienstleistungen, um einen komfortablen Urlaub zu verbringen.\",\"breadcrumb\":{\"@id\":\"https:\/\/www.campingbonport.com\/de\/camping-camargue-leistungen\/#breadcrumb\"},\"inLanguage\":\"de\",\"potentialAction\":[{\"@type\":\"ReadAction\",\"target\":[\"https:\/\/www.campingbonport.com\/de\/camping-camargue-leistungen\/\"]}]},{\"@type\":\"ImageObject\",\"inLanguage\":\"de\",\"@id\":\"https:\/\/www.campingbonport.com\/de\/camping-camargue-leistungen\/#primaryimage\",\"url\":\"https:\/\/www.campingbonport.com\/wp-content\/uploads\/2024\/10\/test-2.jpg\",\"contentUrl\":\"https:\/\/www.campingbonport.com\/wp-content\/uploads\/2024\/10\/test-2.jpg\",\"width\":2160,\"height\":1440},{\"@type\":\"BreadcrumbList\",\"@id\":\"https:\/\/www.campingbonport.com\/de\/camping-camargue-leistungen\/#breadcrumb\",\"itemListElement\":[{\"@type\":\"ListItem\",\"position\":1,\"name\":\"Camping Camargue\",\"item\":\"https:\/\/www.campingbonport.com\/de\/\"},{\"@type\":\"ListItem\",\"position\":2,\"name\":\"Gastronomie in Lunel\"}]},{\"@type\":\"WebSite\",\"@id\":\"https:\/\/www.campingbonport.com\/de\/#website\",\"url\":\"https:\/\/www.campingbonport.com\/de\/\",\"name\":\"Camping Bon Port\",\"description\":\"\",\"publisher\":{\"@id\":\"https:\/\/www.campingbonport.com\/de\/#organization\"},\"potentialAction\":[{\"@type\":\"SearchAction\",\"target\":{\"@type\":\"EntryPoint\",\"urlTemplate\":\"https:\/\/www.campingbonport.com\/de\/?s={search_term_string}\"},\"query-input\":{\"@type\":\"PropertyValueSpecification\",\"valueRequired\":true,\"valueName\":\"search_term_string\"}}],\"inLanguage\":\"de\"},{\"@type\":\"Organization\",\"@id\":\"https:\/\/www.campingbonport.com\/de\/#organization\",\"name\":\"Camping Bon Port\",\"url\":\"https:\/\/www.campingbonport.com\/de\/\",\"logo\":{\"@type\":\"ImageObject\",\"inLanguage\":\"de\",\"@id\":\"https:\/\/www.campingbonport.com\/de\/#\/schema\/logo\/image\/\",\"url\":\"https:\/\/www.campingbonport.com\/wp-content\/uploads\/2021\/11\/logo-bon-port.jpg\",\"contentUrl\":\"https:\/\/www.campingbonport.com\/wp-content\/uploads\/2021\/11\/logo-bon-port.jpg\",\"width\":736,\"height\":917,\"caption\":\"Camping Bon Port\"},\"image\":{\"@id\":\"https:\/\/www.campingbonport.com\/de\/#\/schema\/logo\/image\/\"}}]}<\/script>\n<!-- \/ Yoast SEO plugin. -->","yoast_head_json":{"title":"Entdecken Sie die Dienstleistungen des Campingplatzes Bon Port - \u1403 BON PORT ****","description":"Der Campingplatz Bon Port bietet Ihnen verschiedene Dienstleistungen, um einen komfortablen Urlaub zu verbringen.","robots":{"index":"index","follow":"follow","max-snippet":"max-snippet:-1","max-image-preview":"max-image-preview:large","max-video-preview":"max-video-preview:-1"},"canonical":"https:\/\/www.campingbonport.com\/de\/camping-camargue-leistungen\/","og_locale":"de_DE","og_type":"article","og_title":"Entdecken Sie die Dienstleistungen des Campingplatzes Bon Port - \u1403 BON PORT ****","og_description":"Der Campingplatz Bon Port bietet Ihnen verschiedene Dienstleistungen, um einen komfortablen Urlaub zu verbringen.","og_url":"https:\/\/www.campingbonport.com\/de\/camping-camargue-leistungen\/","og_site_name":"Camping Bon Port","article_modified_time":"2026-01-15T09:39:57+00:00","og_image":[{"width":2160,"height":1440,"url":"https:\/\/www.campingbonport.com\/wp-content\/uploads\/2024\/10\/test-2.jpg","type":"image\/jpeg"}],"twitter_card":"summary_large_image","twitter_misc":{"Gesch\u00e4tzte Lesezeit":"1\u00a0Minute"},"schema":{"@context":"https:\/\/schema.org","@graph":[{"@type":"WebPage","@id":"https:\/\/www.campingbonport.com\/de\/camping-camargue-leistungen\/","url":"https:\/\/www.campingbonport.com\/de\/camping-camargue-leistungen\/","name":"Entdecken Sie die Dienstleistungen des Campingplatzes Bon Port - \u1403 BON PORT ****","isPartOf":{"@id":"https:\/\/www.campingbonport.com\/de\/#website"},"primaryImageOfPage":{"@id":"https:\/\/www.campingbonport.com\/de\/camping-camargue-leistungen\/#primaryimage"},"image":{"@id":"https:\/\/www.campingbonport.com\/de\/camping-camargue-leistungen\/#primaryimage"},"thumbnailUrl":"https:\/\/www.campingbonport.com\/wp-content\/uploads\/2024\/10\/test-2.jpg","datePublished":"2021-11-26T14:14:04+00:00","dateModified":"2026-01-15T09:39:57+00:00","description":"Der Campingplatz Bon Port bietet Ihnen verschiedene Dienstleistungen, um einen komfortablen Urlaub zu verbringen.","breadcrumb":{"@id":"https:\/\/www.campingbonport.com\/de\/camping-camargue-leistungen\/#breadcrumb"},"inLanguage":"de","potentialAction":[{"@type":"ReadAction","target":["https:\/\/www.campingbonport.com\/de\/camping-camargue-leistungen\/"]}]},{"@type":"ImageObject","inLanguage":"de","@id":"https:\/\/www.campingbonport.com\/de\/camping-camargue-leistungen\/#primaryimage","url":"https:\/\/www.campingbonport.com\/wp-content\/uploads\/2024\/10\/test-2.jpg","contentUrl":"https:\/\/www.campingbonport.com\/wp-content\/uploads\/2024\/10\/test-2.jpg","width":2160,"height":1440},{"@type":"BreadcrumbList","@id":"https:\/\/www.campingbonport.com\/de\/camping-camargue-leistungen\/#breadcrumb","itemListElement":[{"@type":"ListItem","position":1,"name":"Camping Camargue","item":"https:\/\/www.campingbonport.com\/de\/"},{"@type":"ListItem","position":2,"name":"Gastronomie in Lunel"}]},{"@type":"WebSite","@id":"https:\/\/www.campingbonport.com\/de\/#website","url":"https:\/\/www.campingbonport.com\/de\/","name":"Camping Bon Port","description":"","publisher":{"@id":"https:\/\/www.campingbonport.com\/de\/#organization"},"potentialAction":[{"@type":"SearchAction","target":{"@type":"EntryPoint","urlTemplate":"https:\/\/www.campingbonport.com\/de\/?s={search_term_string}"},"query-input":{"@type":"PropertyValueSpecification","valueRequired":true,"valueName":"search_term_string"}}],"inLanguage":"de"},{"@type":"Organization","@id":"https:\/\/www.campingbonport.com\/de\/#organization","name":"Camping Bon Port","url":"https:\/\/www.campingbonport.com\/de\/","logo":{"@type":"ImageObject","inLanguage":"de","@id":"https:\/\/www.campingbonport.com\/de\/#\/schema\/logo\/image\/","url":"https:\/\/www.campingbonport.com\/wp-content\/uploads\/2021\/11\/logo-bon-port.jpg","contentUrl":"https:\/\/www.campingbonport.com\/wp-content\/uploads\/2021\/11\/logo-bon-port.jpg","width":736,"height":917,"caption":"Camping Bon Port"},"image":{"@id":"https:\/\/www.campingbonport.com\/de\/#\/schema\/logo\/image\/"}}]}},"_links":{"self":[{"href":"https:\/\/www.campingbonport.com\/de\/wp-json\/wp\/v2\/pages\/4574","targetHints":{"allow":["GET"]}}],"collection":[{"href":"https:\/\/www.campingbonport.com\/de\/wp-json\/wp\/v2\/pages"}],"about":[{"href":"https:\/\/www.campingbonport.com\/de\/wp-json\/wp\/v2\/types\/page"}],"author":[{"embeddable":true,"href":"https:\/\/www.campingbonport.com\/de\/wp-json\/wp\/v2\/users\/1"}],"replies":[{"embeddable":true,"href":"https:\/\/www.campingbonport.com\/de\/wp-json\/wp\/v2\/comments?post=4574"}],"version-history":[{"count":47,"href":"https:\/\/www.campingbonport.com\/de\/wp-json\/wp\/v2\/pages\/4574\/revisions"}],"predecessor-version":[{"id":13183,"href":"https:\/\/www.campingbonport.com\/de\/wp-json\/wp\/v2\/pages\/4574\/revisions\/13183"}],"wp:featuredmedia":[{"embeddable":true,"href":"https:\/\/www.campingbonport.com\/de\/wp-json\/wp\/v2\/media\/9509"}],"wp:attachment":[{"href":"https:\/\/www.campingbonport.com\/de\/wp-json\/wp\/v2\/media?parent=4574"}],"curies":[{"name":"wp","href":"https:\/\/api.w.org\/{rel}","templated":true}]}}