{"id":4286,"date":"2021-11-26T15:14:55","date_gmt":"2021-11-26T14:14:55","guid":{"rendered":"https:\/\/www.campingbonport.com\/camping-herault-infos-contact\/"},"modified":"2022-03-07T09:57:22","modified_gmt":"2022-03-07T08:57:22","slug":"campingplatz-herault-infos-kontakt","status":"publish","type":"page","link":"https:\/\/www.campingbonport.com\/de\/campingplatz-herault-infos-kontakt\/","title":{"rendered":"Infos &#038; Kontakt"},"content":{"rendered":"<section id=\"section-61d2d078bf550\" class=\"section bg-white\" ><div class=\"container\"><h1 class=\"element section-title center\">Kontakt und Zugang<\/h1><\/div><\/section>\n\n<section id=\"section-61d2d078bf660\" class=\"section bg-white\" ><div class=\"container extralarge\"><div class=\"colonnes-wrap valign-top \"><div class=\"element colonne \"><h2 class=\"element section-title justify m-b-6 \">Kontakt<\/h2><div class=\"element bloc-text justify \">\n\t<p>Haben Sie eine Frage an uns oder ben\u00f6tigen Sie einen Kostenvoranschlag? Sie erreichen uns telefonisch unter 04 67 71 15 65, per E-Mail an contact@campingbonport.com, \u00fcber den Chatbot auf unserer Website oder direkt \u00fcber das folgende Kontaktformular.<\/p>\n<p>M\u00f6chten Sie eine Reservierung vornehmen? Wir laden Sie ein, die Buchung direkt \u00fcber unser <a href=\"https:\/\/bookingpremium.secureholiday.net\/fr\/2791\/\" rel=\"noopener\" target=\"_blank\">Buchungsplattform<\/a>.<br \/>\nSie k\u00f6nnen auch das <a href=\"\/wp-content\/uploads\/2022\/01\/contrat-de-reservation.pdf\" rel=\"noopener\" target=\"_blank\">Reservierungsvertrag<\/a> und schicken Sie es uns per Post an Camping Bon Port, 383 chemin du mas Saint Ange, 34400 Lunel.<\/p>\n<\/div><\/div><div class=\"element colonne \"><div class=\"formulaire-de-contact\">\n<div class=\"wpcf7 no-js\" id=\"wpcf7-f5904-o1\" lang=\"fr-FR\" dir=\"ltr\" data-wpcf7-id=\"5904\">\n<div class=\"screen-reader-response\"><p role=\"status\" aria-live=\"polite\" aria-atomic=\"true\"><\/p> <ul><\/ul><\/div>\n<form action=\"\/de\/wp-json\/wp\/v2\/pages\/4286#wpcf7-f5904-o1\" method=\"post\" class=\"wpcf7-form init\" aria-label=\"Formulaire de contact\" novalidate=\"novalidate\" data-status=\"init\">\n<fieldset class=\"hidden-fields-container\"><input type=\"hidden\" name=\"_wpcf7\" value=\"5904\" \/><input type=\"hidden\" name=\"_wpcf7_version\" value=\"6.1\" \/><input type=\"hidden\" name=\"_wpcf7_locale\" value=\"fr_FR\" \/><input type=\"hidden\" name=\"_wpcf7_unit_tag\" value=\"wpcf7-f5904-o1\" \/><input type=\"hidden\" name=\"_wpcf7_container_post\" value=\"0\" \/><input type=\"hidden\" name=\"_wpcf7_posted_data_hash\" value=\"\" \/><input type=\"hidden\" name=\"_wpcf7_recaptcha_response\" value=\"\" \/>\n<\/fieldset>\n<p><span class=\"wpcf7-form-control-wrap\" data-name=\"your-name\"><input size=\"40\" maxlength=\"400\" class=\"wpcf7-form-control wpcf7-text wpcf7-validates-as-required\" aria-required=\"true\" aria-invalid=\"false\" placeholder=\"Ihr Name...\" value=\"\" type=\"text\" name=\"your-name\" \/><\/span><span class=\"wpcf7-form-control-wrap\" data-name=\"your-email\"><input size=\"40\" maxlength=\"400\" class=\"wpcf7-form-control wpcf7-email wpcf7-validates-as-required wpcf7-text wpcf7-validates-as-email\" aria-required=\"true\" aria-invalid=\"false\" placeholder=\"Deine E-Mail ...\" value=\"\" type=\"email\" name=\"your-email\" \/><\/span><span class=\"wpcf7-form-control-wrap\" data-name=\"your-subject\"><input size=\"40\" maxlength=\"400\" class=\"wpcf7-form-control wpcf7-text\" aria-invalid=\"false\" placeholder=\"Thema ...\" value=\"\" type=\"text\" name=\"your-subject\" \/><\/span><span class=\"wpcf7-form-control-wrap\" data-name=\"your-message\"><textarea cols=\"40\" rows=\"10\" maxlength=\"2000\" class=\"wpcf7-form-control wpcf7-textarea\" aria-invalid=\"false\" placeholder=\"Ihre Nachricht ...\" name=\"your-message\"><\/textarea><\/span><span class=\"wpcf7-form-control-wrap\" data-name=\"acceptance-553\"><span class=\"wpcf7-form-control wpcf7-acceptance\"><span class=\"wpcf7-list-item\"><label><input type=\"checkbox\" name=\"acceptance-553\" value=\"1\" aria-invalid=\"false\" \/><span class=\"wpcf7-list-item-label\">Indem ich dieses K\u00e4stchen ankreuze, stimme ich der <a href=\"\" rel=\"nofollow\" target=\"_blank\">Datenschutzrichtlinie<\/a> de ce site.<\/span><\/label><\/span><\/span><\/span>\n<input class=\"wpcf7-form-control wpcf7-submit has-spinner\" type=\"submit\" value=\"Senden Sie\" \/>\n<\/p><div class=\"wpcf7-response-output\" aria-hidden=\"true\"><\/div>\n<\/form>\n<\/div>\n<\/div><\/div><\/div><\/div><\/section>\n\n<section id=\"section-61d2d078bf751\" class=\"section bg-white\" ><div class=\"container full\"><div class=\"colonnes-wrap valign-middle \"><div class=\"element colonne \"><div class=\"carte\" data-src=\"https:\/\/www.google.com\/maps\/embed?pb=!1m18!1m12!1m3!1d2886.617878013203!2d4.139895515819206!3d43.656117979121184!2m3!1f0!2f0!3f0!3m2!1i1024!2i768!4f13.1!3m3!1m2!1s0x12b69ea3274c3421%3A0x1ca557958a7676ae!2s383%20Chem.%20du%20Mas%20de%20Saint-Ange%2C%2034400%20Lunel!5e0!3m2!1sfr!2sfr!4v1641205825859!5m2!1sfr!2sfr\"><\/div><\/div><div class=\"element colonne \"><h2 class=\"element section-title justify m-b-6\">Zugangskarte<\/h2><div class=\"element bloc-text justify \">\n\t<p>Die <strong class=\"bold color1\">Campingplatz Bon Port****<\/strong> befindet sich in Lunel, an der Route de la mer Richtung La Grande Motte.<\/p>\n<p>Sie m\u00fcssen die Autobahn A9 verlassen, die Ausfahrt Lunel nehmen und dann Richtung La Grande Motte\/ Route de la mer fahren.<br \/>\nDer n\u00e4chstgelegene SNCF-Bahnhof ist der von Lunel, etwa 5 km vom Campingplatz entfernt.<br \/>\nDie n\u00e4chstgelegenen Flugh\u00e4fen sind Montpellier M\u00e9diterran\u00e9e (26 km) und N\u00eemes Al\u00e8s Camargue C\u00e9vennes (39 km).<\/p>\n<p>Achtung! <strong class=\"bold color1\">der Campingplatz ist nur mit dem Auto erreichbar<\/strong> (ou en v\u00e9lo). Er wird nicht von Pendelbussen angefahren. Wir empfehlen Ihnen daher dringend, mit dem Auto anzureisen oder eine Autovermietung zu planen, damit Sie <strong class=\"bold color1\">die Umgebung in vollen Z\u00fcgen genie\u00dfen<\/strong>.<\/p>\n<p>Bei Bedarf steht Ihnen auch ein Taxiservice zur Verf\u00fcgung: Lunel Taxi, erreichbar unter 06 71 93 58 29 oder Taxi Lunel, erreichbar unter 06 43 92 40 67.<\/p>\n<\/div><\/div><\/div><\/div><\/section>\n\n<section id=\"section-61d83df79e4a8\" class=\"section m-b-10 bg-white p-t-0\" ><div class=\"container extralarge\"><a href=\"\/de\/faq-campingplatz-bon-port\/\" title=\"FAQs Campingplatz Bon Port\" class=\"element bouton center\" ><span>FAQs Campingplatz Bon Port<\/span><\/a><\/div><\/section>","protected":false},"excerpt":{"rendered":"","protected":false},"author":1,"featured_media":4288,"parent":0,"menu_order":0,"comment_status":"closed","ping_status":"closed","template":"","meta":{"_acf_changed":false,"footnotes":""},"class_list":["post-4286","page","type-page","status-publish","has-post-thumbnail","hentry"],"acf":[],"yoast_head":"<!-- This site is optimized with the Yoast SEO plugin v25.3.1 - https:\/\/yoast.com\/wordpress\/plugins\/seo\/ -->\n<title>Berechnen Sie Ihre Route zum Campingplatz - \u1403 BON PORT ****<\/title>\n<meta name=\"description\" content=\"Sehen Sie sich die Karte und die verschiedenen Routen zum Campingplatz Bon Port an ****\" \/>\n<meta name=\"robots\" content=\"index, follow, max-snippet:-1, max-image-preview:large, max-video-preview:-1\" \/>\n<link rel=\"canonical\" href=\"https:\/\/www.campingbonport.com\/de\/campingplatz-herault-infos-kontakt\/\" \/>\n<meta property=\"og:locale\" content=\"de_DE\" \/>\n<meta property=\"og:type\" content=\"article\" \/>\n<meta property=\"og:title\" content=\"Berechnen Sie Ihre Route zum Campingplatz - \u1403 BON PORT ****\" \/>\n<meta property=\"og:description\" content=\"Sehen Sie sich die Karte und die verschiedenen Routen zum Campingplatz Bon Port an ****\" \/>\n<meta property=\"og:url\" content=\"https:\/\/www.campingbonport.com\/de\/campingplatz-herault-infos-kontakt\/\" \/>\n<meta property=\"og:site_name\" content=\"Camping Bon Port\" \/>\n<meta property=\"article:modified_time\" content=\"2022-03-07T08:57:22+00:00\" \/>\n<meta property=\"og:image\" content=\"https:\/\/www.campingbonport.com\/wp-content\/uploads\/2022\/01\/entete-info-contact.jpg\" \/>\n\t<meta property=\"og:image:width\" content=\"1900\" \/>\n\t<meta property=\"og:image:height\" content=\"900\" \/>\n\t<meta property=\"og:image:type\" content=\"image\/jpeg\" \/>\n<meta name=\"twitter:card\" content=\"summary_large_image\" \/>\n<script type=\"application\/ld+json\" class=\"yoast-schema-graph\">{\"@context\":\"https:\/\/schema.org\",\"@graph\":[{\"@type\":\"WebPage\",\"@id\":\"https:\/\/www.campingbonport.com\/de\/campingplatz-herault-infos-kontakt\/\",\"url\":\"https:\/\/www.campingbonport.com\/de\/campingplatz-herault-infos-kontakt\/\",\"name\":\"Berechnen Sie Ihre Route zum Campingplatz - \u1403 BON PORT ****\",\"isPartOf\":{\"@id\":\"https:\/\/www.campingbonport.com\/de\/#website\"},\"primaryImageOfPage\":{\"@id\":\"https:\/\/www.campingbonport.com\/de\/campingplatz-herault-infos-kontakt\/#primaryimage\"},\"image\":{\"@id\":\"https:\/\/www.campingbonport.com\/de\/campingplatz-herault-infos-kontakt\/#primaryimage\"},\"thumbnailUrl\":\"https:\/\/www.campingbonport.com\/wp-content\/uploads\/2022\/01\/entete-info-contact.jpg\",\"datePublished\":\"2021-11-26T14:14:55+00:00\",\"dateModified\":\"2022-03-07T08:57:22+00:00\",\"description\":\"Sehen Sie sich die Karte und die verschiedenen Routen zum Campingplatz Bon Port an ****\",\"breadcrumb\":{\"@id\":\"https:\/\/www.campingbonport.com\/de\/campingplatz-herault-infos-kontakt\/#breadcrumb\"},\"inLanguage\":\"de\",\"potentialAction\":[{\"@type\":\"ReadAction\",\"target\":[\"https:\/\/www.campingbonport.com\/de\/campingplatz-herault-infos-kontakt\/\"]}]},{\"@type\":\"ImageObject\",\"inLanguage\":\"de\",\"@id\":\"https:\/\/www.campingbonport.com\/de\/campingplatz-herault-infos-kontakt\/#primaryimage\",\"url\":\"https:\/\/www.campingbonport.com\/wp-content\/uploads\/2022\/01\/entete-info-contact.jpg\",\"contentUrl\":\"https:\/\/www.campingbonport.com\/wp-content\/uploads\/2022\/01\/entete-info-contact.jpg\",\"width\":1900,\"height\":900,\"caption\":\"entete info contact\"},{\"@type\":\"BreadcrumbList\",\"@id\":\"https:\/\/www.campingbonport.com\/de\/campingplatz-herault-infos-kontakt\/#breadcrumb\",\"itemListElement\":[{\"@type\":\"ListItem\",\"position\":1,\"name\":\"Camping Camargue\",\"item\":\"https:\/\/www.campingbonport.com\/de\/\"},{\"@type\":\"ListItem\",\"position\":2,\"name\":\"Infos &#038; Kontakt\"}]},{\"@type\":\"WebSite\",\"@id\":\"https:\/\/www.campingbonport.com\/de\/#website\",\"url\":\"https:\/\/www.campingbonport.com\/de\/\",\"name\":\"Camping Bon Port\",\"description\":\"\",\"publisher\":{\"@id\":\"https:\/\/www.campingbonport.com\/de\/#organization\"},\"potentialAction\":[{\"@type\":\"SearchAction\",\"target\":{\"@type\":\"EntryPoint\",\"urlTemplate\":\"https:\/\/www.campingbonport.com\/de\/?s={search_term_string}\"},\"query-input\":{\"@type\":\"PropertyValueSpecification\",\"valueRequired\":true,\"valueName\":\"search_term_string\"}}],\"inLanguage\":\"de\"},{\"@type\":\"Organization\",\"@id\":\"https:\/\/www.campingbonport.com\/de\/#organization\",\"name\":\"Camping Bon Port\",\"url\":\"https:\/\/www.campingbonport.com\/de\/\",\"logo\":{\"@type\":\"ImageObject\",\"inLanguage\":\"de\",\"@id\":\"https:\/\/www.campingbonport.com\/de\/#\/schema\/logo\/image\/\",\"url\":\"https:\/\/www.campingbonport.com\/wp-content\/uploads\/2021\/11\/logo-bon-port.jpg\",\"contentUrl\":\"https:\/\/www.campingbonport.com\/wp-content\/uploads\/2021\/11\/logo-bon-port.jpg\",\"width\":736,\"height\":917,\"caption\":\"Camping Bon Port\"},\"image\":{\"@id\":\"https:\/\/www.campingbonport.com\/de\/#\/schema\/logo\/image\/\"}}]}<\/script>\n<!-- \/ Yoast SEO plugin. -->","yoast_head_json":{"title":"Berechnen Sie Ihre Route zum Campingplatz - \u1403 BON PORT ****","description":"Sehen Sie sich die Karte und die verschiedenen Routen zum Campingplatz Bon Port an ****","robots":{"index":"index","follow":"follow","max-snippet":"max-snippet:-1","max-image-preview":"max-image-preview:large","max-video-preview":"max-video-preview:-1"},"canonical":"https:\/\/www.campingbonport.com\/de\/campingplatz-herault-infos-kontakt\/","og_locale":"de_DE","og_type":"article","og_title":"Berechnen Sie Ihre Route zum Campingplatz - \u1403 BON PORT ****","og_description":"Sehen Sie sich die Karte und die verschiedenen Routen zum Campingplatz Bon Port an ****","og_url":"https:\/\/www.campingbonport.com\/de\/campingplatz-herault-infos-kontakt\/","og_site_name":"Camping Bon Port","article_modified_time":"2022-03-07T08:57:22+00:00","og_image":[{"width":1900,"height":900,"url":"https:\/\/www.campingbonport.com\/wp-content\/uploads\/2022\/01\/entete-info-contact.jpg","type":"image\/jpeg"}],"twitter_card":"summary_large_image","schema":{"@context":"https:\/\/schema.org","@graph":[{"@type":"WebPage","@id":"https:\/\/www.campingbonport.com\/de\/campingplatz-herault-infos-kontakt\/","url":"https:\/\/www.campingbonport.com\/de\/campingplatz-herault-infos-kontakt\/","name":"Berechnen Sie Ihre Route zum Campingplatz - \u1403 BON PORT ****","isPartOf":{"@id":"https:\/\/www.campingbonport.com\/de\/#website"},"primaryImageOfPage":{"@id":"https:\/\/www.campingbonport.com\/de\/campingplatz-herault-infos-kontakt\/#primaryimage"},"image":{"@id":"https:\/\/www.campingbonport.com\/de\/campingplatz-herault-infos-kontakt\/#primaryimage"},"thumbnailUrl":"https:\/\/www.campingbonport.com\/wp-content\/uploads\/2022\/01\/entete-info-contact.jpg","datePublished":"2021-11-26T14:14:55+00:00","dateModified":"2022-03-07T08:57:22+00:00","description":"Sehen Sie sich die Karte und die verschiedenen Routen zum Campingplatz Bon Port an ****","breadcrumb":{"@id":"https:\/\/www.campingbonport.com\/de\/campingplatz-herault-infos-kontakt\/#breadcrumb"},"inLanguage":"de","potentialAction":[{"@type":"ReadAction","target":["https:\/\/www.campingbonport.com\/de\/campingplatz-herault-infos-kontakt\/"]}]},{"@type":"ImageObject","inLanguage":"de","@id":"https:\/\/www.campingbonport.com\/de\/campingplatz-herault-infos-kontakt\/#primaryimage","url":"https:\/\/www.campingbonport.com\/wp-content\/uploads\/2022\/01\/entete-info-contact.jpg","contentUrl":"https:\/\/www.campingbonport.com\/wp-content\/uploads\/2022\/01\/entete-info-contact.jpg","width":1900,"height":900,"caption":"entete info contact"},{"@type":"BreadcrumbList","@id":"https:\/\/www.campingbonport.com\/de\/campingplatz-herault-infos-kontakt\/#breadcrumb","itemListElement":[{"@type":"ListItem","position":1,"name":"Camping Camargue","item":"https:\/\/www.campingbonport.com\/de\/"},{"@type":"ListItem","position":2,"name":"Infos &#038; Kontakt"}]},{"@type":"WebSite","@id":"https:\/\/www.campingbonport.com\/de\/#website","url":"https:\/\/www.campingbonport.com\/de\/","name":"Camping Bon Port","description":"","publisher":{"@id":"https:\/\/www.campingbonport.com\/de\/#organization"},"potentialAction":[{"@type":"SearchAction","target":{"@type":"EntryPoint","urlTemplate":"https:\/\/www.campingbonport.com\/de\/?s={search_term_string}"},"query-input":{"@type":"PropertyValueSpecification","valueRequired":true,"valueName":"search_term_string"}}],"inLanguage":"de"},{"@type":"Organization","@id":"https:\/\/www.campingbonport.com\/de\/#organization","name":"Camping Bon Port","url":"https:\/\/www.campingbonport.com\/de\/","logo":{"@type":"ImageObject","inLanguage":"de","@id":"https:\/\/www.campingbonport.com\/de\/#\/schema\/logo\/image\/","url":"https:\/\/www.campingbonport.com\/wp-content\/uploads\/2021\/11\/logo-bon-port.jpg","contentUrl":"https:\/\/www.campingbonport.com\/wp-content\/uploads\/2021\/11\/logo-bon-port.jpg","width":736,"height":917,"caption":"Camping Bon Port"},"image":{"@id":"https:\/\/www.campingbonport.com\/de\/#\/schema\/logo\/image\/"}}]}},"_links":{"self":[{"href":"https:\/\/www.campingbonport.com\/de\/wp-json\/wp\/v2\/pages\/4286","targetHints":{"allow":["GET"]}}],"collection":[{"href":"https:\/\/www.campingbonport.com\/de\/wp-json\/wp\/v2\/pages"}],"about":[{"href":"https:\/\/www.campingbonport.com\/de\/wp-json\/wp\/v2\/types\/page"}],"author":[{"embeddable":true,"href":"https:\/\/www.campingbonport.com\/de\/wp-json\/wp\/v2\/users\/1"}],"replies":[{"embeddable":true,"href":"https:\/\/www.campingbonport.com\/de\/wp-json\/wp\/v2\/comments?post=4286"}],"version-history":[{"count":10,"href":"https:\/\/www.campingbonport.com\/de\/wp-json\/wp\/v2\/pages\/4286\/revisions"}],"predecessor-version":[{"id":6071,"href":"https:\/\/www.campingbonport.com\/de\/wp-json\/wp\/v2\/pages\/4286\/revisions\/6071"}],"wp:featuredmedia":[{"embeddable":true,"href":"https:\/\/www.campingbonport.com\/de\/wp-json\/wp\/v2\/media\/4288"}],"wp:attachment":[{"href":"https:\/\/www.campingbonport.com\/de\/wp-json\/wp\/v2\/media?parent=4286"}],"curies":[{"name":"wp","href":"https:\/\/api.w.org\/{rel}","templated":true}]}}